{"id":10446,"date":"2021-04-30T15:01:27","date_gmt":"2021-04-30T13:01:27","guid":{"rendered":"https:\/\/madelinefashion.pl\/?post_type=product&#038;p=10446"},"modified":"2026-01-20T10:34:31","modified_gmt":"2026-01-20T09:34:31","slug":"top-koronkowy-kaya-bezowy","status":"publish","type":"product","link":"https:\/\/madelinefashion.pl\/sk\/top-koronkowy-kaya-bezowy\/","title":{"rendered":"Top Koronkowy Kaya Be\u017cowy"},"content":{"rendered":"<h3 style=\"text-align: center;\">Top Koronkowy Kaya Be\u017cowy<\/h3>\n<p><strong>\u010cipkovan\u00fd top <\/strong>w kolorze Be\u017cowym <strong>,\u00a0<\/strong>toto <strong>nezvy\u010dajn\u00fd model<\/strong>kde sa budete ve\u013emi c\u00edti\u0165 <strong>\u017eensk\u00fd<\/strong>. Vyzer\u00e1 skvele s na\u0161imi modelmi\u00a0 <a href=\"https:\/\/madelinefashion.pl\/sk\/spodnie\/\">nohavice<\/a> s vysok\u00fdm p\u00e1som a \u0161ortkami. Cel\u00e1 bl\u00fazka je u\u0161it\u00e1 z kvalitnej svetlej \u010dipky, navy\u0161e m\u00e1 bl\u00fazka v\u00fdstuhy na prsiach. \u010cipkovan\u00e1 bl\u00fazka m\u00e1 vzadu gumi\u010dku a nastavite\u013en\u00e9 \u010dipkovan\u00e9 ramienka, v\u010faka ktor\u00fdm perfektne sadne na postavu. Subt\u00edlny model prepracovan\u00fd do ka\u017ed\u00e9ho detailu. Kr\u00e1sne zdoben\u00e9 s vysokou kvalitou <strong>guipure<\/strong>. \u010cipkovan\u00fd top <em>\u00a0<\/em>vyzer\u00e1 skvele s\u00a0<a href=\"https:\/\/madelinefashion.pl\/sk\/spodnie\/\">\u0161ortky<\/a>,\u00a0<a href=\"https:\/\/madelinefashion.pl\/sk\/spodnie\/\">d\u017e\u00ednsy<\/a> alebo suk\u0148a - modely, ktor\u00e9 n\u00e1jdete aj u n\u00e1s. Top ide\u00e1lny pre \u017eeny vo ve\u013ekosti <strong>\u00a0XS SM L.<\/strong><\/p>\n<h2 style=\"text-align: center;\">\u00a0 \u00a0 \u00a0Rozmery:<\/h2>\n<ul style=\"text-align: center;\">\n<li>celkov\u00e1 d\u013a\u017eka: 42 cm<\/li>\n<li>\u0161\u00edrka od pazuchy po pazuchu: 36-45 cm<\/li>\n<li><\/li>\n<li><\/li>\n<\/ul>\n<p style=\"text-align: center;\">Rozmery sa m\u00f4\u017eu mierne l\u00ed\u0161i\u0165 od uveden\u00fdch +\/- 2cm. V\u0161etky uveden\u00e9 rozmery s\u00fa meran\u00e9 plo\u0161ne. rozmer x2<\/p>\n<table>\n<tbody>\n<tr>\n<td width=\"302\">Meno modela<\/td>\n<td width=\"302\">\u010cipkovan\u00fd top Kaya<\/td>\n<\/tr>\n<tr>\n<td width=\"302\">Farba<\/td>\n<td width=\"302\">B\u00e9\u017eov\u00e1<\/td>\n<\/tr>\n<tr>\n<td width=\"302\">ve\u013ekosti<\/td>\n<td width=\"302\">Univerz\u00e1lny<\/td>\n<\/tr>\n<tr>\n<td width=\"302\">M\u00f3da<\/td>\n<td width=\"302\">Na mieru<\/td>\n<\/tr>\n<tr>\n<td width=\"302\">Materi\u00e1l<\/td>\n<td width=\"302\">100 % Polyester<\/td>\n<\/tr>\n<\/tbody>\n<\/table>\n<p>&nbsp;<\/p>\n<p>&nbsp;<\/p>\n<p style=\"text-align: center;\">Model m\u00e1\u00a0<strong>165<\/strong>\u00a0cm vysok\u00fd, nos\u00ed ho ka\u017ed\u00fd de\u0148\u00a0<strong>ve\u013ekos\u0165 S<\/strong><\/p>\n<p style=\"text-align: center;\">","protected":false},"excerpt":{"rendered":"<p>Top Koronkowy Kaya Be\u017cowy Top koronkowy w kolorze Be\u017cowym ,\u00a0to niezwyk\u0142y model, w kt\u00f3rym poczujesz si\u0119 bardzo kobieco. \u015awietnie prezentuje si\u0119 z naszymi modelami\u00a0 spodni z wysokim stanem oraz z szortami. Ca\u0142o\u015b\u0107 bluzki wykonana jest z wysokiej jako\u015bci lekkiej koronki, dodatkowo bluzeczka posiada usztywnienia na biust. Bluzka koronkowa posiada gumk\u0119 na plecach oraz regulowane rami\u0105czka<\/p>\n<div class=\"klb-readmore post-buttons\"><a class=\"button black outline size-sm\" href=\"https:\/\/madelinefashion.pl\/sk\/top-koronkowy-kaya-bezowy\/\">\u010c\u00edta\u0165 \u010falej <i class=\"klbth-icon-right-arrow\"><\/i><\/a><\/div>","protected":false},"featured_media":0,"template":"","meta":[],"product_brand":[],"product_cat":[77,395],"product_tag":[292],"class_list":{"0":"post-10446","1":"product","2":"type-product","3":"status-publish","5":"product_cat-bluzki","6":"product_cat-nowosci","7":"product_tag-topy","9":"first","10":"outofstock","11":"sale","12":"purchasable","13":"product-type-simple"},"_links":{"self":[{"href":"https:\/\/madelinefashion.pl\/sk\/wp-json\/wp\/v2\/product\/10446","targetHints":{"allow":["GET"]}}],"collection":[{"href":"https:\/\/madelinefashion.pl\/sk\/wp-json\/wp\/v2\/product"}],"about":[{"href":"https:\/\/madelinefashion.pl\/sk\/wp-json\/wp\/v2\/types\/product"}],"wp:attachment":[{"href":"https:\/\/madelinefashion.pl\/sk\/wp-json\/wp\/v2\/media?parent=10446"}],"wp:term":[{"taxonomy":"product_brand","embeddable":true,"href":"https:\/\/madelinefashion.pl\/sk\/wp-json\/wp\/v2\/product_brand?post=10446"},{"taxonomy":"product_cat","embeddable":true,"href":"https:\/\/madelinefashion.pl\/sk\/wp-json\/wp\/v2\/product_cat?post=10446"},{"taxonomy":"product_tag","embeddable":true,"href":"https:\/\/madelinefashion.pl\/sk\/wp-json\/wp\/v2\/product_tag?post=10446"}],"curies":[{"name":"pracovn\u00fd list","href":"https:\/\/api.w.org\/{rel}","templated":true}]}}