{"id":10515,"date":"2021-05-01T12:49:47","date_gmt":"2021-05-01T10:49:47","guid":{"rendered":"https:\/\/madelinefashion.pl\/?post_type=product&#038;p=10515"},"modified":"2026-03-26T12:40:37","modified_gmt":"2026-03-26T11:40:37","slug":"bluzka-szyfonowa-celine-khaki","status":"publish","type":"product","link":"https:\/\/madelinefashion.pl\/sk\/bluzka-szyfonowa-celine-khaki\/","title":{"rendered":"\u0160if\u00f3nov\u00e1 bl\u00fazka Celine Khaki"},"content":{"rendered":"<h3 style=\"text-align: center;\">\u0160if\u00f3nov\u00e1 bl\u00fazka Celine Khaki<\/h3>\n<p style=\"text-align: center;\"><strong>\u0160if\u00f3nov\u00e1 bl\u00fazka<\/strong> Celine Khaki je univerz\u00e1lny model, ktor\u00fd vyu\u017eijete v mnoh\u00fdch \u0161tyliz\u00e1ci\u00e1ch. Model s vol\u00e1nmi na ramen\u00e1ch. Bl\u00fazka z \u013eahk\u00e9ho vzdu\u0161n\u00e9ho materi\u00e1lu ako stvoren\u00e1 na jarn\u00e9 a letn\u00e9 dni. V kombin\u00e1cii s na\u0161imi ramones ho vyu\u017eijete aj v jesenn\u00fdch \u0161tyliz\u00e1ci\u00e1ch. Jedna ve\u013ekos\u0165 sadne v\u0161etk\u00fdm odpor\u00fa\u010dan\u00fdm od <strong>S a\u017e XL<\/strong>. Model je dostupn\u00fd v mnoh\u00fdch farb\u00e1ch.<\/p>\n<h3 style=\"text-align: center;\">\u00a0 \u00a0 \u00a0Rozmery:<\/h3>\n<ul style=\"text-align: center;\">\n<li><span style=\"font-size: 10pt;\">\u00a0\u00a0\u00a0\u00a0\u00a0\u00a0\u00a0 celkov\u00e1 predn\u00e1 d\u013a\u017eka: 63 cm<br \/>\n<\/span><\/li>\n<li>celkov\u00e1 d\u013a\u017eka chrbta: 67 cm<\/li>\n<li><span style=\"font-size: 10pt;\">\u00a0\u00a0\u00a0\u00a0\u00a0\u00a0\u00a0 \u0161\u00edrka od pazuchy po pazuchu: 48 cm -53 cm<\/span><\/li>\n<li><span style=\"font-size: 10pt;\">\u00a0 \u00a0 \u00a0 \u00a0 odpor\u00fa\u010dan\u00fd maxim\u00e1lny obvod poprsia: 106 cm<\/span><\/li>\n<\/ul>\n<p style=\"text-align: center;\"><span style=\"font-size: 10pt;\">Rozmery sa m\u00f4\u017eu mierne l\u00ed\u0161i\u0165 od uveden\u00fdch +\/- 2cm. V\u0161etky uveden\u00e9 rozmery s\u00fa meran\u00e9 plo\u0161ne.<\/span><\/p>\n<p style=\"text-align: center;\"><span style=\"font-size: 10pt;\">\u00a0<\/span><\/p>\n<p style=\"text-align: center;\"><span style=\"font-size: 10pt;\">\u00a0<\/span><\/p>\n<table>\n<tbody>\n<tr>\n<td width=\"302\">Meno modela<\/td>\n<td width=\"302\">\u0160if\u00f3nov\u00e1 bl\u00fazka Celine<\/td>\n<\/tr>\n<tr>\n<td width=\"302\">Farba<\/td>\n<td width=\"302\">kaki<\/td>\n<\/tr>\n<tr>\n<td width=\"302\">ve\u013ekosti<\/td>\n<td width=\"302\">Univerz\u00e1lny<\/td>\n<\/tr>\n<tr>\n<td width=\"302\">M\u00f3da<\/td>\n<td width=\"302\">nadrozmern\u00e9<\/td>\n<\/tr>\n<tr>\n<td width=\"302\">Materi\u00e1l<\/td>\n<td width=\"302\">95 % Polyester 5lastan<\/td>\n<\/tr>\n<\/tbody>\n<\/table>\n<p style=\"text-align: center;\"><span style=\"font-size: 10pt;\">\u00a0<\/span><\/p>\n<p style=\"text-align: center;\">Model m\u00e1\u00a0<strong>165<\/strong>\u00a0cm vysok\u00fd, nos\u00ed ho ka\u017ed\u00fd de\u0148\u00a0<strong>ve\u013ekos\u0165 S<\/strong><\/p>\n<p style=\"text-align: center;\"><span style=\"font-size: 10pt;\">\u00a0<\/span><\/p>","protected":false},"excerpt":{"rendered":"<p>Bluzka Szyfonowa Celine Khaki Bluzka Szyfonowa Celine Khaki to uniwersalny model, kt\u00f3ry wykorzystasz w wielu stylizacjach. Model z falbankami przy ramionach. Bluzka wykonana z lekkiego przewiewnego materia\u0142u idealna na wiosenne i letnie dni. W po\u0142\u0105czniu\u00a0 z naszymi ramoneskami mo\u017cesz j\u0105 r\u00f3wnie\u017c wykorzysta\u0107 j\u0105 w jesiennych stylizacjach. Rozmiar uniwersalny zalecany od S do XL. Model dost\u0119pny<\/p>\n<div class=\"klb-readmore post-buttons\"><a class=\"button black outline size-sm\" href=\"https:\/\/madelinefashion.pl\/sk\/bluzka-szyfonowa-celine-khaki\/\">\u010c\u00edta\u0165 \u010falej <i class=\"klbth-icon-right-arrow\"><\/i><\/a><\/div>","protected":false},"featured_media":10506,"template":"","meta":[],"product_brand":[],"product_cat":[77,380],"product_tag":[],"class_list":{"0":"post-10515","1":"product","2":"type-product","3":"status-publish","4":"has-post-thumbnail","6":"product_cat-bluzki","7":"product_cat-wyprzedaz","9":"first","10":"instock","11":"sale","12":"purchasable","13":"product-type-simple"},"_links":{"self":[{"href":"https:\/\/madelinefashion.pl\/sk\/wp-json\/wp\/v2\/product\/10515","targetHints":{"allow":["GET"]}}],"collection":[{"href":"https:\/\/madelinefashion.pl\/sk\/wp-json\/wp\/v2\/product"}],"about":[{"href":"https:\/\/madelinefashion.pl\/sk\/wp-json\/wp\/v2\/types\/product"}],"wp:featuredmedia":[{"embeddable":true,"href":"https:\/\/madelinefashion.pl\/sk\/wp-json\/wp\/v2\/media\/10506"}],"wp:attachment":[{"href":"https:\/\/madelinefashion.pl\/sk\/wp-json\/wp\/v2\/media?parent=10515"}],"wp:term":[{"taxonomy":"product_brand","embeddable":true,"href":"https:\/\/madelinefashion.pl\/sk\/wp-json\/wp\/v2\/product_brand?post=10515"},{"taxonomy":"product_cat","embeddable":true,"href":"https:\/\/madelinefashion.pl\/sk\/wp-json\/wp\/v2\/product_cat?post=10515"},{"taxonomy":"product_tag","embeddable":true,"href":"https:\/\/madelinefashion.pl\/sk\/wp-json\/wp\/v2\/product_tag?post=10515"}],"curies":[{"name":"pracovn\u00fd list","href":"https:\/\/api.w.org\/{rel}","templated":true}]}}