{"id":1059,"date":"2019-04-17T16:06:35","date_gmt":"2019-04-17T14:06:35","guid":{"rendered":"http:\/\/serwer2078743.home.pl\/?post_type=product&#038;p=1059"},"modified":"2026-03-26T12:40:52","modified_gmt":"2026-03-26T11:40:52","slug":"bluzka-hiszpanka-carolina-szara","status":"publish","type":"product","link":"https:\/\/madelinefashion.pl\/sk\/bluzka-hiszpanka-carolina-szara\/","title":{"rendered":"\u0160panielska bl\u00fazka Carolina Grey"},"content":{"rendered":"<h3 style=\"text-align: center;\">\u0160panielska bl\u00fazka Carolina Grey<\/h3>\n<p><b>Carolina Bl\u00fazka s v\u00fdstrihom na gumi\u010dku. <\/b>Vyroben\u00e9 z \u013eahk\u00e9ho materi\u00e1lu v\u00e1m poskytne pohodlie. Jednoduch\u00fd, univerz\u00e1lny strih m\u00f4\u017eete nosi\u0165 po cel\u00fd rok bez oh\u013eadu na ro\u010dn\u00e9 obdobie. Skombinujte ju s d\u017e\u00ednsovou katanou a voskovan\u00fdmi nohavicami alebo \u0161ortkami. Dostupn\u00e9 v na\u0161ej predajni v r\u00f4znych farb\u00e1ch. Dekolt je zakon\u010den\u00fd \u0161irokou gumou, v\u010faka ktorej je dokonal\u00fd\u00a0<strong>tvar prisp\u00f4sob\u00edte svojmu telu<\/strong>. Ide o model, v ktorom nezostanete bez pov\u0161imnutia. Jedna ve\u013ekos\u0165 sadne v\u0161etk\u00fdm odpor\u00fa\u010dan\u00fdm od\u00a0<strong>S a\u017e XL<\/strong><\/p>\n<h3 style=\"text-align: center;\">Rozmery:<\/h3>\n<ul style=\"text-align: center;\">\n<li><span style=\"font-size: 10pt;\">\u00a0\u00a0\u00a0\u00a0\u00a0\u00a0\u00a0 celkov\u00e1 d\u013a\u017eka: 45 cm\u00a0<\/span><\/li>\n<li><span style=\"font-size: 10pt;\">\u00a0\u00a0\u00a0\u00a0\u00a0\u00a0\u00a0 \u0161\u00edrka od pazuchy po pazuchu: 33 cm -45 cm<\/span><\/li>\n<li><span style=\"font-size: 10pt;\">\u00a0\u00a0\u00a0\u00a0\u00a0\u00a0\u00a0 d\u013a\u017eka ruk\u00e1va od ramena: 51 cm<\/span><\/li>\n<li><span style=\"font-size: 10pt;\">\u00a0\u00a0\u00a0\u00a0\u00a0\u00a0\u00a0 d\u013a\u017eka ruk\u00e1va od podpazu\u0161ia: 34 cm<\/span><\/li>\n<li><span style=\"font-size: 10pt;\">\u00a0\u00a0\u00a0\u00a0\u00a0\u00a0\u00a0 odpor\u00fa\u010dan\u00fd maxim\u00e1lny obvod poprsia: 90 cm<\/span><\/li>\n<\/ul>\n<p style=\"text-align: center;\"><span style=\"font-size: 10pt;\">Rozmery sa m\u00f4\u017eu mierne l\u00ed\u0161i\u0165 od uveden\u00fdch +\/- 2cm. V\u0161etky uveden\u00e9 rozmery s\u00fa meran\u00e9 plo\u0161ne<\/span><\/p>\n<p style=\"text-align: center;\"><span style=\"font-size: 10pt;\">\u00a0<\/span><\/p>\n<p style=\"text-align: center;\"><span style=\"font-size: 10pt;\">\u00a0<\/span><\/p>\n<table>\n<tbody>\n<tr>\n<td width=\"302\">Meno modela<\/td>\n<td width=\"302\">Hisp\u00e1nska Carolina bl\u00fazka<\/td>\n<\/tr>\n<tr>\n<td width=\"302\">Farba<\/td>\n<td width=\"302\">\u0160ed\u00e1<\/td>\n<\/tr>\n<tr>\n<td width=\"302\">ve\u013ekosti<\/td>\n<td width=\"302\">Univerz\u00e1lny<\/td>\n<\/tr>\n<tr>\n<td width=\"302\">M\u00f3da<\/td>\n<td width=\"302\">nadrozmern\u00e9<\/td>\n<\/tr>\n<tr>\n<td width=\"302\">Materi\u00e1l<\/td>\n<td width=\"302\">95 % Polyester 5lastan<\/td>\n<\/tr>\n<\/tbody>\n<\/table>\n<p style=\"text-align: center;\"><span style=\"font-size: 10pt;\">\u00a0<\/span><\/p>\n<p style=\"text-align: center;\">\u00a0Model m\u00e1\u00a0<strong>175<\/strong>\u00a0cm vysok\u00fd, nos\u00ed ve\u013ekos\u0165 ka\u017ed\u00fd de\u0148\u00a0<strong>S<\/strong><\/p>\n<p style=\"text-align: center;\"><span style=\"font-size: 10pt;\">\u00a0<\/span><\/p>\n<p style=\"text-align: center;\"><span style=\"font-size: 10pt;\">\u00a0<\/span><\/p>\n<p style=\"text-align: center;\"><span style=\"font-size: 10pt;\">\u00a0<\/span><\/p>","protected":false},"excerpt":{"rendered":"<p>Bluzka Hiszpanka Carolina Szara Bluzka Hiszpanka Carolina z dekoltem z gumk\u0105. Wykonana z lekkiego materia\u0142u\u00a0 zapewni Ci komfort noszenia. Prosty, uniwersalny kr\u00f3j mo\u017cesz nosi\u0107 przez ca\u0142y rok, niezale\u017cnie od pory roku. Po\u0142\u0105cz go z jeansowi katan\u0105 i woskowanymi spodniami czy szortami. Dost\u0119pna w naszym sklepie w r\u00f3\u017cnych wariantach kolorystycznych. Dekolt zako\u0144czony szerok\u0105 gumk\u0105 dzi\u0119ki kt\u00f3rej<\/p>\n<div class=\"klb-readmore post-buttons\"><a class=\"button black outline size-sm\" href=\"https:\/\/madelinefashion.pl\/sk\/bluzka-hiszpanka-carolina-szara\/\">\u010c\u00edta\u0165 \u010falej <i class=\"klbth-icon-right-arrow\"><\/i><\/a><\/div>","protected":false},"featured_media":7205,"template":"","meta":[],"product_brand":[],"product_cat":[77,380],"product_tag":[478],"class_list":{"0":"post-1059","1":"product","2":"type-product","3":"status-publish","4":"has-post-thumbnail","6":"product_cat-bluzki","7":"product_cat-wyprzedaz","8":"product_tag-bluzki-hiszpanki","10":"first","11":"instock","12":"sale","13":"purchasable","14":"product-type-simple"},"_links":{"self":[{"href":"https:\/\/madelinefashion.pl\/sk\/wp-json\/wp\/v2\/product\/1059","targetHints":{"allow":["GET"]}}],"collection":[{"href":"https:\/\/madelinefashion.pl\/sk\/wp-json\/wp\/v2\/product"}],"about":[{"href":"https:\/\/madelinefashion.pl\/sk\/wp-json\/wp\/v2\/types\/product"}],"wp:featuredmedia":[{"embeddable":true,"href":"https:\/\/madelinefashion.pl\/sk\/wp-json\/wp\/v2\/media\/7205"}],"wp:attachment":[{"href":"https:\/\/madelinefashion.pl\/sk\/wp-json\/wp\/v2\/media?parent=1059"}],"wp:term":[{"taxonomy":"product_brand","embeddable":true,"href":"https:\/\/madelinefashion.pl\/sk\/wp-json\/wp\/v2\/product_brand?post=1059"},{"taxonomy":"product_cat","embeddable":true,"href":"https:\/\/madelinefashion.pl\/sk\/wp-json\/wp\/v2\/product_cat?post=1059"},{"taxonomy":"product_tag","embeddable":true,"href":"https:\/\/madelinefashion.pl\/sk\/wp-json\/wp\/v2\/product_tag?post=1059"}],"curies":[{"name":"pracovn\u00fd list","href":"https:\/\/api.w.org\/{rel}","templated":true}]}}