{"id":106187,"date":"2023-10-14T12:06:20","date_gmt":"2023-10-14T10:06:20","guid":{"rendered":"https:\/\/madelinefashion.pl\/?post_type=product&#038;p=106187"},"modified":"2026-03-01T12:58:02","modified_gmt":"2026-03-01T11:58:02","slug":"kolczyki-kola-srebrne-zdobione-ko99","status":"publish","type":"product","link":"https:\/\/madelinefashion.pl\/sk\/kolczyki-kola-srebrne-zdobione-ko99\/","title":{"rendered":"Zdoben\u00e9 strieborn\u00e9 kruhov\u00e9 n\u00e1u\u0161nice KO99"},"content":{"rendered":"<h3 style=\"text-align: center;\" align=\"CENTER\">Zdoben\u00e9 strieborn\u00e9 kruhov\u00e9 n\u00e1u\u0161nice KO99<\/h3>\n<p style=\"text-align: center;\">Kruhov\u00e9 n\u00e1u\u0161nice, zdoben\u00e9 kry\u0161t\u00e1lmi, vyroben\u00e9 z chirurgickej\/nehrdzavej\u00facej ocele. Priemer n\u00e1u\u0161nice: cca 5 cm. Zap\u00ednanie: uzavret\u00fd puzetov\u00fd prvok.<\/p>\n<p style=\"text-align: center;\">Ve\u013emi dobre vieme, \u017ee spr\u00e1vne nasaden\u00e9 n\u00e1u\u0161nice z chirurgickej ocele dok\u00e1\u017eu z\u00e1zraky nielen z h\u013eadiska vzh\u013eadu, ale aj pohodlia a bezpe\u010dnosti. Po prv\u00e9, kr\u00e1sne zo\u0161t\u00edhlia a rozjasnia tv\u00e1r, zredukuj\u00fa jej vek a dokonale zv\u00fdraznia cel\u00fd vzh\u013ead. Po druh\u00e9, v\u010faka najkvalitnej\u0161\u00edm materi\u00e1lom minimalizuj\u00fa riziko alergi\u00ed a nepr\u00edjemn\u00fdch pr\u00edznakov s nimi spojen\u00fdch.<\/p>\n<p style=\"text-align: center;\"><strong>Spoznajte tajomstvo \u017eien, ktor\u00e9 up\u00fataj\u00fa pozornos\u0165 m\u00f3dnymi \u0161perkami a vytvor\u00edte s nimi skvel\u00e9 outfity!<\/strong><\/p>\n<p class=\"p2\" style=\"text-align: center;\">","protected":false},"excerpt":{"rendered":"<p>Kolczyki Ko\u0142a Srebrne Zdobione KO99 Kolczyki ko\u0142a, zdobione kryszta\u0142kami , wykonane ze stali chirurgicznej \/ szlachetnej. \u015arednica kolczyka ok. 5 cm. Rodzaj zapi\u0119cia: sztyft zamkni\u0119ty. Doskonale wiemy, \u017ce odpowiednio dopasowane kolczyki ze stali chirurgicznej potrafi\u0105 zdzia\u0142a\u0107 prawdziwe cuda nie tylko pod wzgl\u0119dem wizualnym, ale tak\u017ce wygody i bezpiecze\u0144stwa. Po pierwsze pi\u0119kne wysmuklaj\u0105 i roz\u015bwietlaj\u0105 twarz,<\/p>\n<div class=\"klb-readmore post-buttons\"><a class=\"button black outline size-sm\" href=\"https:\/\/madelinefashion.pl\/sk\/kolczyki-kola-srebrne-zdobione-ko99\/\">\u010c\u00edta\u0165 \u010falej <i class=\"klbth-icon-right-arrow\"><\/i><\/a><\/div>","protected":false},"featured_media":106171,"template":"","meta":[],"product_brand":[],"product_cat":[519],"product_tag":[],"class_list":{"0":"post-106187","1":"product","2":"type-product","3":"status-publish","4":"has-post-thumbnail","6":"product_cat-bizuteria-damska","8":"first","9":"instock","10":"sale","11":"purchasable","12":"product-type-simple"},"_links":{"self":[{"href":"https:\/\/madelinefashion.pl\/sk\/wp-json\/wp\/v2\/product\/106187","targetHints":{"allow":["GET"]}}],"collection":[{"href":"https:\/\/madelinefashion.pl\/sk\/wp-json\/wp\/v2\/product"}],"about":[{"href":"https:\/\/madelinefashion.pl\/sk\/wp-json\/wp\/v2\/types\/product"}],"wp:featuredmedia":[{"embeddable":true,"href":"https:\/\/madelinefashion.pl\/sk\/wp-json\/wp\/v2\/media\/106171"}],"wp:attachment":[{"href":"https:\/\/madelinefashion.pl\/sk\/wp-json\/wp\/v2\/media?parent=106187"}],"wp:term":[{"taxonomy":"product_brand","embeddable":true,"href":"https:\/\/madelinefashion.pl\/sk\/wp-json\/wp\/v2\/product_brand?post=106187"},{"taxonomy":"product_cat","embeddable":true,"href":"https:\/\/madelinefashion.pl\/sk\/wp-json\/wp\/v2\/product_cat?post=106187"},{"taxonomy":"product_tag","embeddable":true,"href":"https:\/\/madelinefashion.pl\/sk\/wp-json\/wp\/v2\/product_tag?post=106187"}],"curies":[{"name":"pracovn\u00fd list","href":"https:\/\/api.w.org\/{rel}","templated":true}]}}