{"id":106190,"date":"2023-10-14T12:25:03","date_gmt":"2023-10-14T10:25:03","guid":{"rendered":"https:\/\/madelinefashion.pl\/?post_type=product&#038;p=106190"},"modified":"2026-03-01T12:58:02","modified_gmt":"2026-03-01T11:58:02","slug":"kolczyki-kwiaty-rozowe-021","status":"publish","type":"product","link":"https:\/\/madelinefashion.pl\/sk\/kolczyki-kwiaty-rozowe-021\/","title":{"rendered":"N\u00e1u\u0161nice s ru\u017eov\u00fdm kvetom 021"},"content":{"rendered":"<h3 style=\"text-align: center;\" align=\"CENTER\">N\u00e1u\u0161nice s ru\u017eov\u00fdm kvetom 021<\/h3>\n<p style=\"text-align: center;\">Kr\u00e1sne kvetinov\u00e9 n\u00e1u\u0161nice, retiazkov\u00fd \u0161t\u00fdl, vyroben\u00e9 z kovu a hodv\u00e1bu. D\u013a\u017eka n\u00e1u\u0161n\u00edc: pribli\u017ene 8 cm.<br \/>\nFarba: zlat\u00e1, \u0161pinavo ru\u017eov\u00e1.<br \/>\nVe\u013emi elegantn\u00e9 a \u017eensk\u00e9 n\u00e1u\u0161nice s\u00fa dokonal\u00fdm a jedine\u010dn\u00fdm doplnkom ka\u017ed\u00e9ho outfitu.<\/p>\n<p style=\"text-align: center;\"><strong>Spoznajte tajomstvo \u017eien, ktor\u00e9 up\u00fataj\u00fa pozornos\u0165 m\u00f3dnymi \u0161perkami a vytvor\u00edte s nimi skvel\u00e9 outfity!<\/strong><\/p>\n<p class=\"p2\" style=\"text-align: center;\">","protected":false},"excerpt":{"rendered":"<p>Kolczyki Kwiaty R\u00f3\u017cowe 021 \u015aliczne kolczyki kwiaty, \u0142a\u0144cuszki, wykonane z metalu oraz jedwabiu. D\u0142ugo\u015b\u0107 kolczyk\u00f3w ok: 8 cm. Kolor: z\u0142oty, brudny r\u00f3\u017c. Bardzo eleganckie i kobiece kolczyki stanowi\u0105 idealny i niepowtarzalny dodatek ka\u017cdej kreacji. Poznaj sekret kobiet, kt\u00f3re przyci\u0105gaj\u0105 wzrok modn\u0105 bi\u017cuteri\u0105 i tworz\u0105 z ni\u0105 super styl\u00f3wki!<\/p>","protected":false},"featured_media":106181,"template":"","meta":[],"product_brand":[],"product_cat":[519],"product_tag":[],"class_list":{"0":"post-106190","1":"product","2":"type-product","3":"status-publish","4":"has-post-thumbnail","6":"product_cat-bizuteria-damska","8":"first","9":"instock","10":"sale","11":"purchasable","12":"product-type-simple"},"_links":{"self":[{"href":"https:\/\/madelinefashion.pl\/sk\/wp-json\/wp\/v2\/product\/106190","targetHints":{"allow":["GET"]}}],"collection":[{"href":"https:\/\/madelinefashion.pl\/sk\/wp-json\/wp\/v2\/product"}],"about":[{"href":"https:\/\/madelinefashion.pl\/sk\/wp-json\/wp\/v2\/types\/product"}],"wp:featuredmedia":[{"embeddable":true,"href":"https:\/\/madelinefashion.pl\/sk\/wp-json\/wp\/v2\/media\/106181"}],"wp:attachment":[{"href":"https:\/\/madelinefashion.pl\/sk\/wp-json\/wp\/v2\/media?parent=106190"}],"wp:term":[{"taxonomy":"product_brand","embeddable":true,"href":"https:\/\/madelinefashion.pl\/sk\/wp-json\/wp\/v2\/product_brand?post=106190"},{"taxonomy":"product_cat","embeddable":true,"href":"https:\/\/madelinefashion.pl\/sk\/wp-json\/wp\/v2\/product_cat?post=106190"},{"taxonomy":"product_tag","embeddable":true,"href":"https:\/\/madelinefashion.pl\/sk\/wp-json\/wp\/v2\/product_tag?post=106190"}],"curies":[{"name":"pracovn\u00fd list","href":"https:\/\/api.w.org\/{rel}","templated":true}]}}