{"id":106191,"date":"2023-10-14T12:28:53","date_gmt":"2023-10-14T10:28:53","guid":{"rendered":"https:\/\/madelinefashion.pl\/?post_type=product&#038;p=106191"},"modified":"2026-03-01T12:58:02","modified_gmt":"2026-03-01T11:58:02","slug":"kolczyki-wiszace-srebrne-dlugie-ko86","status":"publish","type":"product","link":"https:\/\/madelinefashion.pl\/sk\/kolczyki-wiszace-srebrne-dlugie-ko86\/","title":{"rendered":"Dlh\u00e9 strieborn\u00e9 z\u00e1vesn\u00e9 n\u00e1u\u0161nice KO86"},"content":{"rendered":"<h3 style=\"text-align: center;\" align=\"CENTER\">Dlh\u00e9 strieborn\u00e9 z\u00e1vesn\u00e9 n\u00e1u\u0161nice KO86<\/h3>\n<p style=\"text-align: center;\">Dlh\u00e9 n\u00e1u\u0161nice, zdoben\u00e9 kry\u0161t\u00e1lmi, vyroben\u00e9 z chirurgickej\/nehrdzavej\u00facej ocele. D\u013a\u017eka: 10 cm. Zap\u00ednanie: uzavret\u00e9 puzetov\u00e9.<br \/>\nVe\u013emi dobre vieme, \u017ee spr\u00e1vne nasaden\u00e9 n\u00e1u\u0161nice z chirurgickej ocele dok\u00e1\u017eu z\u00e1zraky nielen z h\u013eadiska vzh\u013eadu, ale aj pohodlia a bezpe\u010dnosti. Po prv\u00e9, kr\u00e1sne zo\u0161t\u00edhlia a rozjasnia tv\u00e1r, zredukuj\u00fa jej vek a dokonale zv\u00fdraznia cel\u00fd vzh\u013ead. Po druh\u00e9, v\u010faka najkvalitnej\u0161\u00edm materi\u00e1lom minimalizuj\u00fa riziko alergi\u00ed a nepr\u00edjemn\u00fdch pr\u00edznakov s nimi spojen\u00fdch.<\/p>\n<p style=\"text-align: center;\"><strong>Objavte tajomstvo \u017eien, ktor\u00e9 p\u00fataj\u00fa pozornos\u0165 m\u00f3dnymi \u0161perkami a vytv\u00e1raj\u00fa s nimi skvel\u00e9 \u0161t\u00fdly!\u00a0<\/strong><\/p>\n<p class=\"p2\" style=\"text-align: center;\">","protected":false},"excerpt":{"rendered":"<p>Dlh\u00e9 strieborn\u00e9 visacie n\u00e1u\u0161nice KO86 Dlh\u00e9 n\u00e1u\u0161nice zdoben\u00e9 kry\u0161t\u00e1lmi, vyroben\u00e9 z chirurgickej\/nehrdzavej\u00facej ocele. D\u013a\u017eka 10 cm. Typ zap\u00ednania: uzavret\u00fd puzetov\u00fd. Ve\u013emi dobre vieme, \u017ee spr\u00e1vne nasaden\u00e9 n\u00e1u\u0161nice z chirurgickej ocele dok\u00e1\u017eu z\u00e1zraky nielen z h\u013eadiska vzh\u013eadu, ale aj pohodlia a bezpe\u010dnosti. Po prv\u00e9, zo\u0161t\u00edh\u013euj\u00fa a rozjas\u0148uj\u00fa tv\u00e1r, \u010d\u00edm odstra\u0148uj\u00fa...<\/p>\n<div class=\"klb-readmore post-buttons\"><a class=\"button black outline size-sm\" href=\"https:\/\/madelinefashion.pl\/sk\/kolczyki-wiszace-srebrne-dlugie-ko86\/\">\u010c\u00edta\u0165 \u010falej <i class=\"klbth-icon-right-arrow\"><\/i><\/a><\/div>","protected":false},"featured_media":583537,"template":"","meta":[],"product_brand":[],"product_cat":[519,395],"product_tag":[],"class_list":{"0":"post-106191","1":"product","2":"type-product","3":"status-publish","4":"has-post-thumbnail","6":"product_cat-bizuteria-damska","7":"product_cat-nowosci","9":"first","10":"instock","11":"sale","12":"purchasable","13":"product-type-simple"},"_links":{"self":[{"href":"https:\/\/madelinefashion.pl\/sk\/wp-json\/wp\/v2\/product\/106191","targetHints":{"allow":["GET"]}}],"collection":[{"href":"https:\/\/madelinefashion.pl\/sk\/wp-json\/wp\/v2\/product"}],"about":[{"href":"https:\/\/madelinefashion.pl\/sk\/wp-json\/wp\/v2\/types\/product"}],"wp:featuredmedia":[{"embeddable":true,"href":"https:\/\/madelinefashion.pl\/sk\/wp-json\/wp\/v2\/media\/583537"}],"wp:attachment":[{"href":"https:\/\/madelinefashion.pl\/sk\/wp-json\/wp\/v2\/media?parent=106191"}],"wp:term":[{"taxonomy":"product_brand","embeddable":true,"href":"https:\/\/madelinefashion.pl\/sk\/wp-json\/wp\/v2\/product_brand?post=106191"},{"taxonomy":"product_cat","embeddable":true,"href":"https:\/\/madelinefashion.pl\/sk\/wp-json\/wp\/v2\/product_cat?post=106191"},{"taxonomy":"product_tag","embeddable":true,"href":"https:\/\/madelinefashion.pl\/sk\/wp-json\/wp\/v2\/product_tag?post=106191"}],"curies":[{"name":"pracovn\u00fd list","href":"https:\/\/api.w.org\/{rel}","templated":true}]}}