{"id":10627,"date":"2021-05-01T15:50:32","date_gmt":"2021-05-01T13:50:32","guid":{"rendered":"https:\/\/madelinefashion.pl\/?post_type=product&#038;p=10627"},"modified":"2025-09-09T10:35:25","modified_gmt":"2025-09-09T08:35:25","slug":"sukienka-z-falbankami-bloom-zolta","status":"publish","type":"product","link":"https:\/\/madelinefashion.pl\/sk\/sukienka-z-falbankami-bloom-zolta\/","title":{"rendered":"Kvetinov\u00e9 \u0161aty s vol\u00e1nmi, \u017elt\u00e9"},"content":{"rendered":"<h3 style=\"text-align: center;\">Kvetinov\u00e9 \u0161aty s vol\u00e1nmi, \u017elt\u00e9<\/h3>\n<p style=\"text-align: center;\"><strong>Kvetinov\u00e9 \u0161aty s vol\u00e1nmi, \u017elt\u00e9<\/strong> \u2013 zaujme strihom a farbou <strong>\u0161aty <\/strong>roz\u0161\u00edren\u00fd s vol\u00e1nikmi. <b>Gumi\u010dky na ruk\u00e1ch a v p\u00e1se umo\u017e\u0148uj\u00fa dokonal\u00e9 prisp\u00f4sobenie \u0161iat postave<\/b>. Model o\u010daruj\u00faceho \u013eahk\u00e9ho strihu s vol\u00e1nom a mot\u00fdlikom v p\u00e1se. Na\u0161e \u0161aty s\u00fa ponukou pre miluj\u00face d\u00e1my<strong>\u00a0\u013eahk\u00e9, vzdu\u0161n\u00e9, diev\u010densk\u00e9 \u0161aty.<\/strong> Kr\u00e1tke ruk\u00e1vy ukon\u010den\u00e9 lemom a jemn\u00fdmi vol\u00e1nmi a spodn\u00e1 \u010das\u0165 \u0161iat je mierne roz\u0161\u00edren\u00e1 a zdoben\u00e1 vol\u00e1nmi. \u0160aty s\u00fa ide\u00e1lnou vo\u013ebou pre <strong>tepl\u00e1 jar a leto<\/strong> dni.\u00a0<strong>Najpred\u00e1vanej\u0161\u00ed model za n\u00edzku cenu<\/strong>. Model je odpor\u00fa\u010dan\u00fd pre \u017eeny vo ve\u013ekosti SML XL<\/p>\n<h3 style=\"text-align: center;\">Rozmery:<\/h3>\n<ul style=\"text-align: center;\">\n<li>\u0161\u00edrka od pazuchy po pazuchu: 39-55 cm<\/li>\n<li>celkov\u00e1 d\u013a\u017eka: 89 cm<\/li>\n<li>\u0161\u00edrka p\u00e1sa: 28-47 cm<\/li>\n<li>d\u013a\u017eka ruk\u00e1va od podpazu\u0161ia: 10 cm<\/li>\n<\/ul>\n<h3 style=\"text-align: center;\">Charakteristika:<\/h3>\n<p>&nbsp;<\/p>\n<ul style=\"text-align: center;\">\n<li>svetlo<\/li>\n<li>vzdu\u0161n\u00fd<\/li>\n<li>poskakova\u0165<\/li>\n<li>\u017eensk\u00fd<\/li>\n<\/ul>\n<p style=\"text-align: center;\">\u00a0Model m\u00e1\u00a0<strong>165<\/strong>\u00a0cm vysok\u00fd, nos\u00ed ve\u013ekos\u0165 ka\u017ed\u00fd de\u0148\u00a0<strong>S<\/strong><\/p>\n<p style=\"text-align: center;\">","protected":false},"excerpt":{"rendered":"<p>Sukienka z Falbankami Bloom \u017b\u00f3\u0142ta Sukienka z Falbankami Bloom \u017b\u00f3\u0142ta &#8211; to urzekaj\u0105ca krojem i kolorem sukienka rozkloszowana z falbankami. Gumki w ramionach i pasie pozwala na idealne dopasowanie sukienki do figury. Model o uroczym lekkim fasonie z falbank\u0105 i wi\u0105zaniem na kokardk\u0119 w pasie. Nasza sukienka jest propozycj\u0105 dla Pa\u0144 kochaj\u0105cych\u00a0lekkie, zwiewne, dziewcz\u0119ce sukienki.<\/p>\n<div class=\"klb-readmore post-buttons\"><a class=\"button black outline size-sm\" href=\"https:\/\/madelinefashion.pl\/sk\/sukienka-z-falbankami-bloom-zolta\/\">\u010c\u00edta\u0165 \u010falej <i class=\"klbth-icon-right-arrow\"><\/i><\/a><\/div>","protected":false},"featured_media":10617,"template":"","meta":[],"product_brand":[],"product_cat":[125],"product_tag":[],"class_list":{"0":"post-10627","1":"product","2":"type-product","3":"status-publish","4":"has-post-thumbnail","6":"product_cat-sukienki","8":"first","9":"instock","10":"purchasable","11":"product-type-simple"},"_links":{"self":[{"href":"https:\/\/madelinefashion.pl\/sk\/wp-json\/wp\/v2\/product\/10627","targetHints":{"allow":["GET"]}}],"collection":[{"href":"https:\/\/madelinefashion.pl\/sk\/wp-json\/wp\/v2\/product"}],"about":[{"href":"https:\/\/madelinefashion.pl\/sk\/wp-json\/wp\/v2\/types\/product"}],"wp:featuredmedia":[{"embeddable":true,"href":"https:\/\/madelinefashion.pl\/sk\/wp-json\/wp\/v2\/media\/10617"}],"wp:attachment":[{"href":"https:\/\/madelinefashion.pl\/sk\/wp-json\/wp\/v2\/media?parent=10627"}],"wp:term":[{"taxonomy":"product_brand","embeddable":true,"href":"https:\/\/madelinefashion.pl\/sk\/wp-json\/wp\/v2\/product_brand?post=10627"},{"taxonomy":"product_cat","embeddable":true,"href":"https:\/\/madelinefashion.pl\/sk\/wp-json\/wp\/v2\/product_cat?post=10627"},{"taxonomy":"product_tag","embeddable":true,"href":"https:\/\/madelinefashion.pl\/sk\/wp-json\/wp\/v2\/product_tag?post=10627"}],"curies":[{"name":"pracovn\u00fd list","href":"https:\/\/api.w.org\/{rel}","templated":true}]}}