{"id":106629,"date":"2023-10-20T14:27:23","date_gmt":"2023-10-20T12:27:23","guid":{"rendered":"https:\/\/madelinefashion.pl\/?post_type=product&#038;p=106629"},"modified":"2026-02-16T15:02:24","modified_gmt":"2026-02-16T14:02:24","slug":"czarne-botki-z-kieszonkami-z-lancuchem","status":"publish","type":"product","link":"https:\/\/madelinefashion.pl\/sk\/czarne-botki-z-kieszonkami-z-lancuchem\/","title":{"rendered":"\u010cierne \u010dlenkov\u00e9 \u010di\u017emy s retiazkov\u00fdmi vreckami"},"content":{"rendered":"<h3 style=\"text-align: center;\">\u010cierne \u010dlenkov\u00e9 \u010di\u017emy s retiazkov\u00fdmi vreckami<\/h3>\n<p style=\"text-align: center;\"><strong>\u010cierne \u010dlenkov\u00e9 \u010di\u017emy s retiazkov\u00fdmi vreckami\u00a0<\/strong> posiadaj\u0105 modn\u0105 kieszonk\u0119 na boku.\u00a0 Buty zasuwane s\u0105 wi\u0105zane i zasuwane na zamek. Przyczepiona paskiem kieszonka posiada ozdobny \u0142a\u0144cuch i tak\u017ce zapinana jest na suwak. Botki \u015bwietnie prezentuj\u0105 si\u0119 na nodze i s\u0105 doskona\u0142ym prze\u0142amaniem ca\u0142ej stylizacji. Botki s\u0105 uniwersalne, mo\u017cesz nosi\u0107 je gdzie tylko chcesz, poniewa\u017c \u015bwietnie sprawdz\u0105 si\u0119 na wiele okazji.<\/p>\n<p style=\"text-align: center;\">Bud\u00fa skvel\u00fdm doplnkom ka\u017edodenn\u00e9ho stylingu!<\/p>\n<h3 style=\"text-align: center;\">Charakteristika<\/h3>\n<ul>\n<li style=\"text-align: center;\"><b>Farba<\/b>: \u010cierna<\/li>\n<li style=\"text-align: center;\"><b>Nos<\/b>: Okr\u00fahly<\/li>\n<li style=\"text-align: center;\"><b>Spona<\/b>: Suwak<\/li>\n<li style=\"text-align: center;\"><b>vonkaj\u0161\u00ed materi\u00e1l<\/b>: Eko ko\u017ea<\/li>\n<li style=\"text-align: center;\"><b>Otep\u013eovanie<\/b>\u00c1no<\/li>\n<li style=\"text-align: center;\"><b>P\u00e4ta<\/b>Ploch\u00fd<\/li>\n<li style=\"text-align: center;\"><b>V\u00fd\u0161ka podp\u00e4tku<\/b>5 cm<\/li>\n<li style=\"text-align: center;\"><b>Vlo\u017ei\u0165<\/b>: Polstrovan\u00fd<\/li>\n<li style=\"text-align: center;\"><b>V\u00fd\u0161ka top\u00e1nky<\/b>: 26cm<\/li>\n<li style=\"text-align: center;\"><b>Pridan\u00e9 vlastnosti<\/b>: \u0141a\u0144cuch<\/li>\n<\/ul>\n<table width=\"540\">\n<thead>\n<tr>\n<td width=\"216\"><strong>Ve\u013ekos\u0165 E\u00da<\/strong><\/td>\n<td width=\"316\"><strong>D\u013a\u017eka vlo\u017eky<\/strong><\/td>\n<\/tr>\n<\/thead>\n<tbody>\n<tr>\n<td width=\"216\"><strong>36<\/strong><\/td>\n<td width=\"316\">23,5 cm<\/td>\n<\/tr>\n<tr>\n<td width=\"216\"><strong>37<\/strong><\/td>\n<td width=\"316\">24 cm<\/td>\n<\/tr>\n<tr>\n<td width=\"216\"><strong>38<\/strong><\/td>\n<td width=\"316\">24,5 cm<\/td>\n<\/tr>\n<tr>\n<td width=\"216\"><strong>39<\/strong><\/td>\n<td width=\"316\">25,3 cm<\/td>\n<\/tr>\n<tr>\n<td width=\"216\"><strong>40<\/strong><\/td>\n<td width=\"316\">26 cm<\/td>\n<\/tr>\n<tr>\n<td width=\"216\"><strong>41<\/strong><\/td>\n<td width=\"316\">26,5 cm<\/td>\n<\/tr>\n<\/tbody>\n<\/table>\n<div class=\"wrap-content\">\n<div class=\"main-container container\">\n<div class=\"row\">\n<section class=\"main-content sidebar-left-false\">\n<div class=\"product-page page\">\n<div class=\"page-content\">\n<div id=\"ProductSizing\" class=\"product-sizing modal fade in\" tabindex=\"-1\" role=\"dialog\" aria-hidden=\"false\">\n<div class=\"modal-dialog\">\n<div class=\"modal-content\">\n<div class=\"widget html_editor\">\n<p>&nbsp;<\/p>\n<\/div>\n<p>&nbsp;<\/p>\n<\/div>\n<\/div>\n<\/div>\n<\/div>\n<\/div>\n<\/section>\n<\/div>\n<\/div>\n<\/div>\n<div class=\"wrap-footer\">\n<footer class=\"\">\n<div class=\"container\">\n<div class=\"footer-newsletter-box\"><\/div>\n<\/div>\n<\/footer>\n<\/div>\n<table>\n<tbody>\n<tr>\n<td width=\"302\">Meno modela<\/td>\n<td width=\"302\">Czarne Botki Z Kieszonkami Z \u0141a\u0144cuchem QT30<\/td>\n<\/tr>\n<tr>\n<td width=\"302\">Farba<\/td>\n<td width=\"302\">\u010dierna<\/td>\n<\/tr>\n<tr>\n<td width=\"302\">ve\u013ekosti<\/td>\n<td width=\"302\">36 37\u00a0 38\u00a0 39 40 41<\/td>\n<\/tr>\n<tr>\n<td width=\"302\">Materi\u00e1l<\/td>\n<td width=\"302\">Ekoko\u017ea<\/td>\n<\/tr>\n<tr>\n<td width=\"302\">Otep\u013eovanie<\/td>\n<td width=\"302\">\u00c1no<\/td>\n<\/tr>\n<tr>\n<td width=\"302\">Spona<\/td>\n<td width=\"302\">\u0160nurovanie \/ zips<\/td>\n<\/tr>\n<tr>\n<td width=\"302\">Zbierka<\/td>\n<td width=\"302\">Jesenn\u00e1 zima<\/td>\n<\/tr>\n<\/tbody>\n<\/table>\n<div class=\"tabs tabs-bb clear mb-80\">\n<div class=\"tab-content\">\n<div id=\"tab-description\" class=\"tab-pane fade in woocommerce-Tabs-panel--description active\">\n<p style=\"text-align: center;\">\n<\/div>\n<\/div>\n<\/div>\n<section class=\"up-sells upsells products mb-80\"><\/section>\n<p style=\"text-align: left;\">Kod produktu: QT30<\/p>","protected":false},"excerpt":{"rendered":"<p>Czarne Botki Z Kieszonkami Z \u0141a\u0144cuchem Czarne Botki Z Kieszonkami Z \u0141a\u0144cuchem\u00a0 posiadaj\u0105 modn\u0105 kieszonk\u0119 na boku.\u00a0 Buty zasuwane s\u0105 wi\u0105zane i zasuwane na zamek. Przyczepiona paskiem kieszonka posiada ozdobny \u0142a\u0144cuch i tak\u017ce zapinana jest na suwak. Botki \u015bwietnie prezentuj\u0105 si\u0119 na nodze i s\u0105 doskona\u0142ym prze\u0142amaniem ca\u0142ej stylizacji. Botki s\u0105 uniwersalne, mo\u017cesz nosi\u0107 je<\/p>\n<div class=\"klb-readmore post-buttons\"><a class=\"button black outline size-sm\" href=\"https:\/\/madelinefashion.pl\/sk\/czarne-botki-z-kieszonkami-z-lancuchem\/\">\u010c\u00edta\u0165 \u010falej <i class=\"klbth-icon-right-arrow\"><\/i><\/a><\/div>","protected":false},"featured_media":106624,"template":"","meta":[],"product_brand":[],"product_cat":[400,395],"product_tag":[492],"class_list":{"0":"post-106629","1":"product","2":"type-product","3":"status-publish","4":"has-post-thumbnail","6":"product_cat-buty","7":"product_cat-nowosci","8":"product_tag-botki","10":"first","11":"instock","12":"sale","13":"purchasable","14":"product-type-variable"},"_links":{"self":[{"href":"https:\/\/madelinefashion.pl\/sk\/wp-json\/wp\/v2\/product\/106629","targetHints":{"allow":["GET"]}}],"collection":[{"href":"https:\/\/madelinefashion.pl\/sk\/wp-json\/wp\/v2\/product"}],"about":[{"href":"https:\/\/madelinefashion.pl\/sk\/wp-json\/wp\/v2\/types\/product"}],"wp:featuredmedia":[{"embeddable":true,"href":"https:\/\/madelinefashion.pl\/sk\/wp-json\/wp\/v2\/media\/106624"}],"wp:attachment":[{"href":"https:\/\/madelinefashion.pl\/sk\/wp-json\/wp\/v2\/media?parent=106629"}],"wp:term":[{"taxonomy":"product_brand","embeddable":true,"href":"https:\/\/madelinefashion.pl\/sk\/wp-json\/wp\/v2\/product_brand?post=106629"},{"taxonomy":"product_cat","embeddable":true,"href":"https:\/\/madelinefashion.pl\/sk\/wp-json\/wp\/v2\/product_cat?post=106629"},{"taxonomy":"product_tag","embeddable":true,"href":"https:\/\/madelinefashion.pl\/sk\/wp-json\/wp\/v2\/product_tag?post=106629"}],"curies":[{"name":"pracovn\u00fd list","href":"https:\/\/api.w.org\/{rel}","templated":true}]}}