{"id":106651,"date":"2023-10-20T15:07:49","date_gmt":"2023-10-20T13:07:49","guid":{"rendered":"https:\/\/madelinefashion.pl\/?post_type=product&#038;p=106651"},"modified":"2026-02-16T15:02:24","modified_gmt":"2026-02-16T14:02:24","slug":"czarne-botki-na-transparentnym-klepsydrowym-obcasie","status":"publish","type":"product","link":"https:\/\/madelinefashion.pl\/sk\/czarne-botki-na-transparentnym-klepsydrowym-obcasie\/","title":{"rendered":"\u010cierne \u010dlenkov\u00e9 \u010di\u017emy s prieh\u013eadn\u00fdmi podp\u00e4tkami v tvare pres\u00fdpac\u00edch hod\u00edn"},"content":{"rendered":"<h3 style=\"text-align: center;\">\u010cierne \u010dlenkov\u00e9 \u010di\u017emy s prieh\u013eadn\u00fdmi podp\u00e4tkami v tvare pres\u00fdpac\u00edch hod\u00edn<\/h3>\n<p style=\"text-align: center;\"><strong>\u010cierne \u010dlenkov\u00e9 \u010di\u017emy s prieh\u013eadn\u00fdmi podp\u00e4tkami v tvare pres\u00fdpac\u00edch hod\u00edn <\/strong>to doskona\u0142e rozwi\u0105zanie na wa\u017cniejsze spotkania towarzyskie. Niezwykle wygodne dzi\u0119ki zastosowaniu optymalnego wyprofilowania do kobiecej delikatnej stopy oraz mi\u0119kkiej i przyjemnej wk\u0142adce. Botki na transparentnej szpilce z \u0142atwo\u015bci\u0105 dopasujesz do licznych eleganckich stylizacji. <strong>Vonkaj\u0161\u00ed materi\u00e1l - ekologick\u00fd semi\u0161. <\/strong>Ponadto s\u0105 w stanie bardzo dobrze utrzyma\u0107 stop\u0119 w komfortowej temperaturze. B\u0119d\u0105 \u015bwietn\u0105 ozdob\u0105 do codziennych, jak i bardziej oficjalnych stylizacji.<\/p>\n<h3 style=\"text-align: center;\">Charakteristika:<\/h3>\n<ul>\n<li style=\"text-align: center;\">Klasick\u00e9 semi\u0161ov\u00e9 \u010di\u017emy - elegancia a pote\u0161enie z pou\u017e\u00edvania<\/li>\n<li style=\"text-align: center;\">M\u00f3dne \u2013 odpor\u00fa\u010dan\u00e9 blogermi<\/li>\n<li style=\"text-align: center;\">Obcas\u00a0 10,5 cm<\/li>\n<li style=\"text-align: center;\">Pohodln\u00e9 - pohodlne v nich str\u00e1vite cel\u00fd de\u0148<\/li>\n<li style=\"text-align: center;\">Klasick\u00fd vzh\u013ead - univerz\u00e1lny a nad\u010dasov\u00fd strih<\/li>\n<li class=\"mb-12\" style=\"text-align: center;\"><span class=\"r-gray-700-color\">Kolor &#8211; c<\/span>zarny<\/li>\n<li class=\"mb-12\" style=\"text-align: center;\" data-key=\"type-of-heel\"><span class=\"r-gray-700-color\">Rodzaj obcasa &#8211; s<\/span>zpilka<\/li>\n<li class=\"mb-12\" style=\"text-align: center;\" data-key=\"shoe-insert-padding\"><span class=\"r-gray-700-color\">Wk\u0142adka\/wy\u015bci\u00f3\u0142ka &#8211; m<\/span>ateria\u0142 w\u0142\u00f3kienniczy<\/li>\n<li class=\"mb-12\" style=\"text-align: center;\" data-key=\"cloth\"><span class=\"r-gray-700-color\">Materia\u0142 &#8211; e<\/span>kozamsz<\/li>\n<li class=\"mb-12\" style=\"text-align: center;\" data-key=\"nose-of-shoe\"><span class=\"r-gray-700-color\">Nosek buta &#8211; s<\/span>zpiczasty<\/li>\n<li class=\"mb-12\" style=\"text-align: center;\" data-key=\"clasp\"><span class=\"r-gray-700-color\">Zapi\u0119cie &#8211; z<\/span>amek b\u0142yskawiczny<\/li>\n<li class=\"mb-12\" style=\"text-align: center;\" data-key=\"season\"><span class=\"r-gray-700-color\">Sezon &#8211; z<\/span>ima, Jesie\u0144<\/li>\n<\/ul>\n<p>&nbsp;<\/p>\n<p>&nbsp;<\/p>\n<div class=\"mb-12\" data-key=\"season\"><\/div>\n<table width=\"540\">\n<thead>\n<tr>\n<td width=\"216\"><strong>Ve\u013ekos\u0165 E\u00da<\/strong><\/td>\n<td width=\"316\"><strong>D\u013a\u017eka vlo\u017eky<\/strong><\/td>\n<\/tr>\n<\/thead>\n<tbody>\n<tr>\n<td width=\"216\"><strong>36<\/strong><\/td>\n<td width=\"316\">24,5 cm<\/td>\n<\/tr>\n<tr>\n<td width=\"216\"><strong>37<\/strong><\/td>\n<td width=\"316\">25 cm<\/td>\n<\/tr>\n<tr>\n<td width=\"216\"><strong>38<\/strong><\/td>\n<td width=\"316\">25,5 cm<\/td>\n<\/tr>\n<tr>\n<td width=\"216\"><strong>39<\/strong><\/td>\n<td width=\"316\">26,5 cm<\/td>\n<\/tr>\n<tr>\n<td width=\"216\"><strong>40<\/strong><\/td>\n<td width=\"316\">27 cm<\/td>\n<\/tr>\n<tr>\n<td width=\"216\"><strong>41<\/strong><\/td>\n<td width=\"316\">27,5 cm<\/td>\n<\/tr>\n<\/tbody>\n<\/table>\n<div class=\"wrap-content\">\n<div class=\"main-container container\">\n<div class=\"row\">\n<section class=\"main-content sidebar-left-false\">\n<div class=\"product-page page\">\n<div class=\"page-content\">\n<div id=\"ProductSizing\" class=\"product-sizing modal fade in\" tabindex=\"-1\" role=\"dialog\" aria-hidden=\"false\">\n<div class=\"modal-dialog\">\n<div class=\"modal-content\">\n<div class=\"widget html_editor\">\n<p>&nbsp;<\/p>\n<\/div>\n<p>&nbsp;<\/p>\n<\/div>\n<\/div>\n<\/div>\n<\/div>\n<\/div>\n<\/section>\n<\/div>\n<\/div>\n<\/div>\n<div class=\"wrap-footer\">\n<footer class=\"\">\n<div class=\"container\">\n<div class=\"footer-newsletter-box\"><\/div>\n<\/div>\n<\/footer>\n<\/div>\n<table>\n<tbody>\n<tr>\n<td width=\"302\">Meno modela<\/td>\n<td width=\"302\">Czarne Botki Na Transparentnym Klepsydrowym Obcasie JD2202<\/td>\n<\/tr>\n<tr>\n<td width=\"302\">Farba<\/td>\n<td width=\"302\">\u010dierna<\/td>\n<\/tr>\n<tr>\n<td width=\"302\">ve\u013ekosti<\/td>\n<td width=\"302\">36 37\u00a0 38\u00a0 39 40 41<\/td>\n<\/tr>\n<tr>\n<td width=\"302\">Materi\u00e1l<\/td>\n<td width=\"302\">Semi\u0161 - ekologick\u00fd<\/td>\n<\/tr>\n<tr>\n<td width=\"302\">Otep\u013eovanie<\/td>\n<td width=\"302\">\u00c1no<\/td>\n<\/tr>\n<tr>\n<td width=\"302\">Spona<\/td>\n<td width=\"302\">Z\u00e1mok<\/td>\n<\/tr>\n<tr>\n<td width=\"302\">Zbierka<\/td>\n<td width=\"302\">jar\/jese\u0148\/zima<\/td>\n<\/tr>\n<\/tbody>\n<\/table>\n<div class=\"tabs tabs-bb clear mb-80\">\n<div class=\"tab-content\">\n<div id=\"tab-description\" class=\"tab-pane fade in woocommerce-Tabs-panel--description active\">\n<p style=\"text-align: center;\">\n<\/div>\n<\/div>\n<\/div>\n<section class=\"up-sells upsells products mb-80\"><\/section>\n<p style=\"text-align: left;\">Kod produktu: JD2202<\/p>","protected":false},"excerpt":{"rendered":"<p>Czarne Botki Na Transparentnym Klepsydrowym Obcasie Czarne Botki Na Transparentnym Klepsydrowym Obcasie to doskona\u0142e rozwi\u0105zanie na wa\u017cniejsze spotkania towarzyskie. Niezwykle wygodne dzi\u0119ki zastosowaniu optymalnego wyprofilowania do kobiecej delikatnej stopy oraz mi\u0119kkiej i przyjemnej wk\u0142adce. Botki na transparentnej szpilce z \u0142atwo\u015bci\u0105 dopasujesz do licznych eleganckich stylizacji. Materia\u0142 zewn\u0119trzny &#8211; zamsz ekologiczny. Ponadto s\u0105 w stanie bardzo<\/p>\n<div class=\"klb-readmore post-buttons\"><a class=\"button black outline size-sm\" href=\"https:\/\/madelinefashion.pl\/sk\/czarne-botki-na-transparentnym-klepsydrowym-obcasie\/\">\u010c\u00edta\u0165 \u010falej <i class=\"klbth-icon-right-arrow\"><\/i><\/a><\/div>","protected":false},"featured_media":106649,"template":"","meta":[],"product_brand":[],"product_cat":[400,395],"product_tag":[492],"class_list":{"0":"post-106651","1":"product","2":"type-product","3":"status-publish","4":"has-post-thumbnail","6":"product_cat-buty","7":"product_cat-nowosci","8":"product_tag-botki","10":"first","11":"instock","12":"sale","13":"purchasable","14":"product-type-variable"},"_links":{"self":[{"href":"https:\/\/madelinefashion.pl\/sk\/wp-json\/wp\/v2\/product\/106651","targetHints":{"allow":["GET"]}}],"collection":[{"href":"https:\/\/madelinefashion.pl\/sk\/wp-json\/wp\/v2\/product"}],"about":[{"href":"https:\/\/madelinefashion.pl\/sk\/wp-json\/wp\/v2\/types\/product"}],"wp:featuredmedia":[{"embeddable":true,"href":"https:\/\/madelinefashion.pl\/sk\/wp-json\/wp\/v2\/media\/106649"}],"wp:attachment":[{"href":"https:\/\/madelinefashion.pl\/sk\/wp-json\/wp\/v2\/media?parent=106651"}],"wp:term":[{"taxonomy":"product_brand","embeddable":true,"href":"https:\/\/madelinefashion.pl\/sk\/wp-json\/wp\/v2\/product_brand?post=106651"},{"taxonomy":"product_cat","embeddable":true,"href":"https:\/\/madelinefashion.pl\/sk\/wp-json\/wp\/v2\/product_cat?post=106651"},{"taxonomy":"product_tag","embeddable":true,"href":"https:\/\/madelinefashion.pl\/sk\/wp-json\/wp\/v2\/product_tag?post=106651"}],"curies":[{"name":"pracovn\u00fd list","href":"https:\/\/api.w.org\/{rel}","templated":true}]}}