{"id":10667,"date":"2021-05-01T16:45:07","date_gmt":"2021-05-01T14:45:07","guid":{"rendered":"https:\/\/madelinefashion.pl\/?post_type=product&#038;p=10667"},"modified":"2026-03-26T12:40:36","modified_gmt":"2026-03-26T11:40:36","slug":"dzianinowy-dopasowany-scarlet-bezowy","status":"publish","type":"product","link":"https:\/\/madelinefashion.pl\/sk\/dzianinowy-dopasowany-scarlet-bezowy\/","title":{"rendered":"Pleten\u00e1 vypasovan\u00e1 \u0161arl\u00e1tov\u00e1 b\u00e9\u017eov\u00e1"},"content":{"rendered":"<h3 style=\"text-align: center;\">Pleten\u00e1 vypasovan\u00e1 \u0161arl\u00e1tov\u00e1 b\u00e9\u017eov\u00e1<\/h3>\n<p style=\"text-align: center;\"><span style=\"vertical-align: inherit;\"><span style=\"vertical-align: inherit;\">Ide\u00e1lny set na jar, jese\u0148 a zimu. <\/span><span style=\"vertical-align: inherit;\">Dobre zvolen\u00e1 horn\u00e1 a spodn\u00e1 \u010das\u0165 \u0161atn\u00edka, aby spolu ladili. <\/span><\/span><strong>Pleten\u00e1 s\u00faprava - crop top bl\u00fazka a dlh\u00e1 suk\u0148a<\/strong>, <strong>vypasovan\u00fd strih<\/strong>, ve\u013emi pr\u00edjemn\u00fd materi\u00e1l, v\u0161etko v geometrick\u00fdch vzoroch. Top - kr\u00e1tka bl\u00fazka, dlh\u00fd ruk\u00e1v. Dlh\u00e1 ceruzkov\u00e1 suk\u0148a na gumi\u010dku. Taliansky v\u00fdrobok - pr\u00e9miov\u00e1 kvalita.<br \/>\nPleten\u00e1 s\u00faprava v univerz\u00e1lnej ve\u013ekosti, odpor\u00fa\u010dan\u00e1 pre \u017eeny v <strong>ve\u013ekos\u0165 XS SM<\/strong> ak nos\u00edte v\u00e4\u010d\u0161iu ve\u013ekos\u0165, pozrite si miery.<\/p>\n<p>&nbsp;<\/p>\n<p>&nbsp;<\/p>\n<h3 style=\"text-align: center;\"><span style=\"vertical-align: inherit;\"><span style=\"vertical-align: inherit;\">Rozmery bl\u00fazky:<\/span><\/span><\/h3>\n<p style=\"text-align: center;\"><span style=\"vertical-align: inherit;\"><span style=\"vertical-align: inherit;\">Celkov\u00e1 d\u013a\u017eka: 45 cm<\/span><\/span><\/p>\n<p style=\"text-align: center;\"><span style=\"vertical-align: inherit;\"><span style=\"vertical-align: inherit;\">\u0160\u00edrka od pazuchy po pazuchu: 41-46 cm<\/span><\/span><\/p>\n<p style=\"text-align: center;\"><span style=\"vertical-align: inherit;\"><span style=\"vertical-align: inherit;\">D\u013a\u017eka ruk\u00e1va od podpazu\u0161ia: 47 cm<br \/>\n<\/span><\/span><\/p>\n<p style=\"text-align: center;\">D\u013a\u017eka ruk\u00e1va od ramena: 61 cm<\/p>\n<h3 style=\"text-align: center;\"><span style=\"vertical-align: inherit;\"><span style=\"vertical-align: inherit;\">Rozmery sukne:<\/span><\/span><\/h3>\n<p style=\"text-align: center;\"><span style=\"vertical-align: inherit;\"><span style=\"vertical-align: inherit;\">Celkov\u00e1 d\u013a\u017eka: 89 cm<\/span><\/span><\/p>\n<p style=\"text-align: center;\"><span style=\"vertical-align: inherit;\"><span style=\"vertical-align: inherit;\">\u0160\u00edrka p\u00e1sa: 34-48 cm (elastick\u00fd) (pri uveden\u00fdch rozmeroch x2)<\/span><\/span><\/p>\n<p style=\"text-align: center;\"><span style=\"vertical-align: inherit;\"><span style=\"vertical-align: inherit;\">\u0160\u00edrka bokov: 37-52 cm (pri uveden\u00fdch rozmeroch x2)<\/span><\/span><\/p>\n<p style=\"text-align: center;\"><strong><span style=\"vertical-align: inherit;\"><span style=\"vertical-align: inherit;\">Materi\u00e1l sa rozd\u00e1va<\/span><\/span><\/strong><\/p>\n<p>&nbsp;<\/p>\n<p style=\"text-align: center;\"><span style=\"vertical-align: inherit;\"><span style=\"vertical-align: inherit;\">Rozmery sa m\u00f4\u017eu l\u00ed\u0161i\u0165 od uveden\u00fdch +\/- 2cm. <\/span><span style=\"vertical-align: inherit;\">V\u0161etky uveden\u00e9 rozmery s\u00fa meran\u00e9 plo\u0161ne.<\/span><\/span><\/p>\n<table width=\"616\">\n<tbody>\n<tr>\n<td width=\"302\"><span style=\"vertical-align: inherit;\"><span style=\"vertical-align: inherit;\">Meno modela<\/span><\/span><\/td>\n<td width=\"302\">Knit Fit Scarlet<\/td>\n<\/tr>\n<tr>\n<td width=\"302\"><span style=\"vertical-align: inherit;\"><span style=\"vertical-align: inherit;\">Farba<\/span><\/span><\/td>\n<td width=\"302\"><span style=\"vertical-align: inherit;\"><span style=\"vertical-align: inherit;\">B\u00e9\u017eov\u00e1<\/span><\/span><\/td>\n<\/tr>\n<tr>\n<td width=\"302\"><span style=\"vertical-align: inherit;\"><span style=\"vertical-align: inherit;\">Zbierka<\/span><\/span><\/td>\n<td width=\"302\"><span style=\"vertical-align: inherit;\"><span style=\"vertical-align: inherit;\">Jar \/ jese\u0148 \/ zima<\/span><\/span><\/td>\n<\/tr>\n<tr>\n<td width=\"302\"><span style=\"vertical-align: inherit;\"><span style=\"vertical-align: inherit;\">ve\u013ekosti<\/span><\/span><\/td>\n<td width=\"302\"><span style=\"vertical-align: inherit;\"><span style=\"vertical-align: inherit;\">Univerz\u00e1lny<\/span><\/span><\/td>\n<\/tr>\n<tr>\n<td width=\"302\"><span style=\"vertical-align: inherit;\"><span style=\"vertical-align: inherit;\">M\u00f3da<\/span><\/span><\/td>\n<td width=\"302\"><span style=\"vertical-align: inherit;\"><span style=\"vertical-align: inherit;\">Zhoda<\/span><\/span><\/td>\n<\/tr>\n<tr>\n<td width=\"302\"><span style=\"vertical-align: inherit;\"><span style=\"vertical-align: inherit;\">Hood<\/span><\/span><\/td>\n<td width=\"302\"><span style=\"vertical-align: inherit;\"><span style=\"vertical-align: inherit;\">Bez kapucne<\/span><\/span><\/td>\n<\/tr>\n<tr>\n<td width=\"302\"><span style=\"vertical-align: inherit;\"><span style=\"vertical-align: inherit;\">izolovan\u00e9<\/span><\/span><\/td>\n<td width=\"302\"><span style=\"vertical-align: inherit;\"><span style=\"vertical-align: inherit;\">jednopl\u00e1\u0161\u0165ov\u00e9<\/span><\/span><\/td>\n<\/tr>\n<tr>\n<td width=\"302\"><span style=\"vertical-align: inherit;\"><span style=\"vertical-align: inherit;\">Materi\u00e1l<\/span><\/span><\/td>\n<td width=\"302\"><span style=\"vertical-align: inherit;\"><span style=\"vertical-align: inherit;\">75% visk\u00f3za 20% bavlna 5% elastan<\/span><\/span><\/td>\n<\/tr>\n<\/tbody>\n<\/table>\n<p style=\"text-align: center;\">Model m\u00e1\u00a0<strong>165<\/strong>\u00a0cm vysok\u00fd, nos\u00ed ve\u013ekos\u0165 ka\u017ed\u00fd de\u0148\u00a0<strong>S<\/strong><\/p>","protected":false},"excerpt":{"rendered":"<p>Dzianinowy Dopasowany Scarlet Be\u017cowy Idealny zestaw na wiosn\u0119 jesie\u0144 i zim\u0119. Dobrze dobrana g\u00f3rna i dolna cz\u0119\u015b\u0107 garderoby, tak by razem wsp\u00f3\u0142gra\u0142y. Komplet\u00a0 dzianinowy &#8211; bluzka crop top i d\u0142uga sp\u00f3dnica, dopasowany kr\u00f3j, bardzo przyjemny materia\u0142, ca\u0142o\u015b\u0107 w geometryczne wzory. G\u00f3ra &#8211; kr\u00f3tka bluzka, d\u0142ugi r\u0119kaw. Sp\u00f3dnica d\u0142uga, o\u0142\u00f3wkowa, na gumie. Produkt w\u0142oski &#8211; jako\u015b\u0107<\/p>\n<div class=\"klb-readmore post-buttons\"><a class=\"button black outline size-sm\" href=\"https:\/\/madelinefashion.pl\/sk\/dzianinowy-dopasowany-scarlet-bezowy\/\">\u010c\u00edta\u0165 \u010falej <i class=\"klbth-icon-right-arrow\"><\/i><\/a><\/div>","protected":false},"featured_media":10663,"template":"","meta":[],"product_brand":[],"product_cat":[89,78,380],"product_tag":[],"class_list":{"0":"post-10667","1":"product","2":"type-product","3":"status-publish","4":"has-post-thumbnail","6":"product_cat-komplety","7":"product_cat-swetry-damskie","8":"product_cat-wyprzedaz","10":"first","11":"instock","12":"sale","13":"purchasable","14":"product-type-simple"},"_links":{"self":[{"href":"https:\/\/madelinefashion.pl\/sk\/wp-json\/wp\/v2\/product\/10667","targetHints":{"allow":["GET"]}}],"collection":[{"href":"https:\/\/madelinefashion.pl\/sk\/wp-json\/wp\/v2\/product"}],"about":[{"href":"https:\/\/madelinefashion.pl\/sk\/wp-json\/wp\/v2\/types\/product"}],"wp:featuredmedia":[{"embeddable":true,"href":"https:\/\/madelinefashion.pl\/sk\/wp-json\/wp\/v2\/media\/10663"}],"wp:attachment":[{"href":"https:\/\/madelinefashion.pl\/sk\/wp-json\/wp\/v2\/media?parent=10667"}],"wp:term":[{"taxonomy":"product_brand","embeddable":true,"href":"https:\/\/madelinefashion.pl\/sk\/wp-json\/wp\/v2\/product_brand?post=10667"},{"taxonomy":"product_cat","embeddable":true,"href":"https:\/\/madelinefashion.pl\/sk\/wp-json\/wp\/v2\/product_cat?post=10667"},{"taxonomy":"product_tag","embeddable":true,"href":"https:\/\/madelinefashion.pl\/sk\/wp-json\/wp\/v2\/product_tag?post=10667"}],"curies":[{"name":"pracovn\u00fd list","href":"https:\/\/api.w.org\/{rel}","templated":true}]}}