{"id":106751,"date":"2023-10-21T15:39:37","date_gmt":"2023-10-21T13:39:37","guid":{"rendered":"https:\/\/madelinefashion.pl\/?post_type=product&#038;p=106751"},"modified":"2026-03-01T12:58:01","modified_gmt":"2026-03-01T11:58:01","slug":"bransoletka-z-cyrkonii-cleopatra","status":"publish","type":"product","link":"https:\/\/madelinefashion.pl\/sk\/bransoletka-z-cyrkonii-cleopatra\/","title":{"rendered":"N\u00e1ramok Kleopatra 5C1 s kubick\u00fdm zirk\u00f3nom"},"content":{"rendered":"<h3 style=\"text-align: center;\" align=\"CENTER\">N\u00e1ramok s kubick\u00fdm zirk\u00f3nom Kleopatra<\/h3>\n<p style=\"text-align: center;\" data-start=\"236\" data-end=\"580\">N\u00e1ramok <strong data-start=\"248\" data-end=\"261\">Kleopatra<\/strong> je kombin\u00e1ciou v\u00fdnimo\u010dnej elegancie a nad\u010dasov\u00e9ho \u0161armu. Vyroben\u00e9 z chirurgickej ocele, zdoben\u00e9 <strong data-start=\"373\" data-end=\"400\">leskl\u00e9 zirk\u00f3ny<\/strong>, zaujme svoj\u00edm decentn\u00fdm, no z\u00e1rove\u0148 luxusn\u00fdm vzh\u013eadom. Jeho dizajn je in\u0161pirovan\u00fd klasickou kr\u00e1sou \u2013 symbolom \u017eenskosti, \u0161t\u00fdlu a sebavedomia.<\/p>\n<p style=\"text-align: center;\" data-start=\"582\" data-end=\"844\">Toto <strong data-start=\"585\" data-end=\"613\">n\u00e1ramok s kubick\u00fdmi zirk\u00f3nmi<\/strong> Dokonale zv\u00fdraz\u0148uje z\u00e1p\u00e4stie a kr\u00e1sne odr\u00e1\u017ea svetlo, \u010d\u00edm dod\u00e1va trblietanie ka\u017ed\u00e9mu outfitu \u2013 \u010di u\u017e na ka\u017ed\u00fd de\u0148 alebo na ve\u010der. Je to perfektn\u00fd dar\u010dek pre niekoho v\u00fdnimo\u010dn\u00e9ho alebo elegantn\u00fd doplnok do va\u0161ej vlastnej zbierky \u0161perkov.<\/p>\n<p style=\"text-align: center;\">Obvod n\u00e1ramku\u00a0 <strong>18 cm<\/strong><\/p>\n<p class=\"p2\" style=\"text-align: center;\">","protected":false},"excerpt":{"rendered":"<p>N\u00e1ramok Kleopatra so zirk\u00f3nmi N\u00e1ramok Kleopatra v sebe sp\u00e1ja v\u00fdnimo\u010dn\u00fa eleganciu s nad\u010dasov\u00fdm \u0161armom. Vyroben\u00fd z chirurgickej ocele a ozdoben\u00fd trblietav\u00fdm kubick\u00fdm zirk\u00f3nom, zaujme svoj\u00edm decentn\u00fdm, no z\u00e1rove\u0148 luxusn\u00fdm vzh\u013eadom. Jeho dizajn je in\u0161pirovan\u00fd klasickou kr\u00e1sou \u2013 symbolom \u017eenskosti, \u0161t\u00fdlu a sebavedomia. Tento zirk\u00f3nov\u00fd n\u00e1ramok dokonale zv\u00fdrazn\u00ed z\u00e1p\u00e4stie a kr\u00e1sne odr\u00e1\u017ea svetlo, \u010d\u00edm dod\u00e1 trblietanie ka\u017ed\u00e9mu outfitu.<\/p>\n<div class=\"klb-readmore post-buttons\"><a class=\"button black outline size-sm\" href=\"https:\/\/madelinefashion.pl\/sk\/bransoletka-z-cyrkonii-cleopatra\/\">\u010c\u00edta\u0165 \u010falej <i class=\"klbth-icon-right-arrow\"><\/i><\/a><\/div>","protected":false},"featured_media":583545,"template":"","meta":[],"product_brand":[],"product_cat":[519],"product_tag":[],"class_list":{"0":"post-106751","1":"product","2":"type-product","3":"status-publish","4":"has-post-thumbnail","6":"product_cat-bizuteria-damska","8":"first","9":"instock","10":"sale","11":"purchasable","12":"product-type-simple"},"_links":{"self":[{"href":"https:\/\/madelinefashion.pl\/sk\/wp-json\/wp\/v2\/product\/106751","targetHints":{"allow":["GET"]}}],"collection":[{"href":"https:\/\/madelinefashion.pl\/sk\/wp-json\/wp\/v2\/product"}],"about":[{"href":"https:\/\/madelinefashion.pl\/sk\/wp-json\/wp\/v2\/types\/product"}],"wp:featuredmedia":[{"embeddable":true,"href":"https:\/\/madelinefashion.pl\/sk\/wp-json\/wp\/v2\/media\/583545"}],"wp:attachment":[{"href":"https:\/\/madelinefashion.pl\/sk\/wp-json\/wp\/v2\/media?parent=106751"}],"wp:term":[{"taxonomy":"product_brand","embeddable":true,"href":"https:\/\/madelinefashion.pl\/sk\/wp-json\/wp\/v2\/product_brand?post=106751"},{"taxonomy":"product_cat","embeddable":true,"href":"https:\/\/madelinefashion.pl\/sk\/wp-json\/wp\/v2\/product_cat?post=106751"},{"taxonomy":"product_tag","embeddable":true,"href":"https:\/\/madelinefashion.pl\/sk\/wp-json\/wp\/v2\/product_tag?post=106751"}],"curies":[{"name":"pracovn\u00fd list","href":"https:\/\/api.w.org\/{rel}","templated":true}]}}