{"id":107600,"date":"2023-10-30T13:12:01","date_gmt":"2023-10-30T12:12:01","guid":{"rendered":"https:\/\/madelinefashion.pl\/?post_type=product&#038;p=107600"},"modified":"2026-01-15T12:42:58","modified_gmt":"2026-01-15T11:42:58","slug":"plaszcz-zapinany-z-kolnierzem-dalia-czarny","status":"publish","type":"product","link":"https:\/\/madelinefashion.pl\/sk\/plaszcz-zapinany-z-kolnierzem-dalia-czarny\/","title":{"rendered":"P\u0142aszcz Zapinany Z Ko\u0142nierzem Dalia Czarny"},"content":{"rendered":"<h3 style=\"text-align: center;\">P\u0142aszcz Zapinany Z Ko\u0142nierzem Dalia Czarny<\/h3>\n<p style=\"text-align: center;\"><strong>Kab\u00e1t<\/strong>\u00a0lemovan\u00e9 gomb\u00edkmi je to prav\u00e9 <strong>sez\u00f3nny hit<\/strong>. Tento kab\u00e1t, ktor\u00fd je kombin\u00e1ciou elegancie, modernosti a funk\u010dnosti, dopln\u00ed ka\u017ed\u00fa siluetu a \u0161t\u00fdl. Je dostupn\u00fd v \u0161tyroch farb\u00e1ch a ur\u010dite v\u00e1s odl\u00ed\u0161i od davu. , <strong>bude perfektn\u00e1 v ka\u017edom ro\u010dnom obdob\u00ed<\/strong>. Peler\u00edna m\u00e1 na bokoch vreck\u00e1. Zap\u00ednanie na gomb\u00edk zlatej farby. Ka\u017ed\u00fd \u0161ev kab\u00e1ta je lemovan\u00fd ni\u0165ou v rovnakej farbe.Kab\u00e1t sa hod\u00ed na ka\u017ed\u00fa pr\u00edle\u017eitos\u0165. V na\u0161om internetovom obchode n\u00e1jdete tento produkt v<strong> r\u00f4zne farebn\u00e9 varianty<\/strong>\u00a0 za bezkonkuren\u010dn\u00e9 <strong>n\u00edzka cena<\/strong>. Hod\u00ed sa ku ka\u017ed\u00e9mu \u0161t\u00fdlu, na ka\u017edodenn\u00e9 nosenie, no v\u010faka spr\u00e1vnym doplnkom vytvor\u00edte origin\u00e1lny outfit aj na ve\u010dern\u00fa romantick\u00fa prech\u00e1dzku, ale aj na pracovn\u00fd v\u00fdlet. Model vhodn\u00fd pre d\u00e1my nosiace ve\u013e <strong>SML XL<\/strong><strong> XXL <\/strong>Ak sa neviete rozhodn\u00fa\u0165, ktor\u00e1 farba, ve\u013ekos\u0165 je pre v\u00e1s najlep\u0161ia, kontaktujte n\u00e1s prostredn\u00edctvom <strong>Facebook<\/strong> alebo telef\u00f3n.<\/p>\n<h3 style=\"text-align: center;\">rozmery kab\u00e1ta:<\/h3>\n<p style=\"text-align: center;\"><strong>VE\u013dKOS\u0164 S <\/strong><\/p>\n<ul style=\"text-align: center;\">\n<li>celkov\u00e1 d\u013a\u017eka 88,5 cm<\/li>\n<li>od podpazu\u0161ia do podpazu\u0161ia 48-53 cm<\/li>\n<li>p\u00e1s 41-45 cm<\/li>\n<li>ruk\u00e1v od pazuchy 44 cm<\/li>\n<li>ruk\u00e1v od ramena 59 cm<br \/>\nboky 47 cm \u2013 51 cm<\/li>\n<\/ul>\n<p style=\"text-align: center;\"><strong>VE\u013dKOS\u0164 M <\/strong><\/p>\n<ul style=\"text-align: center;\">\n<li>celkov\u00e1 d\u013a\u017eka 89 cm<\/li>\n<li>od podpazu\u0161ia do podpazu\u0161ia 50 \u2013 55 cm<\/li>\n<li>p\u00e1s 43 \u2013 47 cm<\/li>\n<li>ruk\u00e1v od pazuchy 44 cm<\/li>\n<li>ruk\u00e1v od ramena 60 cm<br \/>\nobvod bokov 49 cm \u2013 53 cm<\/li>\n<li><\/li>\n<\/ul>\n<p style=\"text-align: center;\"><strong>VE\u013dKOS\u0164 L <\/strong><\/p>\n<ul style=\"text-align: center;\">\n<li>celkov\u00e1 d\u013a\u017eka 89 cm<\/li>\n<li>od podpazu\u0161ia do podpazu\u0161ia 52 \u2013 57 cm<\/li>\n<li>p\u00e1s 45-49 cm<\/li>\n<li>ruk\u00e1v od pazuchy 44 cm<\/li>\n<li>ruk\u00e1v od ramena 61 cm<br \/>\nobvod bokov 51 cm \u2013 55 cm<\/li>\n<li><\/li>\n<\/ul>\n<p style=\"text-align: center;\"><strong>VE\u013dKOS\u0164 XL <\/strong><\/p>\n<ul style=\"text-align: center;\">\n<li>celkov\u00e1 d\u013a\u017eka 89,5 cm<\/li>\n<li>od podpazu\u0161ia do podpazu\u0161ia 54 \u2013 59 cm<\/li>\n<li>p\u00e1s 47-51 cm<\/li>\n<li>ruk\u00e1v od pazuchy 44 cm<\/li>\n<li>ruk\u00e1v od ramena 62 cm<br \/>\nobvod bokov 53 cm \u2013 57 cm<\/li>\n<\/ul>\n<p style=\"text-align: center;\"><strong>VE\u013dKOS\u0164 XXL<\/strong><\/p>\n<ul style=\"text-align: center;\">\n<li>celkov\u00e1 d\u013a\u017eka 89,5 cm<\/li>\n<li>od podpazu\u0161ia do podpazu\u0161ia 56-62 cm<\/li>\n<li>p\u00e1s 48-55 cm<\/li>\n<li>ruk\u00e1v od pazuchy 44 cm<\/li>\n<li>ruk\u00e1v od ramena 63 cm<br \/>\nobvod bokov 56 cm \u2013 60 cm<\/li>\n<\/ul>\n<ul style=\"text-align: center;\">\n<li><\/li>\n<\/ul>\n<p style=\"text-align: center;\">Rozmery sa m\u00f4\u017eu mierne l\u00ed\u0161i\u0165 od uveden\u00fdch +\/- 2cm. V\u0161etky uveden\u00e9 rozmery s\u00fa meran\u00e9 plo\u0161ne.<\/p>\n<p style=\"text-align: center;\"><strong>\u00a0<\/strong><\/p>\n<table width=\"499\">\n<tbody>\n<tr>\n<td width=\"302\">Meno modela<\/td>\n<td width=\"302\">Kab\u00e1t s golierom a gomb\u00edkmi Dalia<\/td>\n<\/tr>\n<tr>\n<td width=\"302\">Farba<\/td>\n<td width=\"302\">\u010dierna<\/td>\n<\/tr>\n<tr>\n<td width=\"302\">Zbierka<\/td>\n<td width=\"302\">jese\u0148\/zima\/jar<\/td>\n<\/tr>\n<tr>\n<td width=\"302\">ve\u013ekosti<\/td>\n<td width=\"302\">Univerz\u00e1lny<\/td>\n<\/tr>\n<tr>\n<td width=\"302\">M\u00f3da<\/td>\n<td width=\"302\">nadrozmern\u00e9<\/td>\n<\/tr>\n<tr>\n<td width=\"302\">Hood<\/td>\n<td width=\"302\">Bez kapucne<\/td>\n<\/tr>\n<tr>\n<td width=\"302\">izolovan\u00e9<\/td>\n<td width=\"302\">Pod\u0161\u00edvka<\/td>\n<\/tr>\n<tr>\n<td width=\"302\">Materi\u00e1l<\/td>\n<td width=\"302\">93% Polyester 7% Lana<\/td>\n<\/tr>\n<\/tbody>\n<\/table>\n<p>&nbsp;<\/p>\n<p style=\"text-align: center;\">Model m\u00e1\u00a0<strong>169<\/strong>\u00a0cm vysok\u00fd, nos\u00ed ve\u013ekos\u0165 ka\u017ed\u00fd de\u0148\u00a0<strong>S<\/strong><\/p>\n<p style=\"text-align: center;\">\u0160\u00edrka hrudn\u00edka 91 cm<\/p>\n<p style=\"text-align: center;\">\u0160\u00edrka p\u00e1su 71 cm<\/p>\n<p style=\"text-align: center;\">\u0160\u00edrka bokov 96 cm<\/p>","protected":false},"excerpt":{"rendered":"<p>P\u0142aszcz Zapinany Z Ko\u0142nierzem Dalia Czarny P\u0142aszcz\u00a0z podszewk\u0105 zapinany na guziki\u00a0 to prawdziwy hit sezonu. Jest to po\u0142\u0105czenie elegancji, nowoczesno\u015bci i funkcjonalno\u015bci \u2013 p\u0142aszczyk wpisuje si\u0119 w ka\u017cd\u0105 sylwetk\u0119 i stylizacj\u0119. P\u0142aszcz w 4 kolorach pozwoli Ci wyr\u00f3\u017cni\u0107 si\u0119 z t\u0142umu , \u015bwietnie sprawdzi si\u0119 w ka\u017cdej porze roku. Narzutka posiada kieszenie po bokach. Zapi\u0119cie<\/p>\n<div class=\"klb-readmore post-buttons\"><a class=\"button black outline size-sm\" href=\"https:\/\/madelinefashion.pl\/sk\/plaszcz-zapinany-z-kolnierzem-dalia-czarny\/\">\u010c\u00edta\u0165 \u010falej <i class=\"klbth-icon-right-arrow\"><\/i><\/a><\/div>","protected":false},"featured_media":107577,"template":"","meta":[],"product_brand":[],"product_cat":[118,279],"product_tag":[],"class_list":{"0":"post-107600","1":"product","2":"type-product","3":"status-publish","4":"has-post-thumbnail","6":"product_cat-plaszcze","7":"product_cat-plaszcze-wiosenne","8":"pa_rozmiar-xl","9":"pa_rozmiar-xxl","10":"pa_rozmiar-s","11":"pa_rozmiar-m","12":"pa_rozmiar-l","14":"first","15":"outofstock","16":"product-type-variable"},"_links":{"self":[{"href":"https:\/\/madelinefashion.pl\/sk\/wp-json\/wp\/v2\/product\/107600","targetHints":{"allow":["GET"]}}],"collection":[{"href":"https:\/\/madelinefashion.pl\/sk\/wp-json\/wp\/v2\/product"}],"about":[{"href":"https:\/\/madelinefashion.pl\/sk\/wp-json\/wp\/v2\/types\/product"}],"wp:featuredmedia":[{"embeddable":true,"href":"https:\/\/madelinefashion.pl\/sk\/wp-json\/wp\/v2\/media\/107577"}],"wp:attachment":[{"href":"https:\/\/madelinefashion.pl\/sk\/wp-json\/wp\/v2\/media?parent=107600"}],"wp:term":[{"taxonomy":"product_brand","embeddable":true,"href":"https:\/\/madelinefashion.pl\/sk\/wp-json\/wp\/v2\/product_brand?post=107600"},{"taxonomy":"product_cat","embeddable":true,"href":"https:\/\/madelinefashion.pl\/sk\/wp-json\/wp\/v2\/product_cat?post=107600"},{"taxonomy":"product_tag","embeddable":true,"href":"https:\/\/madelinefashion.pl\/sk\/wp-json\/wp\/v2\/product_tag?post=107600"}],"curies":[{"name":"pracovn\u00fd list","href":"https:\/\/api.w.org\/{rel}","templated":true}]}}