{"id":107828,"date":"2023-11-02T10:11:50","date_gmt":"2023-11-02T09:11:50","guid":{"rendered":"https:\/\/madelinefashion.pl\/?post_type=product&#038;p=107828"},"modified":"2025-11-26T12:54:24","modified_gmt":"2025-11-26T11:54:24","slug":"body-kopertowe-karmelowe","status":"publish","type":"product","link":"https:\/\/madelinefashion.pl\/sk\/body-kopertowe-karmelowe\/","title":{"rendered":"Karamelov\u00e9 body s ob\u00e1lkou"},"content":{"rendered":"<h3 style=\"text-align: center;\">Karamelov\u00e9 body s ob\u00e1lkou<\/h3>\n<p style=\"text-align: center;\"><strong>Ob\u00e1lkov\u00e9 telo s v\u00fdstrihom<\/strong>\u00a0 V-typ. Luxusn\u00e9 telo bl\u00fazky s hlbok\u00fdm, <strong>zmyseln\u00fd v\u00fdstrih<\/strong>. Je perfektn\u00fd k elegantn\u00fdm aj le\u017e\u00e9rnym outfitom. Je to v\u0161estrann\u00fd k\u00fasok, do ktor\u00e9ho sa zamilujete. M\u00f4\u017eete ho nosi\u0165 so \u0161ortkami, d\u017e\u00ednsami, suk\u0148ou alebo dokonca ko\u017een\u00fdmi nohavicami. Materi\u00e1l vyroben\u00fd v Eur\u00f3pe m\u00e1 vynikaj\u00facu kvalitu. Dokonale sa prisp\u00f4sob\u00ed va\u0161ej postave. Ide\u00e1lny do \u0161koly, do pr\u00e1ce, na rande alebo na stretnutie s priate\u013emi! <strong>Ide\u00e1lne pre ka\u017ed\u00fa pr\u00edle\u017eitos\u0165 a \u010das! <\/strong>Ve\u013ekos\u0165 <strong>odpor\u00fa\u010dan\u00e9 univerz\u00e1lne<\/strong> pre d\u00e1my vo ve\u013ekosti od<strong> XS a\u017e L<\/strong><\/p>\n<h3 style=\"text-align: center;\">Rozmery<\/h3>\n<ul style=\"text-align: center;\">\n<li>\n<ul style=\"text-align: center;\">\n<li>celkov\u00e1 d\u013a\u017eka: 70 cm<\/li>\n<li>\u0161\u00edrka od pazuchy po pazuchu: 45 cm -48 cm<\/li>\n<li>d\u013a\u017eka ruk\u00e1va od ramena: 39 cm<\/li>\n<li>d\u013a\u017eka ruk\u00e1va od podpazu\u0161ia: 54 cm<\/li>\n<li>odpor\u00fa\u010dan\u00fd maxim\u00e1lny obvod poprsia: 100 cm<\/li>\n<li>\u0161\u00edrka v p\u00e1se: 45 cm<\/li>\n<li><\/li>\n<\/ul>\n<p style=\"text-align: center;\">Rozmery sa m\u00f4\u017eu mierne l\u00ed\u0161i\u0165 od uveden\u00fdch +\/- 2cm. V\u0161etky uveden\u00e9 rozmery s\u00fa meran\u00e9 plo\u0161ne. <strong>rozmer x2<\/strong><strong>\u00a0<\/strong><\/p>\n<\/li>\n<\/ul>\n<table width=\"617\">\n<tbody>\n<tr>\n<td width=\"302\">Meno modela<\/td>\n<td width=\"302\">Telo ob\u00e1lky<\/td>\n<\/tr>\n<tr>\n<td width=\"302\">Farba<\/td>\n<td width=\"302\">karamel<\/td>\n<\/tr>\n<tr>\n<td width=\"302\">Zbierka<\/td>\n<td width=\"302\">Jar leto jese\u0148 zima<\/td>\n<\/tr>\n<tr>\n<td width=\"302\">ve\u013ekosti<\/td>\n<td width=\"302\">Univerz\u00e1lny<\/td>\n<\/tr>\n<tr>\n<td width=\"302\">M\u00f3da<\/td>\n<td width=\"302\">Zhoda<\/td>\n<\/tr>\n<tr>\n<td width=\"302\">\u0160tiepenie<\/td>\n<td width=\"302\">Ob\u00e1lka v \u0161t\u00fdle V<\/td>\n<\/tr>\n<tr>\n<td width=\"302\"><\/td>\n<td width=\"302\">nohavi\u010dky<\/td>\n<\/tr>\n<tr>\n<td width=\"302\">Materi\u00e1l<\/td>\n<td width=\"302\">95% polyester 5% elastan<\/td>\n<\/tr>\n<\/tbody>\n<\/table>\n<p>&nbsp;<\/p>\n<p style=\"text-align: center;\">Model m\u00e1\u00a0<strong>169<\/strong>\u00a0cm vysok\u00fd, nos\u00ed ve\u013ekos\u0165 ka\u017ed\u00fd de\u0148\u00a0<strong>S<\/strong><\/p>\n<p style=\"text-align: center;\">\u0160\u00edrka hrudn\u00edka 91 cm<\/p>\n<p style=\"text-align: center;\">\u0160\u00edrka p\u00e1su 71 cm<\/p>\n<p style=\"text-align: center;\">\u0160\u00edrka bokov 96 cm<\/p>","protected":false},"excerpt":{"rendered":"<p>Body Kopertowe Karmelowe Body kopertowe z dekoltem\u00a0 typu V . Luksusowa bluzka-body z g\u0142\u0119bokim, zmys\u0142owym dekoltem. Rewelacyjnie sprawdzi si\u0119 zar\u00f3wno w eleganckich, jak i casualowych stylizacjach. Wybierane do wielu stylizacji. Model w kt\u00f3rym si\u0119 zakochasz . Mo\u017cesz je nosi\u0107 do szort\u00f3w, d\u017cins\u00f3w, sp\u00f3dnicy, a nawet spodni ze sk\u00f3ry. Produkt europejski, bardzo dobra jako\u015b\u0107 materia\u0142u. Idealnie<\/p>\n<div class=\"klb-readmore post-buttons\"><a class=\"button black outline size-sm\" href=\"https:\/\/madelinefashion.pl\/sk\/body-kopertowe-karmelowe\/\">\u010c\u00edta\u0165 \u010falej <i class=\"klbth-icon-right-arrow\"><\/i><\/a><\/div>","protected":false},"featured_media":585517,"template":"","meta":[],"product_brand":[],"product_cat":[84],"product_tag":[504],"class_list":{"0":"post-107828","1":"product","2":"type-product","3":"status-publish","4":"has-post-thumbnail","6":"product_cat-body","7":"product_tag-party-time","9":"first","10":"instock","11":"purchasable","12":"product-type-simple"},"_links":{"self":[{"href":"https:\/\/madelinefashion.pl\/sk\/wp-json\/wp\/v2\/product\/107828","targetHints":{"allow":["GET"]}}],"collection":[{"href":"https:\/\/madelinefashion.pl\/sk\/wp-json\/wp\/v2\/product"}],"about":[{"href":"https:\/\/madelinefashion.pl\/sk\/wp-json\/wp\/v2\/types\/product"}],"wp:featuredmedia":[{"embeddable":true,"href":"https:\/\/madelinefashion.pl\/sk\/wp-json\/wp\/v2\/media\/585517"}],"wp:attachment":[{"href":"https:\/\/madelinefashion.pl\/sk\/wp-json\/wp\/v2\/media?parent=107828"}],"wp:term":[{"taxonomy":"product_brand","embeddable":true,"href":"https:\/\/madelinefashion.pl\/sk\/wp-json\/wp\/v2\/product_brand?post=107828"},{"taxonomy":"product_cat","embeddable":true,"href":"https:\/\/madelinefashion.pl\/sk\/wp-json\/wp\/v2\/product_cat?post=107828"},{"taxonomy":"product_tag","embeddable":true,"href":"https:\/\/madelinefashion.pl\/sk\/wp-json\/wp\/v2\/product_tag?post=107828"}],"curies":[{"name":"pracovn\u00fd list","href":"https:\/\/api.w.org\/{rel}","templated":true}]}}