{"id":107918,"date":"2023-11-02T12:13:40","date_gmt":"2023-11-02T11:13:40","guid":{"rendered":"https:\/\/madelinefashion.pl\/?post_type=product&#038;p=107918"},"modified":"2026-01-15T12:42:58","modified_gmt":"2026-01-15T11:42:58","slug":"futerko-krotkie-z-kapturem-floris","status":"publish","type":"product","link":"https:\/\/madelinefashion.pl\/sk\/futerko-krotkie-z-kapturem-floris\/","title":{"rendered":"Kr\u00e1tky ko\u017euch Floris s kapuc\u0148ou"},"content":{"rendered":"<h3 style=\"text-align: center;\">Kr\u00e1tky ko\u017euch Floris s kapuc\u0148ou<\/h3>\n<p style=\"text-align: center;\"><strong> Kr\u00e1tka, umel\u00e1 ko\u017eu\u0161ina s kapuc\u0148ou. Perfektne ju skombinujete s ka\u017edodenn\u00fdmi outfitmi, ale aj s ve\u010dern\u00fdmi \u0161atami.<\/strong> Tento ko\u017euch je vyroben\u00fd z vysoko kvalitn\u00e9ho materi\u00e1lu a je \u010dierno-karamelovej farby, v\u010faka \u010domu sa perfektne hod\u00ed k v\u00e4\u010d\u0161ine z\u00e1kladn\u00fdch k\u00faskov \u0161atn\u00edka. Je to perfektn\u00fd doplnok k bund\u00e1m a in\u00e9mu vrchn\u00e9mu oble\u010deniu. Neutr\u00e1lna farba sa bude hodi\u0165 k r\u00f4znym outfitom. Ko\u017euch m\u00e1 ve\u013ek\u00fa, tepl\u00fa kapuc\u0148u a zap\u00ednanie na zips.<\/p>\n<h3 style=\"text-align: center;\">Rozmery:<\/h3>\n<p style=\"text-align: center;\"><strong>VE\u013dKOS\u0164 S\/M<\/strong><br \/>\nCelkov\u00e1 d\u013a\u017eka: 46 cm<br \/>\n\u0160\u00edrka od pazuchy po pazuchu: 51 cm x 2<br \/>\nD\u013a\u017eka ruk\u00e1va od ramena: 63 cm<br \/>\nD\u013a\u017eka ruk\u00e1va od podpazu\u0161ia: 45 cm<\/p>\n<p style=\"text-align: center;\"><strong>VE\u013dKOS\u0164 M\/L<br \/>\n<\/strong>Celkov\u00e1 d\u013a\u017eka: 46 cm<br \/>\n\u0160\u00edrka od podpazu\u0161ia k podpazu\u0161iu: 53 cm x 2<br \/>\nD\u013a\u017eka ruk\u00e1va od ramena: 64 cm<br \/>\nD\u013a\u017eka ruk\u00e1va od podpazu\u0161ia: 46 cm<strong><br \/>\n<\/strong><\/p>\n<p style=\"text-align: center;\">Rozmery sa m\u00f4\u017eu mierne l\u00ed\u0161i\u0165 od uveden\u00fdch +\/- 2cm. V\u0161etky uveden\u00e9 rozmery s\u00fa <strong>meran\u00fd byt<\/strong>.\u00a0<strong>rozmer x2<\/strong><\/p>\n<p>&nbsp;<\/p>\n<table width=\"605\">\n<tbody>\n<tr>\n<td width=\"302\">Meno modela<\/td>\n<td width=\"302\">Kr\u00e1tky ko\u017euch Floris s kapuc\u0148ou<\/td>\n<\/tr>\n<tr>\n<td width=\"302\">Farba<\/td>\n<td width=\"302\">\u010dierna<\/td>\n<\/tr>\n<tr>\n<td width=\"302\">ve\u013ekosti<\/td>\n<td width=\"302\">XS SML<\/td>\n<\/tr>\n<tr>\n<td width=\"302\">Zbierka<\/td>\n<td width=\"302\">jar\/jese\u0148\/zima<\/td>\n<\/tr>\n<tr>\n<td width=\"302\">Hood<\/td>\n<td width=\"302\">Nie<\/td>\n<\/tr>\n<tr>\n<td width=\"302\">Kvalita<\/td>\n<td width=\"302\">Premium<\/td>\n<\/tr>\n<tr>\n<td width=\"302\">zap\u00ednanie<\/td>\n<td width=\"302\">Z\u00e1mok<\/td>\n<\/tr>\n<\/tbody>\n<\/table>\n<p style=\"text-align: center;\">Model m\u00e1\u00a0<strong>169<\/strong>\u00a0cm vysok\u00fd, nos\u00ed ve\u013ekos\u0165 ka\u017ed\u00fd de\u0148\u00a0<strong>S<\/strong><\/p>\n<p style=\"text-align: center;\">\u0160\u00edrka hrudn\u00edka 91 cm<\/p>\n<p style=\"text-align: center;\">\u0160\u00edrka p\u00e1su 71 cm<\/p>\n<p style=\"text-align: center;\">\u0160\u00edrka bokov 96 cm<\/p>\n<p style=\"text-align: center;\"><span style=\"font-size: 10pt;\">\u00a0<\/span><\/p>\n<p style=\"text-align: center;\">","protected":false},"excerpt":{"rendered":"<p>Kr\u00e1tky kab\u00e1t Floris z umelej ko\u017eu\u0161iny s kapuc\u0148ou. Kr\u00e1tky kab\u00e1t z umelej ko\u017eu\u0161iny s kapuc\u0148ou. Ide\u00e1lny na ka\u017edodenn\u00e9 nosenie, mo\u017eno ho kombinova\u0165 aj s ve\u010dern\u00fdmi \u0161atami. Kab\u00e1t je vyroben\u00fd z vysoko kvalitn\u00e9ho materi\u00e1lu a je v \u010diernej a karamelovej farbe, v\u010faka \u010domu sa perfektne hod\u00ed k v\u00e4\u010d\u0161ine k\u00faskov v\u00e1\u0161ho \u0161atn\u00edka. Absol\u00fatny hit, pokia\u013e ide o bundy a in\u00e9 vrchn\u00e9 oble\u010denie. Neutr\u00e1lna farba ho nech\u00e1 vynikn\u00fa\u0165.,<\/p>\n<div class=\"klb-readmore post-buttons\"><a class=\"button black outline size-sm\" href=\"https:\/\/madelinefashion.pl\/sk\/futerko-krotkie-z-kapturem-floris\/\">\u010c\u00edta\u0165 \u010falej <i class=\"klbth-icon-right-arrow\"><\/i><\/a><\/div>","protected":false},"featured_media":107916,"template":"","meta":[],"product_brand":[],"product_cat":[117,395],"product_tag":[],"class_list":{"0":"post-107918","1":"product","2":"type-product","3":"status-publish","4":"has-post-thumbnail","6":"product_cat-kurtki","7":"product_cat-nowosci","8":"pa_rozmiar-s-m","9":"pa_rozmiar-m-l","11":"first","12":"outofstock","13":"product-type-variable"},"_links":{"self":[{"href":"https:\/\/madelinefashion.pl\/sk\/wp-json\/wp\/v2\/product\/107918","targetHints":{"allow":["GET"]}}],"collection":[{"href":"https:\/\/madelinefashion.pl\/sk\/wp-json\/wp\/v2\/product"}],"about":[{"href":"https:\/\/madelinefashion.pl\/sk\/wp-json\/wp\/v2\/types\/product"}],"wp:featuredmedia":[{"embeddable":true,"href":"https:\/\/madelinefashion.pl\/sk\/wp-json\/wp\/v2\/media\/107916"}],"wp:attachment":[{"href":"https:\/\/madelinefashion.pl\/sk\/wp-json\/wp\/v2\/media?parent=107918"}],"wp:term":[{"taxonomy":"product_brand","embeddable":true,"href":"https:\/\/madelinefashion.pl\/sk\/wp-json\/wp\/v2\/product_brand?post=107918"},{"taxonomy":"product_cat","embeddable":true,"href":"https:\/\/madelinefashion.pl\/sk\/wp-json\/wp\/v2\/product_cat?post=107918"},{"taxonomy":"product_tag","embeddable":true,"href":"https:\/\/madelinefashion.pl\/sk\/wp-json\/wp\/v2\/product_tag?post=107918"}],"curies":[{"name":"pracovn\u00fd list","href":"https:\/\/api.w.org\/{rel}","templated":true}]}}