{"id":10812,"date":"2021-05-03T15:07:09","date_gmt":"2021-05-03T13:07:09","guid":{"rendered":"https:\/\/madelinefashion.pl\/?post_type=product&#038;p=10812"},"modified":"2025-09-09T10:35:16","modified_gmt":"2025-09-09T08:35:16","slug":"sukienka-z-koronka-na-dole-giulia-pudrowy-roz","status":"publish","type":"product","link":"https:\/\/madelinefashion.pl\/sk\/sukienka-z-koronka-na-dole-giulia-pudrowy-roz\/","title":{"rendered":"\u0160aty s \u010dipkou naspodku Giulia Powder Pink"},"content":{"rendered":"<h3 style=\"text-align: center;\">\u0160aty s \u010dipkou naspodku Giulia Powder Pink<\/h3>\n<p style=\"text-align: center;\">\u0160aty s \u010dipkou v spodnej \u010dasti Giulia vo farbe p\u00fadrovej ru\u017eovej <strong>je to MUST HAVE <\/strong>prich\u00e1dzaj\u00face leto<strong>. <\/strong>Oversize strih V\u00e1m zaru\u010d\u00ed pohodlie a skvel\u00fd vzh\u013ead. \u0160aty<strong> s ob\u00e1lkov\u00fdm v\u00fdstrihom<\/strong> zdoben\u00e9 zlat\u00fdmi vsadkami a \u010dipkovan\u00fdm spodkom<strong> mal\u00e9 strapce, ktor\u00e9 dod\u00e1vaj\u00fa \u0161arm a zaru\u010duj\u00fa \u00faspech ka\u017ed\u00e9ho vytvoren\u00e9ho vzh\u013eadu.\u00a0<\/strong> Vzdu\u0161n\u00e9 \u0161aty maj\u00fa v p\u00e1se gumu, v\u010faka ktorej perfektne sadn\u00fa na postavu. \u0160aty Giulia v univerz\u00e1lnej ve\u013ekosti odpor\u00fa\u010dan\u00e9 pre \u017eeny vo ve\u013e <strong>SML XL.<\/strong><\/p>\n<p>&nbsp;<\/p>\n<h3 style=\"text-align: center;\">Rozmery:<\/h3>\n<ul>\n<li style=\"text-align: center;\">\u00a0\u00a0\u00a0\u00a0\u00a0\u00a0\u00a0 celkov\u00e1 predn\u00e1 d\u013a\u017eka: 83 cm<\/li>\n<li style=\"text-align: center;\">celkov\u00e1 d\u013a\u017eka chrbta: 92 cm<\/li>\n<li style=\"text-align: center;\">\u0161\u00edrka ramien: 37 cm<\/li>\n<li style=\"text-align: center;\">\u00a0\u00a0\u00a0\u00a0\u00a0\u00a0\u00a0 \u0161\u00edrka od pazuchy po pazuchu: 45-53 cm<\/li>\n<li style=\"text-align: center;\">\u00a0\u00a0\u00a0\u00a0\u00a0\u00a0\u00a0 d\u013a\u017eka ruk\u00e1va od podpazu\u0161ia: 5 cm<\/li>\n<li style=\"text-align: center;\">\u00a0\u00a0\u00a0\u00a0\u00a0\u00a0\u00a0 d\u013a\u017eka ruk\u00e1va od ramena: 19 cm<\/li>\n<li style=\"text-align: center;\">\u00a0\u00a0\u00a0\u00a0\u00a0\u00a0\u00a0 \u0161\u00edrka p\u00e1sa: 31-52 cm<\/li>\n<\/ul>\n<p>&nbsp;<\/p>\n<p style=\"text-align: center;\">Rozmery sa m\u00f4\u017eu l\u00ed\u0161i\u0165 od uveden\u00fdch +\/- 2cm. V\u0161etky uveden\u00e9 rozmery s\u00fa meran\u00e9 plo\u0161ne. Rozmer <strong>x2<\/strong><\/p>\n<table class=\"table\" width=\"627\">\n<tbody>\n<tr>\n<td width=\"302\">Meno modela<\/td>\n<td width=\"302\">\u0160aty s \u010dipkou naspodku Giulia<\/td>\n<\/tr>\n<tr>\n<td width=\"302\">Farba<\/td>\n<td width=\"302\">P\u00fadrov\u00e1 ru\u017eov\u00e1<\/td>\n<\/tr>\n<tr>\n<td width=\"302\">M\u00f3da<\/td>\n<td width=\"302\">nadrozmern\u00e9<\/td>\n<\/tr>\n<tr>\n<td width=\"302\">Materi\u00e1l<\/td>\n<td width=\"302\">50% polyester 45 visk\u00f3za 5% elastan<\/td>\n<\/tr>\n<tr>\n<td width=\"302\">D\u013a\u017eka<\/td>\n<td width=\"302\">Na koleno<\/td>\n<\/tr>\n<\/tbody>\n<\/table>\n<p>&nbsp;<\/p>\n<p style=\"text-align: center;\">Model m\u00e1\u00a0<strong>169<\/strong>\u00a0cm vysok\u00fd, nos\u00ed ve\u013ekos\u0165 ka\u017ed\u00fd de\u0148\u00a0<strong>S<\/strong><\/p>\n<p style=\"text-align: center;\">\u0160\u00edrka cez prsia 92 cm<\/p>\n<p style=\"text-align: center;\">\u0160\u00edrka v p\u00e1se 62 cm<\/p>\n<p style=\"text-align: center;\">\u0160\u00edrka v bokoch 94 cm<\/p>","protected":false},"excerpt":{"rendered":"<p>Sukienka z Koronk\u0105 na Dole Giulia Pudrowy R\u00f3\u017c Sukienka z Koronk\u0105 na Dole Giulia w kolorze pudrowego r\u00f3\u017cu to MUST HAVE nadchodz\u0105cego lata. Fason oversize, zagwarantuje Ci wygod\u0119 i \u015bwietny wygl\u0105d. Sukienka z dekoltem kopertowym ozdobionym z\u0142otymi wstawkami oraz koronkowym do\u0142em posiada ma\u0142e fr\u0119dzle, kt\u00f3re nadaj\u0105 uroku i gwarantuj\u0105 sukces ka\u017cdemu stworzonemu lookowi.\u00a0 Zwiewna sukienka<\/p>\n<div class=\"klb-readmore post-buttons\"><a class=\"button black outline size-sm\" href=\"https:\/\/madelinefashion.pl\/sk\/sukienka-z-koronka-na-dole-giulia-pudrowy-roz\/\">\u010c\u00edta\u0165 \u010falej <i class=\"klbth-icon-right-arrow\"><\/i><\/a><\/div>","protected":false},"featured_media":47961,"template":"","meta":[],"product_brand":[],"product_cat":[125,395],"product_tag":[],"class_list":{"0":"post-10812","1":"product","2":"type-product","3":"status-publish","4":"has-post-thumbnail","6":"product_cat-sukienki","7":"product_cat-nowosci","9":"first","10":"instock","11":"purchasable","12":"product-type-simple"},"_links":{"self":[{"href":"https:\/\/madelinefashion.pl\/sk\/wp-json\/wp\/v2\/product\/10812","targetHints":{"allow":["GET"]}}],"collection":[{"href":"https:\/\/madelinefashion.pl\/sk\/wp-json\/wp\/v2\/product"}],"about":[{"href":"https:\/\/madelinefashion.pl\/sk\/wp-json\/wp\/v2\/types\/product"}],"wp:featuredmedia":[{"embeddable":true,"href":"https:\/\/madelinefashion.pl\/sk\/wp-json\/wp\/v2\/media\/47961"}],"wp:attachment":[{"href":"https:\/\/madelinefashion.pl\/sk\/wp-json\/wp\/v2\/media?parent=10812"}],"wp:term":[{"taxonomy":"product_brand","embeddable":true,"href":"https:\/\/madelinefashion.pl\/sk\/wp-json\/wp\/v2\/product_brand?post=10812"},{"taxonomy":"product_cat","embeddable":true,"href":"https:\/\/madelinefashion.pl\/sk\/wp-json\/wp\/v2\/product_cat?post=10812"},{"taxonomy":"product_tag","embeddable":true,"href":"https:\/\/madelinefashion.pl\/sk\/wp-json\/wp\/v2\/product_tag?post=10812"}],"curies":[{"name":"pracovn\u00fd list","href":"https:\/\/api.w.org\/{rel}","templated":true}]}}