{"id":108656,"date":"2023-11-06T12:48:49","date_gmt":"2023-11-06T11:48:49","guid":{"rendered":"https:\/\/madelinefashion.pl\/?post_type=product&#038;p=108656"},"modified":"2026-04-10T14:43:22","modified_gmt":"2026-04-10T12:43:22","slug":"sukienka-szyfonowa-lupin-z-rekawkiem-i-cyrkoniami-czarna","status":"publish","type":"product","link":"https:\/\/madelinefashion.pl\/sk\/sukienka-szyfonowa-lupin-z-rekawkiem-i-cyrkoniami-czarna\/","title":{"rendered":"\u0160if\u00f3nov\u00e9 \u0161aty Lupin s ruk\u00e1vmi a kamienkami, \u010dierne"},"content":{"rendered":"<h3 style=\"text-align: center;\">\u0160if\u00f3nov\u00e9 \u0161aty Lupin s ruk\u00e1vmi a kamienkami, \u010dierne<\/h3>\n<p style=\"text-align: center;\"><b>Maxi \u0161aty s kr\u00e1tkymi ruk\u00e1vmi.<\/b> Neuverite\u013ene \u017eensk\u00e9, elegantn\u00e9 \u0161if\u00f3nov\u00e9 maxi \u0161aty s okr\u00fahlym v\u00fdstrihom. Elastick\u00fd p\u00e1s zais\u0165uje dokonal\u00fd strih a zd\u00f4raz\u0148uje \u017eensk\u00e9 krivky. Do \u0161iat je v\u0161it\u00fd opasok s kamienkami, ktor\u00fd im dod\u00e1va n\u00e1dych trblietky a elegancie. \u0160aty s\u00fa pod\u0161it\u00e9. Spl\u00fdvav\u00fd strih kr\u00e1sne spl\u00fdva s pohybom. Ide\u00e1lne na svadby, recepcie, rodinn\u00e9 oslavy a recepcie. <strong><span lang=\"pl-pl\" xml:lang=\"pl-pl\">\u0160aty s\u00fa vyroben\u00e9 z \u013eahk\u00e9ho materi\u00e1lu, tak\u017ee sa v nich budete c\u00edti\u0165 pohodlne.\u00a0<\/span><\/strong><span lang=\"pl-pl\" xml:lang=\"pl-pl\">Dostupn\u00e9 v na\u0161ej predajni vo viacer\u00fdch farebn\u00fdch variantoch. Odpor\u00fa\u010dame pre d\u00e1my vo ve\u013ekosti SML XL<\/span><\/p>\n<h3 style=\"text-align: center;\">Rozmery:<\/h3>\n<ul style=\"text-align: center;\">\n<li><span style=\"font-size: 10pt;\">\u00a0\u00a0\u00a0\u00a0\u00a0\u00a0\u00a0 celkov\u00e1 d\u013a\u017eka: 150 cm<\/span><\/li>\n<li><span style=\"font-size: 10pt;\">\u00a0\u00a0\u00a0\u00a0\u00a0\u00a0\u00a0 \u0161\u00edrka od pazuchy k pazuche: 51-70 cm<\/span><\/li>\n<li><span style=\"font-size: 10pt;\">\u00a0\u00a0\u00a0\u00a0\u00a0\u00a0\u00a0 \u0161\u00edrka p\u00e1su 35-55 cm (guma)<\/span><span style=\"font-size: 10pt;\"><br \/>\n<\/span><\/li>\n<li>D\u013a\u017eka ruk\u00e1va od ramena: 20 cm<\/li>\n<li><\/li>\n<\/ul>\n<p style=\"text-align: center;\"><span style=\"vertical-align: inherit;\">Rozmery sa m\u00f4\u017eu l\u00ed\u0161i\u0165 od uveden\u00fdch +\/- 2cm. V\u0161etky uveden\u00e9 rozmery s\u00fa meran\u00e9 plo\u0161ne. rozmer x2<\/span><\/p>\n<h3 style=\"text-align: center;\">Vlastnosti produktu:<\/h3>\n<p style=\"text-align: center;\"><span style=\"color: #000000;\"><strong>Dod\u00e1van\u00e9 s opaskom vo farbe \u0161iat.<\/strong><\/span><\/p>\n<p style=\"text-align: center;\"><span style=\"font-size: 10pt;\">- elastick\u00fd materi\u00e1l<\/span><br \/>\n<span style=\"font-size: 10pt;\">- pod\u0161\u00edvka<br \/>\n<\/span>\u2013 okr\u00fahly v\u00fdstrih, zdoben\u00fd zirk\u00f3nmi<br \/>\n- maxi \u0161aty<br \/>\n\u2013 strieborn\u00e1 ozdoba v p\u00e1se<\/p>\n<p style=\"text-align: center;\"><span style=\"font-size: 10pt;\"><strong>\u00a0<\/strong>\u00a0<\/span><\/p>\n<p>&nbsp;<\/p>\n<table style=\"height: 166px;\" width=\"670\">\n<tbody>\n<tr>\n<td width=\"302\"><span style=\"font-size: 10pt;\">Meno modela<\/span><\/td>\n<td width=\"302\">\u0160if\u00f3nov\u00e9 \u0161aty Lupin s ruk\u00e1vmi a kamienkami<\/td>\n<\/tr>\n<tr>\n<td width=\"302\">Farba<\/td>\n<td width=\"302\">\u010dierna<\/td>\n<\/tr>\n<tr>\n<td width=\"302\"><span style=\"font-size: 10pt;\">M\u00f3da<\/span><\/td>\n<td width=\"302\"><span style=\"font-size: 10pt;\">Jednoduch\u00e9<\/span><\/td>\n<\/tr>\n<tr>\n<td width=\"302\"><span style=\"font-size: 10pt;\">Materi\u00e1l<\/span><\/td>\n<td width=\"302\"><span style=\"font-size: 10pt;\">95 %Polyester 5% Elastan<\/span><\/td>\n<\/tr>\n<tr>\n<td width=\"302\"><span style=\"font-size: 10pt;\">D\u013a\u017eka<\/span><\/td>\n<td width=\"302\"><span style=\"font-size: 13.3333px;\">maxi<\/span><\/td>\n<\/tr>\n<\/tbody>\n<\/table>\n<p style=\"text-align: center;\">Model m\u00e1\u00a0<strong>169<\/strong>\u00a0cm vysok\u00fd, nos\u00ed ve\u013ekos\u0165 ka\u017ed\u00fd de\u0148\u00a0<strong>S<\/strong><\/p>\n<p style=\"text-align: center;\">\u0160\u00edrka hrudn\u00edka 91 cm<\/p>\n<p style=\"text-align: center;\">\u0160\u00edrka p\u00e1su 71 cm<\/p>\n<p style=\"text-align: center;\">\u0160\u00edrka bokov 96 cm<\/p>\n<div class=\"additional-details\" style=\"text-align: center;\">\n<p style=\"text-align: center;\"><span style=\"font-size: 10pt;\">\u00a0<\/span><\/p>\n<\/div>","protected":false},"excerpt":{"rendered":"<p>Sukienka Szyfonowa Lupin z R\u0119kawkiem I Cyrkoniami Czarna Sukienka maxi z kr\u00f3tkim r\u0119kawkiem. Niesamowicie kobieca, elegancka sukienka\u00a0 szyfonowa o d\u0142ugo\u015bci maxi. Sukienka z okr\u0105g\u0142ym dekoltem. W talii elastyczna gumka zapewnia dopasowanie modelu do sylwetki co podkre\u015bli kobiece kszta\u0142ty. Do sukienki doszyty zosta\u0142 pasek z cyrkoni, kt\u00f3ry dodaje jej blasku i elegancji. Sukienka posiada podszewk\u0119. Zwiewny<\/p>\n<div class=\"klb-readmore post-buttons\"><a class=\"button black outline size-sm\" href=\"https:\/\/madelinefashion.pl\/sk\/sukienka-szyfonowa-lupin-z-rekawkiem-i-cyrkoniami-czarna\/\">\u010c\u00edta\u0165 \u010falej <i class=\"klbth-icon-right-arrow\"><\/i><\/a><\/div>","protected":false},"featured_media":566271,"template":"","meta":[],"product_brand":[],"product_cat":[125],"product_tag":[213,163],"class_list":{"0":"post-108656","1":"product","2":"type-product","3":"status-publish","4":"has-post-thumbnail","6":"product_cat-sukienki","7":"product_tag-sukienka-czarna","8":"product_tag-sukienki-dlugie","10":"first","11":"instock","12":"purchasable","13":"product-type-simple"},"_links":{"self":[{"href":"https:\/\/madelinefashion.pl\/sk\/wp-json\/wp\/v2\/product\/108656","targetHints":{"allow":["GET"]}}],"collection":[{"href":"https:\/\/madelinefashion.pl\/sk\/wp-json\/wp\/v2\/product"}],"about":[{"href":"https:\/\/madelinefashion.pl\/sk\/wp-json\/wp\/v2\/types\/product"}],"wp:featuredmedia":[{"embeddable":true,"href":"https:\/\/madelinefashion.pl\/sk\/wp-json\/wp\/v2\/media\/566271"}],"wp:attachment":[{"href":"https:\/\/madelinefashion.pl\/sk\/wp-json\/wp\/v2\/media?parent=108656"}],"wp:term":[{"taxonomy":"product_brand","embeddable":true,"href":"https:\/\/madelinefashion.pl\/sk\/wp-json\/wp\/v2\/product_brand?post=108656"},{"taxonomy":"product_cat","embeddable":true,"href":"https:\/\/madelinefashion.pl\/sk\/wp-json\/wp\/v2\/product_cat?post=108656"},{"taxonomy":"product_tag","embeddable":true,"href":"https:\/\/madelinefashion.pl\/sk\/wp-json\/wp\/v2\/product_tag?post=108656"}],"curies":[{"name":"pracovn\u00fd list","href":"https:\/\/api.w.org\/{rel}","templated":true}]}}