{"id":109062,"date":"2023-11-09T16:56:07","date_gmt":"2023-11-09T15:56:07","guid":{"rendered":"https:\/\/madelinefashion.pl\/?post_type=product&#038;p=109062"},"modified":"2026-04-10T15:06:44","modified_gmt":"2026-04-10T13:06:44","slug":"sukienka-dluga-brokatowa-z-tiulem-zlota-victoria","status":"publish","type":"product","link":"https:\/\/madelinefashion.pl\/sk\/sukienka-dluga-brokatowa-z-tiulem-zlota-victoria\/","title":{"rendered":"Dlh\u00e9 brok\u00e1tov\u00e9 \u0161aty Victoria Gold s tylom"},"content":{"rendered":"<h3 style=\"text-align: center;\">Dlh\u00e9 brok\u00e1tov\u00e9 \u0161aty Victoria Gold s tylom<\/h3>\n<p style=\"text-align: center;\"><span style=\"font-size: 10pt;\"><strong>Dlh\u00e9 brok\u00e1tov\u00e9 \u0161aty s tylom Victoria s rozparkom.<\/strong>\u00a0 Tieto \u00fa\u017easn\u00e9 ve\u010dern\u00e9 \u0161aty maj\u00fa v\u00fdstrih do V, ktor\u00fd kr\u00e1sne zv\u00fdraz\u0148uje poprsie. Ve\u010dern\u00e9 \u0161aty kr\u00e1sne lichotia postave. Victoria v \u010diernom<b>\u00a0<\/b>zostal v<\/span><span style=\"font-size: 10pt;\">vyroben\u00e9 a \u0161it\u00e9 v Po\u013esku. <\/span><span class=\"def\">\u0160aty<strong> dlh\u00fd<\/strong> brok\u00e1t ukon\u010den\u00fd v spodnej \u010dasti tylom. Ve\u013emi flexibiln\u00e9 - s elastick\u00fdm p\u00e1som. Brok\u00e1tov\u00e9 \u0161aty s\u00fa dod\u00e1van\u00e9 s opaskom, ktor\u00fd umo\u017e\u0148uje r\u00f4zne viazanie. Spodok \u0161iat je vyroben\u00fd z dvoch vrstiev: brok\u00e1tov\u00fd materi\u00e1l a tyl. <\/span><span style=\"font-size: 10pt;\"><strong>H\u013ead\u00e1te dokonal\u00e9 \u0161aty na svadbu, Silvestra, karneval \u010di ples<\/strong>? Tento model bude perfektne fungova\u0165. \u0161aty -<strong> je to n\u00e1dhern\u00e9 a vyzer\u00e1 to jednoducho \u00fa\u017easne<\/strong> !! \u0160aty z trblietav\u00e9ho materi\u00e1lu s\u00fa v\u00fdnimo\u010dne elegantn\u00e9 a vyzeraj\u00fa ako v\u00fdtvory filmov\u00fdch hviezd. Zozn\u00e1mte sa s na\u0161ou ponukou <a href=\"https:\/\/madelinefashion.pl\/sk\/sukienki-i-kombinezony\/sukienki-okolicznosciowe\/\"><strong>ve\u010dern\u00e9 \u0161aty<\/strong><\/a> a vyberte si model, v ktorom budete <strong>vyzera\u0165 ako hviezda<\/strong> a budete vy\u010dnieva\u0165 z davu. Maxi \u0161aty sa vo svetle l\u00e1mp rozpr\u00e1vkovo trblietaj\u00fa. Nem\u00f4\u017eete by\u0165 k tomu \u013eahostajn\u00ed. Maxi \u0161aty a\u017e po zem, roz\u0161\u00edren\u00e9, vypasovan\u00e9 a s hlbok\u00fdm v\u00fdstrihom. <strong>Efekt dop\u013a\u0148a ve\u013ek\u00fd strih odha\u013euj\u00faci nohu. <\/strong><\/span><span style=\"font-size: 10pt;\">Dost\u0119pna w rozmiarach\u00a0 34 36 38 40 42\u00a0 \u00a0. Sukienki od <strong>Madelinefashion<\/strong> je vynikaj\u00facou vo\u013ebou na svadbu, ples, Silvestra a in\u00e9 elegantn\u00e9 \u0161peci\u00e1lne udalosti. Dostupn\u00e9 na na\u0161om e-shope vo viacer\u00fdch farebn\u00fdch variantoch, tak nev\u00e1hajte a vyberte si t\u00fa, ktor\u00e1 je pre v\u00e1s ako stvoren\u00e1. Ak sa neviete rozhodn\u00fa\u0165 ak\u00fa farbu, <strong>ve\u013ekos\u0165<\/strong> je pre v\u00e1s to najlep\u0161ie <strong>kontaktuj n\u00e1s<\/strong> cez <a href=\"https:\/\/www.facebook.com\/madelinefashionbutik\" target=\"_blank\" rel=\"noopener\">Facebook<\/a> alebo <a href=\"https:\/\/madelinefashion.pl\/sk\/kontakt\/\">telef\u00f3n<\/a>. Ak ve\u013ekos\u0165 nie je na str\u00e1nke, kontaktujte n\u00e1s.\u00a0<\/span><\/p>\n<h3 style=\"text-align: center;\">ROZMERY \u0161iat:<\/h3>\n<div class=\"additional-details\" style=\"text-align: center;\">\n<table width=\"556\">\n<tbody>\n<tr>\n<td><strong>VE\u013dKOS\u0164<\/strong><\/td>\n<td><strong>poprsia<\/strong><\/td>\n<td><strong>P\u00e1s<\/strong><\/td>\n<td><strong>Boky<\/strong><\/td>\n<\/tr>\n<tr>\n<td><strong>34<\/strong><\/td>\n<td>84-86<\/td>\n<td>64<\/td>\n<td>\u00a0ak\u00fdko\u013evek<\/td>\n<\/tr>\n<tr>\n<td><strong>36<\/strong><\/td>\n<td>88-90<\/td>\n<td>68<\/td>\n<td>\u00a0ak\u00fdko\u013evek<\/td>\n<\/tr>\n<tr>\n<td><strong>38<\/strong><\/td>\n<td>\u00a092-94<\/td>\n<td>72<\/td>\n<td>\u00a0ak\u00fdko\u013evek<\/td>\n<\/tr>\n<tr>\n<td><strong>40<\/strong><\/td>\n<td>96-98<\/td>\n<td>76<\/td>\n<td>\u00a0ak\u00fdko\u013evek<\/td>\n<\/tr>\n<tr>\n<td><strong>42<\/strong><\/td>\n<td>100-104<\/td>\n<td>80<\/td>\n<td>\u00a0ak\u00fdko\u013evek<\/td>\n<\/tr>\n<\/tbody>\n<\/table>\n<p><span style=\"font-size: 10pt;\">celkov\u00e1 d\u013a\u017eka cca 150 cm <\/span><span style=\"font-size: 10pt;\">\u00a0<\/span><\/p>\n<\/div>\n<p style=\"text-align: center;\"><span style=\"font-size: 10pt;\">\u0160aty s\u00fa dostupn\u00e9 aj v in\u00fdch farb\u00e1ch - odpor\u00fa\u010dame v\u00e1m zozn\u00e1mi\u0165 sa s na\u0161imi \u010fal\u0161\u00edmi produktmi.<\/span><\/p>\n<p style=\"text-align: center;\"><span style=\"font-size: 10pt;\">Rozmery sa m\u00f4\u017eu mierne l\u00ed\u0161i\u0165 od uveden\u00fdch +\/- 2cm.\u00a0<\/span><\/p>\n<p style=\"text-align: center;\"><span style=\"font-size: 10pt;\"><strong>\u00a0<\/strong>\u00a0<\/span><\/p>\n<table width=\"620\">\n<tbody>\n<tr>\n<td width=\"302\">Meno modela<\/td>\n<td width=\"302\">Victoria dlh\u00e9 brok\u00e1tov\u00e9 \u0161aty s tylom<\/td>\n<\/tr>\n<tr>\n<td width=\"302\">Farba<\/td>\n<td width=\"302\">Zlato<\/td>\n<\/tr>\n<tr>\n<td width=\"302\">\u0160tiepenie<\/td>\n<td width=\"302\">Ob\u00e1lka<\/td>\n<\/tr>\n<tr>\n<td width=\"302\">ve\u013ekosti<\/td>\n<td width=\"302\">32 34 36 38 40 42<\/td>\n<\/tr>\n<tr>\n<td width=\"302\">M\u00f3da<\/td>\n<td width=\"302\">Vzplanul<\/td>\n<\/tr>\n<tr>\n<td width=\"302\">Materi\u00e1l<\/td>\n<td width=\"302\">60% Polyester 35% Visk\u00f3za 5% Elastan<\/td>\n<\/tr>\n<tr>\n<td width=\"302\">D\u013a\u017eka<\/td>\n<td width=\"302\">Na zem<\/td>\n<\/tr>\n<\/tbody>\n<\/table>\n<p style=\"text-align: center;\">Model m\u00e1\u00a0<strong>169<\/strong>\u00a0cm vysok\u00fd, nos\u00ed ve\u013ekos\u0165 ka\u017ed\u00fd de\u0148\u00a0<strong>S<\/strong><\/p>\n<p style=\"text-align: center;\">\u0160\u00edrka hrudn\u00edka 91 cm<\/p>\n<p style=\"text-align: center;\">\u0160\u00edrka p\u00e1su 71 cm<\/p>\n<p style=\"text-align: center;\">\u0160\u00edrka bokov 96 cm<\/p>\n<p style=\"text-align: center;\"><span style=\"font-size: 10pt; text-align: center;\">\u00a0<\/span><\/p>\n<p style=\"text-align: center;\"><span style=\"font-size: 10pt;\">Aby ste si vybrali <strong>perfektn\u00e9 \u0161aty<\/strong> kontaktujte n\u00e1s telefonicky alebo prostredn\u00edctvom na\u0161ej webovej str\u00e1nky <a href=\"https:\/\/www.facebook.com\/madelinefashionbutik\" target=\"_blank\" rel=\"noopener\">Facebook<\/a> .<\/span><br \/>\n<span style=\"font-size: 10pt;\">N\u00e1\u0161 t\u00edm v\u00e1m pom\u00f4\u017ee <strong>Vyberte si ten spr\u00e1vny<\/strong> . <strong>Na \u017eelanie kupuj\u00faceho vyrob\u00edme ak\u00e9ko\u013evek \u0161aty\u00a0<\/strong><strong>opatrne mera\u0165. <\/strong><\/span><span style=\"font-size: 10pt;\">\u00a0<\/span><\/p>","protected":false},"excerpt":{"rendered":"<p>Sukienka D\u0142uga Brokatowa z Tiulem Z\u0142ota Victoria Sukienka D\u0142uga Brokatowa z Tiulem Victoria z rozci\u0119ciem.\u00a0 Wspania\u0142a suknia wieczorowa z dekoltem w szpic &#8211; V pi\u0119knie eksponuje biust.\u00a0 Suknia wieczorowa bardzo \u0142adnie dopasowuje si\u0119 do sylwetki. Victoria w kolorze czarnym\u00a0zosta\u0142a wyprodukowana i uszyta w Polsce. Sukienka d\u0142uga brokatowa wyko\u0144czona na dole tiulem. Bardzo elastyczna &#8211; posiadaj\u0105ca<\/p>\n<div class=\"klb-readmore post-buttons\"><a class=\"button black outline size-sm\" href=\"https:\/\/madelinefashion.pl\/sk\/sukienka-dluga-brokatowa-z-tiulem-zlota-victoria\/\">\u010c\u00edta\u0165 \u010falej <i class=\"klbth-icon-right-arrow\"><\/i><\/a><\/div>","protected":false},"featured_media":566200,"template":"","meta":[],"product_brand":[],"product_cat":[124,395,560,561],"product_tag":[163,445],"class_list":{"0":"post-109062","1":"product","2":"type-product","3":"status-publish","4":"has-post-thumbnail","6":"product_cat-sukienki-okolicznosciowe","7":"product_cat-nowosci","8":"product_cat-sukienki-brokatowe","9":"product_cat-sukienki-tiulowe","10":"product_tag-sukienki-dlugie","11":"product_tag-sukienki-zlote","13":"first","14":"instock","15":"sale","16":"purchasable","17":"product-type-variable"},"_links":{"self":[{"href":"https:\/\/madelinefashion.pl\/sk\/wp-json\/wp\/v2\/product\/109062","targetHints":{"allow":["GET"]}}],"collection":[{"href":"https:\/\/madelinefashion.pl\/sk\/wp-json\/wp\/v2\/product"}],"about":[{"href":"https:\/\/madelinefashion.pl\/sk\/wp-json\/wp\/v2\/types\/product"}],"wp:featuredmedia":[{"embeddable":true,"href":"https:\/\/madelinefashion.pl\/sk\/wp-json\/wp\/v2\/media\/566200"}],"wp:attachment":[{"href":"https:\/\/madelinefashion.pl\/sk\/wp-json\/wp\/v2\/media?parent=109062"}],"wp:term":[{"taxonomy":"product_brand","embeddable":true,"href":"https:\/\/madelinefashion.pl\/sk\/wp-json\/wp\/v2\/product_brand?post=109062"},{"taxonomy":"product_cat","embeddable":true,"href":"https:\/\/madelinefashion.pl\/sk\/wp-json\/wp\/v2\/product_cat?post=109062"},{"taxonomy":"product_tag","embeddable":true,"href":"https:\/\/madelinefashion.pl\/sk\/wp-json\/wp\/v2\/product_tag?post=109062"}],"curies":[{"name":"pracovn\u00fd list","href":"https:\/\/api.w.org\/{rel}","templated":true}]}}