{"id":109391,"date":"2023-11-13T10:16:09","date_gmt":"2023-11-13T09:16:09","guid":{"rendered":"https:\/\/madelinefashion.pl\/?post_type=product&#038;p=109391"},"modified":"2026-03-05T12:01:47","modified_gmt":"2026-03-05T11:01:47","slug":"plaszcz-maxi-teddy-brazowy","status":"publish","type":"product","link":"https:\/\/madelinefashion.pl\/sk\/plaszcz-maxi-teddy-brazowy\/","title":{"rendered":"Hned\u00fd maxi kab\u00e1t s ply\u0161ov\u00fdm vzorom"},"content":{"rendered":"<h3 style=\"text-align: center;\">Hned\u00fd maxi kab\u00e1t s ply\u0161ov\u00fdm vzorom<\/h3>\n<p style=\"text-align: center;\"><strong>Hned\u00fd kab\u00e1tik Teddy <\/strong>tla\u010didlo je skuto\u010dn\u00e9 <strong>sez\u00f3nny hit<\/strong>. Je to spojenie elegancie, modernosti a funk\u010dnosti - kab\u00e1t sa hod\u00ed do ka\u017edej siluety a \u0161tyliz\u00e1cie. Vyroben\u00e9 z ve\u013emi m\u00f3dneho a mimoriadne pr\u00edjemn\u00e9ho materi\u00e1lu. \u0160t\u00fdlov\u00fd d\u00e1msky kab\u00e1t starostlivo u\u0161it\u00fd z <strong>tepl\u00e9 a pr\u00edjemn\u00e9 na dotyk<\/strong> tkaniny. <strong>Ply\u0161ov\u00fd kab\u00e1tik <\/strong>\u00a0tento model jednoduch\u00e9ho strihu zamaskuje nedokonalosti postavy a z\u00e1rove\u0148 v\u00e1m umo\u017en\u00ed zachova\u0165 si vo\u013enos\u0165 pohybu. Tepl\u00e9, ide\u00e1lne na jese\u0148 a jar. Oversize, vo\u013en\u00fd strih, ktor\u00fd sa hod\u00ed k elegantn\u00e9mu, le\u017e\u00e9rnemu aj \u0161portov\u00e9mu \u0161t\u00fdlu. Mys m\u00e1 <strong>vreck\u00e1<\/strong> na bokoch. Kab\u00e1t m\u00e1 pod\u0161\u00edvku. M\u00f4\u017eete ju skombinova\u0165 s na\u0161imi d\u017e\u00ednsami alebo vypasovan\u00fdmi suk\u0148ami. Na\u0161a v ka\u017edom \u010d\u00edsle <strong>kab\u00e1t <\/strong>bude to vyzera\u0165 p\u00f4sobivo. N\u00e1\u0161 kab\u00e1t je poklad v \u017eenskom \u0161atn\u00edku, absol\u00fatne <strong>mus\u00ed\u0161 to ma\u0165. <\/strong><strong>Perfektn\u00fd kab\u00e1t na ka\u017ed\u00fa pr\u00edle\u017eitos\u0165.<\/strong>\u00a0V na\u0161om internetovom obchode n\u00e1jdete ve\u013ek\u00fd v\u00fdber kab\u00e1tov za bezkonkuren\u010dn\u00e9 ceny <strong>n\u00edzka cena. <\/strong>Hod\u00ed sa ku ka\u017ed\u00e9mu \u0161t\u00fdlu, na ka\u017edodenn\u00e9 nosenie, no v\u010faka spr\u00e1vnym doplnkom si vytvor\u00edte aj origin\u00e1lny ve\u010dern\u00fd outfit<strong>romantick\u00fa prech\u00e1dzku, ako aj pracovn\u00fd v\u00fdlet<\/strong>. Model vhodn\u00fd pre d\u00e1my nosiace ve\u013e <strong>SML XL<\/strong><strong>\u00a0 . Pridajte k svojej objedn\u00e1vke teraz m\u00f3dne vrchn\u00e9 oble\u010denie a vyst\u00fapte z davu origin\u00e1lnym vzh\u013eadom na sez\u00f3nu jese\u0148\/zima.<\/strong><\/p>\n<h3 style=\"text-align: center;\">rozmery kab\u00e1ta:<\/h3>\n<ul style=\"text-align: center;\">\n<li>D\u0142ugo\u015b\u0107 ca\u0142kowita : 118 cm<\/li>\n<li>Szeroko\u015b\u0107 od\u00a0 pachy do pachy:\u00a0 65 cm x2<\/li>\n<li>Maxim\u00e1lny obvod hrudn\u00edka: 130 cm<\/li>\n<li>D\u013a\u017eka ruk\u00e1va od ramena: 56 cm<br \/>\nD\u013a\u017eka ruk\u00e1va od podpazu\u0161ia: 40 cm<\/li>\n<\/ul>\n<p style=\"text-align: center;\">Rozmery sa m\u00f4\u017eu mierne l\u00ed\u0161i\u0165 od uveden\u00fdch +\/- 2cm. V\u0161etky uveden\u00e9 rozmery s\u00fa meran\u00e9 plo\u0161ne.<\/p>\n<p style=\"text-align: center;\"><strong>\u00a0<\/strong><\/p>\n<table width=\"499\">\n<tbody>\n<tr>\n<td width=\"302\">Meno modela<\/td>\n<td width=\"302\">P\u0142aszcz Maxi Teddy<\/td>\n<\/tr>\n<tr>\n<td width=\"302\">Farba<\/td>\n<td width=\"302\">Hned\u00e1<\/td>\n<\/tr>\n<tr>\n<td width=\"302\">Zbierka<\/td>\n<td width=\"302\">jar\/jese\u0148\/zima<\/td>\n<\/tr>\n<tr>\n<td width=\"302\">ve\u013ekosti<\/td>\n<td width=\"302\">Univerz\u00e1lny<\/td>\n<\/tr>\n<tr>\n<td width=\"302\">M\u00f3da<\/td>\n<td width=\"302\">nadrozmern\u00e9<\/td>\n<\/tr>\n<tr>\n<td width=\"302\">Hood<\/td>\n<td width=\"302\">Nie<\/td>\n<\/tr>\n<tr>\n<td width=\"302\">Zaspievanie<\/td>\n<td width=\"302\">Tla\u010didlo<\/td>\n<\/tr>\n<tr>\n<td width=\"302\">Materi\u00e1l<\/td>\n<td width=\"302\">Polyester 100 %<\/td>\n<\/tr>\n<\/tbody>\n<\/table>\n<p style=\"text-align: center;\">\u00a0Model m\u00e1\u00a0<strong>169<\/strong>\u00a0cm vysok\u00fd, nos\u00ed ve\u013ekos\u0165 ka\u017ed\u00fd de\u0148\u00a0<strong>S<\/strong><\/p>\n<p style=\"text-align: center;\">\u0160\u00edrka hrudn\u00edka 91 cm<\/p>\n<p style=\"text-align: center;\">\u0160\u00edrka p\u00e1su 71 cm<\/p>\n<p style=\"text-align: center;\">\u0160\u00edrka bokov 96 cm<\/p>\n<section class=\"related products mb-80\"><\/section>","protected":false},"excerpt":{"rendered":"<p>P\u0142aszcz Maxi Teddy Br\u0105zowy P\u0142aszcz Teddy Br\u0105zowy zapinany na guzik\u00a0 to prawdziwy hit sezonu. Jest to po\u0142\u0105czenie elegancji, nowoczesno\u015bci i funkcjonalno\u015bci \u2013p\u0142aszczyk wpisuje si\u0119 w ka\u017cd\u0105 sylwetk\u0119 i stylizacj\u0119. Wykonany z bardzo modnego i niezwykle przyjemnego materia\u0142u . Stylowy p\u0142aszcz damski starannie uszyty z ciep\u0142ej i przyjemnej w dotyku tkaniny. P\u0142aszcz Teddy \u00a0to model o<\/p>\n<div class=\"klb-readmore post-buttons\"><a class=\"button black outline size-sm\" href=\"https:\/\/madelinefashion.pl\/sk\/plaszcz-maxi-teddy-brazowy\/\">\u010c\u00edta\u0165 \u010falej <i class=\"klbth-icon-right-arrow\"><\/i><\/a><\/div>","protected":false},"featured_media":109389,"template":"","meta":[],"product_brand":[],"product_cat":[118,120],"product_tag":[],"class_list":{"0":"post-109391","1":"product","2":"type-product","3":"status-publish","4":"has-post-thumbnail","6":"product_cat-plaszcze","7":"product_cat-plaszcze-dlugie","9":"first","10":"instock","11":"sale","12":"purchasable","13":"product-type-simple"},"_links":{"self":[{"href":"https:\/\/madelinefashion.pl\/sk\/wp-json\/wp\/v2\/product\/109391","targetHints":{"allow":["GET"]}}],"collection":[{"href":"https:\/\/madelinefashion.pl\/sk\/wp-json\/wp\/v2\/product"}],"about":[{"href":"https:\/\/madelinefashion.pl\/sk\/wp-json\/wp\/v2\/types\/product"}],"wp:featuredmedia":[{"embeddable":true,"href":"https:\/\/madelinefashion.pl\/sk\/wp-json\/wp\/v2\/media\/109389"}],"wp:attachment":[{"href":"https:\/\/madelinefashion.pl\/sk\/wp-json\/wp\/v2\/media?parent=109391"}],"wp:term":[{"taxonomy":"product_brand","embeddable":true,"href":"https:\/\/madelinefashion.pl\/sk\/wp-json\/wp\/v2\/product_brand?post=109391"},{"taxonomy":"product_cat","embeddable":true,"href":"https:\/\/madelinefashion.pl\/sk\/wp-json\/wp\/v2\/product_cat?post=109391"},{"taxonomy":"product_tag","embeddable":true,"href":"https:\/\/madelinefashion.pl\/sk\/wp-json\/wp\/v2\/product_tag?post=109391"}],"curies":[{"name":"pracovn\u00fd list","href":"https:\/\/api.w.org\/{rel}","templated":true}]}}