{"id":109683,"date":"2023-11-14T12:06:45","date_gmt":"2023-11-14T11:06:45","guid":{"rendered":"https:\/\/madelinefashion.pl\/?post_type=product&#038;p=109683"},"modified":"2026-02-20T14:56:58","modified_gmt":"2026-02-20T13:56:58","slug":"kardigan-wzory-z-fredzlami-gothy-szaro-turkusowy","status":"publish","type":"product","link":"https:\/\/madelinefashion.pl\/sk\/kardigan-wzory-z-fredzlami-gothy-szaro-turkusowy\/","title":{"rendered":"Kardigan Wzory Z Fr\u0119dzlami Gothy Szaro Turkusowy"},"content":{"rendered":"<h3 style=\"text-align: center;\">Kardigan Wzory Z Fr\u0119dzlami Gothy Szaro Turkusowy<\/h3>\n<p>&nbsp;<\/p>\n<p style=\"text-align: center;\">Tento kardigan je perfektn\u00fd na jesenn\u00e9 dni. Tento klasick\u00fd kardigan v m\u00f3dnom vzorovanom dizajne je ve\u013emi m\u00e4kk\u00fd na dotyk. Vo\u013enej\u0161\u00ed strih v\u00e1m zaru\u010d\u00ed ve\u013emi pohodln\u00fd pocit. \u0160irok\u00e9 3\/4 ruk\u00e1vy umo\u017e\u0148uj\u00fa neobmedzen\u00fd pohyb. V kardigane sa budete c\u00edti\u0165... <strong>budete vy\u010dnieva\u0165 z davu<\/strong>\u00a0a pritiahne\u0161 poh\u013eady v\u0161etk\u00fdch. Peler\u00edna bude perfektn\u00e1 v kombin\u00e1cii so suk\u0148ou, \u0161atami alebo klasick\u00fdmi d\u017e\u00ednsami. Tak\u00fdto sveter by mala ma\u0165 v \u0161atn\u00edku ka\u017ed\u00e1 z n\u00e1s. Klasick\u00fd strih, jedine\u010dn\u00fd v le\u017e\u00e9rnom \u0161t\u00fdle. \u00da\u017easn\u00e1 kvalita za najlep\u0161iu cenu! Eur\u00f3psky v\u00fdrobok, ve\u013emi kvalitn\u00fd materi\u00e1l. Dokonale sa prisp\u00f4sob\u00ed postave.<strong>\u00a0<\/strong>Ide\u00e1lne do \u0161koly, pr\u00e1ce, na rande alebo na stretnutie s priate\u013emi! Odpor\u00fa\u010dame pre d\u00e1my vo ve\u013ekosti SML XL XXL, ak nos\u00edte v\u00e4\u010d\u0161iu ve\u013ekos\u0165, pozrite si tabu\u013eku ni\u017e\u0161ie.<\/p>\n<p>&nbsp;<\/p>\n<p>&nbsp;<\/p>\n<h3 style=\"text-align: center;\">Rozmery:<\/h3>\n<ul style=\"text-align: center;\">\n<li>Celkov\u00e1 d\u013a\u017eka: 72 cm<\/li>\n<li>\u0160\u00edrka od podpazu\u0161ia k podpazu\u0161iu: 78-84 cm<\/li>\n<li>D\u013a\u017eka ruk\u00e1va od podpazu\u0161ia: 26 cm<\/li>\n<li>D\u013a\u017eka ruk\u00e1va od ramena: 41 cm<\/li>\n<li><\/li>\n<\/ul>\n<p style=\"text-align: center;\"><span style=\"font-size: 10pt;\">Rozmery sa m\u00f4\u017eu mierne l\u00ed\u0161i\u0165 od uveden\u00fdch +\/- 2cm. V\u0161etky uveden\u00e9 rozmery s\u00fa meran\u00e9 plo\u0161ne. rozmer x2\u00a0<\/span><\/p>\n<p style=\"text-align: center;\"><span style=\"font-size: 10pt;\"><strong>\u00a0<\/strong>\u00a0<\/span><\/p>\n<table width=\"582\">\n<tbody>\n<tr>\n<td width=\"302\">Meno modela<\/td>\n<td width=\"302\">Kardigan so strapcami Gotha<\/td>\n<\/tr>\n<tr>\n<td width=\"302\">Farba<\/td>\n<td width=\"302\">Szary \/ Turkus<\/td>\n<\/tr>\n<tr>\n<td width=\"302\">ve\u013ekosti<\/td>\n<td width=\"302\">Univerz\u00e1lny<\/td>\n<\/tr>\n<tr>\n<td width=\"302\">M\u00f3da<\/td>\n<td width=\"302\">nadrozmern\u00e9<\/td>\n<\/tr>\n<tr>\n<td width=\"302\">Hood<\/td>\n<td width=\"302\">Nie<\/td>\n<\/tr>\n<tr>\n<td width=\"302\">izolovan\u00e9<\/td>\n<td width=\"302\">jednopl\u00e1\u0161\u0165ov\u00e9<\/td>\n<\/tr>\n<tr>\n<td width=\"302\">Zlo\u017eenie<\/td>\n<td width=\"302\">30% Lana, 70% Polyester<\/td>\n<\/tr>\n<\/tbody>\n<\/table>\n<p>&nbsp;<\/p>\n<p style=\"text-align: center;\">Model m\u00e1\u00a0<strong>169<\/strong>\u00a0cm vysok\u00fd, nos\u00ed ve\u013ekos\u0165 ka\u017ed\u00fd de\u0148\u00a0<strong>S<\/strong><\/p>\n<p style=\"text-align: center;\">\u0160\u00edrka hrudn\u00edka 91 cm<\/p>\n<p style=\"text-align: center;\">\u0160\u00edrka p\u00e1su 71 cm<\/p>\n<p style=\"text-align: center;\">\u0160\u00edrka bokov 96 cm<\/p>","protected":false},"excerpt":{"rendered":"<p>Kardigan Wzory Z Fr\u0119dzlami Gothy Szaro Turkusowy &nbsp; Kardigan to model narzutki idealny na jesienne dni. Klasyczny Kardigan w modnym wzorzystym fasonie, bardzo mi\u0142y w dotyku. Lu\u017aniejszy kr\u00f3j sprawia, \u017ce b\u0119dziesz si\u0119 w nim czu\u0142a bardzo komfortowo. Szeroki r\u0119kaw 3\/4, kt\u00f3ry nie kr\u0119puje ruch\u00f3w. Kardigan sprawi, \u017ce wyr\u00f3\u017cnisz si\u0119 z t\u0142umu\u00a0i przyci\u0105gniesz spojrzenia wszystkich. Narzutka<\/p>\n<div class=\"klb-readmore post-buttons\"><a class=\"button black outline size-sm\" href=\"https:\/\/madelinefashion.pl\/sk\/kardigan-wzory-z-fredzlami-gothy-szaro-turkusowy\/\">\u010c\u00edta\u0165 \u010falej <i class=\"klbth-icon-right-arrow\"><\/i><\/a><\/div>","protected":false},"featured_media":109682,"template":"","meta":[],"product_brand":[],"product_cat":[91,395],"product_tag":[],"class_list":{"0":"post-109683","1":"product","2":"type-product","3":"status-publish","4":"has-post-thumbnail","6":"product_cat-kardigany-damskie","7":"product_cat-nowosci","9":"first","10":"outofstock","11":"purchasable","12":"product-type-simple"},"_links":{"self":[{"href":"https:\/\/madelinefashion.pl\/sk\/wp-json\/wp\/v2\/product\/109683","targetHints":{"allow":["GET"]}}],"collection":[{"href":"https:\/\/madelinefashion.pl\/sk\/wp-json\/wp\/v2\/product"}],"about":[{"href":"https:\/\/madelinefashion.pl\/sk\/wp-json\/wp\/v2\/types\/product"}],"wp:featuredmedia":[{"embeddable":true,"href":"https:\/\/madelinefashion.pl\/sk\/wp-json\/wp\/v2\/media\/109682"}],"wp:attachment":[{"href":"https:\/\/madelinefashion.pl\/sk\/wp-json\/wp\/v2\/media?parent=109683"}],"wp:term":[{"taxonomy":"product_brand","embeddable":true,"href":"https:\/\/madelinefashion.pl\/sk\/wp-json\/wp\/v2\/product_brand?post=109683"},{"taxonomy":"product_cat","embeddable":true,"href":"https:\/\/madelinefashion.pl\/sk\/wp-json\/wp\/v2\/product_cat?post=109683"},{"taxonomy":"product_tag","embeddable":true,"href":"https:\/\/madelinefashion.pl\/sk\/wp-json\/wp\/v2\/product_tag?post=109683"}],"curies":[{"name":"pracovn\u00fd list","href":"https:\/\/api.w.org\/{rel}","templated":true}]}}