{"id":109712,"date":"2023-11-14T12:56:04","date_gmt":"2023-11-14T11:56:04","guid":{"rendered":"https:\/\/madelinefashion.pl\/?post_type=product&#038;p=109712"},"modified":"2025-09-09T10:08:45","modified_gmt":"2025-09-09T08:08:45","slug":"sukienka-w-krate-tunika-wiazana-lory-czerwona","status":"publish","type":"product","link":"https:\/\/madelinefashion.pl\/sk\/sukienka-w-krate-tunika-wiazana-lory-czerwona\/","title":{"rendered":"\u010cerven\u00e9 kockovan\u00e9 tunikov\u00e9 \u0161aty Lory"},"content":{"rendered":"<h3 style=\"text-align: center;\">\u010cerven\u00e9 kockovan\u00e9 tunikov\u00e9 \u0161aty Lory<\/h3>\n<p style=\"text-align: center;\">Strih \u0161aty<strong> nadrozmern\u00e9<\/strong> je ide\u00e1lnym z\u00e1kladom a z\u00e1kladom pre mnoh\u00e9 \u0161tyliz\u00e1cie. Je tot\u00e1lne <strong>MUSIE\u0164 MA\u0164<\/strong> T\u00fato sez\u00f3nu. Ko\u0161e\u013ea s najtrendovej\u0161ou kockovanou potla\u010dou sa v p\u00e1se zav\u00e4zuje prilo\u017een\u00fdm opaskom. Chcete sa c\u00edti\u0165 trendy? Nezabudnite do svojho \u0161atn\u00edka zaradi\u0165 kockovan\u00e9 \u0161aty. Ich farba a vzor v\u00e1s dotvoria. <strong>budete vy\u010dnieva\u0165 z davu<\/strong>. \u0160aty s dlh\u00fdm ruk\u00e1vom <strong>uviazan\u00e9 v p\u00e1se<\/strong> dokonale zv\u00fdraz\u0148uje \u017eensk\u00e9 tvary. Bude to sedie\u0165 najlep\u0161ie <strong>ka\u017edodenn\u00fd vzh\u013ead<\/strong>. Model vybran\u00fd pre mnoho \u0161t\u00fdlov. Dokonale sa prisp\u00f4sob\u00ed postave. Ide\u00e1lne do \u0161koly, pr\u00e1ce, na rande alebo na stretnutie s priate\u013emi! <strong>Ide\u00e1lne pre ka\u017ed\u00fa pr\u00edle\u017eitos\u0165 a \u010das! Strihan\u00e1 ko\u0161e\u013ea\u00a0<b>nadrozmern\u00e9<\/b> je ide\u00e1lnym z\u00e1kladom a z\u00e1kladom pre mnoh\u00e9 \u0161tyliz\u00e1cie. T<\/strong>sa vyhne najm\u00f3dnej\u0161ej potla\u010di <b style=\"font-weight: bold;\">In\u00a0<\/b><b>pl\u00e9d. Chcete sa c\u00edti\u0165 v\u010das? Pam\u00e4tajte na ko\u0161e\u013eu vo va\u0161om \u0161atn\u00edku. <\/b>Ve\u013ekos\u0165\u00a0<strong>odpor\u00fa\u010dan\u00e9 univerz\u00e1lne<\/strong>\u00a0pre d\u00e1my vo ve\u013ekosti od<strong> S a\u017e XL.<\/strong> Dostupn\u00e9 vo viacer\u00fdch farb\u00e1ch.<\/p>\n<h3 style=\"text-align: center;\">Rozmery :<\/h3>\n<ul>\n<li style=\"text-align: center;\">Celkov\u00e1 d\u013a\u017eka: 90 cm<\/li>\n<li style=\"text-align: center;\">\u0160\u00edrka od podpazu\u0161ia: 50-54 cm x2<\/li>\n<li style=\"text-align: center;\">\u0160\u00edrka p\u00e1su: 32-56 cm (zav\u00e4zovanie)<\/li>\n<li style=\"text-align: center;\">D\u013a\u017eka ruk\u00e1va od podpazu\u0161ia: 48 cm<\/li>\n<li style=\"text-align: center;\">D\u013a\u017eka ruk\u00e1va od ramena: 64 cm<\/li>\n<\/ul>\n<p style=\"text-align: center;\">Rozmery sa m\u00f4\u017eu mierne l\u00ed\u0161i\u0165 od uveden\u00fdch +\/- 2cm. V\u0161etky uveden\u00e9 rozmery s\u00fa meran\u00e9 plo\u0161ne.\u00a0<strong>rozmer x2<\/strong><\/p>\n<p style=\"text-align: center;\"><span style=\"font-size: 10pt;\">\u00a0<\/span><\/p>\n<p style=\"text-align: center;\"><span style=\"font-size: 10pt;\">\u00a0<\/span><\/p>\n<table width=\"608\">\n<tbody>\n<tr>\n<td width=\"302\">Meno modela<\/td>\n<td width=\"302\">Kockovan\u00e9 \u0161aty Lory s \u010dipkovanou tunikou<\/td>\n<\/tr>\n<tr>\n<td width=\"302\">Farba<\/td>\n<td width=\"302\">\u010cerven\u00e1<\/td>\n<\/tr>\n<tr>\n<td width=\"302\">ve\u013ekosti<\/td>\n<td width=\"302\">Univerz\u00e1lny<\/td>\n<\/tr>\n<tr>\n<td width=\"302\">M\u00f3da<\/td>\n<td width=\"302\">nadrozmern\u00e9<\/td>\n<\/tr>\n<tr>\n<td width=\"302\">Materi\u00e1l<\/td>\n<td width=\"302\">95% bavlna, 5% elastan<\/td>\n<\/tr>\n<\/tbody>\n<\/table>\n<p style=\"text-align: center;\"><span style=\"font-size: 10pt;\">\u00a0<\/span><\/p>\n<p style=\"text-align: center;\">Model m\u00e1\u00a0<strong>169<\/strong>\u00a0cm vysok\u00fd, nos\u00ed ve\u013ekos\u0165 ka\u017ed\u00fd de\u0148\u00a0<strong>S<\/strong><\/p>\n<p style=\"text-align: center;\">\u0160\u00edrka hrudn\u00edka 91 cm<\/p>\n<p style=\"text-align: center;\">\u0160\u00edrka p\u00e1su 71 cm<\/p>\n<p style=\"text-align: center;\">\u0160\u00edrka bokov 96 cm<\/p>\n<p style=\"text-align: center;\"><span style=\"font-size: 10pt;\">\u00a0<\/span><\/p>\n<p style=\"text-align: center;\"><span style=\"font-size: 10pt;\">\u00a0<\/span><\/p>","protected":false},"excerpt":{"rendered":"<p>Sukienka w Krat\u0119 Tunika Wi\u0105zana Lory Czerwona Sukienka o kroju oversizowym to idealna baza i podstawa do wielu stylizacji. Jest to totalny MUST HAVE tego sezonu. Koszula z najmodniejszym Printem w krat\u0119 zwi\u0105zana jest w pasie paskiem do\u0142\u0105czonym do zestawu. Chcesz si\u0119 poczu\u0107 na czasie? Pami\u0119taj o sukience w krat\u0119 w swojej garderobie.\u00a0 Jej kolor<\/p>\n<div class=\"klb-readmore post-buttons\"><a class=\"button black outline size-sm\" href=\"https:\/\/madelinefashion.pl\/sk\/sukienka-w-krate-tunika-wiazana-lory-czerwona\/\">\u010c\u00edta\u0165 \u010falej <i class=\"klbth-icon-right-arrow\"><\/i><\/a><\/div>","protected":false},"featured_media":109711,"template":"","meta":[],"product_brand":[],"product_cat":[125,395],"product_tag":[296],"class_list":{"0":"post-109712","1":"product","2":"type-product","3":"status-publish","4":"has-post-thumbnail","6":"product_cat-sukienki","7":"product_cat-nowosci","8":"product_tag-tuniki","10":"first","11":"outofstock","12":"purchasable","13":"product-type-simple"},"_links":{"self":[{"href":"https:\/\/madelinefashion.pl\/sk\/wp-json\/wp\/v2\/product\/109712","targetHints":{"allow":["GET"]}}],"collection":[{"href":"https:\/\/madelinefashion.pl\/sk\/wp-json\/wp\/v2\/product"}],"about":[{"href":"https:\/\/madelinefashion.pl\/sk\/wp-json\/wp\/v2\/types\/product"}],"wp:featuredmedia":[{"embeddable":true,"href":"https:\/\/madelinefashion.pl\/sk\/wp-json\/wp\/v2\/media\/109711"}],"wp:attachment":[{"href":"https:\/\/madelinefashion.pl\/sk\/wp-json\/wp\/v2\/media?parent=109712"}],"wp:term":[{"taxonomy":"product_brand","embeddable":true,"href":"https:\/\/madelinefashion.pl\/sk\/wp-json\/wp\/v2\/product_brand?post=109712"},{"taxonomy":"product_cat","embeddable":true,"href":"https:\/\/madelinefashion.pl\/sk\/wp-json\/wp\/v2\/product_cat?post=109712"},{"taxonomy":"product_tag","embeddable":true,"href":"https:\/\/madelinefashion.pl\/sk\/wp-json\/wp\/v2\/product_tag?post=109712"}],"curies":[{"name":"pracovn\u00fd list","href":"https:\/\/api.w.org\/{rel}","templated":true}]}}