{"id":109858,"date":"2023-11-15T10:44:44","date_gmt":"2023-11-15T09:44:44","guid":{"rendered":"https:\/\/madelinefashion.pl\/?post_type=product&#038;p=109858"},"modified":"2025-10-14T12:11:40","modified_gmt":"2025-10-14T10:11:40","slug":"spodnica-maxi-z-fredzlami-karmelowa","status":"publish","type":"product","link":"https:\/\/madelinefashion.pl\/sk\/spodnica-maxi-z-fredzlami-karmelowa\/","title":{"rendered":"Sp\u00f3dnica Maxi Z Fr\u0119dzlami Karmelowa"},"content":{"rendered":"<h3 style=\"text-align: center;\">Sp\u00f3dnica Maxi Z Fr\u0119dzlami Karmelowa<\/h3>\n<p style=\"text-align: center;\"><strong>Maxi suk\u0148a<\/strong> Ide\u00e1lne na ka\u017ed\u00fa pr\u00edle\u017eitos\u0165. Kr\u00e1sny strih a \u013eahk\u00e1 l\u00e1tka v\u00e1m dopraj\u00fa ve\u013emi pohodln\u00fa a \u017eensk\u00fa atmosf\u00e9ru. <strong>univerz\u00e1lna ve\u013ekos\u0165<\/strong> Prisp\u00f4sob\u00ed sa postave a poskytuje bezchybn\u00fd vzh\u013ead. Tento model je v\u010faka klasick\u00e9mu \u00e1\u010dkov\u00e9mu strihu a minim\u00e1lnemu materi\u00e1lu v p\u00e1se ide\u00e1lny pre r\u00f4zne typy post\u00e1v. \u00a0<strong>Suk\u0148a <\/strong>M\u00f3dne \u0161aty maxi d\u013a\u017eky zdoben\u00e9 s\u0165ahovacou \u0161n\u00farkou v p\u00e1se <strong>musie\u0165 ma\u0165<\/strong> V\u0161estrann\u00fd model, ktor\u00fd sa d\u00e1 nosi\u0165 celoro\u010dne. D\u00e1 sa kombinova\u0165 s mnoh\u00fdmi vecami, napr\u00edklad na ka\u017edodenn\u00e9 nosenie s teniskami a tri\u010dkom, alebo na \u0161peci\u00e1lne pr\u00edle\u017eitosti s elegantnou ko\u0161e\u013eou \u010di topom a lodi\u010dkami.<\/p>\n<h3 style=\"text-align: center;\">Rozmery sukne:<\/h3>\n<p style=\"text-align: center;\">Celkov\u00e1 d\u013a\u017eka: 86 cm<br \/>\nSzeroko\u015b\u0107 w Pasie (gumka) : 36 cm -42 cm<br \/>\nBiodra: 44 cm &#8211; 52 cm<\/p>\n<p style=\"text-align: center;\">Rozmery sa m\u00f4\u017eu mierne l\u00ed\u0161i\u0165 od uveden\u00fdch +\/- 2cm. V\u0161etky uveden\u00e9 rozmery s\u00fa meran\u00e9 plo\u0161ne. <strong>rozmer x2<\/strong><\/p>\n<h3 style=\"text-align: center;\">\u00a0Vlastnosti produktu:<\/h3>\n<p style=\"text-align: center;\">\u2013 Typ: maxi suk\u0148a<br \/>\n- Le\u017e\u00e9rny \u0161t\u00fdl<br \/>\n- Jednotn\u00e9 farby<\/p>\n<p>&nbsp;<\/p>\n<div class=\"tabs tabs-bb clear mb-80\">\n<div class=\"tab-content\">\n<div id=\"tab-description\" class=\"tab-pane fade in woocommerce-Tabs-panel--description active\">\n<p style=\"text-align: center;\">Model m\u00e1\u00a0<strong>169<\/strong>\u00a0cm vysok\u00fd, nos\u00ed ve\u013ekos\u0165 ka\u017ed\u00fd de\u0148\u00a0<strong>S<\/strong><\/p>\n<p style=\"text-align: center;\">\u0160\u00edrka hrudn\u00edka 91 cm<\/p>\n<p style=\"text-align: center;\">\u0160\u00edrka p\u00e1su 71 cm<\/p>\n<p style=\"text-align: center;\">\u0160\u00edrka bokov 96 cm<\/p>\n<\/div>\n<\/div>\n<\/div>\n<section class=\"up-sells upsells products mb-80\"><\/section>","protected":false},"excerpt":{"rendered":"<p>Sp\u00f3dnica Maxi Z Fr\u0119dzlami Karmelowa Sp\u00f3dnica Maxi Idealna na ka\u017cd\u0105 okazj\u0119. Pi\u0119kny kr\u00f3j i lekki materia\u0142 sprawi\u0105, \u017ce poczujesz si\u0119 bardzo wygodnie i kobieco. Sp\u00f3dnica w rozmiarze uniwersalnym dopasowuje si\u0119 do sylwetki i zapewnia doskona\u0142y wygl\u0105d.\u00a0 Model idealnie sprawdzi si\u0119 na r\u00f3\u017cne typy sylwetek dzi\u0119ki klasycznej linii A, oraz ma\u0142ej ilo\u015bci materia\u0142u w obr\u0119bie pasa.<\/p>\n<div class=\"klb-readmore post-buttons\"><a class=\"button black outline size-sm\" href=\"https:\/\/madelinefashion.pl\/sk\/spodnica-maxi-z-fredzlami-karmelowa\/\">\u010c\u00edta\u0165 \u010falej <i class=\"klbth-icon-right-arrow\"><\/i><\/a><\/div>","protected":false},"featured_media":109856,"template":"","meta":[],"product_brand":[],"product_cat":[81,123],"product_tag":[],"class_list":{"0":"post-109858","1":"product","2":"type-product","3":"status-publish","4":"has-post-thumbnail","6":"product_cat-spodnice","7":"product_cat-spodnice-olowkowe-maxi","8":"pa_rozmiar-34-42-142","9":"pa_rozmiar-34-42-36-2","10":"pa_rozmiar-34-42-38-2","11":"pa_rozmiar-34-42-40-2","12":"pa_rozmiar-34-42-42-2","14":"first","15":"outofstock","16":"purchasable","17":"product-type-simple"},"_links":{"self":[{"href":"https:\/\/madelinefashion.pl\/sk\/wp-json\/wp\/v2\/product\/109858","targetHints":{"allow":["GET"]}}],"collection":[{"href":"https:\/\/madelinefashion.pl\/sk\/wp-json\/wp\/v2\/product"}],"about":[{"href":"https:\/\/madelinefashion.pl\/sk\/wp-json\/wp\/v2\/types\/product"}],"wp:featuredmedia":[{"embeddable":true,"href":"https:\/\/madelinefashion.pl\/sk\/wp-json\/wp\/v2\/media\/109856"}],"wp:attachment":[{"href":"https:\/\/madelinefashion.pl\/sk\/wp-json\/wp\/v2\/media?parent=109858"}],"wp:term":[{"taxonomy":"product_brand","embeddable":true,"href":"https:\/\/madelinefashion.pl\/sk\/wp-json\/wp\/v2\/product_brand?post=109858"},{"taxonomy":"product_cat","embeddable":true,"href":"https:\/\/madelinefashion.pl\/sk\/wp-json\/wp\/v2\/product_cat?post=109858"},{"taxonomy":"product_tag","embeddable":true,"href":"https:\/\/madelinefashion.pl\/sk\/wp-json\/wp\/v2\/product_tag?post=109858"}],"curies":[{"name":"pracovn\u00fd list","href":"https:\/\/api.w.org\/{rel}","templated":true}]}}