{"id":10987,"date":"2021-05-03T19:58:50","date_gmt":"2021-05-03T17:58:50","guid":{"rendered":"https:\/\/madelinefashion.pl\/?post_type=product&#038;p=10987"},"modified":"2026-01-20T10:34:29","modified_gmt":"2026-01-20T09:34:29","slug":"bluzka-hiszpanka-salsa-biala","status":"publish","type":"product","link":"https:\/\/madelinefashion.pl\/sk\/bluzka-hiszpanka-salsa-biala\/","title":{"rendered":"\u0160panielska bl\u00fazka Salsa biela"},"content":{"rendered":"<h3 style=\"text-align: center;\">\u0160panielska bl\u00fazka Salsa biela<\/h3>\n<p style=\"text-align: center;\"><strong>\u0160panielska bl\u00fazka Salsa biela<\/strong> vyroben\u00e9 z mimoriadne pr\u00edjemnej a na dotyk pr\u00edjemnej l\u00e1tky. <strong>Bl\u00fazka s <\/strong>\u00a03\/4 ruk\u00e1v ukon\u010den\u00fd ozdobn\u00fdm mot\u00fdlikom. Bl\u00fazka m\u00e1 vpredu ozdobn\u00e9 zlat\u00e9 gomb\u00edky<strong>.<\/strong>\u00a0 Ak db\u00e1te na pekn\u00fd vzh\u013ead a chcete vyzera\u0165 <strong>\u0160t\u00fdlovo<\/strong>potom je tento model pr\u00e1ve pre v\u00e1s. Bl\u00fazka je praktick\u00fdm doplnkom ka\u017ed\u00e9ho d\u00e1mskeho outfitu, \u010di u\u017e je leto alebo zima. \u0160panielska bl\u00fazka m\u00e1 v hornej \u010dasti gumi\u010dku, v\u010faka ktorej perfektne sed\u00ed <strong>kr\u00e1sne zv\u00fdrazn\u00ed ramen\u00e1 a odkryje chrb\u00e1t<\/strong>. <strong>Perfektn\u00e1 ko\u0161e\u013ea na ka\u017ed\u00fa pr\u00edle\u017eitos\u0165. <\/strong>Ak m\u00e1te \u010fal\u0161ie ot\u00e1zky k tomuto produktu, nev\u00e1hajte n\u00e1s kontaktova\u0165 telefonicky alebo cez Facebook. <strong>Univerz\u00e1lna ve\u013ekos\u0165<\/strong> odpor\u00fa\u010dan\u00e9 pre nosite\u013eov <strong>SML XL.<\/strong><\/p>\n<p style=\"text-align: center;\">\u00a0.<\/p>\n<h3 style=\"text-align: center;\">Rozmery:<\/h3>\n<ul>\n<li style=\"text-align: center;\">celkov\u00e1 d\u013a\u017eka: 68 cm<\/li>\n<li style=\"text-align: center;\">\u0161\u00edrka od pazuchy po pazuchu: 40-49 cm<\/li>\n<li style=\"text-align: center;\">\u0161\u00edrka p\u00e1sa: 43-51 cm<\/li>\n<li style=\"text-align: center;\">d\u013a\u017eka ruk\u00e1va od podpazu\u0161ia: 25 cm<\/li>\n<li style=\"text-align: center;\">d\u013a\u017eka ruk\u00e1va od ramena: 43 cm<\/li>\n<\/ul>\n<p>&nbsp;<\/p>\n<p style=\"text-align: center;\">Rozmery sa m\u00f4\u017eu mierne l\u00ed\u0161i\u0165 od uveden\u00fdch +\/- 2cm. V\u0161etky uveden\u00e9 rozmery s\u00fa meran\u00e9 plo\u0161ne.<strong>\u00a0 rozmer x2<\/strong><\/p>\n<table style=\"height: 209px;\" width=\"687\">\n<tbody>\n<tr>\n<td width=\"302\">Meno modela<\/td>\n<td width=\"302\">\u0160panielska salsa bl\u00fazka<\/td>\n<\/tr>\n<tr>\n<td width=\"302\">Zbierka<\/td>\n<td width=\"302\">Jar leto jese\u0148 zima<\/td>\n<\/tr>\n<tr>\n<td width=\"302\">ve\u013ekosti<\/td>\n<td width=\"302\">Univerz\u00e1lny<\/td>\n<\/tr>\n<tr>\n<td width=\"302\">Zlo\u017eenie<\/td>\n<td width=\"302\">Zlo\u017eenie: 38% Nylon 55% Visk\u00f3za 7% Elastan<\/td>\n<\/tr>\n<tr>\n<td width=\"302\">Farba<\/td>\n<td width=\"302\">biely<\/td>\n<\/tr>\n<tr>\n<td width=\"302\">Ruk\u00e1v<\/td>\n<td width=\"302\">3\/4<\/td>\n<\/tr>\n<\/tbody>\n<\/table>\n<p style=\"text-align: center;\"><span style=\"text-align: center;\">Model m\u00e1 <\/span><strong style=\"text-align: center;\">165<\/strong><span style=\"text-align: center;\">\u00a0cm vysok\u00fd, nos\u00ed ve\u013ekos\u0165 ka\u017ed\u00fd de\u0148\u00a0<\/span><strong style=\"text-align: center;\">S<\/strong><\/p>\n<p style=\"text-align: center;\">","protected":false},"excerpt":{"rendered":"<p>Bluzka Hiszpanka Salsa Bia\u0142a Bluzka Hiszpanka Salsa Bia\u0142a wykonana z niezwykle przyjemnej i mi\u0142ej w dotyku tkaniny. Bluzka z \u00a0r\u0119kawem\u00a0 3\/4 zako\u0144czona ozdobnym wi\u0105zaniem w kokardk\u0119. Bluzka z przodu posiada ozdobne z\u0142ote guziczki.\u00a0 Je\u015bli zwracasz uwag\u0119 na \u0142adny wygl\u0105d i chcesz wygl\u0105da\u0107 Stylowo, to ten model jest w\u0142a\u015bnie dla Ciebie. Bluzka to praktyczny dodatek do<\/p>\n<div class=\"klb-readmore post-buttons\"><a class=\"button black outline size-sm\" href=\"https:\/\/madelinefashion.pl\/sk\/bluzka-hiszpanka-salsa-biala\/\">\u010c\u00edta\u0165 \u010falej <i class=\"klbth-icon-right-arrow\"><\/i><\/a><\/div>","protected":false},"featured_media":10973,"template":"","meta":[],"product_brand":[],"product_cat":[77,395],"product_tag":[251,478],"class_list":{"0":"post-10987","1":"product","2":"type-product","3":"status-publish","4":"has-post-thumbnail","6":"product_cat-bluzki","7":"product_cat-nowosci","8":"product_tag-bluzka-biala","9":"product_tag-bluzki-hiszpanki","10":"pa_rozmiar-xl","11":"pa_rozmiar-m-l","13":"first","14":"instock","15":"sale","16":"shipping-taxable","17":"purchasable","18":"product-type-simple"},"_links":{"self":[{"href":"https:\/\/madelinefashion.pl\/sk\/wp-json\/wp\/v2\/product\/10987","targetHints":{"allow":["GET"]}}],"collection":[{"href":"https:\/\/madelinefashion.pl\/sk\/wp-json\/wp\/v2\/product"}],"about":[{"href":"https:\/\/madelinefashion.pl\/sk\/wp-json\/wp\/v2\/types\/product"}],"wp:featuredmedia":[{"embeddable":true,"href":"https:\/\/madelinefashion.pl\/sk\/wp-json\/wp\/v2\/media\/10973"}],"wp:attachment":[{"href":"https:\/\/madelinefashion.pl\/sk\/wp-json\/wp\/v2\/media?parent=10987"}],"wp:term":[{"taxonomy":"product_brand","embeddable":true,"href":"https:\/\/madelinefashion.pl\/sk\/wp-json\/wp\/v2\/product_brand?post=10987"},{"taxonomy":"product_cat","embeddable":true,"href":"https:\/\/madelinefashion.pl\/sk\/wp-json\/wp\/v2\/product_cat?post=10987"},{"taxonomy":"product_tag","embeddable":true,"href":"https:\/\/madelinefashion.pl\/sk\/wp-json\/wp\/v2\/product_tag?post=10987"}],"curies":[{"name":"pracovn\u00fd list","href":"https:\/\/api.w.org\/{rel}","templated":true}]}}