{"id":110226,"date":"2023-11-17T10:42:30","date_gmt":"2023-11-17T09:42:30","guid":{"rendered":"https:\/\/madelinefashion.pl\/?post_type=product&#038;p=110226"},"modified":"2025-10-03T11:18:51","modified_gmt":"2025-10-03T09:18:51","slug":"spodnie-materialowe-push-up-z-guzikami-czarne","status":"publish","type":"product","link":"https:\/\/madelinefashion.pl\/sk\/spodnie-materialowe-push-up-z-guzikami-czarne\/","title":{"rendered":"\u010cierne push-up nohavice s gomb\u00edkmi"},"content":{"rendered":"<h3 style=\"text-align: center;\">\u010cierne push-up nohavice s gomb\u00edkmi<\/h3>\n<p style=\"text-align: center;\"><strong>Nohavice s push-up vzorom<\/strong>\u00a0 je m\u00f3dny prvok, ktor\u00fd nesmie ch\u00fdba\u0165 vo va\u0161om \u0161atn\u00edku. Nohavice vyroben\u00e9 z vysoko kvalitn\u00e9ho materi\u00e1lu s <strong>s vysok\u00fdm p\u00e1som<\/strong> \u00fa\u010dinok <strong>kliky<\/strong>ktor\u00e9 dokonale tvaruj\u00fa postavu. S\u00fa skvel\u00fdm z\u00e1kladom pre vytv\u00e1ranie le\u017e\u00e9rnych outfitov. Ich nad\u010dasov\u00fd strih skvele dopln\u00ed aj form\u00e1lne \u0161tyliz\u00e1cie a vnesie do nich trochu avantgardy. Odpor\u00fa\u010dame kombinova\u0165 s na\u0161imi <a href=\"https:\/\/madelinefashion.pl\/sk\/bluzki-2\/koszule\/\">ko\u0161ele<\/a>, <a href=\"https:\/\/madelinefashion.pl\/sk\/bluzki-2\/\">bl\u00fazky<\/a>, <a href=\"https:\/\/madelinefashion.pl\/sk\/body\/\">body\u010dko<\/a> alebo napr <a href=\"https:\/\/madelinefashion.pl\/sk\/product-tag\/ramoneski\/\">Ramones<\/a> <a href=\"https:\/\/madelinefashion.pl\/sk\/?s=valentino&amp;post_type=product\">Valentino<\/a>.\u00a0 \u00a0<strong>n\u00e1\u0161<\/strong>\u00a0nohavice to <strong>perfektn\u00e9<\/strong> model pre <strong>\u017deny v\u0161etk\u00fdch vekov\u00fdch kateg\u00f3ri\u00ed<\/strong> !! Kvalitn\u00e9 nohavice <strong>pr\u00e9mie<\/strong>, elastick\u00fd materi\u00e1l dokonale ladiaci s postavou.<br \/>\nV pr\u00edpade \u010fal\u0161\u00edch ot\u00e1zok k tomuto produktu n\u00e1s nev\u00e1hajte kontaktova\u0165 telefonicky alebo prostredn\u00edctvom <a href=\"https:\/\/www.facebook.com\/madelinefashionbutik\/\" target=\"_blank\" rel=\"noopener\">Facebook<\/a> . Sledujte nov\u00e9 trendy s <a href=\"https:\/\/madelinefashion.pl\/sk\/\"><strong>Madelinefashion<\/strong><\/a>. V inform\u00e1ci\u00e1ch po zak\u00fapen\u00ed m\u00f4\u017eete posla\u0165 svoje miery, vyberieme pre v\u00e1s ide\u00e1lne nohavice.<\/p>\n<h3 style=\"text-align: center;\">Rozmery:<\/h3>\n<p>&nbsp;<\/p>\n<p style=\"text-align: center;\"><strong><span style=\"vertical-align: inherit;\">VE\u013dKOS\u0164 XS 34\u00a0<\/span><\/strong><\/p>\n<ul style=\"text-align: center;\">\n<li><span style=\"vertical-align: inherit;\">Celkov\u00e1 d\u013a\u017eka: 94 cm<\/span><\/li>\n<li><span style=\"vertical-align: inherit;\">Vn\u00fatorn\u00e1 d\u013a\u017eka nohav\u00edc: 71 cm<\/span><\/li>\n<li><span style=\"vertical-align: inherit;\">\u0160\u00edrka v p\u00e1se: 30-40 cm<\/span><\/li>\n<li><span style=\"vertical-align: inherit;\">\u0160\u00edrka bokov: 37-47 cm<\/span><\/li>\n<\/ul>\n<p style=\"text-align: center;\"><strong><span style=\"vertical-align: inherit;\">VE\u013dKOS\u0164 S 36\u00a0<\/span><\/strong><\/p>\n<ul style=\"text-align: center;\">\n<li><span style=\"vertical-align: inherit;\">Celkov\u00e1 d\u013a\u017eka: 94 cm<\/span><\/li>\n<li><span style=\"vertical-align: inherit;\">Vn\u00fatorn\u00e1 d\u013a\u017eka nohav\u00edc: 70 cm<\/span><\/li>\n<li><span style=\"vertical-align: inherit;\">\u0160\u00edrka p\u00e1su: 32-38 cm<\/span><\/li>\n<li><span style=\"vertical-align: inherit;\">\u0160\u00edrka bokov: 40-50 cm<\/span><\/li>\n<\/ul>\n<p style=\"text-align: center;\"><strong><span style=\"vertical-align: inherit;\">VE\u013dKOS\u0164 M 38\u00a0<\/span><\/strong><\/p>\n<ul style=\"text-align: center;\">\n<li><span style=\"vertical-align: inherit;\">Celkov\u00e1 d\u013a\u017eka: 95 cm<\/span><\/li>\n<li><span style=\"vertical-align: inherit;\">Vn\u00fatorn\u00e1 d\u013a\u017eka nohav\u00edc: 70 cm<\/span><\/li>\n<li><span style=\"vertical-align: inherit;\">\u0160\u00edrka p\u00e1su: 34-46 cm<\/span><\/li>\n<li><span style=\"vertical-align: inherit;\">\u0160\u00edrka bokov: 44-55 cm<\/span><\/li>\n<\/ul>\n<p style=\"text-align: center;\"><strong><span style=\"vertical-align: inherit;\">VE\u013dKOS\u0164 L 40<\/span><\/strong><\/p>\n<ul style=\"text-align: center;\">\n<li><span style=\"vertical-align: inherit;\">Celkov\u00e1 d\u013a\u017eka: 96 cm<\/span><\/li>\n<li><span style=\"vertical-align: inherit;\">Vn\u00fatorn\u00e1 d\u013a\u017eka nohav\u00edc: 70 cm<\/span><\/li>\n<li><span style=\"vertical-align: inherit;\">\u0160\u00edrka v p\u00e1se: 37-48 cm<\/span><\/li>\n<li><span style=\"vertical-align: inherit;\">\u0160\u00edrka bokov: 46-56 cm<\/span><\/li>\n<\/ul>\n<p style=\"text-align: center;\"><strong>Ve\u013ekos\u0165 XL 42<br \/>\n<\/strong><\/p>\n<ul style=\"text-align: center;\">\n<li><span style=\"vertical-align: inherit;\">Celkov\u00e1 d\u013a\u017eka: 97 cm<\/span><\/li>\n<li><span style=\"vertical-align: inherit;\">Vn\u00fatorn\u00e1 d\u013a\u017eka nohav\u00edc: 70 cm<\/span><\/li>\n<li><span style=\"vertical-align: inherit;\">\u0160\u00edrka v p\u00e1se: 40-53 cm<\/span><\/li>\n<li><span style=\"vertical-align: inherit;\"><span style=\"vertical-align: inherit;\">\u0160\u00edrka bokov: 48-59 cm<\/span><\/span>\n<ul style=\"text-align: center;\">\n<li><\/li>\n<\/ul>\n<\/li>\n<\/ul>\n<p style=\"text-align: center;\"><strong>\u00a0<\/strong><\/p>\n<p style=\"text-align: center;\">Rozmery sa m\u00f4\u017eu mierne l\u00ed\u0161i\u0165 od uveden\u00fdch +\/- 2cm. V\u0161etky uveden\u00e9 rozmery s\u00fa meran\u00e9 plo\u0161ne. <strong>Rozmer X2<\/strong><\/p>\n<p>&nbsp;<\/p>\n<div class=\"tabs tabs-bb clear mb-80\">\n<div class=\"tab-content\">\n<div id=\"tab-description\" class=\"tab-pane fade in woocommerce-Tabs-panel--description active\">\n<div class=\"tabs tabs-bb clear mb-80\">\n<div class=\"tab-content\">\n<div id=\"tab-description\" class=\"tab-pane fade in woocommerce-Tabs-panel--description active\">\n<div class=\"tabs tabs-bb clear mb-80\">\n<div class=\"tab-content\">\n<div id=\"tab-description\" class=\"tab-pane fade in woocommerce-Tabs-panel--description active\">\n<div class=\"additional-details\">\n<p style=\"text-align: center;\">Model m\u00e1\u00a0<strong>169<\/strong>\u00a0cm vysok\u00fd, nos\u00ed ve\u013ekos\u0165 ka\u017ed\u00fd de\u0148\u00a0<strong>S<\/strong><\/p>\n<p style=\"text-align: center;\">\u0160\u00edrka hrudn\u00edka 91 cm<\/p>\n<p style=\"text-align: center;\">\u0160\u00edrka p\u00e1su 71 cm<\/p>\n<p style=\"text-align: center;\">\u0160\u00edrka bokov 96 cm<\/p>\n<\/div>\n<\/div>\n<\/div>\n<\/div>\n<\/div>\n<\/div>\n<\/div>\n<div class=\"additional-details\"><\/div>\n<\/div>\n<\/div>\n<\/div>","protected":false},"excerpt":{"rendered":"<p>Spodnie Materia\u0142owe Push-up Z Guzikami Czarne Spodnie Push-up\u00a0 to modny element, kt\u00f3rego nie mo\u017ce zabrakn\u0105\u0107 w Twojej garderobie. Spodnie wykonane z wysokiej jako\u015bci materia\u0142u z wysokim stanem efektem push up, \u00a0kt\u00f3re doskonale modeluj\u0105 sylwetk\u0119. Stanowi\u0105 \u015bwietn\u0105 baz\u0119 do tworzenia niezobowi\u0105zuj\u0105cych outfit\u00f3w. Ich ponadczasowy kr\u00f3j perfekcyjnie uzupe\u0142ni r\u00f3wnie\u017c formalne stylizacj\u0119, wprowadzaj\u0105c do niech nieco awangardy. Polecamy<\/p>\n<div class=\"klb-readmore post-buttons\"><a class=\"button black outline size-sm\" href=\"https:\/\/madelinefashion.pl\/sk\/spodnie-materialowe-push-up-z-guzikami-czarne\/\">\u010c\u00edta\u0165 \u010falej <i class=\"klbth-icon-right-arrow\"><\/i><\/a><\/div>","protected":false},"featured_media":110235,"template":"","meta":[],"product_brand":[],"product_cat":[83,395],"product_tag":[475],"class_list":{"0":"post-110226","1":"product","2":"type-product","3":"status-publish","4":"has-post-thumbnail","6":"product_cat-spodnie","7":"product_cat-nowosci","8":"product_tag-spodnie-dlugie","9":"pa_rozmiar-xs","10":"pa_rozmiar-s","11":"pa_rozmiar-m","12":"pa_rozmiar-l","13":"pa_rozmiar-xl","14":"pa_rozmiar-xxl-44","15":"pa_rozmiar-xxxl-46","17":"first","18":"instock","19":"product-type-variable"},"_links":{"self":[{"href":"https:\/\/madelinefashion.pl\/sk\/wp-json\/wp\/v2\/product\/110226","targetHints":{"allow":["GET"]}}],"collection":[{"href":"https:\/\/madelinefashion.pl\/sk\/wp-json\/wp\/v2\/product"}],"about":[{"href":"https:\/\/madelinefashion.pl\/sk\/wp-json\/wp\/v2\/types\/product"}],"wp:featuredmedia":[{"embeddable":true,"href":"https:\/\/madelinefashion.pl\/sk\/wp-json\/wp\/v2\/media\/110235"}],"wp:attachment":[{"href":"https:\/\/madelinefashion.pl\/sk\/wp-json\/wp\/v2\/media?parent=110226"}],"wp:term":[{"taxonomy":"product_brand","embeddable":true,"href":"https:\/\/madelinefashion.pl\/sk\/wp-json\/wp\/v2\/product_brand?post=110226"},{"taxonomy":"product_cat","embeddable":true,"href":"https:\/\/madelinefashion.pl\/sk\/wp-json\/wp\/v2\/product_cat?post=110226"},{"taxonomy":"product_tag","embeddable":true,"href":"https:\/\/madelinefashion.pl\/sk\/wp-json\/wp\/v2\/product_tag?post=110226"}],"curies":[{"name":"pracovn\u00fd list","href":"https:\/\/api.w.org\/{rel}","templated":true}]}}