{"id":110731,"date":"2023-11-22T13:58:44","date_gmt":"2023-11-22T12:58:44","guid":{"rendered":"https:\/\/madelinefashion.pl\/?post_type=product&#038;p=110731"},"modified":"2026-02-20T14:56:54","modified_gmt":"2026-02-20T13:56:54","slug":"sweter-w-prazek-gladki-mua-czarny","status":"publish","type":"product","link":"https:\/\/madelinefashion.pl\/sk\/sweter-w-prazek-gladki-mua-czarny\/","title":{"rendered":"\u010cierny hladk\u00fd rebrovan\u00fd sveter Mua"},"content":{"rendered":"<h3 style=\"text-align: center;\">\u010cierny hladk\u00fd rebrovan\u00fd sveter Mua<\/h3>\n<p style=\"text-align: center;\">\u00a0T\u00e1to bl\u00fazka je vyroben\u00e1 z mimoriadne pohodln\u00e9ho materi\u00e1lu. M\u00e1 dlh\u00e9 ruk\u00e1vy v najtrendovej\u0161om pruhovanom vzore tejto sez\u00f3ny. Na boku je jemn\u00fd n\u00e1pis MUA s vy\u0161\u00edvan\u00fdmi kry\u0161t\u00e1lmi. Jednoduch\u00fd strih a klasick\u00fd vzor doplnia r\u00f4zne outfity. M\u00f4\u017eete ju \u013eahko nosi\u0165 na ka\u017edodenn\u00e9 nosenie, do pr\u00e1ce, na rodinn\u00e9 stretnutia alebo aj na d\u00f4le\u017eitej\u0161iu pr\u00edle\u017eitos\u0165. V\u010faka \u0161trukt\u00fare materi\u00e1lu ju odpor\u00fa\u010dame kombinova\u0165 s vysok\u00fdmi \u010di\u017emami, ktor\u00e9 v\u00e1s ur\u010dite odl\u00ed\u0161ia od davu. .\u00a0 <strong>Ve\u013ekos\u0165 je UNIVERZ\u00c1LNA<\/strong> odpor\u00fa\u010dan\u00e9 pre d\u00e1my<strong> XS<\/strong> <strong>SML<\/strong>\u00a0ale odpor\u00fa\u010dame\u00a0<strong>presn\u00e9 meranie <\/strong>pod\u013ea ni\u017e\u0161ie uvedenej tabu\u013eky rozmerov. Dostupn\u00e9 na na\u0161om e-shope vo viacer\u00fdch farebn\u00fdch variantoch, tak nev\u00e1hajte a vyberte si t\u00fa, ktor\u00e1 je pre v\u00e1s ako stvoren\u00e1. Ak sa neviete rozhodn\u00fa\u0165, ktor\u00e1 farba je pre v\u00e1s najlep\u0161ia, kontaktujte n\u00e1s prostredn\u00edctvom <strong>Facebook<\/strong>\u00a0alebo telef\u00f3n.<\/p>\n<h3 style=\"text-align: center;\">Rozmery svetra:<\/h3>\n<ul>\n<li style=\"text-align: center;\">Celkov\u00e1 d\u013a\u017eka: 55 cm<\/li>\n<li style=\"text-align: center;\">\u0160\u00edrka od podpazu\u0161ia k podpazu\u0161iu: 52-68 cm<\/li>\n<li style=\"text-align: center;\">D\u013a\u017eka ruk\u00e1va od ramena: 55 cm<\/li>\n<li style=\"text-align: center;\">D\u013a\u017eka ruk\u00e1va od podpazu\u0161ia: 47 cm<\/li>\n<li style=\"text-align: center;\"><\/li>\n<li style=\"text-align: center;\"><\/li>\n<\/ul>\n<p style=\"text-align: center;\">Rozmery sa m\u00f4\u017eu mierne l\u00ed\u0161i\u0165 od uveden\u00fdch +\/- 2cm. V\u0161etky uveden\u00e9 rozmery s\u00fa meran\u00e9 plo\u0161ne.<\/p>\n<table width=\"610\">\n<tbody>\n<tr>\n<td width=\"302\">Meno modela<\/td>\n<td width=\"302\">Jednoduch\u00fd pruhovan\u00fd sveter Mua<\/td>\n<\/tr>\n<tr>\n<td width=\"302\">Farba<\/td>\n<td width=\"302\">\u010dierna<\/td>\n<\/tr>\n<tr>\n<td width=\"302\">ve\u013ekosti<\/td>\n<td width=\"302\">Univerz\u00e1lny<\/td>\n<\/tr>\n<tr>\n<td width=\"302\">Zbierka<\/td>\n<td width=\"302\">jar\/jese\u0148\/zima<\/td>\n<\/tr>\n<tr>\n<td width=\"302\">\u0160tiepenie<\/td>\n<td width=\"302\">\u00a0V<\/td>\n<\/tr>\n<tr>\n<td width=\"302\">izolovan\u00e9<\/td>\n<td width=\"302\">jednopl\u00e1\u0161\u0165ov\u00e9<\/td>\n<\/tr>\n<tr>\n<td width=\"302\">Materi\u00e1l<\/td>\n<td width=\"302\">51% Visk\u00f3za 28% Polyester 21% Nylon<\/td>\n<\/tr>\n<\/tbody>\n<\/table>\n<section class=\"page-product-box\">\n<div class=\"rte\">\n<div class=\"tabs tabs-bb clear mb-80\">\n<div class=\"tab-content\">\n<div id=\"tab-description\" class=\"tab-pane fade in woocommerce-Tabs-panel--description active\">\n<p style=\"text-align: center;\">Model m\u00e1\u00a0<strong>169<\/strong>\u00a0cm vysok\u00fd, nos\u00ed ve\u013ekos\u0165 ka\u017ed\u00fd de\u0148\u00a0<strong>S<\/strong><\/p>\n<p style=\"text-align: center;\">\u0160\u00edrka hrudn\u00edka 91 cm<\/p>\n<p style=\"text-align: center;\">\u0160\u00edrka p\u00e1su 71 cm<\/p>\n<p style=\"text-align: center;\">\u0160\u00edrka bokov 96 cm<\/p>\n<\/div>\n<\/div>\n<\/div>\n<\/div>\n<\/section>","protected":false},"excerpt":{"rendered":"<p>Sweter W Pr\u0105\u017cek G\u0142adki Mua Czarny \u00a0Bluzka wykonany z niezwykle przyjemnego materia\u0142u. Bluzka na d\u0142ugi r\u0119kaw w najmodniejszy w tym sezonie pr\u0105\u017ckowy wz\u00f3r. Na boku delikatny napis z wyszywanych kryszta\u0142k\u00f3w MUA. Prosty kr\u00f3j i klasyczny wz\u00f3r wpisze si\u0119 w wiele stylizacji. Z powodzeniem mo\u017cesz go ubra\u0107 na codzienne wyj\u015bcia, do pracy, spotkanie rodzinne czy nawet<\/p>\n<div class=\"klb-readmore post-buttons\"><a class=\"button black outline size-sm\" href=\"https:\/\/madelinefashion.pl\/sk\/sweter-w-prazek-gladki-mua-czarny\/\">\u010c\u00edta\u0165 \u010falej <i class=\"klbth-icon-right-arrow\"><\/i><\/a><\/div>","protected":false},"featured_media":565832,"template":"","meta":[],"product_brand":[],"product_cat":[90],"product_tag":[298],"class_list":{"0":"post-110731","1":"product","2":"type-product","3":"status-publish","4":"has-post-thumbnail","6":"product_cat-swetry","7":"product_tag-swetry-czarne","9":"first","10":"instock","11":"purchasable","12":"product-type-simple"},"_links":{"self":[{"href":"https:\/\/madelinefashion.pl\/sk\/wp-json\/wp\/v2\/product\/110731","targetHints":{"allow":["GET"]}}],"collection":[{"href":"https:\/\/madelinefashion.pl\/sk\/wp-json\/wp\/v2\/product"}],"about":[{"href":"https:\/\/madelinefashion.pl\/sk\/wp-json\/wp\/v2\/types\/product"}],"wp:featuredmedia":[{"embeddable":true,"href":"https:\/\/madelinefashion.pl\/sk\/wp-json\/wp\/v2\/media\/565832"}],"wp:attachment":[{"href":"https:\/\/madelinefashion.pl\/sk\/wp-json\/wp\/v2\/media?parent=110731"}],"wp:term":[{"taxonomy":"product_brand","embeddable":true,"href":"https:\/\/madelinefashion.pl\/sk\/wp-json\/wp\/v2\/product_brand?post=110731"},{"taxonomy":"product_cat","embeddable":true,"href":"https:\/\/madelinefashion.pl\/sk\/wp-json\/wp\/v2\/product_cat?post=110731"},{"taxonomy":"product_tag","embeddable":true,"href":"https:\/\/madelinefashion.pl\/sk\/wp-json\/wp\/v2\/product_tag?post=110731"}],"curies":[{"name":"pracovn\u00fd list","href":"https:\/\/api.w.org\/{rel}","templated":true}]}}