{"id":110955,"date":"2023-11-24T09:56:27","date_gmt":"2023-11-24T08:56:27","guid":{"rendered":"https:\/\/madelinefashion.pl\/?post_type=product&#038;p=110955"},"modified":"2026-01-20T10:33:15","modified_gmt":"2026-01-20T09:33:15","slug":"koszula-klasyczna-z-kolnierzem-zlote-napisy-biala","status":"publish","type":"product","link":"https:\/\/madelinefashion.pl\/sk\/koszula-klasyczna-z-kolnierzem-zlote-napisy-biala\/","title":{"rendered":"Klasick\u00e1 ko\u0161e\u013ea s golierom a zlat\u00fdm n\u00e1pisom, biela"},"content":{"rendered":"<h3 style=\"text-align: center;\">Klasick\u00e1 ko\u0161e\u013ea s golierom a zlat\u00fdm n\u00e1pisom, biela<\/h3>\n<p style=\"text-align: center;\">Ko\u0161e\u013ea klasick\u00e9ho strihu bude skvel\u00e1 v mnoh\u00fdch verzi\u00e1ch<strong>ako ofici\u00e1lne, tak aj<\/strong> na ka\u017ed\u00fd de\u0148. D\u00e1mska ko\u0161e\u013ea s ozdobnou zlatou potla\u010dou na prednej strane. <strong>\u00a0Tento model je dostupn\u00fd v dvoch farebn\u00fdch variantoch. Tri\u010dko je asymetrick\u00e9 a m\u00e1 dlh\u00fd strih, v\u010faka \u010domu sa perfektne hod\u00ed k nohaviciam alebo aj dlh\u0161\u00edm leg\u00ednam. <\/strong>Strih je ide\u00e1lny na zastr\u010denie do nohav\u00edc alebo sukn\u00ed. Na\u0161a ko\u0161e\u013ea m\u00f4\u017ee by\u0165 z\u00e1kladom mnoh\u00fdch elegantn\u00fdch a nad\u010dasov\u00fdch \u0161t\u00fdlov. Ur\u010dite sa bude hodi\u0165 k... <a href=\"https:\/\/madelinefashion.pl\/sk\/spodnica-skora-mini-czarna\/\">ceruzky <\/a>sukne alebo klasika <a href=\"https:\/\/madelinefashion.pl\/sk\/spodnie-jeansowe-paradise-jasne\/\">d\u017e\u00ednsy<\/a>. Ko\u0161e\u013ea je ide\u00e1lnym n\u00e1vrhom do pr\u00e1ce, na ka\u017ed\u00fd de\u0148, na rodinn\u00e9 stretnutia a mnoh\u00e9 in\u00e9 pr\u00edle\u017eitosti. Odpor\u00fa\u010da sa pre \u017eeny, ktor\u00e9 nosia ve\u013e <strong>S, M, L, XL, XXL, XXXL<\/strong><\/p>\n<h3 style=\"text-align: center;\">\u00a0 \u00a0 \u00a0Rozmery:<\/h3>\n<ul style=\"text-align: center;\">\n<li style=\"list-style-type: none;\">\n<ul>\n<li>celkov\u00e1 d\u013a\u017eka prednej \u010dasti: 80 cm<\/li>\n<li>celkov\u00e1 d\u013a\u017eka chrbta: 96 cm<\/li>\n<li>\u0161\u00edrka od pazuchy k pazuche: 78 cm<\/li>\n<li>d\u013a\u017eka ruk\u00e1va od ramena: 53 cm<\/li>\n<li>d\u013a\u017eka ruk\u00e1va od podpazu\u0161ia: 35 cm<\/li>\n<li><\/li>\n<\/ul>\n<p>Rozmery sa m\u00f4\u017eu mierne l\u00ed\u0161i\u0165 od uveden\u00fdch +\/- 2cm. V\u0161etky uveden\u00e9 rozmery s\u00fa meran\u00e9 plo\u0161ne. rozmer x2<\/li>\n<\/ul>\n<table style=\"height: 288px;\" width=\"433\">\n<tbody>\n<tr>\n<td>Meno modela<\/td>\n<td>Klasick\u00e1 ko\u0161e\u013ea s golierom a zlat\u00fdm n\u00e1pisom<\/td>\n<\/tr>\n<tr>\n<td>Farba<\/td>\n<td>biely<\/td>\n<\/tr>\n<tr>\n<td>Zbierka<\/td>\n<td>Jar leto jese\u0148 zima<\/td>\n<\/tr>\n<tr>\n<td>Ve\u013ekos\u0165<\/td>\n<td>Univerz\u00e1lny<\/td>\n<\/tr>\n<tr>\n<td>M\u00f3da<\/td>\n<td>nadrozmern\u00e9<\/td>\n<\/tr>\n<tr>\n<td>\u0160tiepenie<\/td>\n<td>\u00a0V<\/td>\n<\/tr>\n<tr>\n<td>Zlo\u017eenie materi\u00e1lov<\/td>\n<td>100% bavlna<\/td>\n<\/tr>\n<\/tbody>\n<\/table>\n<p style=\"text-align: center;\">Model m\u00e1\u00a0<strong>165<\/strong>\u00a0cm vysok\u00fd, nos\u00ed ve\u013ekos\u0165 ka\u017ed\u00fd de\u0148\u00a0<strong>S<\/strong><\/p>\n<p style=\"text-align: center;\">\u0160\u00edrka hrudn\u00edka 88 cm<\/p>\n<p style=\"text-align: center;\">\u0160\u00edrka p\u00e1su 65 cm<\/p>\n<p style=\"text-align: center;\">\u0160\u00edrka bokov 91 cm<\/p>\n<p>&nbsp;<\/p>\n<p style=\"text-align: center;\"><strong>\u00a0<\/strong><\/p>","protected":false},"excerpt":{"rendered":"<p>Koszula Klasyczna Z Ko\u0142nierzem Z\u0142ote Napisy Bia\u0142a Koszula o klasycznym kroju \u015bwietnie sprawdzi si\u0119 w wielu ods\u0142onach, zar\u00f3wno tych oficjalnych, jak i codziennych. Damska koszula z ozdobnymi, z\u0142otymi nadrukami z przodu koszuli. \u00a0Ten model dost\u0119pny jest w dw\u00f3ch wariantach kolorystycznych. Koszula jest asymetryczna, przed\u0142u\u017cany fason \u015bwietnie sprawdzi si\u0119 w zestawie ze spodniami ale tak\u017ce z<\/p>\n<div class=\"klb-readmore post-buttons\"><a class=\"button black outline size-sm\" href=\"https:\/\/madelinefashion.pl\/sk\/koszula-klasyczna-z-kolnierzem-zlote-napisy-biala\/\">\u010c\u00edta\u0165 \u010falej <i class=\"klbth-icon-right-arrow\"><\/i><\/a><\/div>","protected":false},"featured_media":110946,"template":"","meta":[],"product_brand":[],"product_cat":[92],"product_tag":[414,504],"class_list":{"0":"post-110955","1":"product","2":"type-product","3":"status-publish","4":"has-post-thumbnail","6":"product_cat-koszule","7":"product_tag-koszule","8":"product_tag-party-time","10":"first","11":"instock","12":"sale","13":"purchasable","14":"product-type-simple"},"_links":{"self":[{"href":"https:\/\/madelinefashion.pl\/sk\/wp-json\/wp\/v2\/product\/110955","targetHints":{"allow":["GET"]}}],"collection":[{"href":"https:\/\/madelinefashion.pl\/sk\/wp-json\/wp\/v2\/product"}],"about":[{"href":"https:\/\/madelinefashion.pl\/sk\/wp-json\/wp\/v2\/types\/product"}],"wp:featuredmedia":[{"embeddable":true,"href":"https:\/\/madelinefashion.pl\/sk\/wp-json\/wp\/v2\/media\/110946"}],"wp:attachment":[{"href":"https:\/\/madelinefashion.pl\/sk\/wp-json\/wp\/v2\/media?parent=110955"}],"wp:term":[{"taxonomy":"product_brand","embeddable":true,"href":"https:\/\/madelinefashion.pl\/sk\/wp-json\/wp\/v2\/product_brand?post=110955"},{"taxonomy":"product_cat","embeddable":true,"href":"https:\/\/madelinefashion.pl\/sk\/wp-json\/wp\/v2\/product_cat?post=110955"},{"taxonomy":"product_tag","embeddable":true,"href":"https:\/\/madelinefashion.pl\/sk\/wp-json\/wp\/v2\/product_tag?post=110955"}],"curies":[{"name":"pracovn\u00fd list","href":"https:\/\/api.w.org\/{rel}","templated":true}]}}