{"id":110981,"date":"2023-11-24T10:22:16","date_gmt":"2023-11-24T09:22:16","guid":{"rendered":"https:\/\/madelinefashion.pl\/?post_type=product&#038;p=110981"},"modified":"2026-04-07T17:45:06","modified_gmt":"2026-04-07T15:45:06","slug":"sukienka-cekinowa-rumba-z-maszczonym-dolem-czerwona","status":"publish","type":"product","link":"https:\/\/madelinefashion.pl\/sk\/sukienka-cekinowa-rumba-z-maszczonym-dolem-czerwona\/","title":{"rendered":"\u010cerven\u00e9 flitrovan\u00e9 \u0161aty Rumba s vol\u00e1nov\u00fdm lemom"},"content":{"rendered":"<h3 style=\"text-align: center;\">\u010cerven\u00e9 flitrovan\u00e9 \u0161aty Rumba s vol\u00e1nov\u00fdm lemom<\/h3>\n<p style=\"text-align: center;\">Kr\u00e1sne flitrovan\u00e9 \u0161aty, priliehav\u00e9 k postave s ozdobnou man\u017eetou, kr\u00e1sne zv\u00fdraz\u0148uj\u00fa \u017eensk\u00e9 krivky. Tieto \u0161aty s dlh\u00fdm ruk\u00e1vom s\u00fa ide\u00e1lne na \u0161peci\u00e1lnu pr\u00edle\u017eitos\u0165 a urobia v\u00fdrazn\u00fd dojem. Ich ceruzkov\u00fd strih bude vyzera\u0165 skvele na ka\u017edej postave. Skombinujte ich s va\u0161imi ob\u013e\u00faben\u00fdmi lodi\u010dkami na podp\u00e4tku pre jedine\u010dn\u00fd vzh\u013ead. \u0160aty s\u00fa pod\u0161it\u00e9.\u00a0 <strong>Ve\u013ekos\u0165 je UNIVERZ\u00c1LNA\u00a0<\/strong>\u00a0odpor\u00fa\u010dan\u00e9 pre d\u00e1my nosiace XS,S,M,L\u00a0<strong>,<\/strong>\u00a0ale odpor\u00fa\u010dame\u00a0<strong>presn\u00e9 meranie\u00a0<\/strong>pod\u013ea ni\u017e\u0161ie uvedenej tabu\u013eky rozmerov. Dostupn\u00e9 na na\u0161om e-shope vo viacer\u00fdch farebn\u00fdch variantoch, tak nev\u00e1hajte a vyberte si t\u00fa, ktor\u00e1 je pre v\u00e1s ako stvoren\u00e1.<\/p>\n<h3 style=\"text-align: center;\">Rozmery \u0161iat<\/h3>\n<ul style=\"text-align: center;\">\n<li>celkov\u00e1 d\u013a\u017eka: 89 cm<\/li>\n<li>\u0161\u00edrka od pazuchy k pazuche: 50-63 cm<\/li>\n<li>\u0161\u00edrka p\u00e1su: 35-46 cm (guma)<\/li>\n<li>d\u013a\u017eka ruk\u00e1va od ramena: 61 cm<\/li>\n<li>d\u013a\u017eka ruk\u00e1va od pazuchy 46 cm<\/li>\n<li><\/li>\n<\/ul>\n<p style=\"text-align: center;\">Rozmery sa m\u00f4\u017eu mierne l\u00ed\u0161i\u0165 od uveden\u00fdch +\/- 2cm. V\u0161etky uveden\u00e9 rozmery s\u00fa meran\u00e9 plo\u0161ne. <strong>rozmer x2<\/strong><\/p>\n<p style=\"text-align: center;\"><strong>\u00a0<\/strong><\/p>\n<table style=\"height: 175px;\" width=\"690\">\n<tbody>\n<tr>\n<td width=\"302\">Meno modela<\/td>\n<td width=\"302\">Flitrovan\u00e9 \u0161aty Rumba s vol\u00e1nov\u00fdm lemom<\/td>\n<\/tr>\n<tr>\n<td width=\"302\">Farba<\/td>\n<td width=\"302\">\u010cerven\u00e1<\/td>\n<\/tr>\n<tr>\n<td width=\"302\">Zbierka<\/td>\n<td width=\"302\">jese\u0148\/zima\/jar<\/td>\n<\/tr>\n<tr>\n<td width=\"302\">ve\u013ekosti<\/td>\n<td width=\"302\">Univerz\u00e1lny<\/td>\n<\/tr>\n<tr>\n<td width=\"302\">M\u00f3da<\/td>\n<td width=\"302\">Priliehav\u00fd \/ elastick\u00fd<\/td>\n<\/tr>\n<tr>\n<td width=\"302\">Materi\u00e1l<\/td>\n<td width=\"302\">100 % Polyester<\/td>\n<\/tr>\n<\/tbody>\n<\/table>\n<section class=\"page-product-box\">\n<div class=\"rte\">\n<p style=\"text-align: center;\">Model m\u00e1\u00a0<strong>165<\/strong>\u00a0cm vysok\u00fd, nos\u00ed ve\u013ekos\u0165 ka\u017ed\u00fd de\u0148\u00a0<strong>S<\/strong><\/p>\n<p style=\"text-align: center;\">\u0160\u00edrka hrudn\u00edka 88 cm<\/p>\n<p style=\"text-align: center;\">\u0160\u00edrka p\u00e1su 65 cm<\/p>\n<p style=\"text-align: center;\">\u0160\u00edrka bokov 91 cm<\/p>\n<p>&nbsp;<\/p>\n<p style=\"text-align: center;\">\n<\/div>\n<\/section>","protected":false},"excerpt":{"rendered":"<p>Sukienka Cekinowa Rumba Z Maszczonym Do\u0142em Czerwona Pi\u0119kna cekinowa sukienka, dopasowana do cia\u0142a z ozdobnym \u015bci\u0105gaczem pi\u0119knie podkre\u015bla kobiece kszta\u0142ty. Sukienka z d\u0142ugim r\u0119kawem. Za\u0142\u00f3\u017c j\u0105 na wyj\u0105tkow\u0105 okazj\u0119 i spraw, \u017ce nikt nie przejdzie obok Ciebie oboj\u0119tnie. Kr\u00f3j sukienki , jest o\u0142\u00f3wkowy zaprezentuje si\u0119 doskonale na ka\u017cdym typie sylwetki. W zestawieniu z ulubionymi szpilkami<\/p>\n<div class=\"klb-readmore post-buttons\"><a class=\"button black outline size-sm\" href=\"https:\/\/madelinefashion.pl\/sk\/sukienka-cekinowa-rumba-z-maszczonym-dolem-czerwona\/\">\u010c\u00edta\u0165 \u010falej <i class=\"klbth-icon-right-arrow\"><\/i><\/a><\/div>","protected":false},"featured_media":110960,"template":"","meta":[],"product_brand":[],"product_cat":[124,558],"product_tag":[504,258,262],"class_list":{"0":"post-110981","1":"product","2":"type-product","3":"status-publish","4":"has-post-thumbnail","6":"product_cat-sukienki-okolicznosciowe","7":"product_cat-sukienki-cekinowe","8":"product_tag-party-time","9":"product_tag-sukienka-czerwona","10":"product_tag-sukienki-krotkie","12":"first","13":"instock","14":"sale","15":"purchasable","16":"product-type-simple"},"_links":{"self":[{"href":"https:\/\/madelinefashion.pl\/sk\/wp-json\/wp\/v2\/product\/110981","targetHints":{"allow":["GET"]}}],"collection":[{"href":"https:\/\/madelinefashion.pl\/sk\/wp-json\/wp\/v2\/product"}],"about":[{"href":"https:\/\/madelinefashion.pl\/sk\/wp-json\/wp\/v2\/types\/product"}],"wp:featuredmedia":[{"embeddable":true,"href":"https:\/\/madelinefashion.pl\/sk\/wp-json\/wp\/v2\/media\/110960"}],"wp:attachment":[{"href":"https:\/\/madelinefashion.pl\/sk\/wp-json\/wp\/v2\/media?parent=110981"}],"wp:term":[{"taxonomy":"product_brand","embeddable":true,"href":"https:\/\/madelinefashion.pl\/sk\/wp-json\/wp\/v2\/product_brand?post=110981"},{"taxonomy":"product_cat","embeddable":true,"href":"https:\/\/madelinefashion.pl\/sk\/wp-json\/wp\/v2\/product_cat?post=110981"},{"taxonomy":"product_tag","embeddable":true,"href":"https:\/\/madelinefashion.pl\/sk\/wp-json\/wp\/v2\/product_tag?post=110981"}],"curies":[{"name":"pracovn\u00fd list","href":"https:\/\/api.w.org\/{rel}","templated":true}]}}