{"id":111060,"date":"2023-11-24T12:35:14","date_gmt":"2023-11-24T11:35:14","guid":{"rendered":"https:\/\/madelinefashion.pl\/?post_type=product&#038;p=111060"},"modified":"2026-01-15T12:42:54","modified_gmt":"2026-01-15T11:42:54","slug":"plaszczyk-futerko-zapinane-honey-set-ecru","status":"publish","type":"product","link":"https:\/\/madelinefashion.pl\/sk\/plaszczyk-futerko-zapinane-honey-set-ecru\/","title":{"rendered":"Ko\u017euchov\u00fd kab\u00e1t s krycou vrstvou Honey Set Ecru na zips"},"content":{"rendered":"<h3 style=\"text-align: center;\">Ko\u017euchov\u00fd kab\u00e1t s krycou vrstvou Honey Set Ecru na zips<\/h3>\n<div style=\"text-align: center;\">\n<p>Chcete sa c\u00edti\u0165 \u0161t\u00fdlovo a m\u00f3dne? Tento produkt je pre v\u00e1s. <span lang=\"en-us\" xml:lang=\"en-us\"><b>Fenomen\u00e1lny ko\u017euch je nie\u010do pre \u017eeny, ktor\u00e9 miluj\u00fa odv\u00e1\u017ene \u0161tyliz\u00e1cie a eleganciu v jednom. <\/b><\/span><span lang=\"en-us\" xml:lang=\"en-us\">Dokonal\u00fd strih <\/span><strong><span lang=\"en-us\" xml:lang=\"en-us\">aj na jese\u0148 a zimu. <\/span><\/strong><span lang=\"en-us\" xml:lang=\"en-us\">Ko\u017eu\u0161ina zap\u00ednan\u00e1 na patentky. <\/span><strong>Ko\u017eu\u0161ina<\/strong> pasuje na obe<strong> ka\u017edodenn\u00e9 a elegantnej\u0161ie \u0161t\u00fdly<\/strong>,. Zap\u00edna sa na dva skryt\u00e9 patentky, m\u00e1 dve predn\u00e9 vreck\u00e1. Kab\u00e1t s dlh\u00fdmi ruk\u00e1vmi <span style=\"text-align: center;\">je to ur\u010den\u00e9 <\/span><strong style=\"text-align: center;\">musie\u0165 ma\u0165<\/strong><span style=\"text-align: center;\"> v ka\u017edom \u0161atn\u00edku! <\/span><span style=\"text-align: center;\">Vyst\u00fapte z davu s na\u0161imi <strong>srs\u0165 <\/strong>. Fant\u00e1zii sa medze neklad\u00fa, tak nev\u00e1hajte a<\/span><strong style=\"text-align: center;\"> vytvorte si svoj vlastn\u00fd \u0161t\u00fdl<\/strong><span style=\"text-align: center;\">. <strong>Ko\u017eu\u0161ina <\/strong><\/span><span style=\"text-align: center;\">\u00a0prich\u00e1dza vo ve\u013ekosti<\/span><strong style=\"text-align: center;\"> SML . Tento model je ide\u00e1lny pre <strong>jar, jese\u0148.<\/strong> <\/strong><span style=\"text-align: center;\">Ak m\u00e1te nejak\u00e9 ot\u00e1zky, sme tu, aby sme v\u00e1m pomohli.<\/span><\/p>\n<\/div>\n<h3 style=\"text-align: center;\">Rozmery:<\/h3>\n<ul style=\"text-align: center;\">\n<li>Celkov\u00e1 d\u013a\u017eka: 103 cm<\/li>\n<li>\u0160\u00edrka od podpazu\u0161ia: 58 cm<\/li>\n<li>D\u013a\u017eka ruk\u00e1va od ramena: 61 cm<\/li>\n<li>D\u013a\u017eka ruk\u00e1va od podpazu\u0161ia: 45 cm<\/li>\n<\/ul>\n<p style=\"text-align: center;\">Rozmery sa m\u00f4\u017eu mierne l\u00ed\u0161i\u0165 od uveden\u00fdch +\/- 2cm. V\u0161etky uveden\u00e9 rozmery s\u00fa meran\u00e9 plo\u0161ne.<\/p>\n<p>\u00a0<\/p>\n<p>\u00a0<\/p>\n<p style=\"text-align: center;\">Model m\u00e1\u00a0<strong>169<\/strong>\u00a0cm vysok\u00fd, nos\u00ed ve\u013ekos\u0165 ka\u017ed\u00fd de\u0148\u00a0<strong>S<\/strong><\/p>\n<p style=\"text-align: center;\">\u0160\u00edrka hrudn\u00edka 91 cm<\/p>\n<p style=\"text-align: center;\">\u0160\u00edrka p\u00e1su 71 cm<\/p>\n<p style=\"text-align: center;\">\u0160\u00edrka bokov 96 cm<strong>\u00a0<\/strong><\/p>\n<p style=\"text-align: center;\"><span style=\"font-size: 10pt;\">\u00a0<\/span><\/p>\n<p style=\"text-align: center;\">","protected":false},"excerpt":{"rendered":"<p>Ko\u017euchov\u00fd kab\u00e1t Honey Set Ecru so zipsom. Chcete sa c\u00edti\u0165 \u0161t\u00fdlovo a m\u00f3dne? Tento produkt je pre v\u00e1s. Tento fenomen\u00e1lny ko\u017euch je ide\u00e1lny pre \u017eeny, ktor\u00e9 miluj\u00fa v\u00fdrazn\u00fd \u0161t\u00fdl a eleganciu. Je to perfektn\u00fd \u0161t\u00fdl na nadch\u00e1dzaj\u00facu jese\u0148 a zimu. Ko\u017euch sa zap\u00edna na patentn\u00e9 gomb\u00edky. Ko\u017euch sa hod\u00ed k be\u017en\u00fdm aj elegantnej\u0161\u00edm outfitom. Zap\u00ednanie na zips.<\/p>\n<div class=\"klb-readmore post-buttons\"><a class=\"button black outline size-sm\" href=\"https:\/\/madelinefashion.pl\/sk\/plaszczyk-futerko-zapinane-honey-set-ecru\/\">\u010c\u00edta\u0165 \u010falej <i class=\"klbth-icon-right-arrow\"><\/i><\/a><\/div>","protected":false},"featured_media":111072,"template":"","meta":[],"product_brand":[],"product_cat":[117,118,395],"product_tag":[],"class_list":{"0":"post-111060","1":"product","2":"type-product","3":"status-publish","4":"has-post-thumbnail","6":"product_cat-kurtki","7":"product_cat-plaszcze","8":"product_cat-nowosci","9":"pa_rozmiar-s","10":"pa_rozmiar-m","11":"pa_rozmiar-l","12":"pa_rozmiar-xl","14":"first","15":"outofstock","16":"sale","17":"purchasable","18":"product-type-simple"},"_links":{"self":[{"href":"https:\/\/madelinefashion.pl\/sk\/wp-json\/wp\/v2\/product\/111060","targetHints":{"allow":["GET"]}}],"collection":[{"href":"https:\/\/madelinefashion.pl\/sk\/wp-json\/wp\/v2\/product"}],"about":[{"href":"https:\/\/madelinefashion.pl\/sk\/wp-json\/wp\/v2\/types\/product"}],"wp:featuredmedia":[{"embeddable":true,"href":"https:\/\/madelinefashion.pl\/sk\/wp-json\/wp\/v2\/media\/111072"}],"wp:attachment":[{"href":"https:\/\/madelinefashion.pl\/sk\/wp-json\/wp\/v2\/media?parent=111060"}],"wp:term":[{"taxonomy":"product_brand","embeddable":true,"href":"https:\/\/madelinefashion.pl\/sk\/wp-json\/wp\/v2\/product_brand?post=111060"},{"taxonomy":"product_cat","embeddable":true,"href":"https:\/\/madelinefashion.pl\/sk\/wp-json\/wp\/v2\/product_cat?post=111060"},{"taxonomy":"product_tag","embeddable":true,"href":"https:\/\/madelinefashion.pl\/sk\/wp-json\/wp\/v2\/product_tag?post=111060"}],"curies":[{"name":"pracovn\u00fd list","href":"https:\/\/api.w.org\/{rel}","templated":true}]}}