{"id":111239,"date":"2023-11-25T11:53:11","date_gmt":"2023-11-25T10:53:11","guid":{"rendered":"https:\/\/madelinefashion.pl\/?post_type=product&#038;p=111239"},"modified":"2026-03-07T13:46:32","modified_gmt":"2026-03-07T12:46:32","slug":"sukienka-cekinowa-z-piorkami-trapezowa-andy-zlota","status":"publish","type":"product","link":"https:\/\/madelinefashion.pl\/sk\/sukienka-cekinowa-z-piorkami-trapezowa-andy-zlota\/","title":{"rendered":"Sukienka Cekinowa Z Pi\u00f3rkami Trapezowa Andy Z\u0142ota"},"content":{"rendered":"<h3 style=\"text-align: center;\">Sukienka Cekinowa Z Pi\u00f3rkami Trapezowa Andy Z\u0142ota<\/h3>\n<p style=\"text-align: center;\">Kr\u00e1sne flitrovan\u00e9 \u0161aty v jemnom \u00e1\u010dkovom strihu. Na leme maj\u00fa ozdobn\u00fd perov\u00fd opasok, v\u010faka ktor\u00e9mu budete vy\u010dnieva\u0165 z davu. Perie je t\u00fato sez\u00f3nu skuto\u010dne m\u00f3dnym doplnkom. Tieto \u0161aty bez ruk\u00e1vov s hlbok\u00fdm v\u00fdstrihom maj\u00fa vo\u013en\u00fd a pohodln\u00fd strih. Ich v\u0161estrann\u00fd strih zv\u00fd\u0161i sebavedomie a bude skvele vyzera\u0165 aj na \u017een\u00e1ch s pln\u0161\u00edmi postavami. Oble\u010dte si ich na \u0161peci\u00e1lnu pr\u00edle\u017eitos\u0165 a uistite sa, \u017ee v\u00e1s nikto neprehliadne. Skombinujte ich s va\u0161imi ob\u013e\u00faben\u00fdmi lodi\u010dkami pre jedine\u010dn\u00fd vzh\u013ead. \u0160aty s\u00fa pod\u0161it\u00e9.\u00a0 <strong>Ve\u013ekos\u0165 je UNIVERZ\u00c1LNA\u00a0<\/strong> odpor\u00fa\u010dan\u00e9 pre nosite\u013eov <strong>S, M, L, XL, XXL <\/strong>\u00a0ale odpor\u00fa\u010dame\u00a0<strong>presn\u00e9 meranie\u00a0<\/strong>pod\u013ea ni\u017e\u0161ie uvedenej tabu\u013eky rozmerov. Dostupn\u00e9 na na\u0161om e-shope vo viacer\u00fdch farebn\u00fdch variantoch, tak nev\u00e1hajte a vyberte si t\u00fa, ktor\u00e1 je pre v\u00e1s ako stvoren\u00e1.<\/p>\n<h3 style=\"text-align: center;\">Rozmery \u0161iat<\/h3>\n<ul style=\"text-align: center;\">\n<li>celkov\u00e1 d\u013a\u017eka 86 cm<\/li>\n<li>\u0161\u00edrka od pazuchy po pazuchu: 53-60 cm<\/li>\n<li>odpor\u00fa\u010dan\u00fd maxim\u00e1lny obvod poprsia: 120 cm<\/li>\n<li><\/li>\n<\/ul>\n<p style=\"text-align: center;\">Rozmery sa m\u00f4\u017eu mierne l\u00ed\u0161i\u0165 od uveden\u00fdch +\/- 2cm. V\u0161etky uveden\u00e9 rozmery s\u00fa meran\u00e9 plo\u0161ne. <strong>rozmer x2<\/strong><\/p>\n<p style=\"text-align: center;\"><strong>\u00a0<\/strong><\/p>\n<table width=\"617\">\n<tbody>\n<tr>\n<td width=\"302\">Meno modela<\/td>\n<td width=\"302\">Flitrovan\u00e9 \u0161aty Andy s pierkami<\/td>\n<\/tr>\n<tr>\n<td width=\"302\">Farba<\/td>\n<td width=\"302\">Zlato<\/td>\n<\/tr>\n<tr>\n<td width=\"302\">Zbierka<\/td>\n<td width=\"302\">jese\u0148\/zima\/jar<\/td>\n<\/tr>\n<tr>\n<td width=\"302\">ve\u013ekosti<\/td>\n<td width=\"302\">Univerz\u00e1lny<\/td>\n<\/tr>\n<tr>\n<td width=\"302\">M\u00f3da<\/td>\n<td width=\"302\">Priliehav\u00fd \/ elastick\u00fd<\/td>\n<\/tr>\n<tr>\n<td width=\"302\">Materi\u00e1l<\/td>\n<td width=\"302\">85 % Polyester 5% Elastan<\/td>\n<\/tr>\n<\/tbody>\n<\/table>\n<section class=\"page-product-box\">\n<div class=\"rte\">\n<p style=\"text-align: center;\">Model m\u00e1\u00a0<strong>169<\/strong>\u00a0cm vysok\u00fd, nos\u00ed ve\u013ekos\u0165 ka\u017ed\u00fd de\u0148\u00a0<strong>S<\/strong><\/p>\n<p style=\"text-align: center;\">\u0160\u00edrka hrudn\u00edka 91 cm<\/p>\n<p style=\"text-align: center;\">\u0160\u00edrka p\u00e1su 71 cm<\/p>\n<p style=\"text-align: center;\">\u0160\u00edrka bokov 96 cm<\/p>\n<p style=\"text-align: center;\">\n<\/div>\n<\/section>","protected":false},"excerpt":{"rendered":"<p>Sukienka Cekinowa Z Pi\u00f3rkami Trapezowa Andy Z\u0142ota Pi\u0119kna cekinowa sukienka, delikatnie w fasonie trapezowym. Posiada ozdobny pas z pi\u00f3rek na dole dzi\u0119ki czemu na pewno wyr\u00f3\u017cnisz si\u0119 z t\u0142umu. Pi\u00f3ra jako ozdoba sukni jest w tym sezonie niezwykle modnym dodatkiem. Sukienka bez r\u0119kawk\u00f3w i dekoltu o lu\u017anym i wygodnym kroju. Jest to model kt\u00f3ry dodaje<\/p>\n<div class=\"klb-readmore post-buttons\"><a class=\"button black outline size-sm\" href=\"https:\/\/madelinefashion.pl\/sk\/sukienka-cekinowa-z-piorkami-trapezowa-andy-zlota\/\">\u010c\u00edta\u0165 \u010falej <i class=\"klbth-icon-right-arrow\"><\/i><\/a><\/div>","protected":false},"featured_media":111223,"template":"","meta":[],"product_brand":[],"product_cat":[124,558],"product_tag":[504,385,262,445],"class_list":{"0":"post-111239","1":"product","2":"type-product","3":"status-publish","4":"has-post-thumbnail","6":"product_cat-sukienki-okolicznosciowe","7":"product_cat-sukienki-cekinowe","8":"product_tag-party-time","9":"product_tag-plus-size","10":"product_tag-sukienki-krotkie","11":"product_tag-sukienki-zlote","13":"first","14":"outofstock","15":"sale","16":"purchasable","17":"product-type-simple"},"_links":{"self":[{"href":"https:\/\/madelinefashion.pl\/sk\/wp-json\/wp\/v2\/product\/111239","targetHints":{"allow":["GET"]}}],"collection":[{"href":"https:\/\/madelinefashion.pl\/sk\/wp-json\/wp\/v2\/product"}],"about":[{"href":"https:\/\/madelinefashion.pl\/sk\/wp-json\/wp\/v2\/types\/product"}],"wp:featuredmedia":[{"embeddable":true,"href":"https:\/\/madelinefashion.pl\/sk\/wp-json\/wp\/v2\/media\/111223"}],"wp:attachment":[{"href":"https:\/\/madelinefashion.pl\/sk\/wp-json\/wp\/v2\/media?parent=111239"}],"wp:term":[{"taxonomy":"product_brand","embeddable":true,"href":"https:\/\/madelinefashion.pl\/sk\/wp-json\/wp\/v2\/product_brand?post=111239"},{"taxonomy":"product_cat","embeddable":true,"href":"https:\/\/madelinefashion.pl\/sk\/wp-json\/wp\/v2\/product_cat?post=111239"},{"taxonomy":"product_tag","embeddable":true,"href":"https:\/\/madelinefashion.pl\/sk\/wp-json\/wp\/v2\/product_tag?post=111239"}],"curies":[{"name":"pracovn\u00fd list","href":"https:\/\/api.w.org\/{rel}","templated":true}]}}