{"id":111858,"date":"2023-11-30T09:53:13","date_gmt":"2023-11-30T08:53:13","guid":{"rendered":"https:\/\/madelinefashion.pl\/?post_type=product&#038;p=111858"},"modified":"2025-10-01T07:33:50","modified_gmt":"2025-10-01T05:33:50","slug":"spodnie-dresowe-z-ozdobnymi-guzikami-cappucino","status":"publish","type":"product","link":"https:\/\/madelinefashion.pl\/sk\/spodnie-dresowe-z-ozdobnymi-guzikami-cappucino\/","title":{"rendered":"Cappuccino tepl\u00e1ky s ozdobn\u00fdmi gomb\u00edkmi"},"content":{"rendered":"<h3 style=\"text-align: center;\">Cappuccino tepl\u00e1ky s ozdobn\u00fdmi gomb\u00edkmi<\/h3>\n<p style=\"text-align: center;\"><strong><span style=\"vertical-align: inherit;\"><span style=\"vertical-align: inherit;\">Pohodln\u00e9 tepl\u00e1ky <\/span><\/span><\/strong><span style=\"vertical-align: inherit;\"><span style=\"vertical-align: inherit;\">je nenahradite\u013en\u00fd model, ktor\u00fd mus\u00edte ma\u0165 vo svojom \u0161atn\u00edku. \u00datuln\u00fd, tepl\u00fd a super pohodln\u00fd, je ide\u00e1lnym ka\u017edodenn\u00fdm predmetom. Vysok\u00e1 kvalita s hrub\u0161\u00edm, m\u00e4sit\u00fdm materi\u00e1lom klasick\u00e9ho jednoduch\u00e9ho strihu, v\u010faka ktor\u00e9mu bud\u00fa na\u0161e Nohavice s vami roky. S\u00fa ve\u013emi pohodln\u00e9 a \u013eahko sa kombinuj\u00fa, \u013eahko ich skombinujete s na\u0161imi bl\u00fazkami, kardig\u00e1nmi, bundami \u010di mikinami. <strong>Model pre \u017eeny vo ve\u013ekostiach S-L!! <\/strong>Tepl\u00e1ky s elastick\u00fdm p\u00e1som a \u0161n\u00farkou s\u00fa zateplen\u00e9, v\u010faka \u010domu s\u00fa ako stvoren\u00e9 na jesenn\u00e9 chladn\u00e9 ve\u010dery. Model m\u00e1 dve vreck\u00e1. <strong>Ide\u00e1lne pre ka\u017edodenn\u00fd styling.\u00a0<\/strong><\/span><\/span><strong><span style=\"vertical-align: inherit;\"><span style=\"vertical-align: inherit;\"><br \/>\n<\/span><\/span><\/strong><\/p>\n<p>&nbsp;<\/p>\n<h3 style=\"text-align: center;\"><span style=\"vertical-align: inherit;\"><span style=\"vertical-align: inherit;\">Rozmery<\/span><\/span><\/h3>\n<p style=\"text-align: center;\">S\/36<\/p>\n<p style=\"text-align: center;\"><span style=\"vertical-align: inherit;\"><span style=\"vertical-align: inherit;\">Celkov\u00e1 d\u013a\u017eka: 100 cm<\/span><\/span><\/p>\n<p style=\"text-align: center;\"><span style=\"vertical-align: inherit;\"><span style=\"vertical-align: inherit;\">Vn\u00fatorn\u00e1 d\u013a\u017eka nohav\u00edc: 73 cm<\/span><\/span><\/p>\n<p style=\"text-align: center;\"><span style=\"vertical-align: inherit;\"><span style=\"vertical-align: inherit;\">\u0160\u00edrka p\u00e1su: 34-48 cm<\/span><\/span><\/p>\n<p style=\"text-align: center;\"><span style=\"vertical-align: inherit;\"><span style=\"vertical-align: inherit;\">\u0160\u00edrka bokov: 50-57 cm<\/span><\/span><\/p>\n<p style=\"text-align: center;\">M\/38<\/p>\n<p style=\"text-align: center;\"><span style=\"vertical-align: inherit;\">Celkov\u00e1 d\u013a\u017eka: 100 cm<\/span><\/p>\n<p style=\"text-align: center;\"><span style=\"vertical-align: inherit;\">Vn\u00fatorn\u00e1 d\u013a\u017eka nohav\u00edc: 74 cm<\/span><\/p>\n<p style=\"text-align: center;\"><span style=\"vertical-align: inherit;\">\u0160\u00edrka v p\u00e1se: 36-50 cm<\/span><\/p>\n<p style=\"text-align: center;\"><span style=\"vertical-align: inherit;\">\u0160\u00edrka bokov: 52-59 cm<\/span><\/p>\n<h5 style=\"text-align: center;\">L\/40<\/h5>\n<p style=\"text-align: center;\"><span style=\"vertical-align: inherit;\">Celkov\u00e1 d\u013a\u017eka: 101 cm<\/span><\/p>\n<p style=\"text-align: center;\"><span style=\"vertical-align: inherit;\">Vn\u00fatorn\u00e1 d\u013a\u017eka nohav\u00edc: 75 cm<\/span><\/p>\n<p style=\"text-align: center;\"><span style=\"vertical-align: inherit;\">\u0160\u00edrka p\u00e1su: 38-52 cm<\/span><\/p>\n<p style=\"text-align: center;\"><span style=\"vertical-align: inherit;\">\u0160\u00edrka bokov: 54-61 cm<\/span><\/p>\n<p style=\"text-align: center;\"><span style=\"vertical-align: inherit;\"><span style=\"vertical-align: inherit;\">Rozmery sa m\u00f4\u017eu l\u00ed\u0161i\u0165 od uveden\u00fdch +\/- 2cm. <\/span><span style=\"vertical-align: inherit;\">V\u0161etky uveden\u00e9 rozmery s\u00fa meran\u00e9 plo\u0161ne.<\/span><\/span><\/p>\n<p>&nbsp;<\/p>\n<p style=\"text-align: center;\">Model m\u00e1\u00a0<strong>169<\/strong>\u00a0cm vysok\u00fd, nos\u00ed ve\u013ekos\u0165 ka\u017ed\u00fd de\u0148\u00a0<strong>S<\/strong><\/p>\n<p style=\"text-align: center;\">\u0160\u00edrka hrudn\u00edka 91 cm<\/p>\n<p style=\"text-align: center;\">\u0160\u00edrka p\u00e1su 71 cm<\/p>\n<p style=\"text-align: center;\">\u0160\u00edrka bokov 96 cm<\/p>\n<p style=\"text-align: center;\">","protected":false},"excerpt":{"rendered":"<p>Tepl\u00e1ky Cappuccino s ozdobn\u00fdmi gomb\u00edkmi. Tieto pohodln\u00e9 tepl\u00e1ky s\u00fa nevyhnutnos\u0165ou vo va\u0161om \u0161atn\u00edku. S\u00fa \u00fatuln\u00e9, tepl\u00e9 a neuverite\u013ene pohodln\u00e9, s\u00fa perfektnou vo\u013ebou na ka\u017ed\u00fd de\u0148. Na\u0161e nohavice s\u00fa vysoko kvalitn\u00e9, z hrub\u0161ieho, pln\u0161ieho materi\u00e1lu a klasick\u00e9ho, jednoduch\u00e9ho strihu, tak\u017ee v\u00e1m vydr\u017eia roky. S\u00fa ve\u013emi pohodln\u00e9 a \u013eahko sa kombinuj\u00fa.,<\/p>\n<div class=\"klb-readmore post-buttons\"><a class=\"button black outline size-sm\" href=\"https:\/\/madelinefashion.pl\/sk\/spodnie-dresowe-z-ozdobnymi-guzikami-cappucino\/\">\u010c\u00edta\u0165 \u010falej <i class=\"klbth-icon-right-arrow\"><\/i><\/a><\/div>","protected":false},"featured_media":111847,"template":"","meta":[],"product_brand":[],"product_cat":[83],"product_tag":[475],"class_list":{"0":"post-111858","1":"product","2":"type-product","3":"status-publish","4":"has-post-thumbnail","6":"product_cat-spodnie","7":"product_tag-spodnie-dlugie","8":"pa_rozmiar-s","9":"pa_rozmiar-m","10":"pa_rozmiar-l","12":"first","13":"outofstock","14":"product-type-variable"},"_links":{"self":[{"href":"https:\/\/madelinefashion.pl\/sk\/wp-json\/wp\/v2\/product\/111858","targetHints":{"allow":["GET"]}}],"collection":[{"href":"https:\/\/madelinefashion.pl\/sk\/wp-json\/wp\/v2\/product"}],"about":[{"href":"https:\/\/madelinefashion.pl\/sk\/wp-json\/wp\/v2\/types\/product"}],"wp:featuredmedia":[{"embeddable":true,"href":"https:\/\/madelinefashion.pl\/sk\/wp-json\/wp\/v2\/media\/111847"}],"wp:attachment":[{"href":"https:\/\/madelinefashion.pl\/sk\/wp-json\/wp\/v2\/media?parent=111858"}],"wp:term":[{"taxonomy":"product_brand","embeddable":true,"href":"https:\/\/madelinefashion.pl\/sk\/wp-json\/wp\/v2\/product_brand?post=111858"},{"taxonomy":"product_cat","embeddable":true,"href":"https:\/\/madelinefashion.pl\/sk\/wp-json\/wp\/v2\/product_cat?post=111858"},{"taxonomy":"product_tag","embeddable":true,"href":"https:\/\/madelinefashion.pl\/sk\/wp-json\/wp\/v2\/product_tag?post=111858"}],"curies":[{"name":"pracovn\u00fd list","href":"https:\/\/api.w.org\/{rel}","templated":true}]}}