{"id":112625,"date":"2023-12-02T11:54:23","date_gmt":"2023-12-02T10:54:23","guid":{"rendered":"https:\/\/madelinefashion.pl\/?post_type=product&#038;p=112625"},"modified":"2026-01-20T10:33:15","modified_gmt":"2026-01-20T09:33:15","slug":"bluzka-pas-lumina-biala","status":"publish","type":"product","link":"https:\/\/madelinefashion.pl\/sk\/bluzka-pas-lumina-biala\/","title":{"rendered":"Bl\u00fazka Lumina Pas biela"},"content":{"rendered":"<h3 style=\"text-align: center;\">Bl\u00fazka Lumina Pas biela<\/h3>\n<p style=\"text-align: center;\"><strong>Pastelov\u00e1 bl\u00fazka<\/strong>\u00a0je origin\u00e1lna bl\u00fazka umo\u017e\u0148uj\u00faca\u00a0<strong>vy\u010dnieva\u0165 z davu.<\/strong>\u00a0 Pr\u00edjemn\u00fd na dotyk, priedu\u0161n\u00fd materi\u00e1l v\u00e1m poskytne pohodlie. Bl\u00fazku m\u00f4\u017eete nosi\u0165 po cel\u00fd rok bez oh\u013eadu na ro\u010dn\u00e9 obdobie. Skombinujte s Pastelov\u00fdmi nohavicami, ktor\u00e9 n\u00e1jdete aj u n\u00e1s. Dostupn\u00e9 vo farebn\u00fdch variantoch. Prvotriedna mikina s 3\/4 ruk\u00e1vom.\u00a0 <strong>Pastelov\u00e1 bl\u00fazka<\/strong> je roztomil\u00fd a diev\u010densk\u00fd model, ktor\u00fd <strong>prid\u00e1 charakter<\/strong> a dod\u00e1 v\u00e1m injekciu pozit\u00edvnej energie. Bl\u00fazka je super pohodln\u00e1 a funk\u010dn\u00e1. Kr\u00e1sne s\u00fdte farby o\u017eivia v\u00e1\u0161 vzh\u013ead a pozit\u00edvne naladia! Mikina je v spodnej \u010dasti ukon\u010den\u00e1 lemom. Vhodn\u00e9 pre \u013eud\u00ed, ktor\u00ed nosia ve\u013e\u00a0<strong> SML XL\u00a0<\/strong><\/p>\n<h3 style=\"text-align: center;\">Rozmery:<\/h3>\n<ul style=\"text-align: center;\">\n<li>\u00a0\u00a0\u00a0\u00a0\u00a0\u00a0\u00a0 Celkov\u00e1 d\u013a\u017eka: 61 cm<\/li>\n<li>\u00a0 \u00a0 \u00a0 \u00a0 \u0160\u00edrka od pazuchy po pazuchu: 51-57 cm<\/li>\n<li>D\u013a\u017eka ruk\u00e1va od podpazu\u0161ia: 10 cm<\/li>\n<li>\u0160\u00edrka v spodnej \u010dasti: 40 cm - 56 cm<\/li>\n<\/ul>\n<p style=\"text-align: center;\">Rozmery sa m\u00f4\u017eu mierne l\u00ed\u0161i\u0165 od uveden\u00fdch +\/- 2cm. V\u0161etky uveden\u00e9 rozmery s\u00fa meran\u00e9 plo\u0161ne.<\/p>\n<table>\n<tbody>\n<tr>\n<td width=\"302\">Meno modela<\/td>\n<td width=\"302\">Bl\u00fazka s opaskom Lumina<\/td>\n<\/tr>\n<tr>\n<td width=\"302\">Farba<\/td>\n<td width=\"302\">biely<\/td>\n<\/tr>\n<tr>\n<td width=\"302\">ve\u013ekosti<\/td>\n<td width=\"302\">Univerz\u00e1lny<\/td>\n<\/tr>\n<tr>\n<td width=\"302\">M\u00f3da<\/td>\n<td width=\"302\">nadrozmern\u00e9<\/td>\n<\/tr>\n<tr>\n<td width=\"302\">Materi\u00e1l<\/td>\n<td width=\"302\">95 % Bavlna 5% Elastan<\/td>\n<\/tr>\n<\/tbody>\n<\/table>\n<p style=\"text-align: center;\">Model m\u00e1\u00a0<strong>169<\/strong>\u00a0cm vysok\u00fd, nos\u00ed ve\u013ekos\u0165 ka\u017ed\u00fd de\u0148\u00a0<strong>S<\/strong><\/p>\n<p style=\"text-align: center;\">\u0160\u00edrka hrudn\u00edka 91 cm<\/p>\n<p style=\"text-align: center;\">\u0160\u00edrka p\u00e1su 71 cm<\/p>\n<p style=\"text-align: center;\">\u0160\u00edrka bokov 96 cm<\/p>\n<p style=\"text-align: center;\">","protected":false},"excerpt":{"rendered":"<p>Bluzka Pas Lumina Bia\u0142a Bluzka Pastel\u00a0to oryginalna bluzka pozwalaj\u0105ca\u00a0wyr\u00f3\u017cni\u0107 si\u0119 z t\u0142umu.\u00a0 Przyjemny w dotyku, oddychaj\u0105cy materia\u0142 zapewni Ci komfort noszenia. Bluzk\u0119\u00a0 mo\u017cesz nosi\u0107 przez ca\u0142y rok, niezale\u017cnie od pory roku. Po\u0142\u0105cz j\u0105 z Pastelowymi spodniami, kt\u00f3re r\u00f3wnie\u017c znajdziesz w naszym sklepie . Dost\u0119pna w wariantach kolorystycznych.\u00a0 Bluza z r\u0119kawem 3\/4 w jako\u015bci premium.\u00a0 Bluzka<\/p>\n<div class=\"klb-readmore post-buttons\"><a class=\"button black outline size-sm\" href=\"https:\/\/madelinefashion.pl\/sk\/bluzka-pas-lumina-biala\/\">\u010c\u00edta\u0165 \u010falej <i class=\"klbth-icon-right-arrow\"><\/i><\/a><\/div>","protected":false},"featured_media":112614,"template":"","meta":[],"product_brand":[],"product_cat":[77,395],"product_tag":[251],"class_list":{"0":"post-112625","1":"product","2":"type-product","3":"status-publish","4":"has-post-thumbnail","6":"product_cat-bluzki","7":"product_cat-nowosci","8":"product_tag-bluzka-biala","10":"first","11":"outofstock","12":"sale","13":"purchasable","14":"product-type-simple"},"_links":{"self":[{"href":"https:\/\/madelinefashion.pl\/sk\/wp-json\/wp\/v2\/product\/112625","targetHints":{"allow":["GET"]}}],"collection":[{"href":"https:\/\/madelinefashion.pl\/sk\/wp-json\/wp\/v2\/product"}],"about":[{"href":"https:\/\/madelinefashion.pl\/sk\/wp-json\/wp\/v2\/types\/product"}],"wp:featuredmedia":[{"embeddable":true,"href":"https:\/\/madelinefashion.pl\/sk\/wp-json\/wp\/v2\/media\/112614"}],"wp:attachment":[{"href":"https:\/\/madelinefashion.pl\/sk\/wp-json\/wp\/v2\/media?parent=112625"}],"wp:term":[{"taxonomy":"product_brand","embeddable":true,"href":"https:\/\/madelinefashion.pl\/sk\/wp-json\/wp\/v2\/product_brand?post=112625"},{"taxonomy":"product_cat","embeddable":true,"href":"https:\/\/madelinefashion.pl\/sk\/wp-json\/wp\/v2\/product_cat?post=112625"},{"taxonomy":"product_tag","embeddable":true,"href":"https:\/\/madelinefashion.pl\/sk\/wp-json\/wp\/v2\/product_tag?post=112625"}],"curies":[{"name":"pracovn\u00fd list","href":"https:\/\/api.w.org\/{rel}","templated":true}]}}