{"id":113288,"date":"2023-12-07T15:10:29","date_gmt":"2023-12-07T14:10:29","guid":{"rendered":"https:\/\/madelinefashion.pl\/?post_type=product&#038;p=113288"},"modified":"2026-02-20T14:56:52","modified_gmt":"2026-02-20T13:56:52","slug":"sweter-odkryte-plecy-jugo-ciemno-szary","status":"publish","type":"product","link":"https:\/\/madelinefashion.pl\/sk\/sweter-odkryte-plecy-jugo-ciemno-szary\/","title":{"rendered":"Sweter Odkryte Plecy Jugo Ciemno Szary"},"content":{"rendered":"<h3 style=\"text-align: center;\">Sweter Odkryte Plecy Jugo Ciemno Szary<\/h3>\n<h3 style=\"text-align: center;\">Rozmery:<\/h3>\n<p style=\"text-align: center;\">CELKOV\u00c1 D\u0139\u017dKA 59 cm<\/p>\n<p style=\"text-align: center;\">\u0160\u00cdRKA OD PAZUCHU K PAZUCHU 57 cm<\/p>\n<p style=\"text-align: center;\">D\u013a\u017eka ruk\u00e1va od ramena 56 cm<\/p>\n<p style=\"text-align: center;\">D\u013a\u017eka ruk\u00e1va od pazuchy 38 cm<\/p>\n<p style=\"text-align: center;\">Model m\u00e1\u00a0<strong>169<\/strong>\u00a0cm vysok\u00fd, nos\u00ed ve\u013ekos\u0165 ka\u017ed\u00fd de\u0148\u00a0<strong>S<\/strong><\/p>\n<p style=\"text-align: center;\">\u0160\u00edrka hrudn\u00edka 91 cm<\/p>\n<p style=\"text-align: center;\">\u0160\u00edrka p\u00e1su 71 cm<\/p>\n<p style=\"text-align: center;\">\u0160\u00edrka bokov 96 cm<\/p>","protected":false},"excerpt":{"rendered":"<p>Sweter Odkryte Plecy Jugo Ciemno Szary Wymiary: D\u0141UGO\u015a\u0106 CA\u0141KOWITA\u00a0\u00a059 cm SZEROKO\u015a\u0106 OD PACHY DO PACHY\u00a0 57 cm D\u0141UGO\u015a\u0106 R\u0118KAWA OD RAMIENIA\u00a056 cm D\u0141UGO\u015a\u0106 R\u0118KAWA OD PACHY\u00a038 cm Modelka ma\u00a0169\u00a0cm wzrostu, na co dzie\u0144 nosi rozmiar\u00a0S Szeroko\u015b\u0107 w biu\u015bcie 91 cm Szeroko\u015b\u0107 w talii 71 cm Szeroko\u015b\u0107 w biodrach 96 cm<\/p>","protected":false},"featured_media":113277,"template":"","meta":[],"product_brand":[],"product_cat":[78],"product_tag":[],"class_list":{"0":"post-113288","1":"product","2":"type-product","3":"status-publish","4":"has-post-thumbnail","6":"product_cat-swetry-damskie","8":"first","9":"outofstock","10":"purchasable","11":"product-type-simple"},"_links":{"self":[{"href":"https:\/\/madelinefashion.pl\/sk\/wp-json\/wp\/v2\/product\/113288","targetHints":{"allow":["GET"]}}],"collection":[{"href":"https:\/\/madelinefashion.pl\/sk\/wp-json\/wp\/v2\/product"}],"about":[{"href":"https:\/\/madelinefashion.pl\/sk\/wp-json\/wp\/v2\/types\/product"}],"wp:featuredmedia":[{"embeddable":true,"href":"https:\/\/madelinefashion.pl\/sk\/wp-json\/wp\/v2\/media\/113277"}],"wp:attachment":[{"href":"https:\/\/madelinefashion.pl\/sk\/wp-json\/wp\/v2\/media?parent=113288"}],"wp:term":[{"taxonomy":"product_brand","embeddable":true,"href":"https:\/\/madelinefashion.pl\/sk\/wp-json\/wp\/v2\/product_brand?post=113288"},{"taxonomy":"product_cat","embeddable":true,"href":"https:\/\/madelinefashion.pl\/sk\/wp-json\/wp\/v2\/product_cat?post=113288"},{"taxonomy":"product_tag","embeddable":true,"href":"https:\/\/madelinefashion.pl\/sk\/wp-json\/wp\/v2\/product_tag?post=113288"}],"curies":[{"name":"pracovn\u00fd list","href":"https:\/\/api.w.org\/{rel}","templated":true}]}}