{"id":11340,"date":"2021-05-07T00:05:52","date_gmt":"2021-05-06T22:05:52","guid":{"rendered":"https:\/\/madelinefashion.pl\/?post_type=product&#038;p=11340"},"modified":"2025-10-01T07:35:10","modified_gmt":"2025-10-01T05:35:10","slug":"spodnie-dresowe-joggery-pastel","status":"publish","type":"product","link":"https:\/\/madelinefashion.pl\/sk\/spodnie-dresowe-joggery-pastel\/","title":{"rendered":"Pastelov\u00e9 tepl\u00e1ky Joggers"},"content":{"rendered":"<h3 style=\"text-align: center;\">Pastelov\u00e9 tepl\u00e1ky Joggers<\/h3>\n<p style=\"text-align: center;\">Vzorovan\u00e9 joggers tepl\u00e1ky s\u00fa modelom, ktor\u00fd sa bude skvele hodi\u0165 na ka\u017edodenn\u00e9 \u0161tyliz\u00e1cie s modern\u00fdm vzh\u013eadom. Farebn\u00fd vzor v \u0161t\u00fdle pop art na celej ploche nohav\u00edc. <strong>D\u00e1mske le\u017e\u00e9rne nohavice<\/strong> long je hitom tejto sez\u00f3ny. <strong>Jednoduch\u00fd strih<\/strong>vybaven\u00e1 dvoma praktick\u00fdmi vreckami. <strong>V p\u00e1se v\u0161it\u00e1 guma<\/strong>dodato\u010dn\u00e9 viazanie, ktor\u00e9 umo\u017e\u0148uje prisp\u00f4sobi\u0165 nohavice postave. Ide\u00e1lny model na kombin\u00e1ciu so \u0161portovou obuvou aj vysok\u00fdmi podp\u00e4tkami. Vzorovan\u00e9 nohavice<strong> S\u00fa vyroben\u00e9 z ve\u013emi pru\u017en\u00e9ho materi\u00e1lu<\/strong>. <strong>D\u00e1mske tepl\u00e1ky<\/strong> vo ve\u013ekosti<strong> univerz\u00e1lny <\/strong>\u00a0pre d\u00e1my vo ve\u013e <strong>SML XL<\/strong> ak nos\u00edte v\u00e4\u010d\u0161iu ve\u013ekos\u0165, pozrite si miery. Dostupn\u00e9 v na\u0161ej predajni v <strong>viacero mot\u00edvov<\/strong>.<\/p>\n<p>&nbsp;<\/p>\n<h3 style=\"text-align: center;\">Rozmery:<\/h3>\n<ul>\n<li style=\"text-align: center;\">Celkov\u00e1 d\u013a\u017eka: 91 cm<\/li>\n<li style=\"text-align: center;\">Vn\u00fatorn\u00e1 d\u013a\u017eka nohav\u00edc: 63 cm<\/li>\n<li style=\"text-align: center;\">\u0160\u00edrka v p\u00e1se: 31-41 cm<\/li>\n<li style=\"text-align: center;\">V\u00fd\u0161ka: 32,5 cm<\/li>\n<li style=\"text-align: center;\">\u0160\u00edrka bokov: 47-58 cm<\/li>\n<\/ul>\n<div class=\"additional-details\" style=\"text-align: center;\">\n<p>Rozmery sa m\u00f4\u017eu mierne l\u00ed\u0161i\u0165 od uveden\u00fdch +\/- 2cm. V\u0161etky uveden\u00e9 rozmery s\u00fa meran\u00e9 plo\u0161ne. rozmer x2<\/p>\n<p>&nbsp;<\/p>\n<\/div>\n<div class=\"overview-buttons\" style=\"text-align: center;\"><\/div>\n<p style=\"text-align: center;\">Zlo\u017eenie: 55% visk\u00f3za 35%Nylon 10% elastan<\/p>\n<p style=\"text-align: center;\"><strong>Dokonale padn\u00fa ka\u017edej postave<\/strong><\/p>\n<p>&nbsp;<\/p>\n<p>&nbsp;<\/p>\n<p style=\"text-align: center;\">\u00a0Model m\u00e1\u00a0<strong>175<\/strong>\u00a0cm vysok\u00fd, nos\u00ed ve\u013ekos\u0165 ka\u017ed\u00fd de\u0148\u00a0<strong>S<\/strong><\/p>\n<p style=\"text-align: center;\">","protected":false},"excerpt":{"rendered":"<p>Spodnie Dresowe Joggery Pastel Wzorzyste spodnie dresowe joggery to model, kt\u00f3ry idealnie sprawdzi si\u0119 w codziennych stylizacjach o nowoczesnym looku. Na ca\u0142ej powierzchni spodni kolorowy wz\u00f3r w stylu pop art. Casulowe spodnie damskie d\u0142ugie to hit tego sezonu. Fason prosty, dopasowany z dwoma praktycznymi kieszonkami. W pas wszyta guma, dodatkowo wi\u0105zanie pozwalaj\u0105ce dopasowa\u0107 spodnie do<\/p>\n<div class=\"klb-readmore post-buttons\"><a class=\"button black outline size-sm\" href=\"https:\/\/madelinefashion.pl\/sk\/spodnie-dresowe-joggery-pastel\/\">\u010c\u00edta\u0165 \u010falej <i class=\"klbth-icon-right-arrow\"><\/i><\/a><\/div>","protected":false},"featured_media":11302,"template":"","meta":[],"product_brand":[],"product_cat":[83,395],"product_tag":[475],"class_list":{"0":"post-11340","1":"product","2":"type-product","3":"status-publish","4":"has-post-thumbnail","6":"product_cat-spodnie","7":"product_cat-nowosci","8":"product_tag-spodnie-dlugie","9":"pa_rozmiar-s","10":"pa_rozmiar-m","11":"pa_rozmiar-l","12":"pa_rozmiar-xl","13":"pa_rozmiar-uniwersalny","15":"first","16":"instock","17":"purchasable","18":"product-type-simple"},"_links":{"self":[{"href":"https:\/\/madelinefashion.pl\/sk\/wp-json\/wp\/v2\/product\/11340","targetHints":{"allow":["GET"]}}],"collection":[{"href":"https:\/\/madelinefashion.pl\/sk\/wp-json\/wp\/v2\/product"}],"about":[{"href":"https:\/\/madelinefashion.pl\/sk\/wp-json\/wp\/v2\/types\/product"}],"wp:featuredmedia":[{"embeddable":true,"href":"https:\/\/madelinefashion.pl\/sk\/wp-json\/wp\/v2\/media\/11302"}],"wp:attachment":[{"href":"https:\/\/madelinefashion.pl\/sk\/wp-json\/wp\/v2\/media?parent=11340"}],"wp:term":[{"taxonomy":"product_brand","embeddable":true,"href":"https:\/\/madelinefashion.pl\/sk\/wp-json\/wp\/v2\/product_brand?post=11340"},{"taxonomy":"product_cat","embeddable":true,"href":"https:\/\/madelinefashion.pl\/sk\/wp-json\/wp\/v2\/product_cat?post=11340"},{"taxonomy":"product_tag","embeddable":true,"href":"https:\/\/madelinefashion.pl\/sk\/wp-json\/wp\/v2\/product_tag?post=11340"}],"curies":[{"name":"pracovn\u00fd list","href":"https:\/\/api.w.org\/{rel}","templated":true}]}}