{"id":11442,"date":"2021-05-07T17:56:37","date_gmt":"2021-05-07T15:56:37","guid":{"rendered":"https:\/\/madelinefashion.pl\/?post_type=product&#038;p=11442"},"modified":"2025-09-09T10:35:06","modified_gmt":"2025-09-09T08:35:06","slug":"sukienka-w-kwiaty-dluga-flavio-zolta","status":"publish","type":"product","link":"https:\/\/madelinefashion.pl\/sk\/sukienka-w-kwiaty-dluga-flavio-zolta\/","title":{"rendered":"Flavio \u017elt\u00e9 \u0161aty s kvetmi"},"content":{"rendered":"<h3 style=\"text-align: center;\">Flavio \u017elt\u00e9 \u0161aty s kvetmi<\/h3>\n<p style=\"text-align: center;\"><strong>Flavio \u017elt\u00e9 \u0161aty s kvetmi<\/strong> s\u00fa \u013eahk\u00e9, vzdu\u0161n\u00e9 \u0161aty s maxi d\u013a\u017ekou z jemnej l\u00e1tky<strong> drobn\u00e9 kvetinov\u00e9 potla\u010de<\/strong>.<span style=\"font-size: 10pt;\"> Ve\u013emi diev\u010densk\u00e9 maxi \u0161aty s kvetmi. Elastick\u00e1 guma v p\u00e1se zabezpe\u010d\u00ed prisp\u00f4sobenie modelu k postave, \u010do zv\u00fdrazn\u00ed \u017eensk\u00e9 tvary. \u0160aty <strong style=\"font-size: 10pt;\">m\u00e1 zav\u00e4zovanie v p\u00e1se<\/strong>. Vzdu\u0161n\u00fd strih <strong>na cest\u00e1ch sa fantasticky zakr\u00fdva<\/strong>. <span lang=\"pl-pl\" xml:lang=\"pl-pl\">\u0160aty s\u00fa vyroben\u00e9 z \u013eahk\u00e9ho materi\u00e1lu tak, \u017ee <b style=\"font-size: 10pt;\">budete sa v \u0148om c\u00edti\u0165 pohodlne. <\/b>Ide\u00e1lne na ka\u017edodenn\u00e9 v\u00fdlety s priate\u013emi, do \u0161koly alebo do pr\u00e1ce <span style=\"font-size: 13.3333px;\"><b>oslava<\/b><\/span><b style=\"font-size: 10pt;\"> rodinn\u00e9 a banketov\u00e9 ve\u010dierky. na\u0161e \u0161aty <\/b> je ide\u00e1lnou vo\u013ebou pre <strong>Jarn\u00e9 a letn\u00e9 dni<\/strong>. <\/span><span lang=\"pl-pl\" style=\"font-size: 10pt;\" xml:lang=\"pl-pl\">Dostupn\u00e9 v na\u0161ej predajni vo viacer\u00fdch farebn\u00fdch variantoch. OD<strong>odpor\u00fa\u010dame pre d\u00e1my vo ve\u013ekosti SML XL <\/strong>\u00a0 <\/span><\/span><\/p>\n<p>&nbsp;<\/p>\n<h3 style=\"text-align: center;\">rozmer:<\/h3>\n<p style=\"text-align: center;\"><strong>A<\/strong>- \u0160\u00cdRKA P\u00c1SU 31 cm - 45 cm<\/p>\n<p style=\"text-align: center;\"><strong>b<\/strong>- \u0160\u00cdRKA OD AARM K AARM 44 cm - 51 cm<\/p>\n<p style=\"text-align: center;\"><strong>c<\/strong>-CELKOV\u00c1 D\u0139\u017dKA 136 cm<\/p>\n<p style=\"text-align: center;\">Rozmery sa m\u00f4\u017eu l\u00ed\u0161i\u0165 od uveden\u00fdch +\/- 2cm. V\u0161etky uveden\u00e9 rozmery s\u00fa meran\u00e9 plo\u0161ne. <strong>rozmer x2<\/strong><\/p>\n<p style=\"text-align: center;\">\u00a0Model m\u00e1\u00a0<strong>175<\/strong>\u00a0cm vysok\u00fd, nos\u00ed ve\u013ekos\u0165 ka\u017ed\u00fd de\u0148\u00a0<strong>S<\/strong><\/p>\n<p>&nbsp;<\/p>","protected":false},"excerpt":{"rendered":"<p>Sukienka w Kwiaty D\u0142uga Flavio \u017b\u00f3\u0142ta Sukienka w Kwiaty D\u0142uga Flavio \u017b\u00f3\u0142ta to lekka, zwiewna sukienka o d\u0142ugo\u015bci maxi z delikatnej tkaniny w princie w drobne kwiatki. Bardzo dziewcz\u0119ca sukienka w kwiaty o d\u0142ugo\u015bci maxi. W talii elastyczna gumka zapewni dopasowanie modelu do sylwetki co podkre\u015bli kobiece kszta\u0142ty. Sukienka posiada wi\u0105zanie w tali. Zwiewny fason<\/p>\n<div class=\"klb-readmore post-buttons\"><a class=\"button black outline size-sm\" href=\"https:\/\/madelinefashion.pl\/sk\/sukienka-w-kwiaty-dluga-flavio-zolta\/\">\u010c\u00edta\u0165 \u010falej <i class=\"klbth-icon-right-arrow\"><\/i><\/a><\/div>","protected":false},"featured_media":11426,"template":"","meta":[],"product_brand":[],"product_cat":[125],"product_tag":[396],"class_list":{"0":"post-11442","1":"product","2":"type-product","3":"status-publish","4":"has-post-thumbnail","6":"product_cat-sukienki","7":"product_tag-sukienki-w-kwiaty","9":"first","10":"instock","11":"purchasable","12":"product-type-simple"},"_links":{"self":[{"href":"https:\/\/madelinefashion.pl\/sk\/wp-json\/wp\/v2\/product\/11442","targetHints":{"allow":["GET"]}}],"collection":[{"href":"https:\/\/madelinefashion.pl\/sk\/wp-json\/wp\/v2\/product"}],"about":[{"href":"https:\/\/madelinefashion.pl\/sk\/wp-json\/wp\/v2\/types\/product"}],"wp:featuredmedia":[{"embeddable":true,"href":"https:\/\/madelinefashion.pl\/sk\/wp-json\/wp\/v2\/media\/11426"}],"wp:attachment":[{"href":"https:\/\/madelinefashion.pl\/sk\/wp-json\/wp\/v2\/media?parent=11442"}],"wp:term":[{"taxonomy":"product_brand","embeddable":true,"href":"https:\/\/madelinefashion.pl\/sk\/wp-json\/wp\/v2\/product_brand?post=11442"},{"taxonomy":"product_cat","embeddable":true,"href":"https:\/\/madelinefashion.pl\/sk\/wp-json\/wp\/v2\/product_cat?post=11442"},{"taxonomy":"product_tag","embeddable":true,"href":"https:\/\/madelinefashion.pl\/sk\/wp-json\/wp\/v2\/product_tag?post=11442"}],"curies":[{"name":"pracovn\u00fd list","href":"https:\/\/api.w.org\/{rel}","templated":true}]}}