{"id":117586,"date":"2024-01-30T15:57:16","date_gmt":"2024-01-30T14:57:16","guid":{"rendered":"https:\/\/madelinefashion.pl\/?post_type=product&#038;p=117586"},"modified":"2026-04-20T18:53:31","modified_gmt":"2026-04-20T16:53:31","slug":"suknia-slubna-z-piorkami-melody-bialo-srebrna","status":"publish","type":"product","link":"https:\/\/madelinefashion.pl\/sk\/suknia-slubna-z-piorkami-melody-bialo-srebrna\/","title":{"rendered":"Svadobn\u00e9 \u0161aty Melody s bielym a strieborn\u00fdm per\u00edm"},"content":{"rendered":"<h3 style=\"text-align: center;\">Svadobn\u00e9 \u0161aty Melody s bielym a strieborn\u00fdm per\u00edm<\/h3>\n<p style=\"text-align: center;\"><strong>Vysn\u00edvan\u00e9 svadobn\u00e9 \u0161aty<\/strong> priliehav\u00fd strih, zdoben\u00fd pierkami a flitrami, s v\u00fdstrihom do V. <strong>Vyzer\u00e1 ve\u013emi zmyselne a origin\u00e1lne.<\/strong> Flitrov\u00e9 aplik\u00e1cie na prednej strane \u0161iat vytv\u00e1raj\u00fa jedine\u010dn\u00fa text\u00faru, ktor\u00e1 cel\u00e9mu k\u00fasku dod\u00e1va jedine\u010dn\u00fd vzh\u013ead. \u0160aty bez ramienok zmyselne odha\u013euj\u00fa chrb\u00e1t. Starostlivo umiestnen\u00e9 flitrov\u00e9 aplik\u00e1cie vytv\u00e1raj\u00fa jedine\u010dn\u00fd efekt. Navy\u0161e, pierka pri\u0161it\u00e9 v p\u00e1se dod\u00e1vaj\u00fa \u0161at\u00e1m jedine\u010dn\u00fd charakter. Tento jedine\u010dn\u00fd detail rob\u00ed \u0161aty neuverite\u013ene \u017eensk\u00fdmi. Rozparok na nohaviciach zv\u00fdrazn\u00ed va\u0161e tvarovan\u00e9 nohy. <strong>Flitrovan\u00e9 \u0161aty s pierkami a otvoren\u00fdm chrbtom<\/strong> Toto je vo\u013eba pre tie, ktor\u00e9 chc\u00fa vyjadri\u0165 svoju jedine\u010dnos\u0165 na \u0161peci\u00e1lnych udalostiach. Je to kre\u00e1cia pre skuto\u010dn\u00e9 \u017eeny, ktor\u00e9 chc\u00fa za\u017eiari\u0165 a vy\u017earova\u0165 jedine\u010dn\u00e9 \u010daro. Priliehav\u00fd spodn\u00fd diel \u0161iat \u2013 ala<strong> ryby<\/strong>\u00a0 pod\u0161\u00edvka zospodu. Biele a strieborn\u00e9 \u0161aty pre <strong>svadba<\/strong> civiln\u00e9, cirkevn\u00e9, ide\u00e1lne na svadbu alebo afterparty. <strong>\u00a0V\u00fdstrih do V<\/strong>. Z\u00fa\u017een\u00e1 v p\u00e1se dokonale zv\u00fdrazn\u00ed p\u00e1s. <strong>Rybie svadobn\u00e9 \u0161aty<\/strong> (morsk\u00e1 panna) je kvintesenciou svadobnej elegancie. Kr\u00e1sne zv\u00fdrazn\u00ed p\u00e1s, boky a poprsie. n\u00e1\u0161 <strong>Svadobn\u00e9 \u0161aty<\/strong> <strong>Mel\u00f3dia<\/strong>\u00a0 dostupn\u00e9 v na\u0161om obchode vo ve\u013ekostiach XS SML<br \/>\n<strong>vieme <\/strong>ak\u00e9 je to d\u00f4le\u017eit\u00e9 pre ka\u017ed\u00e9ho<strong> nevesty <\/strong>je <strong>vhodne zvolen\u00fd outfit. Svadobn\u00e9 \u0161aty by mali by\u0165 prisp\u00f4soben\u00e9 typu kr\u00e1sy, postavy a individu\u00e1lneho vkusu <\/strong><strong>predov\u0161etk\u00fdm<\/strong><strong>\u00a0 najd\u00f4le\u017eitej\u0161ie je c\u00edti\u0165 sa pohodlne! <\/strong>To zais\u0165uje, \u017ee tvorba bude sp\u013a\u0148a\u0165 <strong>jeho \u00faloha v 100% \u2013 <\/strong>n\u00e1\u0161 <strong>svadobn\u00e9 \u0161aty dodaj\u00fa neveste \u0161mrnc <\/strong>v\u00fdnimo\u010dn\u00fd <strong>sebavedomie. V obchode <a href=\"https:\/\/madelinefashion.pl\/sk\/sukienki-i-kombinezony\/sukienki-okolicznosciowe\/\">madelinefashion<\/a> n\u00e1jdete \u0161aty na cirkevn\u00e9 aj civiln\u00e9 sob\u00e1\u0161e aj na afterparty<\/strong>, ples, Silvester a in\u00e9 elegantn\u00e9 \u0161peci\u00e1lne udalosti. Na\u0161a ponuka<strong> n\u00e1jdete ako klasick\u00e9, jednoduch\u00e9 modely, tak aj zdoben\u00e9 kry\u0161t\u00e1lmi, flitrami, \u010dipkou \u010di tylom.\u00a0<\/strong>V na\u0161om e-shope n\u00e1jdete jedine\u010dn\u00e9 \u0161aty za mimoriadne v\u00fdhodn\u00e9 ceny \u2013\u00a0 <strong>nev\u00e1hajte a vyberte si ten, ktor\u00fd je pre v\u00e1s ide\u00e1lny<\/strong>. Ak sa neviete rozhodn\u00fa\u0165 ak\u00fa farbu, <strong>ve\u013ekos\u0165<\/strong> je pre v\u00e1s to najlep\u0161ie <strong>kontaktuj n\u00e1s<\/strong> cez <a href=\"https:\/\/www.facebook.com\/madelinefashionbutik\" target=\"_blank\" rel=\"noopener\">Facebook<\/a> alebo <a href=\"https:\/\/madelinefashion.pl\/sk\/kontakt\/\">telef\u00f3n<\/a>. Ak na str\u00e1nke nie je uveden\u00e1 ve\u013ekos\u0165, op\u00fdtajte sa<strong> kontakt<\/strong>.\u00a0<strong> Neviete ak\u00e9 svadobn\u00e9 \u0161aty si vybra\u0165?<\/strong>\u00a0<a href=\"https:\/\/madelinefashion.pl\/sk\/product-tag\/sukienka-biala\/?orderby=price-desc\"><strong>Skontrolujte<\/strong><\/a>to bude pre teba ide\u00e1lne!<\/p>\n<h3 style=\"text-align: center;\">ROZMERY \u0161iat:<\/h3>\n<div class=\"additional-details\" style=\"text-align: center;\">\n<table width=\"556\">\n<tbody>\n<tr>\n<td><strong>VE\u013dKOS\u0164<\/strong><\/td>\n<td><strong>poprsia<\/strong><\/td>\n<td><strong>P\u00e1s<\/strong><\/td>\n<td><strong>Boky<\/strong><\/td>\n<\/tr>\n<tr>\n<td><strong>34<\/strong><\/td>\n<td>84-86<\/td>\n<td>64-68<\/td>\n<td>\u00a082-90<\/td>\n<\/tr>\n<tr>\n<td><strong>36<\/strong><\/td>\n<td>88-90<\/td>\n<td>68-72<\/td>\n<td>\u00a086-92<\/td>\n<\/tr>\n<tr>\n<td><strong>38<\/strong><\/td>\n<td>92-94<\/td>\n<td>72-76<\/td>\n<td>\u00a090-96<\/td>\n<\/tr>\n<tr>\n<td><strong>40<\/strong><\/td>\n<td>96-98<\/td>\n<td>76-80<\/td>\n<td>\u00a094-106<\/td>\n<\/tr>\n<\/tbody>\n<\/table>\n<p>&nbsp;<\/p>\n<p style=\"text-align: center;\" align=\"center\"><span style=\"font-size: 10.0pt;\">celkov\u00e1 d\u013a\u017eka cca 157 cm (\u0161aty sa daj\u00fa skr\u00e1ti\u0165 pod\u013ea vlastn\u00e9ho uv\u00e1\u017eenia)\u00a0<\/span><\/p>\n<\/div>\n<p style=\"text-align: center;\"><span style=\"font-size: 10pt;\">\u0160aty s\u00fa dostupn\u00e9 aj v in\u00fdch farb\u00e1ch - odpor\u00fa\u010dame v\u00e1m zozn\u00e1mi\u0165 sa s na\u0161imi \u010fal\u0161\u00edmi produktmi.<\/span><\/p>\n<p style=\"text-align: center;\"><span style=\"font-size: 10pt;\">Rozmery sa m\u00f4\u017eu mierne l\u00ed\u0161i\u0165 od uveden\u00fdch +\/- 2cm.\u00a0<\/span><\/p>\n<p style=\"text-align: center;\"><span style=\"font-size: 10pt;\"><strong>\u00a0<\/strong>\u00a0<\/span><\/p>\n<table width=\"620\">\n<tbody>\n<tr>\n<td width=\"302\">Meno modela<\/td>\n<td width=\"302\">Svadobn\u00e9 \u0161aty Melody Feather<\/td>\n<\/tr>\n<tr>\n<td width=\"302\">Farba<\/td>\n<td width=\"302\">biely<\/td>\n<\/tr>\n<tr>\n<td width=\"302\">Marka<\/td>\n<td width=\"302\">Pekn\u00e1 \u017eena<\/td>\n<\/tr>\n<tr>\n<td width=\"302\">ve\u013ekosti<\/td>\n<td width=\"302\">34 36 38 40<\/td>\n<\/tr>\n<tr>\n<td width=\"302\">M\u00f3da<\/td>\n<td width=\"302\">Zhoda \/ ryba<\/td>\n<\/tr>\n<tr>\n<td width=\"302\">Materi\u00e1l<\/td>\n<td width=\"302\">Visk\u00f3za, polyester, bavlna<\/td>\n<\/tr>\n<tr>\n<td width=\"302\">D\u013a\u017eka<\/td>\n<td width=\"302\">Na zem<\/td>\n<\/tr>\n<\/tbody>\n<\/table>\n<p style=\"text-align: center;\" align=\"center\">Poz\u00fdvame v\u00e1s do n\u00e1\u0161ho sal\u00f3nu svadobn\u00fdch \u0161iat, ktor\u00fd sa nach\u00e1dza na ulici Moniuszki 2 v srdci Konstantyn\u00f3wa v Lod\u017eskom. V na\u0161om profesion\u00e1lnom sal\u00f3ne n\u00e1jdete \u0161irok\u00fd v\u00fdber svadobn\u00fdch \u0161iat, ktor\u00e9 splnia va\u0161e najtajnej\u0161ie sny o dokonalom dni. T\u00edm sk\u00fasen\u00fdch konzultantov v\u00e1m pom\u00f4\u017ee vybra\u0165 si perfektn\u00e9 \u0161aty, prisp\u00f4soben\u00e9 va\u0161im o\u010dak\u00e1vaniam a postave. Srde\u010dne v\u00e1s poz\u00fdvame na n\u00e1v\u0161tevu \u2013 presved\u010dte sa, ak\u00fd v\u00fdnimo\u010dn\u00fd m\u00f4\u017ee by\u0165 v\u00e1\u0161 de\u0148!<\/p>\n<p>Ka\u017ed\u00e9 \u0161aty sa daj\u00fa v pr\u00edpade potreby upravi\u0165 pod\u013ea va\u0161ej v\u00fd\u0161ky a v\u00fd\u0161ky podp\u00e4tku. Ak s\u00fa pr\u00edli\u0161 dlh\u00e9, m\u00f4\u017eete si ich skr\u00e1ti\u0165 alebo necha\u0165 kraj\u010d\u00edrku urobi\u0165 drobn\u00e9 \u00fapravy. Takto si m\u00f4\u017eete vybran\u00e9 \u0161aty jednoducho prisp\u00f4sobi\u0165 svojim mieram a c\u00edti\u0165 sa v nich dokonale pohodlne.<\/p>\n<p style=\"text-align: center;\" align=\"center\">Aby ste si vybrali\u00a0<strong>perfektn\u00e9 \u0161aty<\/strong>\u00a0kontaktujte n\u00e1s telefonicky alebo prostredn\u00edctvom na\u0161ej webovej str\u00e1nky <a href=\"https:\/\/www.facebook.com\/madelinefashionbutik\" target=\"_blank\" rel=\"noopener\">Facebook<\/a> .<br \/>\nN\u00e1\u0161 t\u00edm v\u00e1m pom\u00f4\u017ee\u00a0<strong>Vyberte si ten spr\u00e1vny<\/strong>\u00a0.\u00a0<strong>Ka\u017ed\u00e9 \u0161aty vieme presne zmera\u0165 na po\u017eiadanie kupuj\u00facej.\u00a0<\/strong><\/p>\n<div class=\"additional-details\" style=\"text-align: center;\">\n<p style=\"text-align: center;\"><span style=\"font-size: 10pt;\">\u00a0<\/span><\/p>\n<\/div>","protected":false},"excerpt":{"rendered":"<p>Suknia \u015alubna z Pi\u00f3rkami Melody Bia\u0142o Srebrna Zjawiskowa suknia \u015blubna dopasowana zdobiona pi\u00f3rkami oraz cekinami z\u00a0 dekoltem w szpic. Wygl\u0105da bardzo zmys\u0142owo i oryginalnie. Aplikacja z przodu kreacji z cekinami tworz\u0105 unikatow\u0105 tekstur\u0119, nadaj\u0105c ca\u0142o\u015bci niepowtarzalno\u015b\u0107. Sukienka na rami\u0105czkach odkrywa zmys\u0142owo plecy. Cekinowe aplikacje starannie rozmieszczona na sukience tworz\u0105 niepowtarzalny efekt. Dodatkowo pi\u00f3ra szyte od<\/p>\n<div class=\"klb-readmore post-buttons\"><a class=\"button black outline size-sm\" href=\"https:\/\/madelinefashion.pl\/sk\/suknia-slubna-z-piorkami-melody-bialo-srebrna\/\">\u010c\u00edta\u0165 \u010falej <i class=\"klbth-icon-right-arrow\"><\/i><\/a><\/div>","protected":false},"featured_media":117597,"template":"","meta":[],"product_brand":[],"product_cat":[395,124,569,562,566,630],"product_tag":[257,219,163],"class_list":{"0":"post-117586","1":"product","2":"type-product","3":"status-publish","4":"has-post-thumbnail","6":"product_cat-nowosci","7":"product_cat-sukienki-okolicznosciowe","8":"product_cat-sukienki-dopasowane","9":"product_cat-sukienki-z-piorkami","10":"product_cat-suknie-slubne","11":"product_cat-suknie-slubne-dopasowane","12":"product_tag-madelinefashion","13":"product_tag-sukienka-biala","14":"product_tag-sukienki-dlugie","16":"first","17":"instock","18":"purchasable","19":"product-type-variable"},"_links":{"self":[{"href":"https:\/\/madelinefashion.pl\/sk\/wp-json\/wp\/v2\/product\/117586","targetHints":{"allow":["GET"]}}],"collection":[{"href":"https:\/\/madelinefashion.pl\/sk\/wp-json\/wp\/v2\/product"}],"about":[{"href":"https:\/\/madelinefashion.pl\/sk\/wp-json\/wp\/v2\/types\/product"}],"wp:featuredmedia":[{"embeddable":true,"href":"https:\/\/madelinefashion.pl\/sk\/wp-json\/wp\/v2\/media\/117597"}],"wp:attachment":[{"href":"https:\/\/madelinefashion.pl\/sk\/wp-json\/wp\/v2\/media?parent=117586"}],"wp:term":[{"taxonomy":"product_brand","embeddable":true,"href":"https:\/\/madelinefashion.pl\/sk\/wp-json\/wp\/v2\/product_brand?post=117586"},{"taxonomy":"product_cat","embeddable":true,"href":"https:\/\/madelinefashion.pl\/sk\/wp-json\/wp\/v2\/product_cat?post=117586"},{"taxonomy":"product_tag","embeddable":true,"href":"https:\/\/madelinefashion.pl\/sk\/wp-json\/wp\/v2\/product_tag?post=117586"}],"curies":[{"name":"pracovn\u00fd list","href":"https:\/\/api.w.org\/{rel}","templated":true}]}}