{"id":11844,"date":"2021-05-08T21:09:34","date_gmt":"2021-05-08T19:09:34","guid":{"rendered":"https:\/\/madelinefashion.pl\/?post_type=product&#038;p=11844"},"modified":"2026-01-20T10:34:25","modified_gmt":"2026-01-20T09:34:25","slug":"top-satynowy-z-lancuszkiem-karmelowy-maurice","status":"publish","type":"product","link":"https:\/\/madelinefashion.pl\/sk\/top-satynowy-z-lancuszkiem-karmelowy-maurice\/","title":{"rendered":"Sat\u00e9nov\u00fd top s retiazkou Caramel Maurice"},"content":{"rendered":"<h3 style=\"text-align: center;\">Sat\u00e9nov\u00fd top s retiazkou Caramel Maurice<\/h3>\n<p style=\"text-align: center;\">jemn\u00e9, <strong>sat\u00e9nov\u00fd top s retiazkou<\/strong>s v\u00fdstrihom je sexi model, ktor\u00fd dod\u00e1 v\u00e1\u0161mu stylingu zmyselnos\u0165. Vzdu\u0161n\u00fd, jemn\u00fd strih, ktor\u00fd sa hod\u00ed k mnoh\u00fdm \u0161t\u00fdlom. Top so zlat\u00fdmi retiazkov\u00fdmi ramienkami je perfektnou ponukou na tepl\u00e9 jarn\u00e9 a letn\u00e9 dni, k na\u0161im modelom bude vyzera\u0165 perfektne <a href=\"https:\/\/madelinefashion.pl\/sk\/spodnie\/\">nohavice<\/a> alebo \u0161ortky.<strong>\u00a0\u00a0<\/strong>Kr\u00e1tky top s ramienkami zo zlatej retiazky. Ide\u00e1lne pre mnoho \u0161t\u00fdlov. Mus\u00edte to ma\u0165! Odpor\u00fa\u010dan\u00e1 jedna ve\u013ekos\u0165 <strong>XS SML<\/strong><\/p>\n<h3 style=\"text-align: center;\">Vlastnosti produktu:<\/h3>\n<p style=\"text-align: center;\">\u2013\u00a0<strong>retiazkov\u00fd remienok top<br \/>\n<\/strong>- \u0161t\u00fdlov\u00e9 a sexy<strong><br \/>\n<\/strong>\u2013 sat\u00e9nov\u00fd, \u013eahk\u00fd materi\u00e1l<\/p>\n<p>&nbsp;<\/p>\n<h3 style=\"text-align: center;\">Rozmery:<\/h3>\n<ul>\n<li style=\"text-align: center;\">celkov\u00e1 d\u013a\u017eka: 60 cm<\/li>\n<li style=\"text-align: center;\">\u0161\u00edrka od pazuchy po pazuchu: 45-51 cm<\/li>\n<li style=\"text-align: center;\">spodn\u00e1 \u0161\u00edrka: 47-55 cm<\/li>\n<\/ul>\n<p style=\"text-align: center;\"><span style=\"vertical-align: inherit;\">Rozmery sa m\u00f4\u017eu l\u00ed\u0161i\u0165 od uveden\u00fdch +\/- 2cm. V\u0161etky uveden\u00e9 rozmery s\u00fa meran\u00e9 plo\u0161ne.<\/span><\/p>\n<table>\n<tbody>\n<tr>\n<td width=\"302\">Meno modela<\/td>\n<td width=\"302\">Sat\u00e9nov\u00fd top s retiazkou Maurice<\/td>\n<\/tr>\n<tr>\n<td width=\"302\">Farba<\/td>\n<td width=\"302\">Karamel<\/td>\n<\/tr>\n<tr>\n<td width=\"302\">ve\u013ekosti<\/td>\n<td width=\"302\">Univerz\u00e1lny<\/td>\n<\/tr>\n<tr>\n<td width=\"302\">M\u00f3da<\/td>\n<td width=\"302\">nadrozmern\u00e9<\/td>\n<\/tr>\n<tr>\n<td width=\"302\">Materi\u00e1l<\/td>\n<td width=\"302\">100 % Polyester<\/td>\n<\/tr>\n<\/tbody>\n<\/table>\n<p style=\"text-align: center;\"><span style=\"font-size: 10pt;\">\u00a0<\/span><\/p>\n<p style=\"text-align: center;\">\u00a0Model m\u00e1\u00a0<strong>165<\/strong>\u00a0cm vysok\u00fd, nos\u00ed ve\u013ekos\u0165 ka\u017ed\u00fd de\u0148\u00a0<strong>S<\/strong><\/p>","protected":false},"excerpt":{"rendered":"<p>Top Satynowy z \u0141a\u0144cuszkiem Karmelowy Maurice Delikatny, satynowy top z \u0142a\u0144cuszkiem, z dekoltem to seksowny model, kt\u00f3ry doda ka\u017cdej Twojej stylizacji zmys\u0142owo\u015bci. Zwiewny, subtelny kr\u00f3j pasuj\u0105cy do wielu stylizacji. Top ze z\u0142otymi rami\u0105czkami z \u0142a\u0144cuszka to idealna propozycja na ciep\u0142e wiosenne i letnie dni, idealnie b\u0119dzie prezentowa\u0107 si\u0119 z naszymi modelami spodni czy szort\u00f3w.\u00a0\u00a0Kr\u00f3tki\u00a0 top<\/p>\n<div class=\"klb-readmore post-buttons\"><a class=\"button black outline size-sm\" href=\"https:\/\/madelinefashion.pl\/sk\/top-satynowy-z-lancuszkiem-karmelowy-maurice\/\">\u010c\u00edta\u0165 \u010falej <i class=\"klbth-icon-right-arrow\"><\/i><\/a><\/div>","protected":false},"featured_media":11828,"template":"","meta":[],"product_brand":[],"product_cat":[85],"product_tag":[292],"class_list":{"0":"post-11844","1":"product","2":"type-product","3":"status-publish","4":"has-post-thumbnail","6":"product_cat-t-shirty","7":"product_tag-topy","9":"first","10":"instock","11":"sale","12":"purchasable","13":"product-type-simple"},"_links":{"self":[{"href":"https:\/\/madelinefashion.pl\/sk\/wp-json\/wp\/v2\/product\/11844","targetHints":{"allow":["GET"]}}],"collection":[{"href":"https:\/\/madelinefashion.pl\/sk\/wp-json\/wp\/v2\/product"}],"about":[{"href":"https:\/\/madelinefashion.pl\/sk\/wp-json\/wp\/v2\/types\/product"}],"wp:featuredmedia":[{"embeddable":true,"href":"https:\/\/madelinefashion.pl\/sk\/wp-json\/wp\/v2\/media\/11828"}],"wp:attachment":[{"href":"https:\/\/madelinefashion.pl\/sk\/wp-json\/wp\/v2\/media?parent=11844"}],"wp:term":[{"taxonomy":"product_brand","embeddable":true,"href":"https:\/\/madelinefashion.pl\/sk\/wp-json\/wp\/v2\/product_brand?post=11844"},{"taxonomy":"product_cat","embeddable":true,"href":"https:\/\/madelinefashion.pl\/sk\/wp-json\/wp\/v2\/product_cat?post=11844"},{"taxonomy":"product_tag","embeddable":true,"href":"https:\/\/madelinefashion.pl\/sk\/wp-json\/wp\/v2\/product_tag?post=11844"}],"curies":[{"name":"pracovn\u00fd list","href":"https:\/\/api.w.org\/{rel}","templated":true}]}}