{"id":11909,"date":"2021-05-09T00:26:49","date_gmt":"2021-05-08T22:26:49","guid":{"rendered":"https:\/\/madelinefashion.pl\/?post_type=product&#038;p=11909"},"modified":"2026-03-01T12:58:43","modified_gmt":"2026-03-01T11:58:43","slug":"pasek-na-gumce-x-czarno-zloty","status":"publish","type":"product","link":"https:\/\/madelinefashion.pl\/sk\/pasek-na-gumce-x-czarno-zloty\/","title":{"rendered":"Elastick\u00fd p\u00e1s X \u010dierne zlato"},"content":{"rendered":"<h3 style=\"text-align: center;\">Elastick\u00fd p\u00e1s X \u010dierne zlato<\/h3>\n<p><strong>Jemn\u00fd opasok<\/strong> na gumi\u010dke <strong>zlat\u00e9 prevedenie X <\/strong> pokr\u010den\u00fd. Popruh m\u00e1\u00a0<strong>guma<\/strong>, v\u010faka \u010domu sa prisp\u00f4sob\u00edm ka\u017edej postave. Ka\u017ed\u00e9mu stylingu dod\u00e1 charakter.<\/p>\n<p>&nbsp;<\/p>\n<h3 style=\"text-align: center;\">Rozmery:<\/h3>\n<p style=\"text-align: center;\">\u0160\u00edrka popruhu: 2,5 <strong>\u00a0cm<br \/>\n<\/strong>D\u013a\u017eka opasku: 64 cm - 112<\/p>","protected":false},"excerpt":{"rendered":"<p>Pasek Na Gumce X Czarno Z\u0142oty Delikatny pasek na gumce ze z\u0142otym wyko\u0144czeniem X marszczony. Pasek posiada\u00a0gumk\u0119, dzi\u0119ki czemu dostosowuj\u0119 si\u0119 do ka\u017cdej figury. Nada charakteru ka\u017cdej stylizacji. &nbsp; Wymiary: Szeroko\u015b\u0107 paska: 2,5 \u00a0cm D\u0142ugo\u015b\u0107 paska: 64 cm &#8211; 112<\/p>","protected":false},"featured_media":11927,"template":"","meta":[],"product_brand":[],"product_cat":[113],"product_tag":[],"class_list":{"0":"post-11909","1":"product","2":"type-product","3":"status-publish","4":"has-post-thumbnail","6":"product_cat-dodatki","8":"first","9":"outofstock","10":"sale","11":"purchasable","12":"product-type-simple"},"_links":{"self":[{"href":"https:\/\/madelinefashion.pl\/sk\/wp-json\/wp\/v2\/product\/11909","targetHints":{"allow":["GET"]}}],"collection":[{"href":"https:\/\/madelinefashion.pl\/sk\/wp-json\/wp\/v2\/product"}],"about":[{"href":"https:\/\/madelinefashion.pl\/sk\/wp-json\/wp\/v2\/types\/product"}],"wp:featuredmedia":[{"embeddable":true,"href":"https:\/\/madelinefashion.pl\/sk\/wp-json\/wp\/v2\/media\/11927"}],"wp:attachment":[{"href":"https:\/\/madelinefashion.pl\/sk\/wp-json\/wp\/v2\/media?parent=11909"}],"wp:term":[{"taxonomy":"product_brand","embeddable":true,"href":"https:\/\/madelinefashion.pl\/sk\/wp-json\/wp\/v2\/product_brand?post=11909"},{"taxonomy":"product_cat","embeddable":true,"href":"https:\/\/madelinefashion.pl\/sk\/wp-json\/wp\/v2\/product_cat?post=11909"},{"taxonomy":"product_tag","embeddable":true,"href":"https:\/\/madelinefashion.pl\/sk\/wp-json\/wp\/v2\/product_tag?post=11909"}],"curies":[{"name":"pracovn\u00fd list","href":"https:\/\/api.w.org\/{rel}","templated":true}]}}