{"id":1193,"date":"2019-04-24T14:03:50","date_gmt":"2019-04-24T12:03:50","guid":{"rendered":"http:\/\/serwer2078743.home.pl\/?post_type=product&#038;p=1193"},"modified":"2026-04-12T21:48:09","modified_gmt":"2026-04-12T19:48:09","slug":"plaszcz-bezowy-plus-size-z-flauszu","status":"publish","type":"product","link":"https:\/\/madelinefashion.pl\/sk\/plaszcz-bezowy-plus-size-z-flauszu\/","title":{"rendered":"B\u00e9\u017eov\u00fd fleecov\u00fd kab\u00e1t ve\u013ekej ve\u013ekosti"},"content":{"rendered":"<h3 style=\"text-align: center;\">B\u00e9\u017eov\u00fd fleecov\u00fd kab\u00e1t ve\u013ekej ve\u013ekosti<\/h3>\n<p style=\"text-align: center;\">B\u00e9\u017eov\u00fd fusak Plus Size je skuto\u010dn\u00fdm hitom sez\u00f3ny. Ide\u00e1lne na jar, jese\u0148 a miernu zimu. Je to spojenie elegancie, modernosti a funk\u010dnosti - b\u00e9\u017eov\u00fd kab\u00e1t pristane ka\u017edej postave. Kab\u00e1t je univerz\u00e1lny - hod\u00ed sa na ka\u017ed\u00fa pr\u00edle\u017eitos\u0165, bude sa hodi\u0165 v ka\u017edom ro\u010dnom obdob\u00ed, navy\u0161e vyroben\u00fd z fleecu skvele sed\u00ed.<\/p>\n<h3 style=\"text-align: center;\">Perfektn\u00fd kab\u00e1t na ka\u017ed\u00fa pr\u00edle\u017eitos\u0165<\/h3>\n<p style=\"text-align: center;\">Skuto\u010dn\u00fdm hitom je B\u00e9\u017eov\u00e1 farba kab\u00e1tu - t\u00e1to farba je skuto\u010dn\u00fdm hitom - exkluz\u00edvna vo\u013eba pre <strong>Madelinefashion.pl<\/strong>. \u2013 ur\u010duje nov\u00e9 smery <strong>styling<\/strong>. Farba dod\u00e1va kab\u00e1tu charakter, ale z\u00e1rove\u0148 umo\u017e\u0148uje zladi\u0165 ho k r\u00f4znym \u0161t\u00fdlom, preto\u017ee farby s\u00fa decentn\u00e9, elegantn\u00e9 a \u0161ik. Ide\u00e1lne do \u0161koly, pr\u00e1ce, na rande alebo na stretnutie s priate\u013emi! Ve\u013ekos\u0165\u00a0<strong>univerz\u00e1lna ve\u013ekos\u0165 plus <\/strong>\u00a0odpor\u00fa\u010dame pre d\u00e1my, ktor\u00e9 nosia ve\u013e\u00a0<strong>44,46,48,50<\/strong> \u010do je obrovsk\u00e1 v\u00fdhoda tohto modelu. Pon\u00fakame aj men\u0161ie ve\u013ekosti odpor\u00fa\u010dan\u00e9 pre SML XL. Kab\u00e1t je dostupn\u00fd aj v in\u00fdch farebn\u00fdch variantoch - odpor\u00fa\u010dame V\u00e1m zozn\u00e1mi\u0165 sa s na\u0161imi \u010fal\u0161\u00edmi produktmi. Ak sa neviete rozhodn\u00fa\u0165, ktor\u00e1 farba alebo ve\u013ekos\u0165 je pre v\u00e1s najvhodnej\u0161ia, kontaktujte n\u00e1s na Facebooku alebo telefonicky.<\/p>\n<p style=\"text-align: center;\"><strong>Ide\u00e1lne pre ka\u017ed\u00fa pr\u00edle\u017eitos\u0165 a \u010das!<\/strong><\/p>\n<h3 style=\"text-align: center;\">Rozmery kab\u00e1ta nadmernej ve\u013ekosti:<\/h3>\n<ul style=\"text-align: center;\">\n<li>celkov\u00e1 d\u013a\u017eka chrbta: 90 cm<\/li>\n<li>\u0161\u00edrka od pazuchy po pazuchu: 59 cm<\/li>\n<li>d\u013a\u017eka ruk\u00e1va od ramena: 62 cm<\/li>\n<li>d\u013a\u017eka ruk\u00e1va od podpazu\u0161ia: 47 cm<\/li>\n<li>odpor\u00fa\u010dan\u00fd maxim\u00e1lny obvod poprsia: 130-145 cm<\/li>\n<li>\u0161\u00edrka v bicepsoch: 39 cm<\/li>\n<\/ul>\n<p style=\"text-align: center;\">Rozmery sa m\u00f4\u017eu mierne l\u00ed\u0161i\u0165 od uveden\u00fdch +\/- 2cm. V\u0161etky uveden\u00e9 rozmery s\u00fa meran\u00e9 plo\u0161ne.<\/p>\n<p style=\"text-align: center;\"><strong>RECENZN\u00c1 FOTO PRODUKTU !!!\u00a0<\/strong><\/p>\n<table width=\"615\">\n<tbody>\n<tr>\n<td width=\"302\">Meno modela<\/td>\n<td width=\"302\">Fl\u00edsov\u00fd kab\u00e1t Plus Size b\u00e9\u017eov\u00e1 \/ ecru<\/td>\n<\/tr>\n<tr>\n<td width=\"302\">Farba<\/td>\n<td width=\"302\">B\u00e9\u017eov\u00e1<\/td>\n<\/tr>\n<tr>\n<td width=\"302\">Zbierka<\/td>\n<td width=\"302\">jar\/jese\u0148\/zima<\/td>\n<\/tr>\n<tr>\n<td width=\"302\">ve\u013ekosti<\/td>\n<td width=\"302\">Univerz\u00e1lny<\/td>\n<\/tr>\n<tr>\n<td width=\"302\">M\u00f3da<\/td>\n<td width=\"302\">nadrozmern\u00e9<\/td>\n<\/tr>\n<tr>\n<td width=\"302\">Hood<\/td>\n<td width=\"302\">Bez kapucne<\/td>\n<\/tr>\n<tr>\n<td width=\"302\">vreck\u00e1<\/td>\n<td width=\"302\">\u00c1no<\/td>\n<\/tr>\n<tr>\n<td width=\"302\">Materi\u00e1l<\/td>\n<td width=\"302\">Petersham<\/td>\n<\/tr>\n<\/tbody>\n<\/table>\n<p>&nbsp;<\/p>\n<p>&nbsp;<\/p>\n<p style=\"text-align: center;\"><strong>odpor\u00fa\u010dan\u00e9<\/strong> pre \u013eud\u00ed, ktor\u00ed nosia <strong>44\u00a0<\/strong>dole\u00a0<strong>50\u00a0<\/strong><\/p>","protected":false},"excerpt":{"rendered":"<p>P\u0142aszcz Be\u017cowy Plus Size z Flauszu Be\u017cowy p\u0142aszcz Plus Size z flauszu to prawdziwy hit sezonu. Idealny na wiosn\u0119, jesie\u0144 delikatn\u0105 zim\u0119. Jest to po\u0142\u0105czenie elegancji, nowoczesno\u015bci i funkcjonalno\u015bci \u2013 Be\u017cowy p\u0142aszczyk wpisuje si\u0119 w ka\u017cd\u0105 sylwetk\u0119. P\u0142aszcz jest uniwersalny \u2013 jest stosowny na ka\u017cd\u0105 okazj\u0119, \u015bwietnie sprawdzi si\u0119 w ka\u017cdej porze roku, dodatkowo wykonanie<\/p>\n<div class=\"klb-readmore post-buttons\"><a class=\"button black outline size-sm\" href=\"https:\/\/madelinefashion.pl\/sk\/plaszcz-bezowy-plus-size-z-flauszu\/\">\u010c\u00edta\u0165 \u010falej <i class=\"klbth-icon-right-arrow\"><\/i><\/a><\/div>","protected":false},"featured_media":3048,"template":"","meta":[],"product_brand":[],"product_cat":[102,279],"product_tag":[510],"class_list":{"0":"post-1193","1":"product","2":"type-product","3":"status-publish","4":"has-post-thumbnail","6":"product_cat-plaszcze-plus-size","7":"product_cat-plaszcze-wiosenne","8":"product_tag-plaszcze-flauszowe","10":"first","11":"outofstock","12":"sale","13":"purchasable","14":"product-type-simple"},"_links":{"self":[{"href":"https:\/\/madelinefashion.pl\/sk\/wp-json\/wp\/v2\/product\/1193","targetHints":{"allow":["GET"]}}],"collection":[{"href":"https:\/\/madelinefashion.pl\/sk\/wp-json\/wp\/v2\/product"}],"about":[{"href":"https:\/\/madelinefashion.pl\/sk\/wp-json\/wp\/v2\/types\/product"}],"wp:featuredmedia":[{"embeddable":true,"href":"https:\/\/madelinefashion.pl\/sk\/wp-json\/wp\/v2\/media\/3048"}],"wp:attachment":[{"href":"https:\/\/madelinefashion.pl\/sk\/wp-json\/wp\/v2\/media?parent=1193"}],"wp:term":[{"taxonomy":"product_brand","embeddable":true,"href":"https:\/\/madelinefashion.pl\/sk\/wp-json\/wp\/v2\/product_brand?post=1193"},{"taxonomy":"product_cat","embeddable":true,"href":"https:\/\/madelinefashion.pl\/sk\/wp-json\/wp\/v2\/product_cat?post=1193"},{"taxonomy":"product_tag","embeddable":true,"href":"https:\/\/madelinefashion.pl\/sk\/wp-json\/wp\/v2\/product_tag?post=1193"}],"curies":[{"name":"pracovn\u00fd list","href":"https:\/\/api.w.org\/{rel}","templated":true}]}}