{"id":11930,"date":"2021-05-09T00:41:42","date_gmt":"2021-05-08T22:41:42","guid":{"rendered":"https:\/\/madelinefashion.pl\/?post_type=product&#038;p=11930"},"modified":"2025-09-09T10:34:55","modified_gmt":"2025-09-09T08:34:55","slug":"sukienka-plisowana-maxi-dalmatia-bezowa","status":"publish","type":"product","link":"https:\/\/madelinefashion.pl\/sk\/sukienka-plisowana-maxi-dalmatia-bezowa\/","title":{"rendered":"Dalmatia B\u00e9\u017eov\u00e9 skladan\u00e9 Maxi \u0161aty"},"content":{"rendered":"<h3 style=\"text-align: center;\">Dalmatia B\u00e9\u017eov\u00e9 skladan\u00e9 Maxi \u0161aty<\/h3>\n<p style=\"text-align: center;\"><span style=\"font-size: 10pt;\">Farebn\u00e9 plisovan\u00e9 maxi \u0161aty <strong>b\u00e9\u017eov\u00e1<\/strong>\u00a0Neskuto\u010dne \u017eensk\u00e9, elegantn\u00e9 plisovan\u00e9 maxi \u0161aty s ob\u00e1lkov\u00fdm v\u00fdstrihom kr\u00e1sne odhalia poprsie. <strong>\u0160aty sa daj\u00fa nosi\u0165<\/strong> <strong>dve strany s v\u00fdstrihom na chrbte<\/strong> Elastick\u00e1 guma v p\u00e1se zais\u0165uje prisp\u00f4sobenie modelu k postave, \u010do zv\u00fdrazn\u00ed \u017eensk\u00e9 tvary. \u0160aty <strong>m\u00e1 pod\u0161\u00edvku<\/strong>. Vzdu\u0161n\u00fd strih je fantastick\u00fd pri pohybe. Ide\u00e1lna ponuka na svadby, svadobn\u00e9 hostiny, rodinn\u00e9 oslavy, bankety. <span lang=\"pl-pl\" xml:lang=\"pl-pl\">\u0160aty s\u00fa vyroben\u00e9 z \u013eahk\u00e9ho materi\u00e1lu tak, \u017ee <strong>budete sa v \u0148om c\u00edti\u0165 pohodlne.\u00a0<\/strong><\/span><span lang=\"pl-pl\" xml:lang=\"pl-pl\">Dostupn\u00e9 v na\u0161ej predajni vo viacer\u00fdch farebn\u00fdch variantoch. Odpor\u00fa\u010dame pre d\u00e1my vo ve\u013ekosti SML XL. <strong>Ide\u00e1lna ponuka na svadby, recepcie a in\u00e9 rodinn\u00e9 oslavy. Odpor\u00fa\u010dame \u0161aty\u00a0 <a href=\"https:\/\/madelinefashion.pl\/sk\/pasek-na-gumce-x-czarno-zloty\/\">X \u010dierny zlat\u00fd remienok<\/a><\/strong><\/span><\/span><\/p>\n<p>&nbsp;<\/p>\n<h3 style=\"text-align: center;\">\u00a0Rozmery:<\/h3>\n<ul style=\"text-align: center;\">\n<li><span style=\"font-size: 10pt;\">\u00a0\u00a0\u00a0\u00a0\u00a0\u00a0\u00a0 celkov\u00e1 d\u013a\u017eka: 128 cm<br \/>\nd\u013a\u017eka po pod\u0161\u00edvku \/ spodni\u010dku: 115<\/span><\/li>\n<li><span style=\"font-size: 10pt;\">\u00a0\u00a0\u00a0\u00a0\u00a0\u00a0\u00a0 \u0161\u00edrka od pazuchy po pazuchu: 42 cm -53 cm<\/span><\/li>\n<li><span style=\"font-size: 10pt;\">\u00a0\u00a0\u00a0\u00a0\u00a0\u00a0\u00a0 \u0161\u00edrka v p\u00e1se 30-50 cm<\/span><\/li>\n<li><span style=\"font-size: 10pt;\">\u00a0\u00a0\u00a0\u00a0\u00a0\u00a0\u00a0 odpor\u00fa\u010dan\u00fd maxim\u00e1lny obvod poprsia: 106 cm<\/span><\/li>\n<\/ul>\n<p style=\"text-align: center;\">Rozmery sa m\u00f4\u017eu l\u00ed\u0161i\u0165 od uveden\u00fdch +\/- 2cm. V\u0161etky uveden\u00e9 rozmery s\u00fa meran\u00e9 plo\u0161ne. <strong>rozmer x2<\/strong><\/p>\n<p style=\"text-align: center;\"><span style=\"font-size: 10pt;\"><strong>\u00a0<\/strong>\u00a0<\/span><\/p>\n<p>&nbsp;<\/p>\n<table>\n<tbody>\n<tr>\n<td width=\"302\"><span style=\"font-size: 10pt;\">Meno modela<\/span><\/td>\n<td width=\"302\">Dalmatia plisovan\u00e9 maxi \u0161aty<\/td>\n<\/tr>\n<tr>\n<td width=\"302\"><span style=\"font-size: 10pt;\">Farba<\/span><\/td>\n<td width=\"302\"><span style=\"font-size: 10pt;\">B\u00e9\u017eov\u00e1<\/span><\/td>\n<\/tr>\n<tr>\n<td width=\"302\"><span style=\"font-size: 10pt;\">\u0160tiepenie<\/span><\/td>\n<td width=\"302\"><span style=\"font-size: 10pt;\">Ob\u00e1lka<\/span><\/td>\n<\/tr>\n<tr>\n<td width=\"302\"><span style=\"font-size: 10pt;\">Materi\u00e1l<\/span><\/td>\n<td width=\"302\"><span style=\"font-size: 10pt;\">97 %Polyester 3% Elastan<\/span><\/td>\n<\/tr>\n<tr>\n<td width=\"302\"><span style=\"font-size: 10pt;\">D\u013a\u017eka<\/span><\/td>\n<td width=\"302\"><span style=\"font-size: 10pt;\">Na zem<\/span><\/td>\n<\/tr>\n<\/tbody>\n<\/table>\n<p style=\"text-align: center;\">Model m\u00e1\u00a0<strong>169<\/strong>\u00a0cm vysok\u00fd, nos\u00ed ve\u013ekos\u0165 ka\u017ed\u00fd de\u0148\u00a0<strong>S<\/strong><\/p>\n<p style=\"text-align: center;\">\u0160\u00edrka cez prsia 92 cm<\/p>\n<p style=\"text-align: center;\">\u0160\u00edrka v p\u00e1se 62 cm<\/p>\n<p style=\"text-align: center;\">\u0160\u00edrka v bokoch 94 cm<span style=\"font-size: 10pt;\">\u00a0<\/span><\/p>","protected":false},"excerpt":{"rendered":"<p>Sukienka Plisowana Maxi Dalmatia Be\u017cowa Sukienka maxi plisowana w kolorze be\u017cowa\u00a0Niesamowicie kobieca, elegancka sukienka plisowana o d\u0142ugo\u015bci\u00a0maxi z dekoltem kopertowym pi\u0119knie wyeksponuje biust. Sukienk\u0119 mo\u017cna nosi\u0107 na dwie strony z dekoltem na plecach W talii elastyczna gumka zapewnia dopasowanie modelu do sylwetki co podkre\u015bli kobiece kszta\u0142ty. Sukienka posiada podszewk\u0119. Zwiewny fason fantastycznie uk\u0142ada si\u0119 podczas<\/p>\n<div class=\"klb-readmore post-buttons\"><a class=\"button black outline size-sm\" href=\"https:\/\/madelinefashion.pl\/sk\/sukienka-plisowana-maxi-dalmatia-bezowa\/\">\u010c\u00edta\u0165 \u010falej <i class=\"klbth-icon-right-arrow\"><\/i><\/a><\/div>","protected":false},"featured_media":84996,"template":"","meta":[],"product_brand":[],"product_cat":[125,395],"product_tag":[],"class_list":{"0":"post-11930","1":"product","2":"type-product","3":"status-publish","4":"has-post-thumbnail","6":"product_cat-sukienki","7":"product_cat-nowosci","9":"first","10":"instock","11":"purchasable","12":"product-type-simple"},"_links":{"self":[{"href":"https:\/\/madelinefashion.pl\/sk\/wp-json\/wp\/v2\/product\/11930","targetHints":{"allow":["GET"]}}],"collection":[{"href":"https:\/\/madelinefashion.pl\/sk\/wp-json\/wp\/v2\/product"}],"about":[{"href":"https:\/\/madelinefashion.pl\/sk\/wp-json\/wp\/v2\/types\/product"}],"wp:featuredmedia":[{"embeddable":true,"href":"https:\/\/madelinefashion.pl\/sk\/wp-json\/wp\/v2\/media\/84996"}],"wp:attachment":[{"href":"https:\/\/madelinefashion.pl\/sk\/wp-json\/wp\/v2\/media?parent=11930"}],"wp:term":[{"taxonomy":"product_brand","embeddable":true,"href":"https:\/\/madelinefashion.pl\/sk\/wp-json\/wp\/v2\/product_brand?post=11930"},{"taxonomy":"product_cat","embeddable":true,"href":"https:\/\/madelinefashion.pl\/sk\/wp-json\/wp\/v2\/product_cat?post=11930"},{"taxonomy":"product_tag","embeddable":true,"href":"https:\/\/madelinefashion.pl\/sk\/wp-json\/wp\/v2\/product_tag?post=11930"}],"curies":[{"name":"pracovn\u00fd list","href":"https:\/\/api.w.org\/{rel}","templated":true}]}}