{"id":12014,"date":"2021-05-09T02:24:55","date_gmt":"2021-05-09T00:24:55","guid":{"rendered":"https:\/\/madelinefashion.pl\/?post_type=product&#038;p=12014"},"modified":"2025-09-09T10:34:45","modified_gmt":"2025-09-09T08:34:45","slug":"sukienka-koronkowa-maxi-biala-na-ramiaczkach-blanka","status":"publish","type":"product","link":"https:\/\/madelinefashion.pl\/sk\/sukienka-koronkowa-maxi-biala-na-ramiaczkach-blanka\/","title":{"rendered":"Biele maxi \u010dipkovan\u00e9 \u0161aty s ramienkami Blanka"},"content":{"rendered":"<h3 style=\"text-align: center;\">Biele maxi \u010dipkovan\u00e9 \u0161aty s ramienkami Blanka<\/h3>\n<p align=\"center\"><strong><span lang=\"pl-pl\" xml:lang=\"pl-pl\">Fenomen\u00e1lne maxi \u0161aty v boho \u0161t\u00fdle Blanka Bia\u0142a <\/span><\/strong><span lang=\"pl-pl\" xml:lang=\"pl-pl\">s ob\u00e1lkov\u00fdm v\u00fdstrihom a rozparkom. \u0160aty<b> \u010dipka na nastavite\u013en\u00fdch ramienkach <\/b>si ur\u010dite z\u00edska va\u0161e srdcia. Skvele posl\u00fa\u017ei v n\u00e1ro\u010dnej\u0161ej \u0161tyliz\u00e1cii, ale aj na dennej b\u00e1ze. \u010cipkovan\u00e9 \u0161aty s nastavite\u013en\u00fdmi ramienkami. Jedine\u010dn\u00e1 kombin\u00e1cia maxi \u0161iat a sukne. Mus\u00edte ju ma\u0165 vo svojom \u0161atn\u00edku! <strong>. V\u00fdstrih do V a ozdobn\u00e1 predn\u00e1 \u010das\u0165 dokonale zd\u00f4raznia letn\u00fd styling. Absol\u00fatny hit tejto sez\u00f3ny! <\/strong>Ve\u013ekos\u0165 \u0161iat<strong> univerz\u00e1lny <\/strong>odpor\u00fa\u010dan\u00e9 od<strong> S a\u017e L<\/strong><\/span><\/p>\n<h3 style=\"text-align: center;\">\u00a0Rozmery:<\/h3>\n<ul style=\"text-align: center;\">\n<li><span style=\"font-size: 10pt;\">\u00a0\u00a0\u00a0\u00a0\u00a0\u00a0\u00a0 celkov\u00e1 d\u013a\u017eka: 141 cm<\/span><span style=\"font-size: 10pt;\"><br \/>\n<\/span><\/li>\n<li>d\u013a\u017eka sukne: 84 cm<\/li>\n<li><span style=\"font-size: 10pt;\">\u00a0\u00a0\u00a0\u00a0\u00a0\u00a0\u00a0 \u0161\u00edrka od pazuchy po pazuchu: 41-55 cm <\/span><\/li>\n<li><span style=\"font-size: 10pt;\">\u00a0\u00a0\u00a0\u00a0\u00a0\u00a0\u00a0 \u0161\u00edrka v p\u00e1se 31-39 cm<\/span><\/li>\n<li><span style=\"font-size: 10pt;\">\u00a0 \u00a0 <\/span><\/li>\n<\/ul>\n<p style=\"text-align: center;\">Rozmery sa m\u00f4\u017eu l\u00ed\u0161i\u0165 od uveden\u00fdch +\/- 2cm. V\u0161etky uveden\u00e9 rozmery s\u00fa meran\u00e9 plo\u0161ne. <strong>rozmer x2<\/strong><\/p>\n<p>&nbsp;<\/p>\n<table>\n<tbody>\n<tr>\n<td width=\"302\"><span style=\"font-size: 10pt;\">Meno modela<\/span><\/td>\n<td width=\"302\">\u010cipkovan\u00e9 maxi \u0161aty s ramienkami Blanka<\/td>\n<\/tr>\n<tr>\n<td width=\"302\"><span style=\"font-size: 10pt;\">Farba<\/span><\/td>\n<td width=\"302\"><span style=\"font-size: 13.3333px;\">biely<\/span><\/td>\n<\/tr>\n<tr>\n<td width=\"302\"><span style=\"font-size: 10pt;\">M\u00f3da<\/span><\/td>\n<td width=\"302\"><span style=\"font-size: 10pt;\">nadrozmern\u00e9<\/span><\/td>\n<\/tr>\n<tr>\n<td width=\"302\"><span style=\"font-size: 10pt;\">Materi\u00e1l<\/span><\/td>\n<td width=\"302\"><span style=\"font-size: 10pt;\">80 % Nylon 20% Bavlna<\/span><\/td>\n<\/tr>\n<tr>\n<td width=\"302\"><span style=\"font-size: 10pt;\">D\u013a\u017eka<\/span><\/td>\n<td width=\"302\"><span style=\"font-size: 10pt;\">K zemi \/ asymetrick\u00e9<\/span><\/td>\n<\/tr>\n<\/tbody>\n<\/table>\n<div class=\"tabs tabs-bb clear mb-80\">\n<div class=\"tab-content\">\n<div id=\"tab-description\" class=\"tab-pane fade in woocommerce-Tabs-panel--description active\">\n<div class=\"tabs tabs-bb clear mb-80\">\n<div class=\"tab-content\">\n<div id=\"tab-description\" class=\"tab-pane fade in woocommerce-Tabs-panel--description active\">\n<p style=\"text-align: center;\">\u00a0Model m\u00e1\u00a0<strong>175<\/strong>\u00a0cm vysok\u00fd, nos\u00ed ve\u013ekos\u0165 ka\u017ed\u00fd de\u0148\u00a0<strong>S<\/strong><\/p>\n<\/div>\n<\/div>\n<\/div>\n<section class=\"related products mb-80\"><\/section>\n<\/div>\n<\/div>\n<\/div>\n<div class=\"additional-details\" style=\"text-align: center;\">\n<p style=\"text-align: center;\">\n<\/div>","protected":false},"excerpt":{"rendered":"<p>Sukienka Koronkowa Maxi Bia\u0142a na Rami\u0105czkach Blanka Fenomenalna sukienka maxi w stylu boho Blanka Bia\u0142a z dekoltem kopertowym oraz rozci\u0119ciem. Sukienka koronkowa na rami\u0105czkach regulowanych z pewno\u015bci\u0105 podbije Wasze serca. Sprawdzi si\u0119 idealnie w bardziej wymagaj\u0105cej stylizacji, ale r\u00f3wnie\u017c na co dzie\u0144. Sukienka koronkowa na regulowanych rami\u0105czkach. Niepowtarzalne po\u0142\u0105czenie sukienki maxi ze sp\u00f3dniczk\u0105. Musisz j\u0105<\/p>\n<div class=\"klb-readmore post-buttons\"><a class=\"button black outline size-sm\" href=\"https:\/\/madelinefashion.pl\/sk\/sukienka-koronkowa-maxi-biala-na-ramiaczkach-blanka\/\">\u010c\u00edta\u0165 \u010falej <i class=\"klbth-icon-right-arrow\"><\/i><\/a><\/div>","protected":false},"featured_media":12002,"template":"","meta":[],"product_brand":[],"product_cat":[125,395],"product_tag":[219],"class_list":{"0":"post-12014","1":"product","2":"type-product","3":"status-publish","4":"has-post-thumbnail","6":"product_cat-sukienki","7":"product_cat-nowosci","8":"product_tag-sukienka-biala","10":"first","11":"instock","12":"purchasable","13":"product-type-simple"},"_links":{"self":[{"href":"https:\/\/madelinefashion.pl\/sk\/wp-json\/wp\/v2\/product\/12014","targetHints":{"allow":["GET"]}}],"collection":[{"href":"https:\/\/madelinefashion.pl\/sk\/wp-json\/wp\/v2\/product"}],"about":[{"href":"https:\/\/madelinefashion.pl\/sk\/wp-json\/wp\/v2\/types\/product"}],"wp:featuredmedia":[{"embeddable":true,"href":"https:\/\/madelinefashion.pl\/sk\/wp-json\/wp\/v2\/media\/12002"}],"wp:attachment":[{"href":"https:\/\/madelinefashion.pl\/sk\/wp-json\/wp\/v2\/media?parent=12014"}],"wp:term":[{"taxonomy":"product_brand","embeddable":true,"href":"https:\/\/madelinefashion.pl\/sk\/wp-json\/wp\/v2\/product_brand?post=12014"},{"taxonomy":"product_cat","embeddable":true,"href":"https:\/\/madelinefashion.pl\/sk\/wp-json\/wp\/v2\/product_cat?post=12014"},{"taxonomy":"product_tag","embeddable":true,"href":"https:\/\/madelinefashion.pl\/sk\/wp-json\/wp\/v2\/product_tag?post=12014"}],"curies":[{"name":"pracovn\u00fd list","href":"https:\/\/api.w.org\/{rel}","templated":true}]}}