{"id":12046,"date":"2021-05-09T14:19:50","date_gmt":"2021-05-09T12:19:50","guid":{"rendered":"https:\/\/madelinefashion.pl\/?post_type=product&#038;p=12046"},"modified":"2026-04-10T14:43:42","modified_gmt":"2026-04-10T12:43:42","slug":"sukienka-maxi-koronkowa-z-pomponami-czarna-california","status":"publish","type":"product","link":"https:\/\/madelinefashion.pl\/sk\/sukienka-maxi-koronkowa-z-pomponami-czarna-california\/","title":{"rendered":"\u010cipkovan\u00e9 Maxi \u0161aty s brmbolcami Black California"},"content":{"rendered":"<h3 style=\"text-align: center;\">\u010cipkovan\u00e9 Maxi \u0161aty s brmbolcami Black California<\/h3>\n<p align=\"center\"><strong><span lang=\"pl-pl\" xml:lang=\"pl-pl\">Fenomen\u00e1lne maxi \u0161aty v boho \u0161t\u00fdle\u00a0 <\/span><\/strong><span lang=\"pl-pl\" xml:lang=\"pl-pl\">s bambulkami zdobiacimi dekolt si z\u00edska srdce nejednej z v\u00e1s. Bude perfektn\u00e1, ke\u010f potrebujeme n\u00e1ro\u010dnej\u0161\u00ed styling, ale aj na dennej b\u00e1ze. \u010cipkovan\u00e9 \u0161aty so \u0161irok\u00fdmi ruk\u00e1vmi. Mus\u00edte ju ma\u0165 vo svojom \u0161atn\u00edku!<b>. <\/b>\u010cipkovan\u00e9 maxi \u0161aty maj\u00fa elastick\u00fd p\u00e1s, v\u010faka \u010domu perfektne sedia.<b>\u00a0 Vol\u00e1n a ozdobn\u00e1 predn\u00e1 \u010das\u0165 dokonale zd\u00f4razn\u00ed letn\u00fd styling. Absol\u00fatny hit tejto sez\u00f3ny! <\/b>Ve\u013ekos\u0165 \u0161iat<strong> univerz\u00e1lny <\/strong>odpor\u00fa\u010dan\u00e9 od<strong> S a\u017e XL<\/strong><\/span><\/p>\n<h3 style=\"text-align: center;\">\u00a0Rozmery:<\/h3>\n<ul style=\"text-align: center;\">\n<li><span style=\"font-size: 10pt;\">\u00a0\u00a0\u00a0\u00a0\u00a0\u00a0\u00a0 celkov\u00e1 d\u013a\u017eka: 132 cm<\/span><span style=\"font-size: 10pt;\"><br \/>\n<\/span><\/li>\n<li>d\u013a\u017eka pod\u0161\u00edvky: 110 cm<\/li>\n<li><span style=\"font-size: 10pt;\">\u00a0\u00a0\u00a0\u00a0\u00a0\u00a0\u00a0 \u0161\u00edrka od pazuchy po pazuchu: 43-53 cm <\/span><\/li>\n<li><span style=\"font-size: 10pt;\">\u0161\u00edrka ramien: 38 cm<\/span><\/li>\n<li><span style=\"font-size: 10pt;\">d\u013a\u017eka ruk\u00e1va od podpazu\u0161ia: 45 cm<\/span><\/li>\n<li><span style=\"font-size: 10pt;\">d\u013a\u017eka ruk\u00e1va od ramena: 62 cm<\/span><\/li>\n<li><span style=\"font-size: 10pt;\">\u00a0\u00a0\u00a0\u00a0\u00a0\u00a0\u00a0 \u0161\u00edrka v p\u00e1se 30-53 cm<\/span><\/li>\n<li><\/li>\n<\/ul>\n<p style=\"text-align: center;\">Rozmery sa m\u00f4\u017eu l\u00ed\u0161i\u0165 od uveden\u00fdch +\/- 2cm. V\u0161etky uveden\u00e9 rozmery s\u00fa meran\u00e9 plo\u0161ne. <strong>rozmer x2<\/strong><\/p>\n<h3 style=\"text-align: center;\"><strong><br \/>\n<\/strong>Charakteristika:<\/h3>\n<p style=\"text-align: center;\">-\u010dipka<br \/>\n-pom-poms<br \/>\n- V\u00fdstrih do V<br \/>\n- maxi<br \/>\n- dostupn\u00e9 v troch farb\u00e1ch<br \/>\n- origin\u00e1l<br \/>\n- univerz\u00e1lny<br \/>\n- elastick\u00fd materi\u00e1l<\/p>\n<table>\n<tbody>\n<tr>\n<td width=\"302\"><span style=\"font-size: 10pt;\">Meno modela<\/span><\/td>\n<td width=\"302\">\u010cipkovan\u00e9 Maxi \u0161aty s brmbolcami California<\/td>\n<\/tr>\n<tr>\n<td width=\"302\"><span style=\"font-size: 10pt;\">Farba<\/span><\/td>\n<td width=\"302\"><span style=\"font-size: 13.3333px;\">\u010dierna<\/span><\/td>\n<\/tr>\n<tr>\n<td width=\"302\"><span style=\"font-size: 10pt;\">M\u00f3da<\/span><\/td>\n<td width=\"302\"><span style=\"font-size: 10pt;\">nadrozmern\u00e9<\/span><\/td>\n<\/tr>\n<tr>\n<td width=\"302\"><span style=\"font-size: 10pt;\">Materi\u00e1l<\/span><\/td>\n<td width=\"302\"><span style=\"font-size: 10pt;\">100 %Polyester\u00a0\u00a0<\/span><\/td>\n<\/tr>\n<tr>\n<td width=\"302\"><span style=\"font-size: 10pt;\">D\u013a\u017eka<\/span><\/td>\n<td width=\"302\"><span style=\"font-size: 10pt;\">K zemi \/ asymetrick\u00e9<\/span><\/td>\n<\/tr>\n<\/tbody>\n<\/table>\n<div class=\"tabs tabs-bb clear mb-80\">\n<div class=\"tab-content\">\n<div id=\"tab-description\" class=\"tab-pane fade in woocommerce-Tabs-panel--description active\">\n<div class=\"tabs tabs-bb clear mb-80\">\n<div class=\"tab-content\">\n<div id=\"tab-description\" class=\"tab-pane fade in woocommerce-Tabs-panel--description active\">\n<p style=\"text-align: center;\">Model m\u00e1\u00a0<strong>169<\/strong>\u00a0cm vysok\u00fd, nos\u00ed ve\u013ekos\u0165 ka\u017ed\u00fd de\u0148\u00a0<strong>S<\/strong><\/p>\n<p style=\"text-align: center;\">\u0160\u00edrka cez prsia 92 cm<\/p>\n<p style=\"text-align: center;\">\u0160\u00edrka v p\u00e1se 62 cm<\/p>\n<p style=\"text-align: center;\">\u0160\u00edrka v bokoch 94 cm<\/p>\n<\/div>\n<\/div>\n<\/div>\n<section class=\"related products mb-80\"><\/section>\n<\/div>\n<\/div>\n<\/div>\n<div class=\"additional-details\" style=\"text-align: center;\">\n<p style=\"text-align: center;\">\n<\/div>","protected":false},"excerpt":{"rendered":"<p>Sukienka Maxi Koronkowa z Pomponami Czarna California Fenomenalna sukienka maxi w stylu boho\u00a0 ze zdobi\u0105cym dekolt pomponami podbije serca nie jednej z Was. Sprawdzi si\u0119 idealnie, gdy potrzebujemy bardziej wymagaj\u0105cej stylizacji, ale r\u00f3wnie\u017c na co dzie\u0144. Sukienka koronkowa z szerokim r\u0119kawem. Musisz j\u0105 mie\u0107 w Swojej garderobie!. Sukienka Maxi koronkowa posiada gumk\u0119 w pasie dzi\u0119ki<\/p>\n<div class=\"klb-readmore post-buttons\"><a class=\"button black outline size-sm\" href=\"https:\/\/madelinefashion.pl\/sk\/sukienka-maxi-koronkowa-z-pomponami-czarna-california\/\">\u010c\u00edta\u0165 \u010falej <i class=\"klbth-icon-right-arrow\"><\/i><\/a><\/div>","protected":false},"featured_media":48993,"template":"","meta":[],"product_brand":[],"product_cat":[125,395],"product_tag":[213],"class_list":{"0":"post-12046","1":"product","2":"type-product","3":"status-publish","4":"has-post-thumbnail","6":"product_cat-sukienki","7":"product_cat-nowosci","8":"product_tag-sukienka-czarna","10":"first","11":"outofstock","12":"purchasable","13":"product-type-simple"},"_links":{"self":[{"href":"https:\/\/madelinefashion.pl\/sk\/wp-json\/wp\/v2\/product\/12046","targetHints":{"allow":["GET"]}}],"collection":[{"href":"https:\/\/madelinefashion.pl\/sk\/wp-json\/wp\/v2\/product"}],"about":[{"href":"https:\/\/madelinefashion.pl\/sk\/wp-json\/wp\/v2\/types\/product"}],"wp:featuredmedia":[{"embeddable":true,"href":"https:\/\/madelinefashion.pl\/sk\/wp-json\/wp\/v2\/media\/48993"}],"wp:attachment":[{"href":"https:\/\/madelinefashion.pl\/sk\/wp-json\/wp\/v2\/media?parent=12046"}],"wp:term":[{"taxonomy":"product_brand","embeddable":true,"href":"https:\/\/madelinefashion.pl\/sk\/wp-json\/wp\/v2\/product_brand?post=12046"},{"taxonomy":"product_cat","embeddable":true,"href":"https:\/\/madelinefashion.pl\/sk\/wp-json\/wp\/v2\/product_cat?post=12046"},{"taxonomy":"product_tag","embeddable":true,"href":"https:\/\/madelinefashion.pl\/sk\/wp-json\/wp\/v2\/product_tag?post=12046"}],"curies":[{"name":"pracovn\u00fd list","href":"https:\/\/api.w.org\/{rel}","templated":true}]}}