{"id":12193,"date":"2021-05-11T19:33:22","date_gmt":"2021-05-11T17:33:22","guid":{"rendered":"https:\/\/madelinefashion.pl\/?post_type=product&#038;p=12193"},"modified":"2022-06-06T16:00:54","modified_gmt":"2022-06-06T14:00:54","slug":"body-koronkowe-na-ramiaczkach-corsage-blekitne","status":"publish","type":"product","link":"https:\/\/madelinefashion.pl\/sk\/body-koronkowe-na-ramiaczkach-corsage-blekitne\/","title":{"rendered":"Korzov\u00e9 modr\u00e9 \u010dipkovan\u00e9 body s ramienkami"},"content":{"rendered":"<h3 style=\"text-align: center;\">Korzov\u00e9 modr\u00e9 \u010dipkovan\u00e9 body s ramienkami<\/h3>\n<p style=\"text-align: center;\"><strong>\u010cipkovan\u00e9 telo s ramienkami<\/strong> \u017div\u00f4tik <strong>v modrej farbe<\/strong> - fenomen\u00e1lny, <strong>prelamovan\u00fd medved\u00edk<\/strong> vyroben\u00e9 z jemnej \u010dipky je ide\u00e1lnym n\u00e1vrhom pre <strong>odv\u00e1\u017ene \u017eeny<\/strong>. Skvele sa bude hodi\u0165 k saku resp <a href=\"https:\/\/madelinefashion.pl\/sk\/product-tag\/ramoneski\/\">Ramones<\/a>. Body je vypasovan\u00e9, v\u010faka \u010domu kr\u00e1sne zv\u00fdrazn\u00ed postavu. Tento \u0161t\u00fdl je <strong>najhor\u00facej\u0161\u00ed trend<\/strong> tento rok !! \u010cipkovan\u00e9 body s tenk\u00fdmi ramienkami z jemnej \u010dipky, ktor\u00e1 dod\u00e1va <strong>k\u00fazlo a trieda<\/strong>. V\u00fdstrih do V je neskuto\u010dne \u017eensk\u00fd a dokonale odha\u013euje poprsie. V\u010faka strihu dokonale zv\u00fdrazn\u00ed \u017eensk\u00e9 tvary. <strong>Absol\u00fatny hit tejto sez\u00f3ny<\/strong>. Vrelo odpor\u00fa\u010dame!!! Univerz\u00e1lna ve\u013ekos\u0165, odpor\u00fa\u010dan\u00e1 od XS po L<\/p>\n<h3 style=\"text-align: center;\">Rozmery:<\/h3>\n<p style=\"text-align: center;\">Celkov\u00e1 d\u013a\u017eka - 74 cm<br \/>\n\u0160\u00edrka od pazuchy po pazuchu - 36-43 cm<br \/>\n\u0160\u00edrka p\u00e1sa -33-40 cm<\/p>\n<p style=\"text-align: center;\">Rozmery sa m\u00f4\u017eu mierne l\u00ed\u0161i\u0165 od uveden\u00fdch +\/- 2cm. V\u0161etky uveden\u00e9 rozmery s\u00fa meran\u00e9 plo\u0161ne. <strong>rozmer x2<\/strong><\/p>\n<h3 style=\"text-align: center;\">Charakteristika:<\/h3>\n<p style=\"text-align: center;\">-body<br \/>\n\u2013 \u010dipka<br \/>\n- Origin\u00e1l<br \/>\n-\u017dena<br \/>\n- m\u00f3dny \u0161t\u00fdl<br \/>\n- sp\u00e1rovan\u00e9<br \/>\n-sexi<\/p>\n<table class=\"table\" width=\"618\">\n<tbody>\n<tr>\n<td width=\"302\">Meno modela<\/td>\n<td width=\"302\">Korzov\u00e9 \u010dipkovan\u00e9 body s ramienkami<\/td>\n<\/tr>\n<tr>\n<td width=\"302\">Farba<\/td>\n<td width=\"302\">Modr\u00e1<\/td>\n<\/tr>\n<tr>\n<td width=\"302\">ve\u013ekosti<\/td>\n<td width=\"302\">Univerz\u00e1lny<\/td>\n<\/tr>\n<tr>\n<td width=\"302\">Zlo\u017eenie<\/td>\n<td width=\"302\">Polyester 100%<\/td>\n<\/tr>\n<\/tbody>\n<\/table>\n<div class=\"tabs tabs-bb clear mb-80\">\n<div class=\"tab-content\">\n<div id=\"tab-description\" class=\"tab-pane fade in woocommerce-Tabs-panel--description active\">\n<p style=\"text-align: center;\">Model m\u00e1\u00a0<strong>165<\/strong>\u00a0cm vysok\u00fd, nos\u00ed ho ka\u017ed\u00fd de\u0148\u00a0<strong>ve\u013ekos\u0165 S<\/strong><\/p>\n<\/div>\n<\/div>\n<\/div>","protected":false},"excerpt":{"rendered":"<p>Body Koronkowe na Rami\u0105czkach Corsage B\u0142\u0119kitne Body Koronkowe na Rami\u0105czkach Corsage w kolorze b\u0142\u0119kitnym &#8211;\u00a0 zjawiskowe, a\u017curowe body wykonane z delikatnej koronki to idealna propozycja dla odwa\u017cnych kobiet. Doskonale b\u0119dzie pasowa\u0107 z marynark\u0105 lub ramonesk\u0105. Body jest dopasowane, dzi\u0119ki czemu pi\u0119knie podkre\u015bli figur\u0119. Ten fason to najgor\u0119tszy trend tego roku !!\u00a0 Body koronkowe na \u00a0cienkich<\/p>\n<div class=\"klb-readmore post-buttons\"><a class=\"button black outline size-sm\" href=\"https:\/\/madelinefashion.pl\/sk\/body-koronkowe-na-ramiaczkach-corsage-blekitne\/\">\u010c\u00edta\u0165 \u010falej <i class=\"klbth-icon-right-arrow\"><\/i><\/a><\/div>","protected":false},"featured_media":12186,"template":"","meta":[],"product_brand":[],"product_cat":[84,395],"product_tag":[],"class_list":{"0":"post-12193","1":"product","2":"type-product","3":"status-publish","4":"has-post-thumbnail","6":"product_cat-body","7":"product_cat-nowosci","9":"first","10":"instock","11":"purchasable","12":"product-type-simple"},"_links":{"self":[{"href":"https:\/\/madelinefashion.pl\/sk\/wp-json\/wp\/v2\/product\/12193","targetHints":{"allow":["GET"]}}],"collection":[{"href":"https:\/\/madelinefashion.pl\/sk\/wp-json\/wp\/v2\/product"}],"about":[{"href":"https:\/\/madelinefashion.pl\/sk\/wp-json\/wp\/v2\/types\/product"}],"wp:featuredmedia":[{"embeddable":true,"href":"https:\/\/madelinefashion.pl\/sk\/wp-json\/wp\/v2\/media\/12186"}],"wp:attachment":[{"href":"https:\/\/madelinefashion.pl\/sk\/wp-json\/wp\/v2\/media?parent=12193"}],"wp:term":[{"taxonomy":"product_brand","embeddable":true,"href":"https:\/\/madelinefashion.pl\/sk\/wp-json\/wp\/v2\/product_brand?post=12193"},{"taxonomy":"product_cat","embeddable":true,"href":"https:\/\/madelinefashion.pl\/sk\/wp-json\/wp\/v2\/product_cat?post=12193"},{"taxonomy":"product_tag","embeddable":true,"href":"https:\/\/madelinefashion.pl\/sk\/wp-json\/wp\/v2\/product_tag?post=12193"}],"curies":[{"name":"pracovn\u00fd list","href":"https:\/\/api.w.org\/{rel}","templated":true}]}}