{"id":12800,"date":"2021-05-27T16:28:19","date_gmt":"2021-05-27T14:28:19","guid":{"rendered":"https:\/\/madelinefashion.pl\/?post_type=product&#038;p=12800"},"modified":"2026-01-20T10:34:23","modified_gmt":"2026-01-20T09:34:23","slug":"sukienka-tunika-mc-go-pudrowy-roz","status":"publish","type":"product","link":"https:\/\/madelinefashion.pl\/sk\/sukienka-tunika-mc-go-pudrowy-roz\/","title":{"rendered":"Tunikov\u00e9 \u0161aty MC GO Powder Pink"},"content":{"rendered":"<h3 style=\"text-align: center;\">Tunikov\u00e9 \u0161aty MC GO Powder Pink<\/h3>\n<p style=\"text-align: center;\"><strong>Bl\u00fazka vo\u013en\u00e9ho strihu s n\u00e1pisom vpredu.<\/strong> Tunika je m\u00f3dna<strong> v\u00fdrez na bokoch <\/strong>a<strong> dlh\u0161ie ty, <\/strong>ktor\u00fd vysiela<strong> charakter.\u00a0<\/strong><br \/>\nPohodln\u00fd, vo\u013en\u00fd strih sa v nej budete c\u00edti\u0165 pohodlne. \u013dahko ju skombinujete so \u0161portovou obuvou alebo elegantn\u00fdmi lodi\u010dkami a sand\u00e1lmi. Na prednej strane m\u00e1 n\u00e1pis GO, zadn\u00e1 strana je hladk\u00e1. <strong>Dlh\u0161ia bl\u00fazka <\/strong>s klasick\u00fdm jednoduch\u00fdm strihom<strong> ktor\u00e9 m\u00f4\u017eete nosi\u0165 ako tuniku. <\/strong>\u00a0\u0160aty s\u00fa vyroben\u00e9 z kvalitn\u00e9ho materi\u00e1lu, ve\u013emi pr\u00edjemn\u00e9ho na dotyk. Tunika pomerne vo\u013en\u00e9ho oversize strihu. M\u00e1 kr\u00e1tky ruk\u00e1v. Skontroluje sa <strong>jarn\u00e9 a letn\u00e9 tepl\u00e9 dni<\/strong>. Vytvor\u00edte s n\u00edm mnoho m\u00f3dnych, ka\u017edodenn\u00fdch \u0161tyliz\u00e1ci\u00ed! Univerz\u00e1lna ve\u013ekos\u0165 odpor\u00fa\u010dan\u00e1 od S do XXL.<\/p>\n<p style=\"text-align: center;\"><span style=\"font-size: 10pt;\">\u00a0<\/span><\/p>\n<h3 style=\"text-align: center;\">Rozmery<\/h3>\n<ul style=\"text-align: center;\">\n<li><span style=\"font-size: 10pt;\">\u00a0\u00a0\u00a0\u00a0\u00a0\u00a0\u00a0 celkov\u00e1 predn\u00e1 d\u013a\u017eka: 88 cm\u00a0<\/span><\/li>\n<li>celkov\u00e1 d\u013a\u017eka chrbta: 98 cm<\/li>\n<li><span style=\"font-size: 10pt;\">\u00a0\u00a0\u00a0\u00a0\u00a0\u00a0\u00a0 \u0161\u00edrka od pazuchy po pazuchu: 49 cm -60 cm<\/span><\/li>\n<li><span style=\"font-size: 10pt;\">\u00a0\u00a0\u00a0\u00a0\u00a0\u00a0\u00a0 <\/span><\/li>\n<li><span style=\"font-size: 10pt;\">\u00a0 \u00a0 \u00a0\u00a0<\/span><\/li>\n<\/ul>\n<h3 style=\"text-align: center;\"><span style=\"font-size: 10pt;\">\u00a0Rozmery sa m\u00f4\u017eu mierne l\u00ed\u0161i\u0165 od uveden\u00fdch +\/- 2cm. V\u0161etky uveden\u00e9 rozmery s\u00fa meran\u00e9 plo\u0161ne. <strong>Rozmer X2<\/strong><\/span><\/h3>\n<h3 style=\"text-align: center;\">Charakteristika:<\/h3>\n<p style=\"text-align: center;\"><span style=\"font-size: 10pt;\"><br \/>\n-vo\u013en\u00fd strih<br \/>\n- potla\u010d na prednej strane<br \/>\n- rozparky na bokoch<br \/>\n-m\u00f3dne<br \/>\n- nadrozmern\u00e9<\/span><\/p>\n<p>&nbsp;<\/p>\n<table>\n<tbody>\n<tr>\n<td width=\"302\">Meno modela<\/td>\n<td width=\"302\">Tunikov\u00e9 \u0161aty MC GO<\/td>\n<\/tr>\n<tr>\n<td width=\"302\">Farba<\/td>\n<td width=\"302\">P\u00fadrov\u00e1 ru\u017eov\u00e1<\/td>\n<\/tr>\n<tr>\n<td width=\"302\">ve\u013ekosti<\/td>\n<td width=\"302\">Univerz\u00e1lny<\/td>\n<\/tr>\n<tr>\n<td width=\"302\">M\u00f3da<\/td>\n<td width=\"302\">nadrozmern\u00e9<\/td>\n<\/tr>\n<tr>\n<td width=\"302\">D\u013a\u017eka<\/td>\n<td width=\"302\">Pred kolenom<\/td>\n<\/tr>\n<tr>\n<td width=\"302\">Materi\u00e1l<\/td>\n<td width=\"302\">95 % Bavlna 5% Elastan<\/td>\n<\/tr>\n<\/tbody>\n<\/table>\n<div class=\"tabs tabs-bb clear mb-80\">\n<div class=\"tab-content\">\n<div id=\"tab-description\" class=\"tab-pane fade in woocommerce-Tabs-panel--description active\">\n<p style=\"text-align: center;\">Model m\u00e1\u00a0<strong>169<\/strong>\u00a0cm vysok\u00fd, nos\u00ed ve\u013ekos\u0165 ka\u017ed\u00fd de\u0148\u00a0<strong>S<\/strong><\/p>\n<p style=\"text-align: center;\">\u0160\u00edrka cez prsia 92 cm<\/p>\n<p style=\"text-align: center;\">\u0160\u00edrka v p\u00e1se 62 cm<\/p>\n<p style=\"text-align: center;\">\u0160\u00edrka v bokoch 94 cm<\/p>\n<\/div>\n<\/div>\n<\/div>","protected":false},"excerpt":{"rendered":"<p>Sukienka Tunika MC GO Pudrowy R\u00f3\u017c Bluzka o lu\u017anym kroju z napisem na przodzie. Tunika posiada modne wyci\u0119cie po bokach oraz d\u0142u\u017cszy ty, kt\u00f3ry nadaje charakteru.\u00a0 Wygodny, lu\u017any fason sprawi \u017ce b\u0119dziesz czu\u0142a si\u0119 w niej komfortowo. Z \u0142atwo\u015bci\u0105 zestawisz j\u0105 ze sportowym obuwiem czy eleganckimi szpilkami, sanda\u0142kami. Na przodzie posiada\u00a0 napis GO, ty\u0142 g\u0142adki.<\/p>\n<div class=\"klb-readmore post-buttons\"><a class=\"button black outline size-sm\" href=\"https:\/\/madelinefashion.pl\/sk\/sukienka-tunika-mc-go-pudrowy-roz\/\">\u010c\u00edta\u0165 \u010falej <i class=\"klbth-icon-right-arrow\"><\/i><\/a><\/div>","protected":false},"featured_media":49273,"template":"","meta":[],"product_brand":[],"product_cat":[395,77,125],"product_tag":[],"class_list":{"0":"post-12800","1":"product","2":"type-product","3":"status-publish","4":"has-post-thumbnail","6":"product_cat-nowosci","7":"product_cat-bluzki","8":"product_cat-sukienki","10":"first","11":"instock","12":"sale","13":"purchasable","14":"product-type-simple"},"_links":{"self":[{"href":"https:\/\/madelinefashion.pl\/sk\/wp-json\/wp\/v2\/product\/12800","targetHints":{"allow":["GET"]}}],"collection":[{"href":"https:\/\/madelinefashion.pl\/sk\/wp-json\/wp\/v2\/product"}],"about":[{"href":"https:\/\/madelinefashion.pl\/sk\/wp-json\/wp\/v2\/types\/product"}],"wp:featuredmedia":[{"embeddable":true,"href":"https:\/\/madelinefashion.pl\/sk\/wp-json\/wp\/v2\/media\/49273"}],"wp:attachment":[{"href":"https:\/\/madelinefashion.pl\/sk\/wp-json\/wp\/v2\/media?parent=12800"}],"wp:term":[{"taxonomy":"product_brand","embeddable":true,"href":"https:\/\/madelinefashion.pl\/sk\/wp-json\/wp\/v2\/product_brand?post=12800"},{"taxonomy":"product_cat","embeddable":true,"href":"https:\/\/madelinefashion.pl\/sk\/wp-json\/wp\/v2\/product_cat?post=12800"},{"taxonomy":"product_tag","embeddable":true,"href":"https:\/\/madelinefashion.pl\/sk\/wp-json\/wp\/v2\/product_tag?post=12800"}],"curies":[{"name":"pracovn\u00fd list","href":"https:\/\/api.w.org\/{rel}","templated":true}]}}