{"id":12952,"date":"2021-06-01T14:09:31","date_gmt":"2021-06-01T12:09:31","guid":{"rendered":"https:\/\/madelinefashion.pl\/?post_type=product&#038;p=12952"},"modified":"2025-09-09T10:34:06","modified_gmt":"2025-09-09T08:34:06","slug":"sukienka-mini-kopertowa-pamela-blekitna","status":"publish","type":"product","link":"https:\/\/madelinefashion.pl\/sk\/sukienka-mini-kopertowa-pamela-blekitna\/","title":{"rendered":"Sukienka Mini Kopertowa Pamela B\u0142\u0119kitna"},"content":{"rendered":"<h3 style=\"text-align: center;\">Sukienka Mini Kopertowa Pamela B\u0142\u0119kitna<\/h3>\n<p style=\"text-align: center;\">Sukienka Mini Kopertowa w kolorze b\u0142\u0119kitnym\u00a0 wykonana z przyjemnego w dotyku materia\u0142u. Zmys\u0142owy i subtelny kr\u00f3j sprawdzi si\u0119 w szafie ka\u017cdej kobiety, kt\u00f3ra lubi <strong>vy\u010dnieva\u0165 z davu. \u0160aty s kr\u00e1tkym ruk\u00e1vom\u00a0<\/strong>so s\u0165ahovacou \u0161n\u00farkou v p\u00e1se, ktor\u00e1 dokonale zv\u00fdraz\u0148uje \u017eensk\u00e9 tvary \u2013 perfektne sedia postave. \u0160aty maj\u00fa kr\u00e1tke ruk\u00e1vy zakon\u010den\u00e9 ozdobnou <strong>vol\u00e1nik a v\u00fdstrih<\/strong> <strong>ob\u00e1lka<\/strong>ktor\u00fd v<strong>odha\u013euje poprsie<\/strong> \u2013 cel\u00e9 to dod\u00e1va \u013eahk\u00fd a diev\u010densk\u00fd vzh\u013ead. Ide\u00e1lne na ka\u017edodenn\u00e9 nosenie aj na p\u00e1rty. Perfektne sa prisp\u00f4sob\u00ed postave. Ide\u00e1lne do \u0161koly, do pr\u00e1ce, na rande alebo na stretnutie s priate\u013emi! <strong>Ide\u00e1lne pre ka\u017ed\u00fa pr\u00edle\u017eitos\u0165 a \u010das! Neuverite\u013ene \u017eensk\u00e9, elegantn\u00e9 \u0161aty v univerz\u00e1lnej ve\u013ekosti odpor\u00fa\u010dan\u00e9 od XS po L.<\/strong> Dostupn\u00e9 vo viacer\u00fdch farb\u00e1ch. Odpor\u00fa\u010dame kombinova\u0165 s na\u0161imi \u010diernymi <a href=\"https:\/\/madelinefashion.pl\/sk\/product-tag\/ramoneski\/\">Ramones.<\/a>Bude dobre fungova\u0165 na dovolenk\u00e1ch, rande, neform\u00e1lnych stretnutiach s priate\u013emi, ako aj na svadb\u00e1ch, rodinn\u00fdch okolnostiach<\/p>\n<h3 style=\"text-align: center;\">Rozmery:<span style=\"font-size: 10pt;\">\u00a0 \u00a0<\/span><\/h3>\n<ul style=\"text-align: center;\">\n<li style=\"text-align: center;\"><span style=\"font-size: 10pt;\">celkov\u00e1 predn\u00e1 d\u013a\u017eka: 94 cm<br \/>\n<\/span><\/li>\n<li>\u0161\u00edrka ramien: 29 cm<\/li>\n<li style=\"text-align: center;\"><span style=\"font-size: 10pt;\">\u00a0\u00a0\u00a0\u00a0\u00a0\u00a0\u00a0 \u0161\u00edrka od pazuchy po pazuchu: 34-44 cm<\/span><span style=\"font-size: 10pt;\"><br \/>\n<\/span><\/li>\n<li style=\"text-align: center;\"><span style=\"font-size: 10pt;\">\u00a0\u00a0\u00a0\u00a0\u00a0\u00a0\u00a0 \u0161\u00edrka v p\u00e1se: 36 cm<\/span><\/li>\n<\/ul>\n<p>\u00a0<\/p>\n<p style=\"text-align: center;\"><span style=\"font-size: 10pt;\">Rozmery sa m\u00f4\u017eu mierne l\u00ed\u0161i\u0165 od uveden\u00fdch +\/- 2cm. V\u0161etko dan\u00e9 <strong>rozmery s\u00fa meran\u00e9 plo\u0161ne. rozmer x2<\/strong><\/span><\/p>\n<p>\u00a0<\/p>\n<h3 style=\"text-align: center;\">Charakteristika:<\/h3>\n<p style=\"text-align: center;\"><span style=\"font-size: 10pt;\">\u2013 s\u0165ahovacia \u0161n\u00farka v p\u00e1se;<br \/>\n\u2013 kr\u00e1tke ruk\u00e1vy;<br \/>\n\u2013 roz\u0161\u00edren\u00e9 \u0161aty;<br \/>\n\u2013 midi d\u013a\u017eka;<br \/>\n\u2013 hlbok\u00fd v\u00fdstrih;<br \/>\n\u2013 vol\u00e1niky na ruk\u00e1ve<br \/>\n<\/span><\/p>\n<table width=\"621\">\n<tbody>\n<tr>\n<td width=\"302\">Meno modela<\/td>\n<td width=\"302\">Mini\u0161aty Pamela Wrap<\/td>\n<\/tr>\n<tr>\n<td width=\"302\">Farba<\/td>\n<td width=\"302\">Modr\u00e1<\/td>\n<\/tr>\n<tr>\n<td width=\"302\">M\u00f3da<\/td>\n<td width=\"302\">nadrozmern\u00e9<\/td>\n<\/tr>\n<tr>\n<td width=\"302\">Materi\u00e1l<\/td>\n<td width=\"302\">60 % Polyester 35% Visk\u00f3za 5% Elastan<\/td>\n<\/tr>\n<tr>\n<td width=\"302\">D\u013a\u017eka<\/td>\n<td width=\"302\">Pred kolenom<\/td>\n<\/tr>\n<\/tbody>\n<\/table>\n<p>\u00a0<\/p>\n<p style=\"text-align: center;\">\u00a0Model m\u00e1 <strong>165<\/strong> cm vysok\u00fd, nos\u00ed ve\u013ekos\u0165 ka\u017ed\u00fd de\u0148\u00a0<strong>S<\/strong><span style=\"font-size: 10pt;\">\u00a0<\/span><\/p>","protected":false},"excerpt":{"rendered":"<p>Sukienka Mini Kopertowa Pamela B\u0142\u0119kitna Sukienka Mini Kopertowa w kolorze b\u0142\u0119kitnym\u00a0 wykonana z przyjemnego w dotyku materia\u0142u. Zmys\u0142owy i subtelny kr\u00f3j sprawdzi si\u0119 w szafie ka\u017cdej kobiety, kt\u00f3ra lubi wyr\u00f3\u017cni\u0107 si\u0119 z t\u0142umu. Sukienka na kr\u00f3tki r\u0119kaw\u00a0ze \u015bci\u0105gaczem w pasie dzi\u0119ki czemu perfekcyjnie podkre\u015bla kobiece kszta\u0142ty \u2013 idealnie dopasowuje si\u0119 do sylwetki. Sukienka z kr\u00f3tkim<\/p>\n<div class=\"klb-readmore post-buttons\"><a class=\"button black outline size-sm\" href=\"https:\/\/madelinefashion.pl\/sk\/sukienka-mini-kopertowa-pamela-blekitna\/\">\u010c\u00edta\u0165 \u010falej <i class=\"klbth-icon-right-arrow\"><\/i><\/a><\/div>","protected":false},"featured_media":0,"template":"","meta":[],"product_brand":[],"product_cat":[125,395],"product_tag":[],"class_list":{"0":"post-12952","1":"product","2":"type-product","3":"status-publish","5":"product_cat-sukienki","6":"product_cat-nowosci","8":"first","9":"outofstock","10":"purchasable","11":"product-type-simple"},"_links":{"self":[{"href":"https:\/\/madelinefashion.pl\/sk\/wp-json\/wp\/v2\/product\/12952","targetHints":{"allow":["GET"]}}],"collection":[{"href":"https:\/\/madelinefashion.pl\/sk\/wp-json\/wp\/v2\/product"}],"about":[{"href":"https:\/\/madelinefashion.pl\/sk\/wp-json\/wp\/v2\/types\/product"}],"wp:attachment":[{"href":"https:\/\/madelinefashion.pl\/sk\/wp-json\/wp\/v2\/media?parent=12952"}],"wp:term":[{"taxonomy":"product_brand","embeddable":true,"href":"https:\/\/madelinefashion.pl\/sk\/wp-json\/wp\/v2\/product_brand?post=12952"},{"taxonomy":"product_cat","embeddable":true,"href":"https:\/\/madelinefashion.pl\/sk\/wp-json\/wp\/v2\/product_cat?post=12952"},{"taxonomy":"product_tag","embeddable":true,"href":"https:\/\/madelinefashion.pl\/sk\/wp-json\/wp\/v2\/product_tag?post=12952"}],"curies":[{"name":"pracovn\u00fd list","href":"https:\/\/api.w.org\/{rel}","templated":true}]}}