{"id":13103,"date":"2021-06-08T20:27:51","date_gmt":"2021-06-08T18:27:51","guid":{"rendered":"https:\/\/madelinefashion.pl\/?post_type=product&#038;p=13103"},"modified":"2025-09-09T10:34:05","modified_gmt":"2025-09-09T08:34:05","slug":"sukienka-koronkowa-na-ramiaczkach-pudrowy-roz-leowia","status":"publish","type":"product","link":"https:\/\/madelinefashion.pl\/sk\/sukienka-koronkowa-na-ramiaczkach-pudrowy-roz-leowia\/","title":{"rendered":"\u010cipkovan\u00e9 \u0161aty na ramienka P\u00fadrov\u00e1 ru\u017eov\u00e1 Leowia"},"content":{"rendered":"<h3 style=\"text-align: center;\">\u010cipkovan\u00e9 \u0161aty na ramienka P\u00fadrov\u00e1 ru\u017eov\u00e1 Leowia<\/h3>\n<p style=\"text-align: center;\"><span style=\"font-size: 10pt;\">H\u013ead\u00e1te pohodln\u00e9 a\u00a0<strong>\u0161t\u00fdlov\u00e9 \u0161aty<\/strong>\u017ee budete vy\u010dnieva\u0165 z davu? \u010cipkovan\u00e9 \u0161aty s ramienkami z kvalitn\u00e9ho materi\u00e1lu. \u010cipkovan\u00e9 \u0161aty v midi d\u013a\u017eke s\u00fa ide\u00e1lnym n\u00e1vrhom na ka\u017ed\u00fd de\u0148, <strong>krstu, sv\u00e4t\u00e9ho prij\u00edmania, svadby a in\u00fdch rodinn\u00fdch osl\u00e1v. Pod\u0161it\u00e9 \u0161aty - <\/strong>\u00a0Kr\u00e1sne, \u0161t\u00fdlov\u00e9, ve\u013emi \u017eensk\u00e9 \u0161aty posl\u00fa\u017eia ako z\u00e1klad mnoh\u00fdch \u0161tyliz\u00e1ci\u00ed. \u0160aty s ob\u00e1lkov\u00fdm v\u00fdstrihom jemne odhalia poprsie. <strong>Dostupn\u00e9 v mnoh\u00fdch farebn\u00fdch variantoch<\/strong>. <strong>Odpor\u00fa\u010dame pre d\u00e1my vo ve\u013ekosti XS SML<\/strong> <strong>\u00a0<\/strong>Ak nos\u00edte v\u00e4\u010d\u0161iu ve\u013ekos\u0165, pozorne si skontrolujte miery.\u00a0<\/span><\/p>\n<h3 style=\"text-align: center;\">\u00a0 \u00a0 \u00a0Rozmery<\/h3>\n<ul>\n<li style=\"text-align: center;\">Celkov\u00e1 predn\u00e1 d\u013a\u017eka - 100 cm<\/li>\n<li style=\"text-align: center;\">Celkov\u00e1 d\u013a\u017eka po pod\u0161\u00edvku - 90 cm<\/li>\n<li style=\"text-align: center;\">\u0160\u00edrka od pazuchy po pazuchu - 28-47 cm <strong>x2<\/strong><\/li>\n<li style=\"text-align: center;\">\u0160\u00edrka p\u00e1sa -28-47 cm <strong>x2<\/strong><\/li>\n<li style=\"text-align: center;\"><\/li>\n<\/ul>\n<p style=\"text-align: center;\">Rozmery sa m\u00f4\u017eu mierne l\u00ed\u0161i\u0165 od uveden\u00fdch +\/- 2cm. V\u0161etky uveden\u00e9 rozmery s\u00fa meran\u00e9 plo\u0161ne. <strong>rozmer x2<\/strong><\/p>\n<h3 style=\"text-align: center;\">Charakteristika:<\/h3>\n<p align=\"center\">- univerz\u00e1lny<br \/>\n- vyroben\u00e9 z vysoko kvalitn\u00e9ho materi\u00e1lu<br \/>\n-m\u00f3dne<br \/>\n-\u017dena<br \/>\n-\u010dipka<br \/>\n- na ramenn\u00fdch popruhoch<br \/>\n- \u0160t\u00fdl s v\u00fdstrihom do V<\/p>\n<table>\n<tbody>\n<tr>\n<td width=\"302\">Meno modela<\/td>\n<td width=\"302\">\u010cipkovan\u00e9 \u0161aty na ramienka Leowia<\/td>\n<\/tr>\n<tr>\n<td width=\"302\">Farba<\/td>\n<td width=\"302\">P\u00fadrov\u00e1 ru\u017eov\u00e1<\/td>\n<\/tr>\n<tr>\n<td width=\"302\">ve\u013ekosti<\/td>\n<td width=\"302\">Univerz\u00e1lny<\/td>\n<\/tr>\n<tr>\n<td width=\"302\">M\u00f3da<\/td>\n<td width=\"302\">nadrozmern\u00e9<\/td>\n<\/tr>\n<tr>\n<td width=\"302\">Materi\u00e1l<\/td>\n<td width=\"302\">50 % Polyester 45% Visk\u00f3za 5% Elastan<\/td>\n<\/tr>\n<\/tbody>\n<\/table>\n<p style=\"text-align: center;\">Model m\u00e1\u00a0<strong>169<\/strong>\u00a0cm vysok\u00fd, nos\u00ed ve\u013ekos\u0165 ka\u017ed\u00fd de\u0148\u00a0<strong>S<\/strong><\/p>\n<p style=\"text-align: center;\">\u0160\u00edrka cez prsia 92 cm<\/p>\n<p style=\"text-align: center;\">\u0160\u00edrka v p\u00e1se 62 cm<\/p>\n<p style=\"text-align: center;\">\u0160\u00edrka v bokoch 94 cm<\/p>\n<p style=\"text-align: center;\">","protected":false},"excerpt":{"rendered":"<p>Sukienka Koronkowa Na Rami\u0105czkach Pudrowy R\u00f3\u017c Leowia Szukasz wygodnej i\u00a0stylowej Sukienki, w kt\u00f3rej wyr\u00f3\u017cnisz si\u0119 z t\u0142umu? Sukienka koronkowa na rami\u0105czkach wykonana z wysokiej jako\u015bci materia\u0142u. Sukienka o d\u0142ugo\u015bci midi\u00a0 koronkowa to idealna propozycja na co dzie\u0144, chrzest, komuni\u0119, wesele i inne rodzinne uroczysto\u015bci. Sukienka z podszewk\u0105 &#8211; \u00a0Pi\u0119kna, szykowna bardzo kobieca sukienka sprawdzi si\u0119<\/p>\n<div class=\"klb-readmore post-buttons\"><a class=\"button black outline size-sm\" href=\"https:\/\/madelinefashion.pl\/sk\/sukienka-koronkowa-na-ramiaczkach-pudrowy-roz-leowia\/\">\u010c\u00edta\u0165 \u010falej <i class=\"klbth-icon-right-arrow\"><\/i><\/a><\/div>","protected":false},"featured_media":48544,"template":"","meta":[],"product_brand":[],"product_cat":[125,395],"product_tag":[215],"class_list":{"0":"post-13103","1":"product","2":"type-product","3":"status-publish","4":"has-post-thumbnail","6":"product_cat-sukienki","7":"product_cat-nowosci","8":"product_tag-sukienki-rozowe","10":"first","11":"instock","12":"purchasable","13":"product-type-simple"},"_links":{"self":[{"href":"https:\/\/madelinefashion.pl\/sk\/wp-json\/wp\/v2\/product\/13103","targetHints":{"allow":["GET"]}}],"collection":[{"href":"https:\/\/madelinefashion.pl\/sk\/wp-json\/wp\/v2\/product"}],"about":[{"href":"https:\/\/madelinefashion.pl\/sk\/wp-json\/wp\/v2\/types\/product"}],"wp:featuredmedia":[{"embeddable":true,"href":"https:\/\/madelinefashion.pl\/sk\/wp-json\/wp\/v2\/media\/48544"}],"wp:attachment":[{"href":"https:\/\/madelinefashion.pl\/sk\/wp-json\/wp\/v2\/media?parent=13103"}],"wp:term":[{"taxonomy":"product_brand","embeddable":true,"href":"https:\/\/madelinefashion.pl\/sk\/wp-json\/wp\/v2\/product_brand?post=13103"},{"taxonomy":"product_cat","embeddable":true,"href":"https:\/\/madelinefashion.pl\/sk\/wp-json\/wp\/v2\/product_cat?post=13103"},{"taxonomy":"product_tag","embeddable":true,"href":"https:\/\/madelinefashion.pl\/sk\/wp-json\/wp\/v2\/product_tag?post=13103"}],"curies":[{"name":"pracovn\u00fd list","href":"https:\/\/api.w.org\/{rel}","templated":true}]}}