{"id":13178,"date":"2021-06-08T22:26:10","date_gmt":"2021-06-08T20:26:10","guid":{"rendered":"https:\/\/madelinefashion.pl\/?post_type=product&#038;p=13178"},"modified":"2026-03-26T12:40:34","modified_gmt":"2026-03-26T11:40:34","slug":"sukienka-asymetryczna-lezka-esperanca-wrzosowa","status":"publish","type":"product","link":"https:\/\/madelinefashion.pl\/sk\/sukienka-asymetryczna-lezka-esperanca-wrzosowa\/","title":{"rendered":"Asymetrick\u00e9 \u0161aty v tvare slzy Esperanca Heather"},"content":{"rendered":"<h3 style=\"text-align: center;\">Asymetrick\u00e9 \u0161aty v tvare slzy Esperanca Heather<\/h3>\n<p style=\"text-align: center;\"><span style=\"font-size: 10pt;\">Kr\u00e1sne dlh\u00e9 \u0161aty<b> Asymetrick\u00e9<\/b> uviazan\u00e9 v p\u00e1se. Kr\u00e1sne odha\u013euje \u017eensk\u00e9 tvary - roz\u0161\u00edren\u00fd spodok \u0161iat. Z\u00fa\u017een\u00e9 vo v\u00fd\u0161ke p\u00e1sa <strong>dokonale zv\u00fdraz\u0148uje p\u00e1s<\/strong>.\u00a0 <\/span>Asymetrick\u00e9 \u0161aty, vo v\u00fdstrihu maj\u00fa vzor slzy.Zap\u00ednanie na zips. Styling navrhnut\u00fd pre \u017eeny, ktor\u00e9 si cenia <strong>sexy a jedine\u010dn\u00fd vzh\u013ead<\/strong>. \u0160aty s krat\u0161ou asymetrickou stranou s vysok\u00fdm rozparkom - v spodnej \u010dasti \u0161iat je spodni\u010dka, ktor\u00e1 tie\u017e dod\u00e1va originalitu. <span style=\"font-size: 10pt;\"><strong>\u0160aty s\u00fa \u00fa\u017easne \u0161irok\u00e9 a vyzeraj\u00fa \u00fa\u017easne pri tanci a ch\u00f4dzi.<\/strong> Je to model, ved\u013ea ktor\u00e9ho nem\u00f4\u017eete \u013eahostajne prejs\u0165.<strong> Maxi \u0161aty a\u017e po zem. Vyroben\u00e9 a \u0161it\u00e9 v Po\u013esku - <\/strong>vyroben\u00e9 z najkvalitnej\u0161\u00edch materi\u00e1lov. Ide\u00e1lne na ka\u017ed\u00fa pr\u00edle\u017eitos\u0165. <strong>Musie\u0165 ma\u0165<\/strong> ka\u017ed\u00e1 elegantn\u00e1 \u017eena!\u00a0 <\/span><span style=\"font-size: 10pt;\">Zozn\u00e1mte sa s na\u0161ou ponukou <strong><a href=\"https:\/\/madelinefashion.pl\/sk\/sukienki-i-kombinezony\/sukienki-okolicznosciowe\/\">ve\u010dern\u00e9 \u0161aty<\/a>\u00a0a vyberte si model, <\/strong>v ktorom budete <strong>vyzera\u0165 ako hviezda a vy\u010dnieva\u0165 z davu.\u00a0 <\/strong>Najnov\u0161ie n\u00e1vrhy tejto sez\u00f3ny! <\/span><span style=\"font-size: 10pt;\">Dostupn\u00e9 v na\u0161om e-shope v <strong>nieko\u013eko farebn\u00fdch variantov<\/strong>tak nev\u00e1hajte a vyberte si ten, ktor\u00fd je pre v\u00e1s ide\u00e1lny. Ak sa neviete rozhodn\u00fa\u0165 ak\u00fa farbu, <strong>ve\u013ekos\u0165<\/strong> je pre v\u00e1s to najlep\u0161ie <strong>kontaktuj n\u00e1s<\/strong> cez <a href=\"https:\/\/www.facebook.com\/madelinefashionbutik\" target=\"_blank\" rel=\"noopener\">Facebook<\/a> alebo <a href=\"https:\/\/madelinefashion.pl\/sk\/kontakt\/\">telef\u00f3n<\/a>. Ak ve\u013ekos\u0165 nie je na str\u00e1nke, kontaktujte n\u00e1s.\u00a0<\/span><\/p>\n<p>&nbsp;<\/p>\n<h3 style=\"text-align: center;\">Rozmery:<\/h3>\n<p style=\"text-align: center;\"><strong>34\/xs<\/strong><br \/>\nCelkov\u00e1 d\u013a\u017eka - 145 cm<br \/>\nCelkov\u00e1 d\u013a\u017eka strany - 80 cm<br \/>\n\u0160\u00edrka od pazuchy po pazuchu - 43-46 cm<br \/>\n\u0160\u00edrka v bokoch - 42-44 cm<br \/>\n\u0160\u00edrka p\u00e1sa - 32-34 cm<\/p>\n<p style=\"text-align: center;\"><strong>36\/sek<\/strong><br \/>\nCelkov\u00e1 d\u013a\u017eka - 150 cm<br \/>\nCelkov\u00e1 d\u013a\u017eka strany - 83 cm<br \/>\n\u0160\u00edrka od pazuchy po pazuchu - 45-48 cm<br \/>\n\u0160\u00edrka v bokoch - 47-49 cm<br \/>\n\u0160\u00edrka p\u00e1sa - 34-36 cm<\/p>\n<p style=\"text-align: center;\"><strong>38\/m<\/strong><br \/>\nCelkov\u00e1 d\u013a\u017eka - 150 cm<br \/>\nCelkov\u00e1 d\u013a\u017eka strany - 84 cm<br \/>\n\u0160\u00edrka od podpazu\u0161ia po podpazu\u0161ie - 47-50 cm<br \/>\n\u0160\u00edrka v bokoch - 47-50 cm<br \/>\n\u0160\u00edrka p\u00e1sa - 37-39 cm<\/p>\n<p style=\"text-align: center;\"><strong>40\/l<\/strong><br \/>\nCelkov\u00e1 d\u013a\u017eka - 150 cm<br \/>\nCelkov\u00e1 d\u013a\u017eka strany - 86 cm<br \/>\n\u0160\u00edrka od pazuchy po pazuchu - 49-52 cm<br \/>\n\u0160\u00edrka v bokoch - 50-52 cm<br \/>\n\u0160\u00edrka p\u00e1sa - 39-41 cm<\/p>\n<p style=\"text-align: center;\"><strong>42\/xl<\/strong><br \/>\nCelkov\u00e1 d\u013a\u017eka - 150 cm<br \/>\nCelkov\u00e1 d\u013a\u017eka strany - 89 cm<br \/>\n\u0160\u00edrka od pazuchy po pazuchu - 51-54 cm<br \/>\n\u0160\u00edrka v bokoch - 52-55 cm<br \/>\n\u0160\u00edrka p\u00e1sa - 41-43 cm<\/p>\n<p style=\"text-align: center;\">Rozmery sa m\u00f4\u017eu mierne l\u00ed\u0161i\u0165 od uveden\u00fdch +\/- 2cm. <strong>Uveden\u00fd rozmer Ploch\u00fd x2\u00a0<\/strong><\/p>\n<p style=\"text-align: center;\"><strong>\u00a0<\/strong><\/p>\n<table width=\"591\">\n<tbody>\n<tr>\n<td width=\"302\">Meno modela<\/td>\n<td width=\"302\">Asymetrick\u00e9 \u0161aty typu slza Esperanca<\/td>\n<\/tr>\n<tr>\n<td width=\"302\">Farba<\/td>\n<td width=\"302\">vres<\/td>\n<\/tr>\n<tr>\n<td width=\"302\">Marka<\/td>\n<td width=\"302\">A&amp;A<\/td>\n<\/tr>\n<tr>\n<td width=\"302\">ve\u013ekosti<\/td>\n<td width=\"302\">34 36 38 40 42<\/td>\n<\/tr>\n<tr>\n<td width=\"302\">M\u00f3da<\/td>\n<td width=\"302\">Zhoda<\/td>\n<\/tr>\n<tr>\n<td width=\"302\">Materi\u00e1l<\/td>\n<td width=\"302\">Visk\u00f3za, polyester, bavlna<\/td>\n<\/tr>\n<tr>\n<td width=\"302\">D\u013a\u017eka<\/td>\n<td width=\"302\">Na zem<\/td>\n<\/tr>\n<\/tbody>\n<\/table>\n<p>&nbsp;<\/p>\n<p>&nbsp;<\/p>\n<p style=\"text-align: center;\">Aby ste si vybrali\u00a0<strong>perfektn\u00e9 \u0161aty<\/strong>\u00a0kontaktujte n\u00e1s telefonicky alebo prostredn\u00edctvom na\u0161ej webovej str\u00e1nky <a href=\"https:\/\/www.facebook.com\/madelinefashionbutik\" target=\"_blank\" rel=\"noopener\">Facebook<\/a> .<br \/>\nN\u00e1\u0161 t\u00edm v\u00e1m pom\u00f4\u017ee\u00a0<strong>Vyberte si ten spr\u00e1vny<\/strong>\u00a0.\u00a0<strong>Na \u017eelanie kupuj\u00faceho vyrob\u00edme ak\u00e9ko\u013evek \u0161aty\u00a0<\/strong><strong>opatrne mera\u0165.\u00a0<\/strong><\/p>\n<div class=\"additional-details\">\n<p style=\"text-align: center;\">\n<\/div>","protected":false},"excerpt":{"rendered":"<p>Sukienka Asymetryczna \u0141ezka Esperanca Wrzosowa Pi\u0119kna d\u0142uga suknia Asymetryczna wi\u0105zana w pasie. Pi\u0119knie eksponuje kobiece kszta\u0142ty- d\u00f3\u0142 sukienki rozkloszowany. Zw\u0119\u017cana na wysoko\u015bci pasa wspaniale podkre\u015bla tali\u0119.\u00a0 Sukienka asymetryczna, posiada wz\u00f3r \u0142ezki na dekolcie Zapinana na suwak. Stylizacja przeznaczona dla kobiet ceni\u0105cych seksowny i niepowtarzalny look. Suknia z kr\u00f3tszym asymetrycznym bokiem z wysokim rozci\u0119ciem &#8211; zastosowano<\/p>\n<div class=\"klb-readmore post-buttons\"><a class=\"button black outline size-sm\" href=\"https:\/\/madelinefashion.pl\/sk\/sukienka-asymetryczna-lezka-esperanca-wrzosowa\/\">\u010c\u00edta\u0165 \u010falej <i class=\"klbth-icon-right-arrow\"><\/i><\/a><\/div>","protected":false},"featured_media":13150,"template":"","meta":[],"product_brand":[],"product_cat":[124,395,380],"product_tag":[],"class_list":{"0":"post-13178","1":"product","2":"type-product","3":"status-publish","4":"has-post-thumbnail","6":"product_cat-sukienki-okolicznosciowe","7":"product_cat-nowosci","8":"product_cat-wyprzedaz","10":"first","11":"instock","12":"sale","13":"purchasable","14":"product-type-variable"},"_links":{"self":[{"href":"https:\/\/madelinefashion.pl\/sk\/wp-json\/wp\/v2\/product\/13178","targetHints":{"allow":["GET"]}}],"collection":[{"href":"https:\/\/madelinefashion.pl\/sk\/wp-json\/wp\/v2\/product"}],"about":[{"href":"https:\/\/madelinefashion.pl\/sk\/wp-json\/wp\/v2\/types\/product"}],"wp:featuredmedia":[{"embeddable":true,"href":"https:\/\/madelinefashion.pl\/sk\/wp-json\/wp\/v2\/media\/13150"}],"wp:attachment":[{"href":"https:\/\/madelinefashion.pl\/sk\/wp-json\/wp\/v2\/media?parent=13178"}],"wp:term":[{"taxonomy":"product_brand","embeddable":true,"href":"https:\/\/madelinefashion.pl\/sk\/wp-json\/wp\/v2\/product_brand?post=13178"},{"taxonomy":"product_cat","embeddable":true,"href":"https:\/\/madelinefashion.pl\/sk\/wp-json\/wp\/v2\/product_cat?post=13178"},{"taxonomy":"product_tag","embeddable":true,"href":"https:\/\/madelinefashion.pl\/sk\/wp-json\/wp\/v2\/product_tag?post=13178"}],"curies":[{"name":"pracovn\u00fd list","href":"https:\/\/api.w.org\/{rel}","templated":true}]}}