{"id":13882,"date":"2021-06-15T21:38:52","date_gmt":"2021-06-15T19:38:52","guid":{"rendered":"https:\/\/madelinefashion.pl\/?post_type=product&#038;p=13882"},"modified":"2025-10-01T07:35:00","modified_gmt":"2025-10-01T05:35:00","slug":"krotkie-spodenki-sznurowane-miami-brzoskwiniowe","status":"publish","type":"product","link":"https:\/\/madelinefashion.pl\/sk\/krotkie-spodenki-sznurowane-miami-brzoskwiniowe\/","title":{"rendered":"Miami Lace Up Shorts Peach"},"content":{"rendered":"<h3 style=\"text-align: center;\">Miami Lace Up Shorts Peach<\/h3>\n<p style=\"text-align: center;\"><span style=\"vertical-align: inherit;\"><span style=\"vertical-align: inherit;\"><b>\u0160nurovacie \u0161ortky s\u00fa bestsellerom tejto sez\u00f3ny <\/b>. <\/span><span style=\"vertical-align: inherit;\">\u0160ortky vyroben\u00e9 z <\/span><\/span><strong><span style=\"vertical-align: inherit;\"><span style=\"vertical-align: inherit;\">kvalitn\u00fd materi\u00e1l s vysok\u00fdm p\u00e1som,<\/span><\/span><\/strong><span style=\"vertical-align: inherit;\"><span style=\"vertical-align: inherit;\"> \u00a0ktor\u00e9 dokonale modeluj\u00fa postavu. Extr\u00e9mne sexi ponuka na jar a leto, ktor\u00e1 bezpochyby <strong>prid\u00e1<\/strong>\u00a0jedine\u010dn\u00fd <strong>charakter<\/strong>. <\/span><span style=\"vertical-align: inherit;\">S\u00fa ve\u013emi pohodln\u00e9<\/span><\/span><span style=\"vertical-align: inherit;\"><span style=\"vertical-align: inherit;\"> a \u013eahko sa kombinuj\u00fa, \u013eahko sa kombinuj\u00fa s na\u0161imi bl\u00fazkami, ko\u0161e\u013eami alebo \u013eahk\u00fdmi svetrami - ktor\u00e9 n\u00e1jdete aj v na\u0161ej <a href=\"https:\/\/madelinefashion.pl\/sk\/swetry\/\">e-shop.<\/a>\u00a0 <strong>\u0160ortky s vysok\u00fdm p\u00e1som<\/strong> s ozdobn\u00fdmi perlami ukradn\u00fa srdce ka\u017edej \u017eeny. Neuverite\u013ene pohodln\u00e9, ide\u00e1lne pre ka\u017edodenn\u00e9 a ve\u010dern\u00e9 \u0161tyliz\u00e1cie. \u0160ortky s\u00fa ve\u013emi pohodln\u00e9, perfektn\u00e9 <strong>zd\u00f4razni\u0165 postavu<\/strong>. Absol\u00fatny hit, ktor\u00fd nesmie ch\u00fdba\u0165 vo va\u0161om \u0161atn\u00edku. Kr\u00e1tke nohy odhalia a <strong>opticky pred\u013a\u017eia nohy<\/strong>. M\u00e4kk\u00e1 a elastick\u00e1 d\u017e\u00ednsovina obj\u00edme zado\u010dek Pon\u00fakame<\/span><\/span><span style=\"vertical-align: inherit;\"><span style=\"vertical-align: inherit;\"> ich vo ve\u013ekostiach <strong>XS<\/strong>, <strong>S, M, L, XL, <\/strong><\/span><\/span><span style=\"vertical-align: inherit;\"><span style=\"vertical-align: inherit;\">\u00a0tie\u017e odpor\u00fa\u010dame <\/span><\/span><span style=\"vertical-align: inherit;\"><span style=\"vertical-align: inherit;\"><b>presne tak\u00a0<\/b><\/span><\/span><strong><span style=\"vertical-align: inherit;\"><span style=\"vertical-align: inherit;\">mera\u0165<\/span><\/span><\/strong><span style=\"vertical-align: inherit;\"><span style=\"vertical-align: inherit;\"> pod\u013ea tabu\u013eky rozmerov ni\u017e\u0161ie. <\/span><span style=\"vertical-align: inherit;\">Dopl\u0148te svoj \u0161atn\u00edk o tento najpred\u00e1vanej\u0161\u00ed model. <\/span><\/span><span style=\"vertical-align: inherit;\"><span style=\"vertical-align: inherit;\">V pr\u00edpade \u010fal\u0161\u00edch ot\u00e1zok k tomuto produktu n\u00e1s nev\u00e1hajte kontaktova\u0165 telefonicky alebo cez Facebook. Sledujte nov\u00e9 trendy s\u00a0<strong>Madelinefashion.<\/strong><\/span><\/span><\/p>\n<p>&nbsp;<\/p>\n<h3 style=\"text-align: center;\"><span style=\"vertical-align: inherit;\"><span style=\"vertical-align: inherit;\">Rozmery nohav\u00edc:<\/span><\/span><\/h3>\n<p style=\"text-align: center;\"><strong>VE\u013dKOS\u0164 XS 34 <\/strong><\/p>\n<ul style=\"text-align: center;\">\n<li>Celkov\u00e1 d\u013a\u017eka: 25 cm<\/li>\n<li>Vn\u00fatorn\u00e1 d\u013a\u017eka nohav\u00edc: 5 cm<\/li>\n<li>\u0160\u00edrka v p\u00e1se: 32-37 cm<\/li>\n<li>V\u00fd\u0161ka: 25 cm<\/li>\n<li>\u0160\u00edrka bokov: 37-44 cm<\/li>\n<li><\/li>\n<\/ul>\n<p style=\"text-align: center;\"><strong>VE\u013dKOS\u0164 S 36\u00a0<\/strong><\/p>\n<ul style=\"text-align: center;\">\n<li>Celkov\u00e1 d\u013a\u017eka: 25 cm<\/li>\n<li>Vn\u00fatorn\u00e1 d\u013a\u017eka nohav\u00edc: 6 cm<\/li>\n<li>\u0160\u00edrka v p\u00e1se: 34-40 cm<\/li>\n<li>V\u00fd\u0161ka: 26 cm<\/li>\n<li>\u0160\u00edrka bokov: 40-46 cm<\/li>\n<li><\/li>\n<li><\/li>\n<\/ul>\n<p style=\"text-align: center;\"><strong>VE\u013dKOS\u0164 M 38\u00a0<\/strong><\/p>\n<ul style=\"text-align: center;\">\n<li>Celkov\u00e1 d\u013a\u017eka: 26 cm<\/li>\n<li>Vn\u00fatorn\u00e1 d\u013a\u017eka nohav\u00edc: 6 cm<\/li>\n<li>\u0160\u00edrka v p\u00e1se: 36-43 cm<\/li>\n<li>V\u00fd\u0161ka: 27 cm<\/li>\n<li>\u0160\u00edrka bokov: 42-50 cm<\/li>\n<li><\/li>\n<\/ul>\n<p style=\"text-align: center;\"><strong>VE\u013dKOS\u0164 L 40\u00a0<\/strong><\/p>\n<ul style=\"text-align: center;\">\n<li>Celkov\u00e1 d\u013a\u017eka: 26 cm<\/li>\n<li>Vn\u00fatorn\u00e1 d\u013a\u017eka nohav\u00edc: 6 cm<\/li>\n<li>\u0160\u00edrka v p\u00e1se: 37-45 cm<\/li>\n<li>V\u00fd\u0161ka: 27 cm<\/li>\n<li>\u0160\u00edrka bokov: 45-54 cm<\/li>\n<li><\/li>\n<li><\/li>\n<\/ul>\n<p style=\"text-align: center;\"><strong>Ve\u013ekos\u0165 XL 42\u00a0<\/strong><\/p>\n<ul style=\"text-align: center;\">\n<li>Celkov\u00e1 d\u013a\u017eka: 27 cm<\/li>\n<li>Vn\u00fatorn\u00e1 d\u013a\u017eka nohav\u00edc: 6 cm<\/li>\n<li>\u0160\u00edrka v p\u00e1se: 40-48 cm<\/li>\n<li>V\u00fd\u0161ka: 27 cm<\/li>\n<li>\u0160\u00edrka bokov: 46-55 cm<\/li>\n<li><\/li>\n<li><\/li>\n<\/ul>\n<p style=\"text-align: center;\"><span style=\"vertical-align: inherit;\"><span style=\"vertical-align: inherit;\">Rozmery sa m\u00f4\u017eu l\u00ed\u0161i\u0165 od uveden\u00fdch +\/- 2cm. <\/span><span style=\"vertical-align: inherit;\">V\u0161etky uveden\u00e9 rozmery s\u00fa meran\u00e9 plo\u0161ne.<\/span><\/span><\/p>\n<p style=\"text-align: center;\"><strong><span style=\"vertical-align: inherit;\"><span style=\"vertical-align: inherit;\">Dokonale padn\u00fa ka\u017edej postave<\/span><\/span><\/strong><\/p>\n<p style=\"text-align: center;\">\u00a0Model m\u00e1\u00a0<strong>165<\/strong>\u00a0cm vysok\u00fd, nos\u00ed ve\u013ekos\u0165 ka\u017ed\u00fd de\u0148\u00a0<strong>S<\/strong><\/p>","protected":false},"excerpt":{"rendered":"<p>Kr\u00f3tkie Spodenki Sznurowane Miami Brzoskwiniowe Kr\u00f3tkie spodenki sznurowane to bestseler tego sezonu . Spodenki wykonane z wysokiej jako\u015bci materia\u0142u z wysokim stanem, \u00a0kt\u00f3re doskonale modeluj\u0105 sylwetk\u0119.\u00a0 Niezwykle seksowna propozycja na wiosn\u0119 i lato, kt\u00f3re bez w\u0105tpienia doda\u00a0niepowtarzalnego charakteru. S\u0105 bardzo wygodne oraz \u0142atwe w \u0142\u0105czeniu, bez problemu mo\u017cna je po\u0142\u0105czy\u0107 z naszymi bluzkami, koszulami czy<\/p>\n<div class=\"klb-readmore post-buttons\"><a class=\"button black outline size-sm\" href=\"https:\/\/madelinefashion.pl\/sk\/krotkie-spodenki-sznurowane-miami-brzoskwiniowe\/\">\u010c\u00edta\u0165 \u010falej <i class=\"klbth-icon-right-arrow\"><\/i><\/a><\/div>","protected":false},"featured_media":13879,"template":"","meta":[],"product_brand":[],"product_cat":[83,395],"product_tag":[425],"class_list":{"0":"post-13882","1":"product","2":"type-product","3":"status-publish","4":"has-post-thumbnail","6":"product_cat-spodnie","7":"product_cat-nowosci","8":"product_tag-spodenki","9":"pa_rozmiar-34-42-142","10":"pa_rozmiar-34-42-36-2","11":"pa_rozmiar-34-42-38-2","12":"pa_rozmiar-34-42-40-2","13":"pa_rozmiar-34-42-42-2","15":"first","16":"instock","17":"product-type-variable"},"_links":{"self":[{"href":"https:\/\/madelinefashion.pl\/sk\/wp-json\/wp\/v2\/product\/13882","targetHints":{"allow":["GET"]}}],"collection":[{"href":"https:\/\/madelinefashion.pl\/sk\/wp-json\/wp\/v2\/product"}],"about":[{"href":"https:\/\/madelinefashion.pl\/sk\/wp-json\/wp\/v2\/types\/product"}],"wp:featuredmedia":[{"embeddable":true,"href":"https:\/\/madelinefashion.pl\/sk\/wp-json\/wp\/v2\/media\/13879"}],"wp:attachment":[{"href":"https:\/\/madelinefashion.pl\/sk\/wp-json\/wp\/v2\/media?parent=13882"}],"wp:term":[{"taxonomy":"product_brand","embeddable":true,"href":"https:\/\/madelinefashion.pl\/sk\/wp-json\/wp\/v2\/product_brand?post=13882"},{"taxonomy":"product_cat","embeddable":true,"href":"https:\/\/madelinefashion.pl\/sk\/wp-json\/wp\/v2\/product_cat?post=13882"},{"taxonomy":"product_tag","embeddable":true,"href":"https:\/\/madelinefashion.pl\/sk\/wp-json\/wp\/v2\/product_tag?post=13882"}],"curies":[{"name":"pracovn\u00fd list","href":"https:\/\/api.w.org\/{rel}","templated":true}]}}