{"id":13947,"date":"2021-06-15T23:33:34","date_gmt":"2021-06-15T21:33:34","guid":{"rendered":"https:\/\/madelinefashion.pl\/?post_type=product&#038;p=13947"},"modified":"2025-10-14T12:11:49","modified_gmt":"2025-10-14T10:11:49","slug":"spodnica-maxi-plisowana-casmi-granatowa","status":"publish","type":"product","link":"https:\/\/madelinefashion.pl\/sk\/spodnica-maxi-plisowana-casmi-granatowa\/","title":{"rendered":"Maxi suk\u0148a Casmi n\u00e1morn\u00edcka modr\u00e1 plisovan\u00e1"},"content":{"rendered":"<h3 style=\"text-align: center;\">Maxi suk\u0148a Casmi n\u00e1morn\u00edcka modr\u00e1 plisovan\u00e1<\/h3>\n<p>&nbsp;<\/p>\n<p style=\"text-align: center;\"><strong>Maxi suk\u0148a Casmi n\u00e1morn\u00edcka modr\u00e1 plisovan\u00e1.<\/strong> Ide\u00e1lne na jarn\u00e9 a letn\u00e9 dni. Kr\u00e1sny strih a \u013eahk\u00fd materi\u00e1l sa budete c\u00edti\u0165 ve\u013emi pohodlne a \u017eensky. \u0160irok\u00fd <strong>gumi\u010dka<\/strong> umo\u017e\u0148uje dokonal\u00e9 prisp\u00f4sobenie a poskytuje v\u00fdnimo\u010dn\u00e9 pohodlie pri pou\u017e\u00edvan\u00ed. suk\u0148a v <strong>univerz\u00e1lna ve\u013ekos\u0165<\/strong> prisp\u00f4sob\u00ed sa postave a poskytne dokonal\u00fd vzh\u013ead. Model je ide\u00e1lny pre r\u00f4zne typy siluet v\u010faka klasickej l\u00ednii A a mal\u00e9mu mno\u017estvu l\u00e1tky okolo p\u00e1sa. V na\u0161ej predajni n\u00e1jdete <strong>\u0161irok\u00e1 \u0161k\u00e1la farieb<\/strong> tie n\u00e1dhern\u00e9 sukne. <strong>Bavlnen\u00e1 plisovan\u00e1 maxi suk\u0148a<\/strong>. M\u00f3dna plisovan\u00e1 maxi suk\u0148a zdoben\u00e1 elastick\u00fdm p\u00e1som <strong>musie\u0165 ma\u0165<\/strong> sez\u00f3na. Univerz\u00e1lny model, ktor\u00fd mo\u017eno nosi\u0165 v ka\u017edom ro\u010dnom obdob\u00ed. Plis\u00e9 dod\u00e1vaj\u00fa stylingu \u013eahkos\u0165, s\u00fa \u0161t\u00fdlov\u00e9 a \u017eensk\u00e9. D\u00e1 sa kombinova\u0165 s mnoh\u00fdmi vecami, napr\u00edklad na denn\u00fa b\u00e1ze so \u0161portovou obuvou a tri\u010dkom a na \u0161peci\u00e1lne pr\u00edle\u017eitosti - s elegantnou ko\u0161e\u013eou alebo topom a s vysok\u00fdmi op\u00e4tkami. V na\u0161om e-shope n\u00e1jdete <strong>\u0161irok\u00e1 \u0161k\u00e1la farieb<\/strong>\u00a0tie \u00fa\u017easn\u00e9 <a href=\"https:\/\/madelinefashion.pl\/sk\/spodnice\/\">sukne<\/a>. Odpor\u00fa\u010dame pre d\u00e1my vo ve\u013ekosti XS SML XL XXL<\/p>\n<h3 style=\"text-align: center;\">Rozmery sukne:<\/h3>\n<p style=\"text-align: center;\">Celkov\u00e1 d\u013a\u017eka: 92 cm<br \/>\n\u0160\u00edrka p\u00e1sa (elastick\u00fd): 34 cm -58 cm<\/p>\n<p style=\"text-align: center;\">Rozmery sa m\u00f4\u017eu mierne l\u00ed\u0161i\u0165 od uveden\u00fdch +\/- 2cm. V\u0161etky uveden\u00e9 rozmery s\u00fa meran\u00e9 plo\u0161ne. <strong>rozmer x2<\/strong><\/p>\n<h3 style=\"text-align: center;\">\u00a0Vlastnosti produktu:<\/h3>\n<p style=\"text-align: center;\">\u2013 Typ: maxi suk\u0148a<br \/>\n- Le\u017e\u00e9rny \u0161t\u00fdl<br \/>\n\u2013 Vzplanul<br \/>\n- Jednotn\u00e9 farby<br \/>\n-Elastick\u00fd p\u00e1s<\/p>\n<p>&nbsp;<\/p>\n<p>&nbsp;<\/p>\n<div class=\"tabs tabs-bb clear mb-80\">\n<div class=\"tab-content\">\n<div id=\"tab-description\" class=\"tab-pane fade in woocommerce-Tabs-panel--description active\">\n<p style=\"text-align: center;\">\u00a0Model m\u00e1\u00a0<strong>165<\/strong>\u00a0cm vysok\u00fd, nos\u00ed ve\u013ekos\u0165 ka\u017ed\u00fd de\u0148\u00a0<strong>S<\/strong><\/p>\n<\/div>\n<\/div>\n<\/div>\n<section class=\"up-sells upsells products mb-80\"><\/section>","protected":false},"excerpt":{"rendered":"<p>Sp\u00f3dnica Maxi Plisowana Casmi Granatowa &nbsp; Sp\u00f3dnica Maxi Plisowana Casmi Granatowa. Idealna na wiosenne i letnie dni. Pi\u0119kny kr\u00f3j i lekki materia\u0142 sprawi\u0105, \u017ce poczujesz si\u0119 bardzo wygodnie i kobieco. Szeroki pas z gumk\u0105 pozwala na idealne dopasowanie oraz zapewnia wyj\u0105tkowy komfort u\u017cytkowania.\u00a0 Sp\u00f3dnica w rozmiarze uniwersalnym dopasowuje si\u0119 do sylwetki i zapewnia doskona\u0142y wygl\u0105d.\u00a0<\/p>\n<div class=\"klb-readmore post-buttons\"><a class=\"button black outline size-sm\" href=\"https:\/\/madelinefashion.pl\/sk\/spodnica-maxi-plisowana-casmi-granatowa\/\">\u010c\u00edta\u0165 \u010falej <i class=\"klbth-icon-right-arrow\"><\/i><\/a><\/div>","protected":false},"featured_media":13915,"template":"","meta":[],"product_brand":[],"product_cat":[106,81],"product_tag":[],"class_list":{"0":"post-13947","1":"product","2":"type-product","3":"status-publish","4":"has-post-thumbnail","6":"product_cat-spodnice-rozkloszowane-maxi","7":"product_cat-spodnice","8":"pa_rozmiar-34-42-142","9":"pa_rozmiar-34-42-36-2","10":"pa_rozmiar-34-42-38-2","11":"pa_rozmiar-34-42-40-2","12":"pa_rozmiar-34-42-42-2","14":"first","15":"instock","16":"purchasable","17":"product-type-simple"},"_links":{"self":[{"href":"https:\/\/madelinefashion.pl\/sk\/wp-json\/wp\/v2\/product\/13947","targetHints":{"allow":["GET"]}}],"collection":[{"href":"https:\/\/madelinefashion.pl\/sk\/wp-json\/wp\/v2\/product"}],"about":[{"href":"https:\/\/madelinefashion.pl\/sk\/wp-json\/wp\/v2\/types\/product"}],"wp:featuredmedia":[{"embeddable":true,"href":"https:\/\/madelinefashion.pl\/sk\/wp-json\/wp\/v2\/media\/13915"}],"wp:attachment":[{"href":"https:\/\/madelinefashion.pl\/sk\/wp-json\/wp\/v2\/media?parent=13947"}],"wp:term":[{"taxonomy":"product_brand","embeddable":true,"href":"https:\/\/madelinefashion.pl\/sk\/wp-json\/wp\/v2\/product_brand?post=13947"},{"taxonomy":"product_cat","embeddable":true,"href":"https:\/\/madelinefashion.pl\/sk\/wp-json\/wp\/v2\/product_cat?post=13947"},{"taxonomy":"product_tag","embeddable":true,"href":"https:\/\/madelinefashion.pl\/sk\/wp-json\/wp\/v2\/product_tag?post=13947"}],"curies":[{"name":"pracovn\u00fd list","href":"https:\/\/api.w.org\/{rel}","templated":true}]}}