{"id":153032,"date":"2024-02-28T15:23:46","date_gmt":"2024-02-28T14:23:46","guid":{"rendered":"https:\/\/madelinefashion.pl\/?post_type=product&#038;p=153032"},"modified":"2025-09-09T10:06:28","modified_gmt":"2025-09-09T08:06:28","slug":"sukienka-maxi-betty-fuksja","status":"publish","type":"product","link":"https:\/\/madelinefashion.pl\/sk\/sukienka-maxi-betty-fuksja\/","title":{"rendered":"Maxi \u0161aty Betty fuchsiovej farby"},"content":{"rendered":"<h3 style=\"text-align: center;\">Maxi \u0161aty Betty fuchsiovej farby<\/h3>\n<p style=\"text-align: center;\">\u00a0Fenomen\u00e1lne dlh\u00e9, priliehav\u00e9 \u0161aty. Vrchn\u00fd diel m\u00e1 kr\u00e1sny v\u00fdstrih. Zap\u00ednaj\u00fa sa na zips vzadu. \u0160aty s\u00fa vyroben\u00e9 z mierne elastick\u00e9ho materi\u00e1lu, v\u010faka \u010domu s\u00fa ide\u00e1lne na... <strong>prisp\u00f4sob\u00ed sa telu<\/strong>.<span style=\"font-size: 10pt;\">\u00a0\u0160aty maj\u00fa v\u00fdstrih, v p\u00e1se z\u00fa\u017een\u00fd <strong>dokonale zv\u00fdraz\u0148uje p\u00e1s<\/strong>.\u00a0<\/span><span style=\"font-size: 10pt;\"> \u0160aty maj\u00fa vpredu v\u0161it\u00e9 ko\u0161\u00ed\u010dky, tak\u017ee nemus\u00edte nosi\u0165 podprsenku. Vyroben\u00e9 a \u0161it\u00e9 v Po\u013esku. <strong>\u0160aty<\/strong> dostupn\u00e9 na na\u0161ej webovej str\u00e1nke v dvoch farebn\u00fdch prevedeniach.<\/span><br \/>\n<span style=\"font-size: 10pt;\">Dostupn\u00e9 vo ve\u013ekostiach XS SML XL XXL XXXL. \u0160aty <strong>Pekn\u00e1 \u017eena<\/strong> je vynikaj\u00facou vo\u013ebou na svadbu, ples, Silvestra a in\u00e9 elegantn\u00e9 \u0161peci\u00e1lne udalosti. Dostupn\u00e9 na na\u0161om e-shope vo viacer\u00fdch farebn\u00fdch variantoch, tak nev\u00e1hajte a vyberte si t\u00fa, ktor\u00e1 je pre v\u00e1s ako stvoren\u00e1. Ak sa neviete rozhodn\u00fa\u0165 ak\u00fa farbu, <strong>ve\u013ekos\u0165<\/strong> je pre v\u00e1s to najlep\u0161ie <strong>kontaktuj n\u00e1s<\/strong> cez <a href=\"https:\/\/www.facebook.com\/madelinefashionbutik\" target=\"_blank\" rel=\"noopener\">Facebook<\/a> alebo <a href=\"https:\/\/madelinefashion.pl\/sk\/kontakt\/\">telef\u00f3n<\/a>. Ak ve\u013ekos\u0165 nie je na str\u00e1nke, kontaktujte n\u00e1s.\u00a0<\/span><\/p>\n<h3 style=\"text-align: center;\">ROZMERY \u0161iat:<\/h3>\n<div class=\"additional-details\" style=\"text-align: center;\">\n<p>&nbsp;<\/p>\n<table style=\"height: 162px;\" width=\"819\">\n<tbody>\n<tr>\n<td width=\"100\">Ve\u013ekos\u0165<\/td>\n<td width=\"100\">34<\/td>\n<td width=\"100\">36<\/td>\n<td width=\"100\">38<\/td>\n<td width=\"100\">40<\/td>\n<\/tr>\n<tr>\n<td width=\"100\">poprsia<\/td>\n<td width=\"100\">84-86<\/td>\n<td width=\"100\">88-90<\/td>\n<td width=\"100\">92-94<\/td>\n<td width=\"100\">96-98<\/td>\n<\/tr>\n<tr>\n<td width=\"100\">P\u00e1s<\/td>\n<td width=\"100\">68<\/td>\n<td width=\"100\">72<\/td>\n<td width=\"100\">76<\/td>\n<td width=\"100\">80<\/td>\n<\/tr>\n<tr>\n<td width=\"100\">Boky<\/td>\n<td width=\"100\">76-90<\/td>\n<td width=\"100\">82-92<\/td>\n<td width=\"100\">88-98<\/td>\n<td width=\"100\">94-108<\/td>\n<\/tr>\n<\/tbody>\n<\/table>\n<div class=\"additional-details\">\n<table style=\"height: 191px;\" width=\"767\">\n<tbody>\n<tr>\n<td>VE\u013dKOS\u0164<\/td>\n<td>42<\/td>\n<td>44<\/td>\n<td>46<\/td>\n<\/tr>\n<tr>\n<td>poprsia<\/td>\n<td>100-102<\/td>\n<td>102-104<\/td>\n<td>106-108<\/td>\n<\/tr>\n<tr>\n<td>P\u00e1s<\/td>\n<td>84<\/td>\n<td>88<\/td>\n<td>92<\/td>\n<\/tr>\n<tr>\n<td>Boky<\/td>\n<td>100-110<\/td>\n<td>106-116<\/td>\n<td>112-120<\/td>\n<\/tr>\n<\/tbody>\n<\/table>\n<\/div>\n<\/div>\n<p style=\"text-align: center;\"><span style=\"font-size: 10pt;\">\u00a0 <\/span><\/p>\n<p style=\"text-align: center;\"><span style=\"font-size: 10pt;\">celkov\u00e1 d\u013a\u017eka cca 157 cm\u00a0<\/span><\/p>\n<p style=\"text-align: center;\"><span style=\"font-size: 10pt;\">\u0160aty s\u00fa dostupn\u00e9 aj v in\u00fdch farb\u00e1ch - odpor\u00fa\u010dame v\u00e1m zozn\u00e1mi\u0165 sa s na\u0161imi \u010fal\u0161\u00edmi produktmi.<\/span><\/p>\n<p style=\"text-align: center;\"><span style=\"font-size: 10pt;\">Rozmery sa m\u00f4\u017eu mierne l\u00ed\u0161i\u0165 od uveden\u00fdch +\/- 2cm.\u00a0<\/span><\/p>\n<p style=\"text-align: center;\"><span style=\"font-size: 10pt;\"><strong>\u00a0<\/strong>\u00a0<\/span><\/p>\n<table width=\"620\">\n<tbody>\n<tr>\n<td width=\"302\">Meno modela<\/td>\n<td width=\"302\">Maxi \u0161aty Betty<\/td>\n<\/tr>\n<tr>\n<td width=\"302\">Farba<\/td>\n<td width=\"302\">Fuchsiov\u00e1<\/td>\n<\/tr>\n<tr>\n<td width=\"302\">Marka<\/td>\n<td width=\"302\">Pekn\u00e1 \u017eena<\/td>\n<\/tr>\n<tr>\n<td width=\"302\">ve\u013ekosti<\/td>\n<td width=\"302\">34 36 38 40 42 44 46<\/td>\n<\/tr>\n<tr>\n<td width=\"302\">M\u00f3da<\/td>\n<td width=\"302\">Zhoda<\/td>\n<\/tr>\n<tr>\n<td width=\"302\">Materi\u00e1l<\/td>\n<td width=\"302\">Visk\u00f3za, polyester, bavlna<\/td>\n<\/tr>\n<tr>\n<td width=\"302\">D\u013a\u017eka<\/td>\n<td width=\"302\">Na zem<\/td>\n<\/tr>\n<\/tbody>\n<\/table>\n<p style=\"text-align: center;\"><span style=\"font-size: 10pt;\">\u00a0<\/span><\/p>\n<p>&nbsp;<\/p>\n<p style=\"text-align: center;\"><span style=\"font-size: 10pt;\">Aby ste si vybrali <strong>perfektn\u00e9 \u0161aty<\/strong> kontaktujte n\u00e1s telefonicky alebo prostredn\u00edctvom na\u0161ej webovej str\u00e1nky <a href=\"https:\/\/www.facebook.com\/madelinefashionbutik\" target=\"_blank\" rel=\"noopener\">Facebook<\/a> .<\/span><br \/>\n<span style=\"font-size: 10pt;\">N\u00e1\u0161 t\u00edm v\u00e1m pom\u00f4\u017ee <strong>Vyberte si ten spr\u00e1vny<\/strong> . <strong>Na \u017eelanie kupuj\u00faceho vyrob\u00edme ak\u00e9ko\u013evek \u0161aty\u00a0<\/strong><strong>opatrne mera\u0165.\u00a0<\/strong><\/span><\/p>\n<div class=\"additional-details\" style=\"text-align: center;\">\n<p style=\"text-align: center;\"><span style=\"font-size: 10pt;\">\u00a0<\/span><\/p>\n<\/div>","protected":false},"excerpt":{"rendered":"<p>Sukienka Maxi Betty Fuksja \u00a0Zjawiskowa d\u0142uga, dopasowana sukienka . G\u00f3ra sukienki z pi\u0119knym dekoltem . Zapinana z ty\u0142u na zamek. Sukienka uszyta z lekko rozci\u0105gliwego materia\u0142u dzi\u0119ki czemu idealnie dopasowuje si\u0119 do cia\u0142a.\u00a0Sukienka posiada dekolt pod szyjk\u0119, zw\u0119\u017cana na wysoko\u015bci pasa wspaniale podkre\u015bla tali\u0119.\u00a0 Sukienka posiada z przodu wszyte miseczki, dzi\u0119ki czemu nie trzeba zak\u0142ada\u0107<\/p>\n<div class=\"klb-readmore post-buttons\"><a class=\"button black outline size-sm\" href=\"https:\/\/madelinefashion.pl\/sk\/sukienka-maxi-betty-fuksja\/\">\u010c\u00edta\u0165 \u010falej <i class=\"klbth-icon-right-arrow\"><\/i><\/a><\/div>","protected":false},"featured_media":153030,"template":"","meta":[],"product_brand":[],"product_cat":[124,395],"product_tag":[257,385,163,215],"class_list":{"0":"post-153032","1":"product","2":"type-product","3":"status-publish","4":"has-post-thumbnail","6":"product_cat-sukienki-okolicznosciowe","7":"product_cat-nowosci","8":"product_tag-madelinefashion","9":"product_tag-plus-size","10":"product_tag-sukienki-dlugie","11":"product_tag-sukienki-rozowe","13":"first","14":"instock","15":"product-type-variable"},"_links":{"self":[{"href":"https:\/\/madelinefashion.pl\/sk\/wp-json\/wp\/v2\/product\/153032","targetHints":{"allow":["GET"]}}],"collection":[{"href":"https:\/\/madelinefashion.pl\/sk\/wp-json\/wp\/v2\/product"}],"about":[{"href":"https:\/\/madelinefashion.pl\/sk\/wp-json\/wp\/v2\/types\/product"}],"wp:featuredmedia":[{"embeddable":true,"href":"https:\/\/madelinefashion.pl\/sk\/wp-json\/wp\/v2\/media\/153030"}],"wp:attachment":[{"href":"https:\/\/madelinefashion.pl\/sk\/wp-json\/wp\/v2\/media?parent=153032"}],"wp:term":[{"taxonomy":"product_brand","embeddable":true,"href":"https:\/\/madelinefashion.pl\/sk\/wp-json\/wp\/v2\/product_brand?post=153032"},{"taxonomy":"product_cat","embeddable":true,"href":"https:\/\/madelinefashion.pl\/sk\/wp-json\/wp\/v2\/product_cat?post=153032"},{"taxonomy":"product_tag","embeddable":true,"href":"https:\/\/madelinefashion.pl\/sk\/wp-json\/wp\/v2\/product_tag?post=153032"}],"curies":[{"name":"pracovn\u00fd list","href":"https:\/\/api.w.org\/{rel}","templated":true}]}}