{"id":153150,"date":"2024-02-29T14:12:49","date_gmt":"2024-02-29T13:12:49","guid":{"rendered":"https:\/\/madelinefashion.pl\/?post_type=product&#038;p=153150"},"modified":"2025-09-09T10:06:27","modified_gmt":"2025-09-09T08:06:27","slug":"sukienka-azurowa-z-krotkim-rekawkiem-kira-biala","status":"publish","type":"product","link":"https:\/\/madelinefashion.pl\/sk\/sukienka-azurowa-z-krotkim-rekawkiem-kira-biala\/","title":{"rendered":"Biele prelamovan\u00e9 \u0161aty Kira s kr\u00e1tkymi ruk\u00e1vmi"},"content":{"rendered":"<h3 style=\"text-align: center;\">Biele prelamovan\u00e9 \u0161aty Kira s kr\u00e1tkymi ruk\u00e1vmi<\/h3>\n<p style=\"text-align: center;\"><span style=\"font-size: 10pt;\">Mimoriadne \u017eensk\u00e9, \u010dipkovan\u00e9 \u0161aty in<strong> boho \u0161t\u00fdl<\/strong>. \u010caro jej dod\u00e1vaj\u00fa \u010dipkovan\u00e9 kvetinov\u00e9 dekor\u00e1cie. Ide\u00e1lne na ka\u017edodenn\u00e9 aj ve\u010dern\u00e9 vych\u00e1dzky! \u0160aty s\u00fa vyroben\u00e9 z najkvalitnej\u0161ej bavlny, a\u017e\u00farov\u00e9ho materi\u00e1lu, ktor\u00fd ve\u013emi vyzer\u00e1 <strong>\u017eensk\u00fd<\/strong>. \u0160aty maj\u00fa <strong>pod\u0161\u00edvka<\/strong> zais\u0165uj\u00face pohodlie. Prelamovan\u00e9 \u0161aty s ruk\u00e1vmi s\u00fa perfektnou vo\u013ebou pre \u0160PECI\u00c1LNE PR\u00cdLE\u017dITOSTI. <strong>odpor\u00fa\u010dan\u00e9<\/strong> pre d\u00e1my vo ve\u013e<strong>\u00a0SML<\/strong>\u00a0 ak nos\u00edte v\u00e4\u010d\u0161iu ve\u013ekos\u0165, pozrite si tabu\u013eku ni\u017e\u0161ie.<\/span><\/p>\n<p>&nbsp;<\/p>\n<h3 style=\"text-align: center;\">Vlastnosti Produktu<\/h3>\n<ul style=\"text-align: center;\">\n<li style=\"text-align: center;\"><span style=\"font-size: 10pt;\">\u00a0pod\u0161\u00edvka<\/span><\/li>\n<li style=\"text-align: center;\"><span style=\"font-size: 10pt;\">elastick\u00e9<\/span><\/li>\n<li style=\"text-align: center;\"><span style=\"font-size: 10pt;\">\u00a0\u010dipka<\/span><\/li>\n<\/ul>\n<h3 style=\"text-align: center;\">Rozmery:<\/h3>\n<p style=\"text-align: center;\"><strong>S<\/strong><\/p>\n<ul style=\"text-align: center;\">\n<li><span style=\"font-size: 10pt;\">\u00a0\u00a0\u00a0\u00a0\u00a0\u00a0\u00a0 \u00a0\u00a0\u00a0\u00a0\u00a0\u00a0\u00a0 celkov\u00e1 d\u013a\u017eka: 90 cm<br \/>\n<\/span><\/li>\n<li><span style=\"font-size: 10pt;\">\u00a0\u00a0\u00a0\u00a0\u00a0\u00a0\u00a0 \u00a0\u00a0\u00a0\u00a0\u00a0\u00a0\u00a0 \u0161\u00edrka od podpazu\u0161ia k podpazu\u0161iu: 42 - 47 cm\u00a0<\/span><\/li>\n<li><span style=\"font-size: 10pt;\">d\u013a\u017eka ruk\u00e1va od podpazu\u0161ia: 10 cm<br \/>\n<\/span><\/li>\n<li><span style=\"font-size: 10pt;\">d\u013a\u017eka ruk\u00e1va od ramena: 23 cm<\/span><\/li>\n<li><span style=\"font-size: 10pt;\">\u00a0\u00a0\u00a0\u00a0\u00a0\u00a0\u00a0 \u00a0\u00a0\u00a0\u00a0\u00a0\u00a0\u00a0 \u0161\u00edrka p\u00e1su: 37 - 42 cm\u00a0<\/span><\/li>\n<li><span style=\"font-size: 10pt;\"><br \/>\n<strong>m<\/strong><\/span><\/li>\n<li>\n<ul style=\"text-align: center;\">\n<li><span style=\"font-size: 10pt;\">\u00a0\u00a0\u00a0\u00a0\u00a0\u00a0\u00a0 \u00a0\u00a0\u00a0\u00a0\u00a0\u00a0\u00a0 celkov\u00e1 d\u013a\u017eka: 90 cm<br \/>\n<\/span><\/li>\n<li><span style=\"font-size: 10pt;\">\u00a0\u00a0\u00a0\u00a0\u00a0\u00a0\u00a0 \u00a0\u00a0\u00a0\u00a0\u00a0\u00a0\u00a0 \u0161\u00edrka od pazuchy k pazuche: 44 - 49 cm\u00a0<\/span><\/li>\n<li><span style=\"font-size: 10pt;\">d\u013a\u017eka ruk\u00e1va od podpazu\u0161ia: 47 cm<br \/>\n<\/span><\/li>\n<li><span style=\"font-size: 10pt;\">d\u013a\u017eka ruk\u00e1va od ramena: 64 cm<\/span><\/li>\n<li><span style=\"font-size: 10pt;\">\u00a0\u00a0\u00a0\u00a0\u00a0\u00a0\u00a0 \u00a0\u00a0\u00a0\u00a0\u00a0\u00a0\u00a0 \u0161\u00edrka p\u00e1su: 39 - 44 cm\u00a0<\/span><\/li>\n<\/ul>\n<\/li>\n<li>L<\/li>\n<li><span style=\"font-size: 10pt;\">\u00a0\u00a0\u00a0\u00a0\u00a0\u00a0\u00a0 \u00a0\u00a0\u00a0\u00a0\u00a0\u00a0\u00a0 celkov\u00e1 d\u013a\u017eka: 90 cm<br \/>\n<\/span><\/li>\n<li><span style=\"font-size: 10pt;\">\u00a0\u00a0\u00a0\u00a0\u00a0\u00a0\u00a0 \u00a0\u00a0\u00a0\u00a0\u00a0\u00a0\u00a0 \u0161\u00edrka od pazuchy k pazuche: 46 - 51 cm\u00a0<\/span><\/li>\n<li><span style=\"font-size: 10pt;\">d\u013a\u017eka ruk\u00e1va od podpazu\u0161ia: 47 cm<br \/>\n<\/span><\/li>\n<li><span style=\"font-size: 10pt;\">d\u013a\u017eka ruk\u00e1va od ramena: 64 cm<\/span><\/li>\n<li><span style=\"font-size: 10pt;\">\u00a0\u00a0\u00a0\u00a0\u00a0\u00a0\u00a0 \u00a0\u00a0\u00a0\u00a0\u00a0\u00a0\u00a0 \u0161\u00edrka p\u00e1su: 41 - 46 cm\u00a0<\/span><\/li>\n<li><span style=\"font-size: 10pt;\">\u00a0 \u00a0 \u00a0 \u00a0 \u00a0 \u00a0 \u00a0 \u00a0\u00a0<\/span><\/li>\n<\/ul>\n<p style=\"text-align: center;\">Rozmery sa m\u00f4\u017eu mierne l\u00ed\u0161i\u0165 od uveden\u00fdch +\/- 2cm. V\u0161etky uveden\u00e9 rozmery s\u00fa meran\u00e9 plo\u0161ne. <strong>rozmer x2<\/strong><\/p>\n<p style=\"text-align: center;\"><span style=\"font-size: 10pt;\">\u00a0<\/span><\/p>\n<p style=\"text-align: center;\"><span style=\"font-size: 10pt;\"><strong>\u00a0<\/strong>\u00a0<\/span><\/p>\n<p>&nbsp;<\/p>\n<table>\n<tbody>\n<tr>\n<td width=\"302\"><span style=\"font-size: 10pt;\">Meno modela<\/span><\/td>\n<td width=\"302\">\u0160aty Kira s prelamovan\u00fdm vzorom a kr\u00e1tkymi ruk\u00e1vmi<\/td>\n<\/tr>\n<tr>\n<td width=\"302\"><span style=\"font-size: 10pt;\">Farba<\/span><\/td>\n<td width=\"302\"><span style=\"font-size: 10pt;\">biely<\/span><\/td>\n<\/tr>\n<tr>\n<td width=\"302\"><span style=\"font-size: 10pt;\">\u0160t\u00fdl<\/span><\/td>\n<td width=\"302\"><span style=\"font-size: 10pt;\">Boho<\/span><\/td>\n<\/tr>\n<tr>\n<td width=\"302\">Materi\u00e1l<\/td>\n<td width=\"302\">Polyester 100%<\/td>\n<\/tr>\n<tr>\n<td width=\"302\"><span style=\"font-size: 10pt;\">D\u013a\u017eka<\/span><\/td>\n<td width=\"302\"><span style=\"font-size: 10pt;\">A\u017e po koleno<\/span><\/td>\n<\/tr>\n<\/tbody>\n<\/table>\n<p>&nbsp;<\/p>\n<p style=\"text-align: center;\"><span style=\"font-size: 10pt;\">\u00a0<\/span><\/p>\n<div class=\"additional-details\" style=\"text-align: center;\">\n<p style=\"text-align: center;\">\u00a0Model m\u00e1 <strong>175<\/strong> cm vysok\u00fd, nos\u00ed ve\u013ekos\u0165 ka\u017ed\u00fd de\u0148\u00a0<strong>S<\/strong><\/p>\n<p style=\"text-align: center;\"><span style=\"font-size: 10pt;\">\u00a0<\/span><\/p>\n<p style=\"text-align: center;\"><span style=\"font-size: 10pt;\">\u00a0<\/span><\/p>\n<\/div>","protected":false},"excerpt":{"rendered":"<p>Biele prelamovan\u00e9 \u0161aty Kira s kr\u00e1tkymi ruk\u00e1vmi. Neuverite\u013ene \u017eensk\u00e9 \u010dipkovan\u00e9 \u0161aty v boho \u0161t\u00fdle. \u010cipkovan\u00e9 kvetinov\u00e9 ozdoby dod\u00e1vaj\u00fa \u0161arm. Ide\u00e1lne na ka\u017edodenn\u00e9 nosenie aj na ve\u010dern\u00fd v\u00fdlet! \u0160aty s\u00fa vyroben\u00e9 z najkvalitnej\u0161ej bavlny s prelamovan\u00fdm materi\u00e1lom, ktor\u00fd vyzer\u00e1 ve\u013emi \u017eensky. \u0160aty s\u00fa pod\u0161it\u00e9 pre pohodlie. Prelamovan\u00e9 \u0161aty s ruk\u00e1vmi s\u00fa perfektn\u00e9...<\/p>\n<div class=\"klb-readmore post-buttons\"><a class=\"button black outline size-sm\" href=\"https:\/\/madelinefashion.pl\/sk\/sukienka-azurowa-z-krotkim-rekawkiem-kira-biala\/\">\u010c\u00edta\u0165 \u010falej <i class=\"klbth-icon-right-arrow\"><\/i><\/a><\/div>","protected":false},"featured_media":154332,"template":"","meta":[],"product_brand":[],"product_cat":[125,395],"product_tag":[219,530,262],"class_list":{"0":"post-153150","1":"product","2":"type-product","3":"status-publish","4":"has-post-thumbnail","6":"product_cat-sukienki","7":"product_cat-nowosci","8":"product_tag-sukienka-biala","9":"product_tag-sukienki-koronkowe","10":"product_tag-sukienki-krotkie","11":"pa_rozmiar-s","12":"pa_rozmiar-m","13":"pa_rozmiar-l","15":"first","16":"outofstock","17":"product-type-variable"},"_links":{"self":[{"href":"https:\/\/madelinefashion.pl\/sk\/wp-json\/wp\/v2\/product\/153150","targetHints":{"allow":["GET"]}}],"collection":[{"href":"https:\/\/madelinefashion.pl\/sk\/wp-json\/wp\/v2\/product"}],"about":[{"href":"https:\/\/madelinefashion.pl\/sk\/wp-json\/wp\/v2\/types\/product"}],"wp:featuredmedia":[{"embeddable":true,"href":"https:\/\/madelinefashion.pl\/sk\/wp-json\/wp\/v2\/media\/154332"}],"wp:attachment":[{"href":"https:\/\/madelinefashion.pl\/sk\/wp-json\/wp\/v2\/media?parent=153150"}],"wp:term":[{"taxonomy":"product_brand","embeddable":true,"href":"https:\/\/madelinefashion.pl\/sk\/wp-json\/wp\/v2\/product_brand?post=153150"},{"taxonomy":"product_cat","embeddable":true,"href":"https:\/\/madelinefashion.pl\/sk\/wp-json\/wp\/v2\/product_cat?post=153150"},{"taxonomy":"product_tag","embeddable":true,"href":"https:\/\/madelinefashion.pl\/sk\/wp-json\/wp\/v2\/product_tag?post=153150"}],"curies":[{"name":"pracovn\u00fd list","href":"https:\/\/api.w.org\/{rel}","templated":true}]}}