{"id":154752,"date":"2024-03-18T15:51:15","date_gmt":"2024-03-18T14:51:15","guid":{"rendered":"https:\/\/madelinefashion.pl\/?post_type=product&#038;p=154752"},"modified":"2025-10-01T07:33:40","modified_gmt":"2025-10-01T05:33:40","slug":"spodnie-gladkie-zwiewne-z-wysokim-stanem-pellaza-czerwone","status":"publish","type":"product","link":"https:\/\/madelinefashion.pl\/sk\/spodnie-gladkie-zwiewne-z-wysokim-stanem-pellaza-czerwone\/","title":{"rendered":"\u010cerven\u00e9 nohavice Pellaza Smooth Airy s vysok\u00fdm p\u00e1som"},"content":{"rendered":"<h3 style=\"text-align: center;\">\u010cerven\u00e9 nohavice Pellaza Smooth Airy s vysok\u00fdm p\u00e1som<\/h3>\n<p style=\"text-align: center;\"><strong>Jednoduch\u00fd strih<\/strong>so v\u0161it\u00fdm \u0161irok\u00fdm elastick\u00fdm p\u00e1som. \u0160irok\u00e9 nohy s\u00fa vracaj\u00facim sa m\u00f3dnym hitom \u2013 tak ne\u010dakajte! Sledujte s nami trendy. Ide\u00e1lny model na kombin\u00e1ciu so \u0161portovou obuvou aj vysok\u00fdmi podp\u00e4tkami. <strong>D\u00e1mske nohavice <\/strong>vo ve\u013ekosti<strong> univerz\u00e1lny <\/strong>\u00a0pre d\u00e1my vo ve\u013e <strong>SML XL<\/strong>\u00a0<b> <\/b>\u00a0Dostupn\u00e9 v na\u0161ej predajni v <strong>nieko\u013eko farieb.<\/strong><\/p>\n<h3 style=\"text-align: center;\">Rozmery:<\/h3>\n<ul>\n<li style=\"text-align: center;\">Celkov\u00e1 d\u013a\u017eka: 101 cm<\/li>\n<li style=\"text-align: center;\">Vn\u00fatorn\u00e1 d\u013a\u017eka nohav\u00edc: 63 cm<\/li>\n<li style=\"text-align: center;\">\u0160\u00edrka p\u00e1sa: 31-52 cm (elastick\u00fd)<\/li>\n<li style=\"text-align: center;\">\u0160\u00edrka n\u00f4h: 38 cm<\/li>\n<li style=\"text-align: center;\"><\/li>\n<\/ul>\n<div class=\"additional-details\" style=\"text-align: center;\">\n<p>Rozmery sa m\u00f4\u017eu mierne l\u00ed\u0161i\u0165 od uveden\u00fdch +\/- 2cm. V\u0161etky uveden\u00e9 rozmery s\u00fa meran\u00e9 plo\u0161ne. rozmer x2<\/p>\n<p>&nbsp;<\/p>\n<\/div>\n<p style=\"text-align: center;\"><strong>zlo\u017eenie:<\/strong> 95% Polyester 5% Elastan<\/p>\n<p>&nbsp;<\/p>\n<p style=\"text-align: center;\">Model m\u00e1\u00a0<strong>169<\/strong>\u00a0cm vysok\u00fd, nos\u00ed ve\u013ekos\u0165 ka\u017ed\u00fd de\u0148\u00a0<strong>S<\/strong><\/p>\n<p style=\"text-align: center;\">\u0160\u00edrka cez prsia 92 cm<\/p>\n<p style=\"text-align: center;\">\u0160\u00edrka v p\u00e1se 62 cm<\/p>\n<p style=\"text-align: center;\">\u0160\u00edrka v bokoch 94 cm<\/p>\n<p>&nbsp;<\/p>\n<p style=\"text-align: center;\">","protected":false},"excerpt":{"rendered":"<p>Spodnie G\u0142adkie Zwiewne z Wysokim Stanem Pellaza Czerwone Fason prosty,\u00a0 z wszyt\u0105 szerok\u0105\u00a0 gum\u0105 w pasie. Szerokie nogawki to powracaj\u0105cy modowy hit- zatem nie czekaj ! Pod\u0105\u017caj z Nami za trendami. Model idealny do \u0142\u0105czenia zar\u00f3wno z obuwiem sportowym jak i szpilkami. Spodnie damskie w rozmiarze uniwersalnym \u00a0dla Pa\u0144 w rozmiarze S M L XL\u00a0<\/p>\n<div class=\"klb-readmore post-buttons\"><a class=\"button black outline size-sm\" href=\"https:\/\/madelinefashion.pl\/sk\/spodnie-gladkie-zwiewne-z-wysokim-stanem-pellaza-czerwone\/\">\u010c\u00edta\u0165 \u010falej <i class=\"klbth-icon-right-arrow\"><\/i><\/a><\/div>","protected":false},"featured_media":154740,"template":"","meta":[],"product_brand":[],"product_cat":[83],"product_tag":[475],"class_list":{"0":"post-154752","1":"product","2":"type-product","3":"status-publish","4":"has-post-thumbnail","6":"product_cat-spodnie","7":"product_tag-spodnie-dlugie","8":"pa_rozmiar-m","9":"pa_rozmiar-l","10":"pa_rozmiar-xl","11":"pa_rozmiar-uniwersalny","12":"pa_rozmiar-s","14":"first","15":"instock","16":"purchasable","17":"product-type-simple"},"_links":{"self":[{"href":"https:\/\/madelinefashion.pl\/sk\/wp-json\/wp\/v2\/product\/154752","targetHints":{"allow":["GET"]}}],"collection":[{"href":"https:\/\/madelinefashion.pl\/sk\/wp-json\/wp\/v2\/product"}],"about":[{"href":"https:\/\/madelinefashion.pl\/sk\/wp-json\/wp\/v2\/types\/product"}],"wp:featuredmedia":[{"embeddable":true,"href":"https:\/\/madelinefashion.pl\/sk\/wp-json\/wp\/v2\/media\/154740"}],"wp:attachment":[{"href":"https:\/\/madelinefashion.pl\/sk\/wp-json\/wp\/v2\/media?parent=154752"}],"wp:term":[{"taxonomy":"product_brand","embeddable":true,"href":"https:\/\/madelinefashion.pl\/sk\/wp-json\/wp\/v2\/product_brand?post=154752"},{"taxonomy":"product_cat","embeddable":true,"href":"https:\/\/madelinefashion.pl\/sk\/wp-json\/wp\/v2\/product_cat?post=154752"},{"taxonomy":"product_tag","embeddable":true,"href":"https:\/\/madelinefashion.pl\/sk\/wp-json\/wp\/v2\/product_tag?post=154752"}],"curies":[{"name":"pracovn\u00fd list","href":"https:\/\/api.w.org\/{rel}","templated":true}]}}